{"id":991,"date":"2025-03-16T16:23:07","date_gmt":"2025-03-16T16:23:07","guid":{"rendered":"https:\/\/lup.studioidearium.com\/?page_id=991"},"modified":"2025-03-27T12:24:58","modified_gmt":"2025-03-27T12:24:58","slug":"terminal-rasutih-tereta","status":"publish","type":"page","link":"https:\/\/www.ppa.hr\/hr_\/terminal-rasutih-tereta\/","title":{"rendered":"Terminal rasutih tereta"},"content":{"rendered":"\t\t<div data-elementor-type=\"wp-page\" data-elementor-id=\"991\" class=\"elementor elementor-991\" data-elementor-post-type=\"page\">\n\t\t\t\t\t\t<section class=\"elementor-section elementor-top-section elementor-element elementor-element-f934e57 elementor-section-height-min-height elementor-section-items-bottom elementor-section-boxed elementor-section-height-default\" data-id=\"f934e57\" data-element_type=\"section\" data-e-type=\"section\" data-settings=\"{&quot;background_background&quot;:&quot;classic&quot;}\">\n\t\t\t\t\t\t\t<div class=\"elementor-background-overlay\"><\/div>\n\t\t\t\t\t\t\t<div class=\"elementor-container elementor-column-gap-default\">\n\t\t\t\t\t<div class=\"elementor-column elementor-col-100 elementor-top-column elementor-element elementor-element-46406cf\" data-id=\"46406cf\" data-element_type=\"column\" data-e-type=\"column\">\n\t\t\t<div class=\"elementor-widget-wrap elementor-element-populated\">\n\t\t\t\t\t\t<div class=\"elementor-element elementor-element-39ecfa6 elementor-widget elementor-widget-text-editor\" data-id=\"39ecfa6\" data-element_type=\"widget\" data-e-type=\"widget\" data-widget_type=\"text-editor.default\">\n\t\t\t\t\t\t\t\t\t<p><a href=\"#\">Po\u010detna<\/a> \/ <span style=\"font-weight: 400;\">Razvoj lu\u010dkog podru\u010dja \u2013 Projekt ITT \/ Terminal rasutih tereta<\/span><\/p>\t\t\t\t\t\t\t\t<\/div>\n\t\t\t\t\t<\/div>\n\t\t<\/div>\n\t\t\t\t\t<\/div>\n\t\t<\/section>\n\t\t\t\t<section class=\"elementor-section elementor-top-section elementor-element elementor-element-4bdf3f1 elementor-section-boxed elementor-section-height-default elementor-section-height-default\" data-id=\"4bdf3f1\" data-element_type=\"section\" data-e-type=\"section\" data-settings=\"{&quot;background_background&quot;:&quot;classic&quot;}\">\n\t\t\t\t\t\t<div class=\"elementor-container elementor-column-gap-default\">\n\t\t\t\t\t<div class=\"elementor-column elementor-col-50 elementor-top-column elementor-element elementor-element-95093e4\" data-id=\"95093e4\" data-element_type=\"column\" data-e-type=\"column\">\n\t\t\t<div class=\"elementor-widget-wrap elementor-element-populated\">\n\t\t\t\t\t\t<div class=\"elementor-element elementor-element-4aed312 elementor-widget elementor-widget-text-editor\" data-id=\"4aed312\" data-element_type=\"widget\" data-e-type=\"widget\" data-widget_type=\"text-editor.default\">\n\t\t\t\t\t\t\t\t\t<p>Terminal za rasute terete se nalazi se na jugozapadnom dijelu luke na obali kanala Vla\u0161ka. U tehnolo\u0161kom i financijskom smislu, radi se o najzna\u010dajnijem podprojektu u sklopu Projekta integracije trgovine i transport, \u010dija je vrijednost izgradnje iznosila gotovo 54 milijuna eura.<\/p><p>Vlada Republike Hrvatske osigurala je potporu za izgradnju novog terminala za rasute terete te je financirala radove na izgradnji infrastrukture, a Luci Plo\u010de d.d. dodijeljena je koncesija za postavljanje tehnolo\u0161ke (prekrcajne) opreme i ure\u0111aja te kori\u0161tenje terminala.<\/p><p>Ovaj projekt se realizirao po principu javno-privatnog partnerstva izme\u0111u Lu\u010dke uprave Plo\u010de i koncesionara Luke Plo\u010de d.d. Sredinom 2016. godine je izgra\u0111ena infrastruktura, \u0161to je bila obveza Lu\u010dke uprave Plo\u010de, dok je ugradnja prekrcajne opreme bila obveza koncesionara.<\/p><p>Kapaciteti Terminala za rasute terete tako su pove\u0107ani na vi\u0161e od 6 milijuna tona godi\u0161nje te je unapre\u0111ena prekrcajna tehnologija. To je rezultiralo pove\u0107anjem konkurentnosti luke, kao i vi\u0161im ekolo\u0161kim i sigurnosnim standardima. To je u kona\u010dnici omogu\u0107ilo bolje pozicioniranje luke Plo\u010de kao bitne sredozemne luke i ulaznih vrata za Vc europski prometni koridor.<\/p><p>Do sada je na podru\u010dju terminala za rasute terete u cijelosti izgra\u0111ena infrastruktura <strong>Faze I<\/strong>.<\/p><p>Uprava Luke Plo\u010de namjerava pristupiti izgradnji <strong>II Faze<\/strong> terminala rasutih tereta za rukovanje razli\u010ditim suhim teretima u uvozu i izvozu kroz Luku Plo\u010de.<\/p><p><strong>Projekt Faze II<\/strong> uklju\u010duje ure\u0111enje i opremanje komunalnom infrastrukturom skladi\u0161nih povr\u0161ina, planiranje i izgradnja dodatnog prihvatnog bazena i izgradnju, odnosno nastavak na ve\u0107 izgra\u0111enu \u017eeljezni\u010dku infrastrukturu Faze I. Dopunski objekti uklju\u010duju trafostanice SN i NN mre\u017ee, vodovod, protupo\u017earnu za\u0161titu, obaranje pra\u0161ine, cestovnu mre\u017eu i kanalizacijsku mre\u017eu, sabirni bazen kao i pru\u017ene kolosijeke.<\/p>\t\t\t\t\t\t\t\t<\/div>\n\t\t\t\t\t<\/div>\n\t\t<\/div>\n\t\t\t\t<div class=\"elementor-column elementor-col-50 elementor-top-column elementor-element elementor-element-dfb04f2 animated-slow elementor-invisible\" data-id=\"dfb04f2\" data-element_type=\"column\" data-e-type=\"column\" data-settings=\"{&quot;animation&quot;:&quot;fadeInRight&quot;}\">\n\t\t\t<div class=\"elementor-widget-wrap elementor-element-populated\">\n\t\t\t\t\t\t<div class=\"elementor-element elementor-element-d91b405 elementor-widget elementor-widget-image\" data-id=\"d91b405\" data-element_type=\"widget\" data-e-type=\"widget\" data-widget_type=\"image.default\">\n\t\t\t\t\t\t\t\t\t\t\t\t\t\t\t<img fetchpriority=\"high\" decoding=\"async\" width=\"1200\" height=\"674\" src=\"https:\/\/www.ppa.hr\/hr_\/wp-content\/uploads\/2025\/03\/Lucka_uprava_Ploce_453.jpg\" class=\"attachment-full size-full wp-image-1914\" alt=\"\" srcset=\"https:\/\/www.ppa.hr\/hr_\/wp-content\/uploads\/2025\/03\/Lucka_uprava_Ploce_453.jpg 1200w, https:\/\/www.ppa.hr\/hr_\/wp-content\/uploads\/2025\/03\/Lucka_uprava_Ploce_453-300x169.jpg 300w, https:\/\/www.ppa.hr\/hr_\/wp-content\/uploads\/2025\/03\/Lucka_uprava_Ploce_453-1024x575.jpg 1024w, https:\/\/www.ppa.hr\/hr_\/wp-content\/uploads\/2025\/03\/Lucka_uprava_Ploce_453-768x431.jpg 768w\" sizes=\"(max-width: 1200px) 100vw, 1200px\" \/>\t\t\t\t\t\t\t\t\t\t\t\t\t\t\t<\/div>\n\t\t\t\t<div class=\"elementor-element elementor-element-571e90a elementor-widget elementor-widget-spacer\" data-id=\"571e90a\" data-element_type=\"widget\" data-e-type=\"widget\" data-widget_type=\"spacer.default\">\n\t\t\t\t\t\t\t<div class=\"elementor-spacer\">\n\t\t\t<div class=\"elementor-spacer-inner\"><\/div>\n\t\t<\/div>\n\t\t\t\t\t\t<\/div>\n\t\t\t\t\t<\/div>\n\t\t<\/div>\n\t\t\t\t\t<\/div>\n\t\t<\/section>\n\t\t\t\t<\/div>\n\t\t","protected":false},"excerpt":{"rendered":"<p>Po\u010detna \/ Razvoj lu\u010dkog podru\u010dja \u2013 Projekt ITT \/ Terminal rasutih tereta Terminal za rasute terete se nalazi se na jugozapadnom dijelu luke na obali kanala Vla\u0161ka. U tehnolo\u0161kom i financijskom smislu, radi se o najzna\u010dajnijem podprojektu u sklopu Projekta integracije trgovine i transport, \u010dija je vrijednost izgradnje iznosila gotovo 54 milijuna eura. Vlada Republike [&hellip;]<\/p>\n","protected":false},"author":1,"featured_media":0,"parent":0,"menu_order":0,"comment_status":"closed","ping_status":"closed","template":"elementor_header_footer","meta":{"footnotes":""},"class_list":["post-991","page","type-page","status-publish","hentry"],"_links":{"self":[{"href":"https:\/\/www.ppa.hr\/hr_\/wp-json\/wp\/v2\/pages\/991","targetHints":{"allow":["GET"]}}],"collection":[{"href":"https:\/\/www.ppa.hr\/hr_\/wp-json\/wp\/v2\/pages"}],"about":[{"href":"https:\/\/www.ppa.hr\/hr_\/wp-json\/wp\/v2\/types\/page"}],"author":[{"embeddable":true,"href":"https:\/\/www.ppa.hr\/hr_\/wp-json\/wp\/v2\/users\/1"}],"replies":[{"embeddable":true,"href":"https:\/\/www.ppa.hr\/hr_\/wp-json\/wp\/v2\/comments?post=991"}],"version-history":[{"count":19,"href":"https:\/\/www.ppa.hr\/hr_\/wp-json\/wp\/v2\/pages\/991\/revisions"}],"predecessor-version":[{"id":1935,"href":"https:\/\/www.ppa.hr\/hr_\/wp-json\/wp\/v2\/pages\/991\/revisions\/1935"}],"wp:attachment":[{"href":"https:\/\/www.ppa.hr\/hr_\/wp-json\/wp\/v2\/media?parent=991"}],"curies":[{"name":"wp","href":"https:\/\/api.w.org\/{rel}","templated":true}]}}