{"id":984,"date":"2025-03-16T16:14:43","date_gmt":"2025-03-16T16:14:43","guid":{"rendered":"https:\/\/lup.studioidearium.com\/?page_id=984"},"modified":"2025-03-27T12:22:53","modified_gmt":"2025-03-27T12:22:53","slug":"kontejnerski-terminal","status":"publish","type":"page","link":"https:\/\/www.ppa.hr\/hr_\/kontejnerski-terminal\/","title":{"rendered":"Kontejnerski terminal"},"content":{"rendered":"\t\t<div data-elementor-type=\"wp-page\" data-elementor-id=\"984\" class=\"elementor elementor-984\" data-elementor-post-type=\"page\">\n\t\t\t\t\t\t<section class=\"elementor-section elementor-top-section elementor-element elementor-element-46dd480 elementor-section-height-min-height elementor-section-items-bottom elementor-section-boxed elementor-section-height-default\" data-id=\"46dd480\" data-element_type=\"section\" data-e-type=\"section\" data-settings=\"{&quot;background_background&quot;:&quot;classic&quot;}\">\n\t\t\t\t\t\t\t<div class=\"elementor-background-overlay\"><\/div>\n\t\t\t\t\t\t\t<div class=\"elementor-container elementor-column-gap-default\">\n\t\t\t\t\t<div class=\"elementor-column elementor-col-100 elementor-top-column elementor-element elementor-element-fd38482\" data-id=\"fd38482\" data-element_type=\"column\" data-e-type=\"column\">\n\t\t\t<div class=\"elementor-widget-wrap elementor-element-populated\">\n\t\t\t\t\t\t<div class=\"elementor-element elementor-element-d207ab0 elementor-widget elementor-widget-text-editor\" data-id=\"d207ab0\" data-element_type=\"widget\" data-e-type=\"widget\" data-widget_type=\"text-editor.default\">\n\t\t\t\t\t\t\t\t\t<p><a href=\"#\">Po\u010detna<\/a> \/ <span style=\"font-weight: 400;\">Razvoj lu\u010dkog podru\u010dja \u2013 Projekt ITT \/ Kontejnerski terminal<\/span><\/p>\t\t\t\t\t\t\t\t<\/div>\n\t\t\t\t\t<\/div>\n\t\t<\/div>\n\t\t\t\t\t<\/div>\n\t\t<\/section>\n\t\t\t\t<section class=\"elementor-section elementor-top-section elementor-element elementor-element-6846f79 elementor-section-boxed elementor-section-height-default elementor-section-height-default\" data-id=\"6846f79\" data-element_type=\"section\" data-e-type=\"section\" data-settings=\"{&quot;background_background&quot;:&quot;classic&quot;}\">\n\t\t\t\t\t\t<div class=\"elementor-container elementor-column-gap-default\">\n\t\t\t\t\t<div class=\"elementor-column elementor-col-50 elementor-top-column elementor-element elementor-element-acc889b\" data-id=\"acc889b\" data-element_type=\"column\" data-e-type=\"column\">\n\t\t\t<div class=\"elementor-widget-wrap elementor-element-populated\">\n\t\t\t\t\t\t<div class=\"elementor-element elementor-element-dcde983 elementor-widget elementor-widget-text-editor\" data-id=\"dcde983\" data-element_type=\"widget\" data-e-type=\"widget\" data-widget_type=\"text-editor.default\">\n\t\t\t\t\t\t\t\t\t<p>Od komponenata Projekta ITT do sada je u funkciji Kontejnerski terminal, \u010dija je prva faza izgradnje zavr\u0161ena 2010. godine.\u00a0 Novi terminal je otvoren 2011. godine a u njega je ulo\u017eeno 38,5 milijuna eura. Osim toga, ulo\u017eena su i zna\u010dajna sredstva u\u00a0 prekrcajnu opremu, koju je instalirao koncesionar Luka Plo\u010de d.d. Rije\u010d je o specijaliziranom suvremenom terminalu koji je i u funkciji pove\u0107anja razine intermodalnosti na cijelom Koridoru Vc.<\/p><p>U prvoj fazi izgra\u0111ena je obala u duljini od 280 metara s Ro-Ro rampom i skladi\u0161nim kapacitetom od 60 tisu\u0107a TEU godi\u0161nje.\u00a0<\/p>\t\t\t\t\t\t\t\t<\/div>\n\t\t\t\t<div class=\"elementor-element elementor-element-cd5afc2 elementor-blockquote--skin-boxed elementor-blockquote--align-center elementor-widget elementor-widget-blockquote\" data-id=\"cd5afc2\" data-element_type=\"widget\" data-e-type=\"widget\" data-widget_type=\"blockquote.default\">\n\t\t\t\t\t\t\t<blockquote class=\"elementor-blockquote\">\n\t\t\t<p class=\"elementor-blockquote__content\">\n\t\t\t\tDruga faza izgradnje koja \u0107e uslijediti u kona\u010dnici podrazumijeva terminal koji bi se protezao na 23 hektara lu\u010dkog podru\u010dja s godi\u0161njim kapacitetom od \u010dak 500 tisu\u0107a TEU.\t\t\t<\/p>\n\t\t\t\t\t<\/blockquote>\n\t\t\t\t\t\t<\/div>\n\t\t\t\t<div class=\"elementor-element elementor-element-b03c54c elementor-widget elementor-widget-text-editor\" data-id=\"b03c54c\" data-element_type=\"widget\" data-e-type=\"widget\" data-widget_type=\"text-editor.default\">\n\t\t\t\t\t\t\t\t\t<p><span style=\"background-color: var( --e-global-color-5927148 ); color: var( --e-global-color-text ); font-family: var( --e-global-typography-text-font-family ), Sans-serif; font-size: var( --e-global-typography-text-font-size ); font-weight: var( --e-global-typography-text-font-weight );\">Suvremeni kontejnerski terminal osna\u017eio je poziciju luke Plo\u010de u intermodalnoj mre\u017ei, a porastom kontejnerskog prometa stvaraju se uvjeti za realizaciju preostalih faza i pove\u0107anja kapaciteta samog terminala.<\/span><\/p>\t\t\t\t\t\t\t\t<\/div>\n\t\t\t\t\t<\/div>\n\t\t<\/div>\n\t\t\t\t<div class=\"elementor-column elementor-col-50 elementor-top-column elementor-element elementor-element-16e910c animated-slow elementor-invisible\" data-id=\"16e910c\" data-element_type=\"column\" data-e-type=\"column\" data-settings=\"{&quot;animation&quot;:&quot;fadeInRight&quot;}\">\n\t\t\t<div class=\"elementor-widget-wrap elementor-element-populated\">\n\t\t\t\t\t\t<div class=\"elementor-element elementor-element-d2c34a3 elementor-widget elementor-widget-image\" data-id=\"d2c34a3\" data-element_type=\"widget\" data-e-type=\"widget\" data-widget_type=\"image.default\">\n\t\t\t\t\t\t\t\t\t\t\t\t\t\t\t<img fetchpriority=\"high\" decoding=\"async\" width=\"1200\" height=\"800\" src=\"https:\/\/www.ppa.hr\/hr_\/wp-content\/uploads\/2025\/03\/Lucka_uprava_Ploce_505.jpg\" class=\"attachment-full size-full wp-image-1924\" alt=\"\" srcset=\"https:\/\/www.ppa.hr\/hr_\/wp-content\/uploads\/2025\/03\/Lucka_uprava_Ploce_505.jpg 1200w, https:\/\/www.ppa.hr\/hr_\/wp-content\/uploads\/2025\/03\/Lucka_uprava_Ploce_505-300x200.jpg 300w, https:\/\/www.ppa.hr\/hr_\/wp-content\/uploads\/2025\/03\/Lucka_uprava_Ploce_505-1024x683.jpg 1024w, https:\/\/www.ppa.hr\/hr_\/wp-content\/uploads\/2025\/03\/Lucka_uprava_Ploce_505-768x512.jpg 768w\" sizes=\"(max-width: 1200px) 100vw, 1200px\" \/>\t\t\t\t\t\t\t\t\t\t\t\t\t\t\t<\/div>\n\t\t\t\t<div class=\"elementor-element elementor-element-ea47385 elementor-widget elementor-widget-spacer\" data-id=\"ea47385\" data-element_type=\"widget\" data-e-type=\"widget\" data-widget_type=\"spacer.default\">\n\t\t\t\t\t\t\t<div class=\"elementor-spacer\">\n\t\t\t<div class=\"elementor-spacer-inner\"><\/div>\n\t\t<\/div>\n\t\t\t\t\t\t<\/div>\n\t\t\t\t\t<\/div>\n\t\t<\/div>\n\t\t\t\t\t<\/div>\n\t\t<\/section>\n\t\t\t\t<\/div>\n\t\t","protected":false},"excerpt":{"rendered":"<p>Po\u010detna \/ Razvoj lu\u010dkog podru\u010dja \u2013 Projekt ITT \/ Kontejnerski terminal Od komponenata Projekta ITT do sada je u funkciji Kontejnerski terminal, \u010dija je prva faza izgradnje zavr\u0161ena 2010. godine.\u00a0 Novi terminal je otvoren 2011. godine a u njega je ulo\u017eeno 38,5 milijuna eura. Osim toga, ulo\u017eena su i zna\u010dajna sredstva u\u00a0 prekrcajnu opremu, koju [&hellip;]<\/p>\n","protected":false},"author":1,"featured_media":0,"parent":0,"menu_order":0,"comment_status":"closed","ping_status":"closed","template":"elementor_header_footer","meta":{"footnotes":""},"class_list":["post-984","page","type-page","status-publish","hentry"],"_links":{"self":[{"href":"https:\/\/www.ppa.hr\/hr_\/wp-json\/wp\/v2\/pages\/984","targetHints":{"allow":["GET"]}}],"collection":[{"href":"https:\/\/www.ppa.hr\/hr_\/wp-json\/wp\/v2\/pages"}],"about":[{"href":"https:\/\/www.ppa.hr\/hr_\/wp-json\/wp\/v2\/types\/page"}],"author":[{"embeddable":true,"href":"https:\/\/www.ppa.hr\/hr_\/wp-json\/wp\/v2\/users\/1"}],"replies":[{"embeddable":true,"href":"https:\/\/www.ppa.hr\/hr_\/wp-json\/wp\/v2\/comments?post=984"}],"version-history":[{"count":12,"href":"https:\/\/www.ppa.hr\/hr_\/wp-json\/wp\/v2\/pages\/984\/revisions"}],"predecessor-version":[{"id":1927,"href":"https:\/\/www.ppa.hr\/hr_\/wp-json\/wp\/v2\/pages\/984\/revisions\/1927"}],"wp:attachment":[{"href":"https:\/\/www.ppa.hr\/hr_\/wp-json\/wp\/v2\/media?parent=984"}],"curies":[{"name":"wp","href":"https:\/\/api.w.org\/{rel}","templated":true}]}}