{"id":966,"date":"2025-03-16T16:10:18","date_gmt":"2025-03-16T16:10:18","guid":{"rendered":"https:\/\/lup.studioidearium.com\/?page_id=966"},"modified":"2025-03-27T12:22:04","modified_gmt":"2025-03-27T12:22:04","slug":"lucki-informacijski-sustav-pcs","status":"publish","type":"page","link":"https:\/\/www.ppa.hr\/hr_\/lucki-informacijski-sustav-pcs\/","title":{"rendered":"Lu\u010dki informacijski sustav (PCS)"},"content":{"rendered":"\t\t<div data-elementor-type=\"wp-page\" data-elementor-id=\"966\" class=\"elementor elementor-966\" data-elementor-post-type=\"page\">\n\t\t\t\t\t\t<section class=\"elementor-section elementor-top-section elementor-element elementor-element-168409af elementor-section-height-min-height elementor-section-items-bottom elementor-section-boxed elementor-section-height-default\" data-id=\"168409af\" data-element_type=\"section\" data-e-type=\"section\" data-settings=\"{&quot;background_background&quot;:&quot;classic&quot;}\">\n\t\t\t\t\t\t\t<div class=\"elementor-background-overlay\"><\/div>\n\t\t\t\t\t\t\t<div class=\"elementor-container elementor-column-gap-default\">\n\t\t\t\t\t<div class=\"elementor-column elementor-col-100 elementor-top-column elementor-element elementor-element-9d1044e\" data-id=\"9d1044e\" data-element_type=\"column\" data-e-type=\"column\">\n\t\t\t<div class=\"elementor-widget-wrap elementor-element-populated\">\n\t\t\t\t\t\t<div class=\"elementor-element elementor-element-7a70ff92 elementor-widget elementor-widget-text-editor\" data-id=\"7a70ff92\" data-element_type=\"widget\" data-e-type=\"widget\" data-widget_type=\"text-editor.default\">\n\t\t\t\t\t\t\t\t\t<p><a href=\"#\">Po\u010detna<\/a> \/ <span style=\"font-weight: 400;\">Razvoj lu\u010dkog podru\u010dja \u2013 Projekt ITT \/ <\/span><span style=\"font-weight: 400;\">Lu\u010dki informacijski sustav (PCS)<\/span><\/p>\t\t\t\t\t\t\t\t<\/div>\n\t\t\t\t\t<\/div>\n\t\t<\/div>\n\t\t\t\t\t<\/div>\n\t\t<\/section>\n\t\t\t\t<section class=\"elementor-section elementor-top-section elementor-element elementor-element-ccc581a elementor-section-boxed elementor-section-height-default elementor-section-height-default\" data-id=\"ccc581a\" data-element_type=\"section\" data-e-type=\"section\" data-settings=\"{&quot;background_background&quot;:&quot;classic&quot;}\">\n\t\t\t\t\t\t<div class=\"elementor-container elementor-column-gap-default\">\n\t\t\t\t\t<div class=\"elementor-column elementor-col-50 elementor-top-column elementor-element elementor-element-50da106\" data-id=\"50da106\" data-element_type=\"column\" data-e-type=\"column\">\n\t\t\t<div class=\"elementor-widget-wrap elementor-element-populated\">\n\t\t\t\t\t\t<div class=\"elementor-element elementor-element-21d2e7c elementor-widget elementor-widget-text-editor\" data-id=\"21d2e7c\" data-element_type=\"widget\" data-e-type=\"widget\" data-widget_type=\"text-editor.default\">\n\t\t\t\t\t\t\t\t\t<p><span style=\"font-weight: 400;\">Lu\u010dka uprava Plo\u010de razvojem PCS informacijskog sustava i razvojem tehnolo\u0161ki inovativnih rje\u0161enja za cilj ima pove\u0107ati konkurentnosti same luke, te pove\u0107anje efikasnosti u administrativnoj logistici.\u00a0<\/span><\/p><p><b>PCS informacijski sustav<\/b><span style=\"font-weight: 400;\">\u00a0je centralizirani automatizirani sustav za razmjenu informacija. Predstavlja elektronsku platformu kojom Lu\u010dka uprava Plo\u010de ima za cilj povezati razli\u010dite informacijske sustave organizacija i subjekata koji posluju na lu\u010dkom podru\u010dju. Kori\u0161tenje informacijskog sustava PCS dovodi do standardizacije protokola za razmjenu, kao i poruka koje se razmjenjuju izme\u0111u \u010dlanova lu\u010dke zajednice, te centralizira sve informacije koje se razmjenjuju koliko je mogu\u0107e.<\/span><\/p><p><span style=\"background-color: var( --e-global-color-5927148 ); color: var( --e-global-color-text ); font-family: var( --e-global-typography-text-font-family ), Sans-serif; font-size: var( --e-global-typography-text-font-size );\">Sustav je neutralan i otvorena je elektronska platforma kojom se omogu\u0107ava inteligentna i sigurna razmjena informacija izme\u0111u svih \u010dlanova lu\u010dke zajednice, javnog i privatnog sektora s ciljem pobolj\u0161anja konkurentnosti same lu\u010dke zajednice.<\/span><b style=\"background-color: var( --e-global-color-5927148 ); color: var( --e-global-color-text ); font-family: var( --e-global-typography-text-font-family ), Sans-serif; font-size: var( --e-global-typography-text-font-size );\">\u00a0Uporaba PCS informacijskih sustava dolazi do optimizacije, upravljanja i automatizacije lu\u010dkih i logisti\u010dkih procesa jedinstvenim unosom podataka.<\/b><\/p><p><span style=\"font-weight: 400;\">Klju\u010dni pokreta\u010di uspostave sustava bili su, s jedne strane, potreba za standardiziranom komunikacijskom platformom kako bi se sustavi pobolj\u0161ali u smislu to\u010dnosti, pouzdanosti ili tro\u0161kova i, s druge strane, potreba za pove\u0107anjem konkurentskog polo\u017eaja me\u0111u lukama. Njegovim razvojem osiguran je jedinstveni izvor i integrirani standardizirani postupak za razmjenu podataka s postoje\u0107im sustavima na podru\u010dju luke Plo\u010de.<\/span><\/p><p><span style=\"font-weight: 400;\">Iako se podru\u010dja ciljnog tr\u017ei\u0161ta uvelike razlikuju u pogledu postoje\u0107e IKT infrastrukture i funkcionalnosti, mo\u017ee se tvrditi kako PCS sustav \u010dini temelj ili okosnicu vizije jedinstvenog su\u010delja.<\/span><\/p>\t\t\t\t\t\t\t\t<\/div>\n\t\t\t\t\t<\/div>\n\t\t<\/div>\n\t\t\t\t<div class=\"elementor-column elementor-col-50 elementor-top-column elementor-element elementor-element-b158e6d animated-slow elementor-invisible\" data-id=\"b158e6d\" data-element_type=\"column\" data-e-type=\"column\" data-settings=\"{&quot;animation&quot;:&quot;fadeInRight&quot;}\">\n\t\t\t<div class=\"elementor-widget-wrap elementor-element-populated\">\n\t\t\t\t\t\t<div class=\"elementor-element elementor-element-9bba77b elementor-widget elementor-widget-image\" data-id=\"9bba77b\" data-element_type=\"widget\" data-e-type=\"widget\" data-widget_type=\"image.default\">\n\t\t\t\t\t\t\t\t\t\t\t\t\t\t\t\t<a href=\"https:\/\/lup.studioidearium.com\/wp-content\/uploads\/2025\/03\/Ured-ravnatelja-1.png\" data-elementor-open-lightbox=\"yes\" data-elementor-lightbox-title=\"pcs-1\" data-e-action-hash=\"#elementor-action%3Aaction%3Dlightbox%26settings%3DeyJpZCI6MTI2MSwidXJsIjoiaHR0cHM6XC9cL3d3dy5wcGEuaHJcL2hyX1wvd3AtY29udGVudFwvdXBsb2Fkc1wvMjAyNVwvMDNcL1VyZWQtcmF2bmF0ZWxqYS0xLnBuZyJ9\">\n\t\t\t\t\t\t\t<img fetchpriority=\"high\" decoding=\"async\" width=\"1000\" height=\"1000\" src=\"https:\/\/www.ppa.hr\/hr_\/wp-content\/uploads\/2025\/03\/Ured-ravnatelja-1.png\" class=\"attachment-full size-full wp-image-1261\" alt=\"\" srcset=\"https:\/\/www.ppa.hr\/hr_\/wp-content\/uploads\/2025\/03\/Ured-ravnatelja-1.png 1000w, https:\/\/www.ppa.hr\/hr_\/wp-content\/uploads\/2025\/03\/Ured-ravnatelja-1-300x300.png 300w, https:\/\/www.ppa.hr\/hr_\/wp-content\/uploads\/2025\/03\/Ured-ravnatelja-1-150x150.png 150w, https:\/\/www.ppa.hr\/hr_\/wp-content\/uploads\/2025\/03\/Ured-ravnatelja-1-768x768.png 768w\" sizes=\"(max-width: 1000px) 100vw, 1000px\" \/>\t\t\t\t\t\t\t\t<\/a>\n\t\t\t\t\t\t\t\t\t\t\t\t\t\t\t<\/div>\n\t\t\t\t<div class=\"elementor-element elementor-element-576642f elementor-widget elementor-widget-spacer\" data-id=\"576642f\" data-element_type=\"widget\" data-e-type=\"widget\" data-widget_type=\"spacer.default\">\n\t\t\t\t\t\t\t<div class=\"elementor-spacer\">\n\t\t\t<div class=\"elementor-spacer-inner\"><\/div>\n\t\t<\/div>\n\t\t\t\t\t\t<\/div>\n\t\t\t\t\t<\/div>\n\t\t<\/div>\n\t\t\t\t\t<\/div>\n\t\t<\/section>\n\t\t\t\t<\/div>\n\t\t","protected":false},"excerpt":{"rendered":"<p>Po\u010detna \/ Razvoj lu\u010dkog podru\u010dja \u2013 Projekt ITT \/ Lu\u010dki informacijski sustav (PCS) Lu\u010dka uprava Plo\u010de razvojem PCS informacijskog sustava i razvojem tehnolo\u0161ki inovativnih rje\u0161enja za cilj ima pove\u0107ati konkurentnosti same luke, te pove\u0107anje efikasnosti u administrativnoj logistici.\u00a0 PCS informacijski sustav\u00a0je centralizirani automatizirani sustav za razmjenu informacija. Predstavlja elektronsku platformu kojom Lu\u010dka uprava Plo\u010de ima [&hellip;]<\/p>\n","protected":false},"author":1,"featured_media":0,"parent":0,"menu_order":0,"comment_status":"closed","ping_status":"closed","template":"elementor_header_footer","meta":{"footnotes":""},"class_list":["post-966","page","type-page","status-publish","hentry"],"_links":{"self":[{"href":"https:\/\/www.ppa.hr\/hr_\/wp-json\/wp\/v2\/pages\/966","targetHints":{"allow":["GET"]}}],"collection":[{"href":"https:\/\/www.ppa.hr\/hr_\/wp-json\/wp\/v2\/pages"}],"about":[{"href":"https:\/\/www.ppa.hr\/hr_\/wp-json\/wp\/v2\/types\/page"}],"author":[{"embeddable":true,"href":"https:\/\/www.ppa.hr\/hr_\/wp-json\/wp\/v2\/users\/1"}],"replies":[{"embeddable":true,"href":"https:\/\/www.ppa.hr\/hr_\/wp-json\/wp\/v2\/comments?post=966"}],"version-history":[{"count":34,"href":"https:\/\/www.ppa.hr\/hr_\/wp-json\/wp\/v2\/pages\/966\/revisions"}],"predecessor-version":[{"id":1922,"href":"https:\/\/www.ppa.hr\/hr_\/wp-json\/wp\/v2\/pages\/966\/revisions\/1922"}],"wp:attachment":[{"href":"https:\/\/www.ppa.hr\/hr_\/wp-json\/wp\/v2\/media?parent=966"}],"curies":[{"name":"wp","href":"https:\/\/api.w.org\/{rel}","templated":true}]}}