{"id":944,"date":"2025-03-16T15:54:00","date_gmt":"2025-03-16T15:54:00","guid":{"rendered":"https:\/\/lup.studioidearium.com\/?page_id=944"},"modified":"2025-03-27T12:02:50","modified_gmt":"2025-03-27T12:02:50","slug":"novosti","status":"publish","type":"page","link":"https:\/\/www.ppa.hr\/hr_\/novosti\/","title":{"rendered":"Novosti"},"content":{"rendered":"\t\t<div data-elementor-type=\"wp-page\" data-elementor-id=\"944\" class=\"elementor elementor-944\" data-elementor-post-type=\"page\">\n\t\t\t\t\t\t<section class=\"elementor-section elementor-top-section elementor-element elementor-element-697ddd82 elementor-section-height-min-height elementor-section-items-bottom elementor-section-boxed elementor-section-height-default\" data-id=\"697ddd82\" data-element_type=\"section\" data-e-type=\"section\" data-settings=\"{&quot;background_background&quot;:&quot;classic&quot;}\">\n\t\t\t\t\t\t\t<div class=\"elementor-background-overlay\"><\/div>\n\t\t\t\t\t\t\t<div class=\"elementor-container elementor-column-gap-default\">\n\t\t\t\t\t<div class=\"elementor-column elementor-col-100 elementor-top-column elementor-element elementor-element-426b0878\" data-id=\"426b0878\" data-element_type=\"column\" data-e-type=\"column\">\n\t\t\t<div class=\"elementor-widget-wrap elementor-element-populated\">\n\t\t\t\t\t\t<div class=\"elementor-element elementor-element-2a61acb elementor-widget elementor-widget-text-editor\" data-id=\"2a61acb\" data-element_type=\"widget\" data-e-type=\"widget\" data-widget_type=\"text-editor.default\">\n\t\t\t\t\t\t\t\t\t<p><a href=\"#\">Po\u010detna<\/a> \/ <a href=\"https:\/\/lup.studioidearium.com\/novosti\/\">Novosti<\/a><\/p>\t\t\t\t\t\t\t\t<\/div>\n\t\t\t\t\t<\/div>\n\t\t<\/div>\n\t\t\t\t\t<\/div>\n\t\t<\/section>\n\t\t<div class=\"elementor-element elementor-element-ed260a7 e-flex e-con-boxed e-con e-parent\" data-id=\"ed260a7\" data-element_type=\"container\" data-e-type=\"container\">\n\t\t\t\t\t<div class=\"e-con-inner\">\n\t\t\t\t<div class=\"elementor-element elementor-element-f62407c elementor-grid-3 elementor-grid-tablet-2 elementor-grid-mobile-1 elementor-posts--thumbnail-top elementor-card-shadow-yes elementor-posts__hover-gradient elementor-widget elementor-widget-posts\" data-id=\"f62407c\" data-element_type=\"widget\" data-e-type=\"widget\" data-settings=\"{&quot;pagination_type&quot;:&quot;load_more_infinite_scroll&quot;,&quot;cards_columns&quot;:&quot;3&quot;,&quot;cards_columns_tablet&quot;:&quot;2&quot;,&quot;cards_columns_mobile&quot;:&quot;1&quot;,&quot;cards_row_gap&quot;:{&quot;unit&quot;:&quot;px&quot;,&quot;size&quot;:35,&quot;sizes&quot;:[]},&quot;cards_row_gap_tablet&quot;:{&quot;unit&quot;:&quot;px&quot;,&quot;size&quot;:&quot;&quot;,&quot;sizes&quot;:[]},&quot;cards_row_gap_mobile&quot;:{&quot;unit&quot;:&quot;px&quot;,&quot;size&quot;:&quot;&quot;,&quot;sizes&quot;:[]},&quot;load_more_spinner&quot;:{&quot;value&quot;:&quot;fas fa-spinner&quot;,&quot;library&quot;:&quot;fa-solid&quot;}}\" data-widget_type=\"posts.cards\">\n\t\t\t\t<div class=\"elementor-widget-container\">\n\t\t\t\t\t\t\t<div class=\"elementor-posts-container elementor-posts elementor-posts--skin-cards elementor-grid\" role=\"list\">\n\t\t\t\t<article class=\"elementor-post elementor-grid-item post-2656 post type-post status-publish format-standard has-post-thumbnail hentry category-novosti tag-kvaliteta-zraka tag-mjerna-postaja tag-projekti\" role=\"listitem\">\n\t\t\t<div class=\"elementor-post__card\">\n\t\t\t\t<a class=\"elementor-post__thumbnail__link\" href=\"https:\/\/www.ppa.hr\/hr_\/2026\/03\/13\/lucka-uprava-ploce-postavila-mjernu-postaju-za-mjerenje-kvalitete-zraka-podaci-dostupni-gradanima\/\" tabindex=\"-1\" ><div class=\"elementor-post__thumbnail\"><img fetchpriority=\"high\" decoding=\"async\" width=\"1707\" height=\"2560\" src=\"https:\/\/www.ppa.hr\/hr_\/wp-content\/uploads\/2026\/03\/Mjerna-postaja_4-scaled.jpg\" class=\"attachment-full size-full wp-image-2663\" alt=\"\" srcset=\"https:\/\/www.ppa.hr\/hr_\/wp-content\/uploads\/2026\/03\/Mjerna-postaja_4-scaled.jpg 1707w, https:\/\/www.ppa.hr\/hr_\/wp-content\/uploads\/2026\/03\/Mjerna-postaja_4-200x300.jpg 200w, https:\/\/www.ppa.hr\/hr_\/wp-content\/uploads\/2026\/03\/Mjerna-postaja_4-683x1024.jpg 683w, https:\/\/www.ppa.hr\/hr_\/wp-content\/uploads\/2026\/03\/Mjerna-postaja_4-768x1152.jpg 768w, https:\/\/www.ppa.hr\/hr_\/wp-content\/uploads\/2026\/03\/Mjerna-postaja_4-1024x1536.jpg 1024w, https:\/\/www.ppa.hr\/hr_\/wp-content\/uploads\/2026\/03\/Mjerna-postaja_4-1365x2048.jpg 1365w\" sizes=\"(max-width: 1707px) 100vw, 1707px\" \/><\/div><\/a>\n\t\t\t\t<div class=\"elementor-post__text\">\n\t\t\t\t<h3 class=\"elementor-post__title\">\n\t\t\t<a href=\"https:\/\/www.ppa.hr\/hr_\/2026\/03\/13\/lucka-uprava-ploce-postavila-mjernu-postaju-za-mjerenje-kvalitete-zraka-podaci-dostupni-gradanima\/\" >\n\t\t\t\tLu\u010dka uprava Plo\u010de postavila mjernu postaju za mjerenje kvalitete zraka \u2013 podaci dostupni gra\u0111anima\t\t\t<\/a>\n\t\t<\/h3>\n\t\t\t\t<\/div>\n\t\t\t\t<div class=\"elementor-post__meta-data\">\n\t\t\t\t\t<span class=\"elementor-post-date\">\n\t\t\t13 o\u017eujka, 2026\t\t<\/span>\n\t\t\t\t<\/div>\n\t\t\t\t\t<\/div>\n\t\t<\/article>\n\t\t\t\t<article class=\"elementor-post elementor-grid-item post-2547 post type-post status-publish format-standard has-post-thumbnail hentry category-novosti\" role=\"listitem\">\n\t\t\t<div class=\"elementor-post__card\">\n\t\t\t\t<a class=\"elementor-post__thumbnail__link\" href=\"https:\/\/www.ppa.hr\/hr_\/2025\/07\/09\/priopcenje-u-vezi-skladistenja-metalnog-otpada-starog-zeljeza-u-luci-ploce\/\" tabindex=\"-1\" ><div class=\"elementor-post__thumbnail\"><img decoding=\"async\" width=\"1597\" height=\"900\" src=\"https:\/\/www.ppa.hr\/hr_\/wp-content\/uploads\/2025\/06\/Glavna-zgrada-.jpg\" class=\"attachment-full size-full wp-image-2400\" alt=\"\" srcset=\"https:\/\/www.ppa.hr\/hr_\/wp-content\/uploads\/2025\/06\/Glavna-zgrada-.jpg 1597w, https:\/\/www.ppa.hr\/hr_\/wp-content\/uploads\/2025\/06\/Glavna-zgrada--300x169.jpg 300w, https:\/\/www.ppa.hr\/hr_\/wp-content\/uploads\/2025\/06\/Glavna-zgrada--1024x577.jpg 1024w, https:\/\/www.ppa.hr\/hr_\/wp-content\/uploads\/2025\/06\/Glavna-zgrada--768x433.jpg 768w, https:\/\/www.ppa.hr\/hr_\/wp-content\/uploads\/2025\/06\/Glavna-zgrada--1536x866.jpg 1536w\" sizes=\"(max-width: 1597px) 100vw, 1597px\" \/><\/div><\/a>\n\t\t\t\t<div class=\"elementor-post__text\">\n\t\t\t\t<h3 class=\"elementor-post__title\">\n\t\t\t<a href=\"https:\/\/www.ppa.hr\/hr_\/2025\/07\/09\/priopcenje-u-vezi-skladistenja-metalnog-otpada-starog-zeljeza-u-luci-ploce\/\" >\n\t\t\t\tPriop\u0107enje u vezi skladi\u0161tenja metalnog otpada (starog \u017eeljeza) u luci Plo\u010de\t\t\t<\/a>\n\t\t<\/h3>\n\t\t\t\t<\/div>\n\t\t\t\t<div class=\"elementor-post__meta-data\">\n\t\t\t\t\t<span class=\"elementor-post-date\">\n\t\t\t9 srpnja, 2025\t\t<\/span>\n\t\t\t\t<\/div>\n\t\t\t\t\t<\/div>\n\t\t<\/article>\n\t\t\t\t<article class=\"elementor-post elementor-grid-item post-1871 post type-post status-publish format-standard has-post-thumbnail hentry category-novosti\" role=\"listitem\">\n\t\t\t<div class=\"elementor-post__card\">\n\t\t\t\t<a class=\"elementor-post__thumbnail__link\" href=\"https:\/\/www.ppa.hr\/hr_\/2025\/02\/10\/lucka-uprava-ploce-postavlja-stanicu-za-mjerenje-kvalitete-zraka-na-luckom-podrucju\/\" tabindex=\"-1\" ><div class=\"elementor-post__thumbnail\"><img decoding=\"async\" width=\"1653\" height=\"1056\" src=\"https:\/\/www.ppa.hr\/hr_\/wp-content\/uploads\/2025\/03\/Lokacija-mjerene-postaje.jpg\" class=\"attachment-full size-full wp-image-1872\" alt=\"\" srcset=\"https:\/\/www.ppa.hr\/hr_\/wp-content\/uploads\/2025\/03\/Lokacija-mjerene-postaje.jpg 1653w, https:\/\/www.ppa.hr\/hr_\/wp-content\/uploads\/2025\/03\/Lokacija-mjerene-postaje-300x192.jpg 300w, https:\/\/www.ppa.hr\/hr_\/wp-content\/uploads\/2025\/03\/Lokacija-mjerene-postaje-1024x654.jpg 1024w, https:\/\/www.ppa.hr\/hr_\/wp-content\/uploads\/2025\/03\/Lokacija-mjerene-postaje-768x491.jpg 768w, https:\/\/www.ppa.hr\/hr_\/wp-content\/uploads\/2025\/03\/Lokacija-mjerene-postaje-1536x981.jpg 1536w\" sizes=\"(max-width: 1653px) 100vw, 1653px\" \/><\/div><\/a>\n\t\t\t\t<div class=\"elementor-post__text\">\n\t\t\t\t<h3 class=\"elementor-post__title\">\n\t\t\t<a href=\"https:\/\/www.ppa.hr\/hr_\/2025\/02\/10\/lucka-uprava-ploce-postavlja-stanicu-za-mjerenje-kvalitete-zraka-na-luckom-podrucju\/\" >\n\t\t\t\tLu\u010dka uprava Plo\u010de postavlja stanicu za mjerenje kvalitete zraka na lu\u010dkom podru\u010dju\t\t\t<\/a>\n\t\t<\/h3>\n\t\t\t\t<\/div>\n\t\t\t\t<div class=\"elementor-post__meta-data\">\n\t\t\t\t\t<span class=\"elementor-post-date\">\n\t\t\t10 velja\u010de, 2025\t\t<\/span>\n\t\t\t\t<\/div>\n\t\t\t\t\t<\/div>\n\t\t<\/article>\n\t\t\t\t<article class=\"elementor-post elementor-grid-item post-1876 post type-post status-publish format-standard has-post-thumbnail hentry category-novosti\" role=\"listitem\">\n\t\t\t<div class=\"elementor-post__card\">\n\t\t\t\t<a class=\"elementor-post__thumbnail__link\" href=\"https:\/\/www.ppa.hr\/hr_\/2024\/11\/08\/lucka-uprava-ploce-kroz-prekogranicni-projekt-razvija-uspostavu-ekoloski-odrzivog-napajanja-teretnih-brodova-na-vezu\/\" tabindex=\"-1\" ><div class=\"elementor-post__thumbnail\"><img loading=\"lazy\" decoding=\"async\" width=\"800\" height=\"587\" src=\"https:\/\/www.ppa.hr\/hr_\/wp-content\/uploads\/2024\/12\/Screenshot-2024-12-04-at-18.34.54-e1733333843249.png\" class=\"attachment-full size-full wp-image-216\" alt=\"\" srcset=\"https:\/\/www.ppa.hr\/hr_\/wp-content\/uploads\/2024\/12\/Screenshot-2024-12-04-at-18.34.54-e1733333843249.png 800w, https:\/\/www.ppa.hr\/hr_\/wp-content\/uploads\/2024\/12\/Screenshot-2024-12-04-at-18.34.54-e1733333843249-300x220.png 300w, https:\/\/www.ppa.hr\/hr_\/wp-content\/uploads\/2024\/12\/Screenshot-2024-12-04-at-18.34.54-e1733333843249-768x564.png 768w\" sizes=\"(max-width: 800px) 100vw, 800px\" \/><\/div><\/a>\n\t\t\t\t<div class=\"elementor-post__text\">\n\t\t\t\t<h3 class=\"elementor-post__title\">\n\t\t\t<a href=\"https:\/\/www.ppa.hr\/hr_\/2024\/11\/08\/lucka-uprava-ploce-kroz-prekogranicni-projekt-razvija-uspostavu-ekoloski-odrzivog-napajanja-teretnih-brodova-na-vezu\/\" >\n\t\t\t\tLu\u010dka uprava Plo\u010de kroz prekograni\u010dni projekt razvija uspostavu ekolo\u0161ki odr\u017eivog napajanja teretnih brodova na vezu\t\t\t<\/a>\n\t\t<\/h3>\n\t\t\t\t<\/div>\n\t\t\t\t<div class=\"elementor-post__meta-data\">\n\t\t\t\t\t<span class=\"elementor-post-date\">\n\t\t\t8 studenoga, 2024\t\t<\/span>\n\t\t\t\t<\/div>\n\t\t\t\t\t<\/div>\n\t\t<\/article>\n\t\t\t\t<article class=\"elementor-post elementor-grid-item post-1878 post type-post status-publish format-standard has-post-thumbnail hentry category-novosti\" role=\"listitem\">\n\t\t\t<div class=\"elementor-post__card\">\n\t\t\t\t<a class=\"elementor-post__thumbnail__link\" href=\"https:\/\/www.ppa.hr\/hr_\/2024\/10\/01\/lucka-uprava-ploce-primjer-dobre-prakse-u-integraciji-moderne-tehnologije-u-razvoju-inteligentnog-prometnog-sustava\/\" tabindex=\"-1\" ><div class=\"elementor-post__thumbnail\"><img loading=\"lazy\" decoding=\"async\" width=\"2133\" height=\"1600\" src=\"https:\/\/www.ppa.hr\/hr_\/wp-content\/uploads\/2025\/03\/dunea4-1.jpg\" class=\"attachment-full size-full wp-image-1881\" alt=\"\" srcset=\"https:\/\/www.ppa.hr\/hr_\/wp-content\/uploads\/2025\/03\/dunea4-1.jpg 2133w, https:\/\/www.ppa.hr\/hr_\/wp-content\/uploads\/2025\/03\/dunea4-1-300x225.jpg 300w, https:\/\/www.ppa.hr\/hr_\/wp-content\/uploads\/2025\/03\/dunea4-1-1024x768.jpg 1024w, https:\/\/www.ppa.hr\/hr_\/wp-content\/uploads\/2025\/03\/dunea4-1-768x576.jpg 768w, https:\/\/www.ppa.hr\/hr_\/wp-content\/uploads\/2025\/03\/dunea4-1-1536x1152.jpg 1536w, https:\/\/www.ppa.hr\/hr_\/wp-content\/uploads\/2025\/03\/dunea4-1-2048x1536.jpg 2048w\" sizes=\"(max-width: 2133px) 100vw, 2133px\" \/><\/div><\/a>\n\t\t\t\t<div class=\"elementor-post__text\">\n\t\t\t\t<h3 class=\"elementor-post__title\">\n\t\t\t<a href=\"https:\/\/www.ppa.hr\/hr_\/2024\/10\/01\/lucka-uprava-ploce-primjer-dobre-prakse-u-integraciji-moderne-tehnologije-u-razvoju-inteligentnog-prometnog-sustava\/\" >\n\t\t\t\tLu\u010dka uprava Plo\u010de \u2013 primjer dobre prakse u integraciji moderne tehnologije u razvoju inteligentnog prometnog sustava\t\t\t<\/a>\n\t\t<\/h3>\n\t\t\t\t<\/div>\n\t\t\t\t<div class=\"elementor-post__meta-data\">\n\t\t\t\t\t<span class=\"elementor-post-date\">\n\t\t\t1 listopada, 2024\t\t<\/span>\n\t\t\t\t<\/div>\n\t\t\t\t\t<\/div>\n\t\t<\/article>\n\t\t\t\t<article class=\"elementor-post elementor-grid-item post-2216 post type-post status-publish format-standard has-post-thumbnail hentry category-novosti\" role=\"listitem\">\n\t\t\t<div class=\"elementor-post__card\">\n\t\t\t\t<a class=\"elementor-post__thumbnail__link\" href=\"https:\/\/www.ppa.hr\/hr_\/2024\/09\/13\/zajednicki-projekt-radeza-i-lucke-uprave-ploce-lucke-dizalice-za-svjetske-kupce\/\" tabindex=\"-1\" ><div class=\"elementor-post__thumbnail\"><img loading=\"lazy\" decoding=\"async\" width=\"1386\" height=\"780\" src=\"https:\/\/www.ppa.hr\/hr_\/wp-content\/uploads\/2025\/05\/RTG-dizalice_2.jpg\" class=\"attachment-full size-full wp-image-2218\" alt=\"\" srcset=\"https:\/\/www.ppa.hr\/hr_\/wp-content\/uploads\/2025\/05\/RTG-dizalice_2.jpg 1386w, https:\/\/www.ppa.hr\/hr_\/wp-content\/uploads\/2025\/05\/RTG-dizalice_2-300x169.jpg 300w, https:\/\/www.ppa.hr\/hr_\/wp-content\/uploads\/2025\/05\/RTG-dizalice_2-1024x576.jpg 1024w, https:\/\/www.ppa.hr\/hr_\/wp-content\/uploads\/2025\/05\/RTG-dizalice_2-768x432.jpg 768w\" sizes=\"(max-width: 1386px) 100vw, 1386px\" \/><\/div><\/a>\n\t\t\t\t<div class=\"elementor-post__text\">\n\t\t\t\t<h3 class=\"elementor-post__title\">\n\t\t\t<a href=\"https:\/\/www.ppa.hr\/hr_\/2024\/09\/13\/zajednicki-projekt-radeza-i-lucke-uprave-ploce-lucke-dizalice-za-svjetske-kupce\/\" >\n\t\t\t\tZAJEDNI\u010cKI PROJEKT RADE\u017dA I LU\u010cKE UPRAVE PLO\u010cE \u2013 LU\u010cKE DIZALICE ZA SVJETSKE KUPCE\t\t\t<\/a>\n\t\t<\/h3>\n\t\t\t\t<\/div>\n\t\t\t\t<div class=\"elementor-post__meta-data\">\n\t\t\t\t\t<span class=\"elementor-post-date\">\n\t\t\t13 rujna, 2024\t\t<\/span>\n\t\t\t\t<\/div>\n\t\t\t\t\t<\/div>\n\t\t<\/article>\n\t\t\t\t<article class=\"elementor-post elementor-grid-item post-2220 post type-post status-publish format-standard has-post-thumbnail hentry category-novosti\" role=\"listitem\">\n\t\t\t<div class=\"elementor-post__card\">\n\t\t\t\t<a class=\"elementor-post__thumbnail__link\" href=\"https:\/\/www.ppa.hr\/hr_\/2024\/05\/20\/prethodno-savjetovanje-za-radove-zamjene-ts-br-2-u-luci-ploce\/\" tabindex=\"-1\" ><div class=\"elementor-post__thumbnail\"><img loading=\"lazy\" decoding=\"async\" width=\"2500\" height=\"1222\" src=\"https:\/\/www.ppa.hr\/hr_\/wp-content\/uploads\/2024\/12\/Group-10-DJI_0552_DJI_0553-2-images.jpg\" class=\"attachment-full size-full wp-image-262\" alt=\"\" srcset=\"https:\/\/www.ppa.hr\/hr_\/wp-content\/uploads\/2024\/12\/Group-10-DJI_0552_DJI_0553-2-images.jpg 2500w, https:\/\/www.ppa.hr\/hr_\/wp-content\/uploads\/2024\/12\/Group-10-DJI_0552_DJI_0553-2-images-300x147.jpg 300w, https:\/\/www.ppa.hr\/hr_\/wp-content\/uploads\/2024\/12\/Group-10-DJI_0552_DJI_0553-2-images-1024x501.jpg 1024w, https:\/\/www.ppa.hr\/hr_\/wp-content\/uploads\/2024\/12\/Group-10-DJI_0552_DJI_0553-2-images-768x375.jpg 768w, https:\/\/www.ppa.hr\/hr_\/wp-content\/uploads\/2024\/12\/Group-10-DJI_0552_DJI_0553-2-images-1536x751.jpg 1536w, https:\/\/www.ppa.hr\/hr_\/wp-content\/uploads\/2024\/12\/Group-10-DJI_0552_DJI_0553-2-images-2048x1001.jpg 2048w\" sizes=\"(max-width: 2500px) 100vw, 2500px\" \/><\/div><\/a>\n\t\t\t\t<div class=\"elementor-post__text\">\n\t\t\t\t<h3 class=\"elementor-post__title\">\n\t\t\t<a href=\"https:\/\/www.ppa.hr\/hr_\/2024\/05\/20\/prethodno-savjetovanje-za-radove-zamjene-ts-br-2-u-luci-ploce\/\" >\n\t\t\t\tPrethodno savjetovanje za radove Zamjene TS br. 2 u luci Plo\u010de\t\t\t<\/a>\n\t\t<\/h3>\n\t\t\t\t<\/div>\n\t\t\t\t<div class=\"elementor-post__meta-data\">\n\t\t\t\t\t<span class=\"elementor-post-date\">\n\t\t\t20 svibnja, 2024\t\t<\/span>\n\t\t\t\t<\/div>\n\t\t\t\t\t<\/div>\n\t\t<\/article>\n\t\t\t\t<article class=\"elementor-post elementor-grid-item post-2222 post type-post status-publish format-standard has-post-thumbnail hentry category-novosti\" role=\"listitem\">\n\t\t\t<div class=\"elementor-post__card\">\n\t\t\t\t<a class=\"elementor-post__thumbnail__link\" href=\"https:\/\/www.ppa.hr\/hr_\/2024\/05\/10\/lucka-uprava-ploce-radi-na-osiguranju-energetske-neovisnosti-objekta-i-doprinosi-u-borbi-protiv-klimatskih-promjena\/\" tabindex=\"-1\" ><div class=\"elementor-post__thumbnail\"><img loading=\"lazy\" decoding=\"async\" width=\"708\" height=\"469\" src=\"https:\/\/www.ppa.hr\/hr_\/wp-content\/uploads\/2025\/05\/solarna.jpg\" class=\"attachment-full size-full wp-image-2223\" alt=\"\" srcset=\"https:\/\/www.ppa.hr\/hr_\/wp-content\/uploads\/2025\/05\/solarna.jpg 708w, https:\/\/www.ppa.hr\/hr_\/wp-content\/uploads\/2025\/05\/solarna-300x199.jpg 300w\" sizes=\"(max-width: 708px) 100vw, 708px\" \/><\/div><\/a>\n\t\t\t\t<div class=\"elementor-post__text\">\n\t\t\t\t<h3 class=\"elementor-post__title\">\n\t\t\t<a href=\"https:\/\/www.ppa.hr\/hr_\/2024\/05\/10\/lucka-uprava-ploce-radi-na-osiguranju-energetske-neovisnosti-objekta-i-doprinosi-u-borbi-protiv-klimatskih-promjena\/\" >\n\t\t\t\tLu\u010dka uprava Plo\u010de radi na osiguranju energetske neovisnosti objekta i doprinosi u borbi protiv klimatskih promjena\t\t\t<\/a>\n\t\t<\/h3>\n\t\t\t\t<\/div>\n\t\t\t\t<div class=\"elementor-post__meta-data\">\n\t\t\t\t\t<span class=\"elementor-post-date\">\n\t\t\t10 svibnja, 2024\t\t<\/span>\n\t\t\t\t<\/div>\n\t\t\t\t\t<\/div>\n\t\t<\/article>\n\t\t\t\t<article class=\"elementor-post elementor-grid-item post-2225 post type-post status-publish format-standard has-post-thumbnail hentry category-novosti\" role=\"listitem\">\n\t\t\t<div class=\"elementor-post__card\">\n\t\t\t\t<a class=\"elementor-post__thumbnail__link\" href=\"https:\/\/www.ppa.hr\/hr_\/2024\/05\/03\/projekt-mileport-sufinanciran-iz-programa-interreg-italija-hrvatska\/\" tabindex=\"-1\" ><div class=\"elementor-post__thumbnail\"><img loading=\"lazy\" decoding=\"async\" width=\"768\" height=\"371\" src=\"https:\/\/www.ppa.hr\/hr_\/wp-content\/uploads\/2025\/03\/Logo-Interreg-Italy-Croatia_MILEPORT-768x371-1.jpg\" class=\"attachment-full size-full wp-image-1360\" alt=\"\" srcset=\"https:\/\/www.ppa.hr\/hr_\/wp-content\/uploads\/2025\/03\/Logo-Interreg-Italy-Croatia_MILEPORT-768x371-1.jpg 768w, https:\/\/www.ppa.hr\/hr_\/wp-content\/uploads\/2025\/03\/Logo-Interreg-Italy-Croatia_MILEPORT-768x371-1-300x145.jpg 300w\" sizes=\"(max-width: 768px) 100vw, 768px\" \/><\/div><\/a>\n\t\t\t\t<div class=\"elementor-post__text\">\n\t\t\t\t<h3 class=\"elementor-post__title\">\n\t\t\t<a href=\"https:\/\/www.ppa.hr\/hr_\/2024\/05\/03\/projekt-mileport-sufinanciran-iz-programa-interreg-italija-hrvatska\/\" >\n\t\t\t\tProjekt MILEPORT sufinanciran iz programa Interreg Italija \u2013 Hrvatska\t\t\t<\/a>\n\t\t<\/h3>\n\t\t\t\t<\/div>\n\t\t\t\t<div class=\"elementor-post__meta-data\">\n\t\t\t\t\t<span class=\"elementor-post-date\">\n\t\t\t3 svibnja, 2024\t\t<\/span>\n\t\t\t\t<\/div>\n\t\t\t\t\t<\/div>\n\t\t<\/article>\n\t\t\t\t<article class=\"elementor-post elementor-grid-item post-2230 post type-post status-publish format-standard has-post-thumbnail hentry category-novosti\" role=\"listitem\">\n\t\t\t<div class=\"elementor-post__card\">\n\t\t\t\t<a class=\"elementor-post__thumbnail__link\" href=\"https:\/\/www.ppa.hr\/hr_\/2024\/03\/04\/lucka-uprava-ploce-sudionik-strateski-vaznog-projekta-cyscroms\/\" tabindex=\"-1\" ><div class=\"elementor-post__thumbnail\"><img loading=\"lazy\" decoding=\"async\" width=\"1103\" height=\"376\" src=\"https:\/\/www.ppa.hr\/hr_\/wp-content\/uploads\/2025\/05\/NCC_MAP_4.jpg\" class=\"attachment-full size-full wp-image-2231\" alt=\"\" srcset=\"https:\/\/www.ppa.hr\/hr_\/wp-content\/uploads\/2025\/05\/NCC_MAP_4.jpg 1103w, https:\/\/www.ppa.hr\/hr_\/wp-content\/uploads\/2025\/05\/NCC_MAP_4-300x102.jpg 300w, https:\/\/www.ppa.hr\/hr_\/wp-content\/uploads\/2025\/05\/NCC_MAP_4-1024x349.jpg 1024w, https:\/\/www.ppa.hr\/hr_\/wp-content\/uploads\/2025\/05\/NCC_MAP_4-768x262.jpg 768w\" sizes=\"(max-width: 1103px) 100vw, 1103px\" \/><\/div><\/a>\n\t\t\t\t<div class=\"elementor-post__text\">\n\t\t\t\t<h3 class=\"elementor-post__title\">\n\t\t\t<a href=\"https:\/\/www.ppa.hr\/hr_\/2024\/03\/04\/lucka-uprava-ploce-sudionik-strateski-vaznog-projekta-cyscroms\/\" >\n\t\t\t\tLu\u010dka uprava Plo\u010de sudionik strate\u0161ki va\u017enog projekta CYSCROMS\t\t\t<\/a>\n\t\t<\/h3>\n\t\t\t\t<\/div>\n\t\t\t\t<div class=\"elementor-post__meta-data\">\n\t\t\t\t\t<span class=\"elementor-post-date\">\n\t\t\t4 o\u017eujka, 2024\t\t<\/span>\n\t\t\t\t<\/div>\n\t\t\t\t\t<\/div>\n\t\t<\/article>\n\t\t\t\t<\/div>\n\t\t\t\t\t<span class=\"e-load-more-spinner\">\n\t\t\t\t<svg aria-hidden=\"true\" class=\"e-font-icon-svg e-fas-spinner\" viewBox=\"0 0 512 512\" xmlns=\"http:\/\/www.w3.org\/2000\/svg\"><path d=\"M304 48c0 26.51-21.49 48-48 48s-48-21.49-48-48 21.49-48 48-48 48 21.49 48 48zm-48 368c-26.51 0-48 21.49-48 48s21.49 48 48 48 48-21.49 48-48-21.49-48-48-48zm208-208c-26.51 0-48 21.49-48 48s21.49 48 48 48 48-21.49 48-48-21.49-48-48-48zM96 256c0-26.51-21.49-48-48-48S0 229.49 0 256s21.49 48 48 48 48-21.49 48-48zm12.922 99.078c-26.51 0-48 21.49-48 48s21.49 48 48 48 48-21.49 48-48c0-26.509-21.491-48-48-48zm294.156 0c-26.51 0-48 21.49-48 48s21.49 48 48 48 48-21.49 48-48c0-26.509-21.49-48-48-48zM108.922 60.922c-26.51 0-48 21.49-48 48s21.49 48 48 48 48-21.49 48-48-21.491-48-48-48z\"><\/path><\/svg>\t\t\t<\/span>\n\t\t\n\t\t\t\t<div class=\"e-load-more-anchor\" data-page=\"1\" data-max-page=\"2\" data-next-page=\"https:\/\/www.ppa.hr\/hr_\/wp-json\/wp\/v2\/pages\/944\/page\/2\/\"><\/div>\n\t\t\t\t<div class=\"e-load-more-message\">Prikazane su sve objave<\/div>\n\t\t\t\t\t\t<\/div>\n\t\t\t\t<\/div>\n\t\t\t\t\t<\/div>\n\t\t\t\t<\/div>\n\t\t\t\t<\/div>\n\t\t","protected":false},"excerpt":{"rendered":"<p>Po\u010detna<\/p>\n","protected":false},"author":1,"featured_media":0,"parent":0,"menu_order":0,"comment_status":"closed","ping_status":"closed","template":"elementor_header_footer","meta":{"footnotes":""},"class_list":["post-944","page","type-page","status-publish","hentry"],"_links":{"self":[{"href":"https:\/\/www.ppa.hr\/hr_\/wp-json\/wp\/v2\/pages\/944","targetHints":{"allow":["GET"]}}],"collection":[{"href":"https:\/\/www.ppa.hr\/hr_\/wp-json\/wp\/v2\/pages"}],"about":[{"href":"https:\/\/www.ppa.hr\/hr_\/wp-json\/wp\/v2\/types\/page"}],"author":[{"embeddable":true,"href":"https:\/\/www.ppa.hr\/hr_\/wp-json\/wp\/v2\/users\/1"}],"replies":[{"embeddable":true,"href":"https:\/\/www.ppa.hr\/hr_\/wp-json\/wp\/v2\/comments?post=944"}],"version-history":[{"count":25,"href":"https:\/\/www.ppa.hr\/hr_\/wp-json\/wp\/v2\/pages\/944\/revisions"}],"predecessor-version":[{"id":1887,"href":"https:\/\/www.ppa.hr\/hr_\/wp-json\/wp\/v2\/pages\/944\/revisions\/1887"}],"wp:attachment":[{"href":"https:\/\/www.ppa.hr\/hr_\/wp-json\/wp\/v2\/media?parent=944"}],"curies":[{"name":"wp","href":"https:\/\/api.w.org\/{rel}","templated":true}]}}