{"id":895,"date":"2025-03-16T13:40:24","date_gmt":"2025-03-16T13:40:24","guid":{"rendered":"https:\/\/lup.studioidearium.com\/?page_id=895"},"modified":"2025-07-22T21:36:30","modified_gmt":"2025-07-22T21:36:30","slug":"planirani-projekti","status":"publish","type":"page","link":"https:\/\/www.ppa.hr\/hr_\/planirani-projekti\/","title":{"rendered":"Planirani projekti"},"content":{"rendered":"\t\t<div data-elementor-type=\"wp-page\" data-elementor-id=\"895\" class=\"elementor elementor-895\" data-elementor-post-type=\"page\">\n\t\t\t\t\t\t<section class=\"elementor-section elementor-top-section elementor-element elementor-element-1f955939 elementor-section-height-min-height elementor-section-items-bottom elementor-section-boxed elementor-section-height-default\" data-id=\"1f955939\" data-element_type=\"section\" data-e-type=\"section\" data-settings=\"{&quot;background_background&quot;:&quot;classic&quot;}\">\n\t\t\t\t\t\t\t<div class=\"elementor-background-overlay\"><\/div>\n\t\t\t\t\t\t\t<div class=\"elementor-container elementor-column-gap-default\">\n\t\t\t\t\t<div class=\"elementor-column elementor-col-100 elementor-top-column elementor-element elementor-element-4330ecc2\" data-id=\"4330ecc2\" data-element_type=\"column\" data-e-type=\"column\">\n\t\t\t<div class=\"elementor-widget-wrap elementor-element-populated\">\n\t\t\t\t\t\t<div class=\"elementor-element elementor-element-1b8fc621 elementor-widget elementor-widget-text-editor\" data-id=\"1b8fc621\" data-element_type=\"widget\" data-e-type=\"widget\" data-widget_type=\"text-editor.default\">\n\t\t\t\t\t\t\t\t\t<p><a href=\"#\">Po\u010detna<\/a> \/ <span style=\"font-weight: 400;\">Razvojni projekti \/ Planirani projekti<\/span><\/p>\t\t\t\t\t\t\t\t<\/div>\n\t\t\t\t\t<\/div>\n\t\t<\/div>\n\t\t\t\t\t<\/div>\n\t\t<\/section>\n\t\t\t\t<section class=\"elementor-section elementor-top-section elementor-element elementor-element-6af65b5a elementor-section-boxed elementor-section-height-default elementor-section-height-default\" data-id=\"6af65b5a\" data-element_type=\"section\" data-e-type=\"section\" data-settings=\"{&quot;background_background&quot;:&quot;classic&quot;}\">\n\t\t\t\t\t\t<div class=\"elementor-container elementor-column-gap-default\">\n\t\t\t\t\t<div class=\"elementor-column elementor-col-33 elementor-top-column elementor-element elementor-element-5e68470c\" data-id=\"5e68470c\" data-element_type=\"column\" data-e-type=\"column\">\n\t\t\t<div class=\"elementor-widget-wrap elementor-element-populated\">\n\t\t\t\t\t\t<div class=\"elementor-element elementor-element-2b5e6a0 elementor-widget elementor-widget-image\" data-id=\"2b5e6a0\" data-element_type=\"widget\" data-e-type=\"widget\" data-widget_type=\"image.default\">\n\t\t\t\t\t\t\t\t\t\t\t\t\t\t\t<img fetchpriority=\"high\" decoding=\"async\" width=\"800\" height=\"533\" src=\"https:\/\/www.ppa.hr\/hr_\/wp-content\/uploads\/2025\/03\/gas-reductor-2755544_1280-1024x682.jpg\" class=\"attachment-large size-large wp-image-1939\" alt=\"\" srcset=\"https:\/\/www.ppa.hr\/hr_\/wp-content\/uploads\/2025\/03\/gas-reductor-2755544_1280-1024x682.jpg 1024w, https:\/\/www.ppa.hr\/hr_\/wp-content\/uploads\/2025\/03\/gas-reductor-2755544_1280-300x200.jpg 300w, https:\/\/www.ppa.hr\/hr_\/wp-content\/uploads\/2025\/03\/gas-reductor-2755544_1280-768x512.jpg 768w, https:\/\/www.ppa.hr\/hr_\/wp-content\/uploads\/2025\/03\/gas-reductor-2755544_1280.jpg 1280w\" sizes=\"(max-width: 800px) 100vw, 800px\" \/>\t\t\t\t\t\t\t\t\t\t\t\t\t\t\t<\/div>\n\t\t\t\t<div class=\"elementor-element elementor-element-6652ace elementor-widget elementor-widget-n-accordion\" data-id=\"6652ace\" data-element_type=\"widget\" data-e-type=\"widget\" data-settings=\"{&quot;default_state&quot;:&quot;all_collapsed&quot;,&quot;max_items_expended&quot;:&quot;one&quot;,&quot;n_accordion_animation_duration&quot;:{&quot;unit&quot;:&quot;ms&quot;,&quot;size&quot;:400,&quot;sizes&quot;:[]}}\" data-widget_type=\"nested-accordion.default\">\n\t\t\t\t\t\t\t<div class=\"e-n-accordion\" aria-label=\"Accordion. Open links with Enter or Space, close with Escape, and navigate with Arrow Keys\">\n\t\t\t\t\t\t<details id=\"e-n-accordion-item-1070\" class=\"e-n-accordion-item\" >\n\t\t\t\t<summary class=\"e-n-accordion-item-title\" data-accordion-index=\"1\" tabindex=\"0\" aria-expanded=\"false\" aria-controls=\"e-n-accordion-item-1070\" >\n\t\t\t\t\t<span class='e-n-accordion-item-title-header'><div class=\"e-n-accordion-item-title-text\"> Plan izgradnje veza za naftne derivate i ukapljeni naftni plin <\/div><\/span>\n\t\t\t\t\t\t\t<span class='e-n-accordion-item-title-icon'>\n\t\t\t<span class='e-opened' ><i aria-hidden=\"true\" class=\"icon icon-up-arrow1\"><\/i><\/span>\n\t\t\t<span class='e-closed'><i aria-hidden=\"true\" class=\"icon icon-down-arrow1\"><\/i><\/span>\n\t\t<\/span>\n\n\t\t\t\t\t\t<\/summary>\n\t\t\t\t<div role=\"region\" aria-labelledby=\"e-n-accordion-item-1070\" class=\"elementor-element elementor-element-9f5ba98 e-con-full e-flex e-con e-child\" data-id=\"9f5ba98\" data-element_type=\"container\" data-e-type=\"container\">\n\t\t\t\t<div class=\"elementor-element elementor-element-ab1270d elementor-widget elementor-widget-text-editor\" data-id=\"ab1270d\" data-element_type=\"widget\" data-e-type=\"widget\" data-widget_type=\"text-editor.default\">\n\t\t\t\t\t\t\t\t\t<p>Imaju\u0107i u vidu rast prometa teku\u0107ih tereta u luci Plo\u010de posljednjih godina kao i investicije privatnog sektora u izgradnji kapaciteta za naftne derivate i ukapljeni naftni plin na lu\u010dkom podru\u010dju u Plo\u010dama, Lu\u010dka uprava Plo\u010de je izradila Studiju isplativosti ulaganja u novi vez koja je pokazala da je ova investicija isplativa i profitabilna.<br \/><br \/><\/p><p>Izgradnja novog priveza jedan je od nu\u017enih preduvjeta koji \u0107e omogu\u0107iti realizaciju svih zapo\u010detih kao i planiranih investicija privatnog sektora u skladi\u0161ne kapacitete za teku\u0107e terete te dovesti do zna\u010dajnog pove\u0107anja prometa i time i prihoda Lu\u010dke uprave Plo\u010de i koristi za sve korisnike kapaciteta zbog smanjivanja tro\u0161kova prijevoza po jedinici tereta i znatnog pove\u0107anja efikasnosti prekrcaja.<\/p><p><br \/>Ve\u0107 dugi niz godina brodari i terminalski operatori koriste tankerski privez koji zbog svog smje\u0161taja u kanalu Vla\u0161ka-more i mnogih ograni\u010davaju\u0107ih parametara ne mo\u017ee prihvatiti tankere ve\u0107ih dimenzija.<br \/><br \/><\/p><p>Lokacija planiranog veza je sjeverno od obale novoizgra\u0111enog terminala za rasute terete te \u0107e omogu\u0107iti privez brodova do 88.000 tona nosivosti za naftne derivate odnosno 58.000 tona nosivosti za ukapljeni naftni plin u svrhu otpreme i dopreme tereta do \/od tr\u017ei\u0161ta luke Plo\u010de u unutra\u0161njosti (Bosna i Hercegovina, srednja Europa&#8230;) kao i transhipmenta.<br \/><br \/><\/p><p>U tijeku je izrada projektne dokumentacije. Nakon isho\u0111enja dozvola te osiguravanja potrebnih financijskih sredstava planira se provedba otvorenog postupka javne nabave za izgradnju novog pristana za teku\u0107e terete kao i natje\u010daj za odabir najpovoljnijeg koncesionara za pru\u017eanje usluga manipulacije prekrcaja na privezu.<\/p>\t\t\t\t\t\t\t\t<\/div>\n\t\t\t\t<\/div>\n\t\t\t\t\t<\/details>\n\t\t\t\t\t<\/div>\n\t\t\t\t\t\t<\/div>\n\t\t\t\t\t<\/div>\n\t\t<\/div>\n\t\t\t\t<div class=\"elementor-column elementor-col-33 elementor-top-column elementor-element elementor-element-3731e71\" data-id=\"3731e71\" data-element_type=\"column\" data-e-type=\"column\">\n\t\t\t<div class=\"elementor-widget-wrap elementor-element-populated\">\n\t\t\t\t\t\t<div class=\"elementor-element elementor-element-469cc57 elementor-widget elementor-widget-image\" data-id=\"469cc57\" data-element_type=\"widget\" data-e-type=\"widget\" data-widget_type=\"image.default\">\n\t\t\t\t\t\t\t\t\t\t\t\t\t\t\t<img decoding=\"async\" width=\"800\" height=\"534\" src=\"https:\/\/www.ppa.hr\/hr_\/wp-content\/uploads\/2025\/07\/iStock-1306156001-1024x683.jpg\" class=\"attachment-large size-large wp-image-2487\" alt=\"\" srcset=\"https:\/\/www.ppa.hr\/hr_\/wp-content\/uploads\/2025\/07\/iStock-1306156001-1024x683.jpg 1024w, https:\/\/www.ppa.hr\/hr_\/wp-content\/uploads\/2025\/07\/iStock-1306156001-300x200.jpg 300w, https:\/\/www.ppa.hr\/hr_\/wp-content\/uploads\/2025\/07\/iStock-1306156001-768x512.jpg 768w, https:\/\/www.ppa.hr\/hr_\/wp-content\/uploads\/2025\/07\/iStock-1306156001.jpg 1254w\" sizes=\"(max-width: 800px) 100vw, 800px\" \/>\t\t\t\t\t\t\t\t\t\t\t\t\t\t\t<\/div>\n\t\t\t\t<div class=\"elementor-element elementor-element-5664c04 elementor-widget elementor-widget-n-accordion\" data-id=\"5664c04\" data-element_type=\"widget\" data-e-type=\"widget\" data-settings=\"{&quot;default_state&quot;:&quot;all_collapsed&quot;,&quot;max_items_expended&quot;:&quot;one&quot;,&quot;n_accordion_animation_duration&quot;:{&quot;unit&quot;:&quot;ms&quot;,&quot;size&quot;:400,&quot;sizes&quot;:[]}}\" data-widget_type=\"nested-accordion.default\">\n\t\t\t\t\t\t\t<div class=\"e-n-accordion\" aria-label=\"Accordion. Open links with Enter or Space, close with Escape, and navigate with Arrow Keys\">\n\t\t\t\t\t\t<details id=\"e-n-accordion-item-9050\" class=\"e-n-accordion-item\" >\n\t\t\t\t<summary class=\"e-n-accordion-item-title\" data-accordion-index=\"1\" tabindex=\"0\" aria-expanded=\"false\" aria-controls=\"e-n-accordion-item-9050\" >\n\t\t\t\t\t<span class='e-n-accordion-item-title-header'><div class=\"e-n-accordion-item-title-text\"> Unapre\u0111enje javnih usluga Lu\u010dke uprave Plo\u010de implementacijom 5G povezivosti <\/div><\/span>\n\t\t\t\t\t\t\t<span class='e-n-accordion-item-title-icon'>\n\t\t\t<span class='e-opened' ><i aria-hidden=\"true\" class=\"icon icon-up-arrow1\"><\/i><\/span>\n\t\t\t<span class='e-closed'><i aria-hidden=\"true\" class=\"icon icon-down-arrow1\"><\/i><\/span>\n\t\t<\/span>\n\n\t\t\t\t\t\t<\/summary>\n\t\t\t\t<div role=\"region\" aria-labelledby=\"e-n-accordion-item-9050\" class=\"elementor-element elementor-element-df30879 e-con-full e-flex e-con e-child\" data-id=\"df30879\" data-element_type=\"container\" data-e-type=\"container\">\n\t\t\t\t<div class=\"elementor-element elementor-element-ff2550e elementor-widget elementor-widget-text-editor\" data-id=\"ff2550e\" data-element_type=\"widget\" data-e-type=\"widget\" data-widget_type=\"text-editor.default\">\n\t\t\t\t\t\t\t\t\t<p>Projekt se realizira u svrhu pove\u0107anja razine i kvalitete javnih usluga koje pru\u017ea Lu\u010dka uprava Plo\u010de. Kvaliteta javnih usluga unutar predvi\u0111enog obuhvata na podru\u010dju luke Plo\u010de pove\u0107at \u0107e se postavljanjem privatne 5G mre\u017ee. Privatna 5G mre\u017ea na podru\u010dju luke Plo\u010de omogu\u0107it \u0107e vrhunsku povezanost te pru\u017eiti mogu\u0107nost obrade velikih koli\u010dina podataka. Obra\u0111eni podaci \u0107e se prema potrebi razmijeniti s ostalim sustavima na podru\u010dju luke Plo\u010de za potrebe precizne i brzu analitike.<\/p><p><br \/>U okviru projekta za potrebe privatne 5G mre\u017ee postavit \u0107e se pripadaju\u0107a IKT oprema i uspostaviti mre\u017ena komunikacijska infrastruktura na podru\u010dju Luke Plo\u010de, te implementirati tri inovativna na\u010dina prikupljanja i kori\u0161tenja podataka:<\/p>\t\t\t\t\t\t\t\t<\/div>\n\t\t\t\t<div class=\"elementor-element elementor-element-f15765a elementor-icon-list--layout-traditional elementor-list-item-link-full_width elementor-widget elementor-widget-icon-list\" data-id=\"f15765a\" data-element_type=\"widget\" data-e-type=\"widget\" data-widget_type=\"icon-list.default\">\n\t\t\t\t\t\t\t<ul class=\"elementor-icon-list-items\">\n\t\t\t\t\t\t\t<li class=\"elementor-icon-list-item\">\n\t\t\t\t\t\t\t\t\t\t\t<span class=\"elementor-icon-list-icon\">\n\t\t\t\t\t\t\t<svg aria-hidden=\"true\" class=\"e-font-icon-svg e-fas-circle\" viewBox=\"0 0 512 512\" xmlns=\"http:\/\/www.w3.org\/2000\/svg\"><path d=\"M256 8C119 8 8 119 8 256s111 248 248 248 248-111 248-248S393 8 256 8z\"><\/path><\/svg>\t\t\t\t\t\t<\/span>\n\t\t\t\t\t\t\t\t\t\t<span class=\"elementor-icon-list-text\"><b>Uvo\u0111enje sustava lociranja u stvarnom vremenu (Real-Time Location Systems \u2013 RTLS)<\/b> koji \u0107e omogu\u0107iti bolje pra\u0107enje i organizaciju prometa i parkinga unutar luke, uklju\u010duju\u0107i i instalaciju senzora koji \u0107e olak\u0161ati privez brodova te uvo\u0111enje geolociranja brodova na sidri\u0161tima i privezi\u0161tima. <\/span>\n\t\t\t\t\t\t\t\t\t<\/li>\n\t\t\t\t\t\t\t\t<li class=\"elementor-icon-list-item\">\n\t\t\t\t\t\t\t\t\t\t\t<span class=\"elementor-icon-list-icon\">\n\t\t\t\t\t\t\t<svg aria-hidden=\"true\" class=\"e-font-icon-svg e-fas-circle\" viewBox=\"0 0 512 512\" xmlns=\"http:\/\/www.w3.org\/2000\/svg\"><path d=\"M256 8C119 8 8 119 8 256s111 248 248 248 248-111 248-248S393 8 256 8z\"><\/path><\/svg>\t\t\t\t\t\t<\/span>\n\t\t\t\t\t\t\t\t\t\t<span class=\"elementor-icon-list-text\"><b>Uvo\u0111enje naprednog sustava senzora i pametnih kamera za nadzor i evidenciju tereta i pobolj\u0161anu manipulaciju teretom.<\/b> Senzori i kamere \u0107e omogu\u0107iti pametnu analitiku \u0161to \u0107e osigurati efikasnije i preciznije operacije unutar luke na dnevnoj bazi u pogledu manipulacije teretom i skladi\u0161tenja, ali i preciznije prikupljanje i evidenciju podataka o teretu. <\/span>\n\t\t\t\t\t\t\t\t\t<\/li>\n\t\t\t\t\t\t\t\t<li class=\"elementor-icon-list-item\">\n\t\t\t\t\t\t\t\t\t\t\t<span class=\"elementor-icon-list-icon\">\n\t\t\t\t\t\t\t<svg aria-hidden=\"true\" class=\"e-font-icon-svg e-fas-circle\" viewBox=\"0 0 512 512\" xmlns=\"http:\/\/www.w3.org\/2000\/svg\"><path d=\"M256 8C119 8 8 119 8 256s111 248 248 248 248-111 248-248S393 8 256 8z\"><\/path><\/svg>\t\t\t\t\t\t<\/span>\n\t\t\t\t\t\t\t\t\t\t<span class=\"elementor-icon-list-text\"><b>Prevencija incidenata i upravljanje u slu\u010daju incidenata<\/b> \u2013 instalacija senzora po\u017eara i termovizijskih kamera s pametnom analitikom, senzora za mjerenje kvalitete zraka i mora i lokalne meteorolo\u0161ke stanice, pove\u0107at \u0107e se sigurnost unutar luke i odrediti protokoli postupanja u slu\u010daju incidenata, \u0161to \u0107e skratiti vrijeme odziva u slu\u010daju njihova nastanka.<\/span>\n\t\t\t\t\t\t\t\t\t<\/li>\n\t\t\t\t\t\t<\/ul>\n\t\t\t\t\t\t<\/div>\n\t\t\t\t<div class=\"elementor-element elementor-element-b654fd7 elementor-widget elementor-widget-text-editor\" data-id=\"b654fd7\" data-element_type=\"widget\" data-e-type=\"widget\" data-widget_type=\"text-editor.default\">\n\t\t\t\t\t\t\t\t\t<p>Ukupna vrijednost projekta iznosi oko 1,28 milijuna eura, od \u010dega 70 posto \u010dine sredstva iz EU fondova. Rije\u010d je o jedinom projektu iz Hrvatske odabranom za <strong>sufinanciranje Europske komisije u iznosu od gotovo milijun eura (958.125 EUR) iz fonda \u201e5G za pametne zajednice\u201d (5GSC)<\/strong>, kao dio drugog kruga poziva u okviru Instrumenta za povezivanje Europe u digitalnom sektoru, poznatog kao CEF Digital \u2013 namijenjenog uvo\u0111enju sigurne, za\u0161ti\u0107ene i odr\u017eive 5G mre\u017ee u zemljama \u010dlanicama Europske unije.<\/p><p><br \/>Rezultat implementacije ovog projekta \u0107e biti inovativan na\u010din prikupljanja podataka te njihova razmjena putem uspostavljene privatne 5G mre\u017ee s ostalim pru\u017eateljima javnih usluga na podru\u010dju luka Plo\u010de i \u0161ire, putem integracije poslovnih sustava i procesa.<\/p><p><br \/>Implementacija <strong>privatne i samostalne 5G mre\u017ee<\/strong> na podru\u010dju luke Plo\u010de omogu\u0107it \u0107e Lu\u010dkoj upravi Plo\u010de primjenu suvremenih Inteligentnih Transportnih Sustava (ITS) putem kojih \u0107e pru\u017eiti pobolj\u0161ane performanse, pobolj\u0161ano upravljanje prometom, pove\u0107anje efikasnosti u transportu roba i putnika, te sigurnost prilikom transporta roba i lu\u010dkih operacija, kao i smanjenje one\u010di\u0161\u0107enja.<\/p><p><br \/>Realizacija projekta se o\u010dekuje do kraja 2026. godine a Lu\u010dka uprava Plo\u010de bit \u0107e isklju\u010divi vlasnik izgra\u0111ene infrastrukture.<\/p>\t\t\t\t\t\t\t\t<\/div>\n\t\t\t\t<\/div>\n\t\t\t\t\t<\/details>\n\t\t\t\t\t<\/div>\n\t\t\t\t\t\t<\/div>\n\t\t\t\t\t<\/div>\n\t\t<\/div>\n\t\t\t\t<div class=\"elementor-column elementor-col-33 elementor-top-column elementor-element elementor-element-617610a\" data-id=\"617610a\" data-element_type=\"column\" data-e-type=\"column\">\n\t\t\t<div class=\"elementor-widget-wrap elementor-element-populated\">\n\t\t\t\t\t\t<div class=\"elementor-element elementor-element-64a06bb elementor-widget elementor-widget-image\" data-id=\"64a06bb\" data-element_type=\"widget\" data-e-type=\"widget\" data-widget_type=\"image.default\">\n\t\t\t\t\t\t\t\t\t\t\t\t\t\t\t<img decoding=\"async\" width=\"800\" height=\"534\" src=\"https:\/\/www.ppa.hr\/hr_\/wp-content\/uploads\/2025\/07\/iStock-867370922-1024x683.jpg\" class=\"attachment-large size-large wp-image-2488\" alt=\"\" srcset=\"https:\/\/www.ppa.hr\/hr_\/wp-content\/uploads\/2025\/07\/iStock-867370922-1024x683.jpg 1024w, https:\/\/www.ppa.hr\/hr_\/wp-content\/uploads\/2025\/07\/iStock-867370922-300x200.jpg 300w, https:\/\/www.ppa.hr\/hr_\/wp-content\/uploads\/2025\/07\/iStock-867370922-768x513.jpg 768w, https:\/\/www.ppa.hr\/hr_\/wp-content\/uploads\/2025\/07\/iStock-867370922.jpg 1254w\" sizes=\"(max-width: 800px) 100vw, 800px\" \/>\t\t\t\t\t\t\t\t\t\t\t\t\t\t\t<\/div>\n\t\t\t\t<div class=\"elementor-element elementor-element-f0777fe elementor-widget elementor-widget-n-accordion\" data-id=\"f0777fe\" data-element_type=\"widget\" data-e-type=\"widget\" data-settings=\"{&quot;default_state&quot;:&quot;all_collapsed&quot;,&quot;max_items_expended&quot;:&quot;one&quot;,&quot;n_accordion_animation_duration&quot;:{&quot;unit&quot;:&quot;ms&quot;,&quot;size&quot;:400,&quot;sizes&quot;:[]}}\" data-widget_type=\"nested-accordion.default\">\n\t\t\t\t\t\t\t<div class=\"e-n-accordion\" aria-label=\"Accordion. Open links with Enter or Space, close with Escape, and navigate with Arrow Keys\">\n\t\t\t\t\t\t<details id=\"e-n-accordion-item-2520\" class=\"e-n-accordion-item\" >\n\t\t\t\t<summary class=\"e-n-accordion-item-title\" data-accordion-index=\"1\" tabindex=\"0\" aria-expanded=\"false\" aria-controls=\"e-n-accordion-item-2520\" >\n\t\t\t\t\t<span class='e-n-accordion-item-title-header'><div class=\"e-n-accordion-item-title-text\"> Sustav za mjerenje kvalitete zraka u podru\u010dju Lu\u010dke uprave Plo\u010de <\/div><\/span>\n\t\t\t\t\t\t\t<span class='e-n-accordion-item-title-icon'>\n\t\t\t<span class='e-opened' ><i aria-hidden=\"true\" class=\"icon icon-up-arrow1\"><\/i><\/span>\n\t\t\t<span class='e-closed'><i aria-hidden=\"true\" class=\"icon icon-down-arrow1\"><\/i><\/span>\n\t\t<\/span>\n\n\t\t\t\t\t\t<\/summary>\n\t\t\t\t<div role=\"region\" aria-labelledby=\"e-n-accordion-item-2520\" class=\"elementor-element elementor-element-c3c538a e-con-full e-flex e-con e-child\" data-id=\"c3c538a\" data-element_type=\"container\" data-e-type=\"container\">\n\t\t\t\t<div class=\"elementor-element elementor-element-2f56f23 elementor-widget elementor-widget-text-editor\" data-id=\"2f56f23\" data-element_type=\"widget\" data-e-type=\"widget\" data-widget_type=\"text-editor.default\">\n\t\t\t\t\t\t\t\t\t<p>Mjerna postaja za mjerenje kvalitete zraka je jo\u0161 jedan u nizu projekata Lu\u010dke uprave Plo\u010de koji je usmjeren prema odr\u017eivom razvoju luke Plo\u010de.<br \/>Sam projekt, vrijedan 465.511,10 eura, odnosi se na ulaganje u uspostavu sustava za pra\u0107enje kvalitete zraka na reprezentativnoj lokaciji unutar lu\u010dkog podru\u010dja. To \u0107e omogu\u0107iti pravovremeno reagiranje u slu\u010daju pojave one\u010di\u0161\u0107enja zraka.<\/p><p>Mjerna stanica \u0107e se nalaziti na granici lu\u010dkog podru\u010dja na sjevernoj strani, u neposrednoj blizini trajektnog pristani\u0161ta, \u0161to \u0107e omogu\u0107iti pra\u0107enje maksimalnog kratkotrajnog one\u010di\u0161\u0107enja zraka pod utjecajem lu\u010dkih emisija.<\/p><p>Po zavr\u0161etku natje\u010dajnih postupaka i instalaciji mjerne stanice, lu\u010dko podru\u010dje biti \u0107e opremljeno suvremenim automatiziranim sustavima za mjerenje kvalitete zraka, uklju\u010duju\u0107i parametre poput brzine i smjera vjetra, temperature i vlage zraka. Svi prikupljeni podaci o kvaliteti zraka \u0107e biti javno dostupni 0-24 te \u0107e se nalaziti na web stranici nadle\u017enog Ministarstva te na stranicama Lu\u010dke uprave Plo\u010de.<\/p><p>U kona\u010dnici, ovaj sustav omogu\u0107it \u0107e kontinuirani nadzor i pra\u0107enje kvalitete zraka \u0161to \u0107e pru\u017eiti pouzdanu osnovu za dono\u0161enje mjera za smanjenje emisija i za\u0161titu okoli\u0161a.<\/p><p>Realizacija projekta se o\u010dekuje do kraja 2025. godine.<\/p>\t\t\t\t\t\t\t\t<\/div>\n\t\t\t\t<\/div>\n\t\t\t\t\t<\/details>\n\t\t\t\t\t<\/div>\n\t\t\t\t\t\t<\/div>\n\t\t\t\t\t<\/div>\n\t\t<\/div>\n\t\t\t\t\t<\/div>\n\t\t<\/section>\n\t\t\t\t<\/div>\n\t\t","protected":false},"excerpt":{"rendered":"<p>Po\u010detna \/ Razvojni projekti \/ Planirani projekti Plan izgradnje veza za naftne derivate i ukapljeni naftni plin Imaju\u0107i u vidu rast prometa teku\u0107ih tereta u luci Plo\u010de posljednjih godina kao i investicije privatnog sektora u izgradnji kapaciteta za naftne derivate i ukapljeni naftni plin na lu\u010dkom podru\u010dju u Plo\u010dama, Lu\u010dka uprava Plo\u010de je izradila Studiju [&hellip;]<\/p>\n","protected":false},"author":1,"featured_media":0,"parent":0,"menu_order":0,"comment_status":"closed","ping_status":"closed","template":"elementor_header_footer","meta":{"footnotes":""},"class_list":["post-895","page","type-page","status-publish","hentry"],"_links":{"self":[{"href":"https:\/\/www.ppa.hr\/hr_\/wp-json\/wp\/v2\/pages\/895","targetHints":{"allow":["GET"]}}],"collection":[{"href":"https:\/\/www.ppa.hr\/hr_\/wp-json\/wp\/v2\/pages"}],"about":[{"href":"https:\/\/www.ppa.hr\/hr_\/wp-json\/wp\/v2\/types\/page"}],"author":[{"embeddable":true,"href":"https:\/\/www.ppa.hr\/hr_\/wp-json\/wp\/v2\/users\/1"}],"replies":[{"embeddable":true,"href":"https:\/\/www.ppa.hr\/hr_\/wp-json\/wp\/v2\/comments?post=895"}],"version-history":[{"count":26,"href":"https:\/\/www.ppa.hr\/hr_\/wp-json\/wp\/v2\/pages\/895\/revisions"}],"predecessor-version":[{"id":2491,"href":"https:\/\/www.ppa.hr\/hr_\/wp-json\/wp\/v2\/pages\/895\/revisions\/2491"}],"wp:attachment":[{"href":"https:\/\/www.ppa.hr\/hr_\/wp-json\/wp\/v2\/media?parent=895"}],"curies":[{"name":"wp","href":"https:\/\/api.w.org\/{rel}","templated":true}]}}