{"id":653,"date":"2025-02-23T10:50:08","date_gmt":"2025-02-23T10:50:08","guid":{"rendered":"https:\/\/lup.studioidearium.com\/?page_id=653"},"modified":"2025-03-27T12:11:43","modified_gmt":"2025-03-27T12:11:43","slug":"luka-buducnosti","status":"publish","type":"page","link":"https:\/\/www.ppa.hr\/hr_\/luka-buducnosti\/","title":{"rendered":"Luka budu\u0107nosti"},"content":{"rendered":"\t\t<div data-elementor-type=\"wp-page\" data-elementor-id=\"653\" class=\"elementor elementor-653\" data-elementor-post-type=\"page\">\n\t\t\t\t\t\t<section class=\"elementor-section elementor-top-section elementor-element elementor-element-7bfec56 elementor-section-height-min-height elementor-section-items-bottom elementor-section-boxed elementor-section-height-default\" data-id=\"7bfec56\" data-element_type=\"section\" data-e-type=\"section\" data-settings=\"{&quot;background_background&quot;:&quot;classic&quot;}\">\n\t\t\t\t\t\t\t<div class=\"elementor-background-overlay\"><\/div>\n\t\t\t\t\t\t\t<div class=\"elementor-container elementor-column-gap-default\">\n\t\t\t\t\t<div class=\"elementor-column elementor-col-100 elementor-top-column elementor-element elementor-element-7a991bd\" data-id=\"7a991bd\" data-element_type=\"column\" data-e-type=\"column\">\n\t\t\t<div class=\"elementor-widget-wrap elementor-element-populated\">\n\t\t\t\t\t\t<div class=\"elementor-element elementor-element-9ba8c75 elementor-widget elementor-widget-text-editor\" data-id=\"9ba8c75\" data-element_type=\"widget\" data-e-type=\"widget\" data-widget_type=\"text-editor.default\">\n\t\t\t\t\t\t\t\t\t<p><a href=\"#\">Po\u010detna<\/a> \/ Lu\u010dka uprava Plo\u010de \/ Luka budu\u0107nosti<\/p>\t\t\t\t\t\t\t\t<\/div>\n\t\t\t\t\t<\/div>\n\t\t<\/div>\n\t\t\t\t\t<\/div>\n\t\t<\/section>\n\t\t\t\t<section class=\"elementor-section elementor-top-section elementor-element elementor-element-9b33b70 elementor-reverse-tablet elementor-reverse-mobile elementor-section-boxed elementor-section-height-default elementor-section-height-default\" data-id=\"9b33b70\" data-element_type=\"section\" data-e-type=\"section\" data-settings=\"{&quot;background_background&quot;:&quot;classic&quot;}\">\n\t\t\t\t\t\t<div class=\"elementor-container elementor-column-gap-default\">\n\t\t\t\t\t<div class=\"elementor-column elementor-col-50 elementor-top-column elementor-element elementor-element-fa9a409 animated-slow elementor-invisible\" data-id=\"fa9a409\" data-element_type=\"column\" data-e-type=\"column\" data-settings=\"{&quot;animation&quot;:&quot;fadeInLeft&quot;}\">\n\t\t\t<div class=\"elementor-widget-wrap elementor-element-populated\">\n\t\t\t\t\t\t<div class=\"elementor-element elementor-element-c3de546 elementor-widget elementor-widget-image\" data-id=\"c3de546\" data-element_type=\"widget\" data-e-type=\"widget\" data-widget_type=\"image.default\">\n\t\t\t\t\t\t\t\t\t\t\t\t\t\t\t<img fetchpriority=\"high\" decoding=\"async\" width=\"715\" height=\"1024\" src=\"https:\/\/www.ppa.hr\/hr_\/wp-content\/uploads\/2025\/02\/CNCCorridors-2022-715x1024-1.jpg\" class=\"attachment-full size-full wp-image-668\" alt=\"\" srcset=\"https:\/\/www.ppa.hr\/hr_\/wp-content\/uploads\/2025\/02\/CNCCorridors-2022-715x1024-1.jpg 715w, https:\/\/www.ppa.hr\/hr_\/wp-content\/uploads\/2025\/02\/CNCCorridors-2022-715x1024-1-209x300.jpg 209w\" sizes=\"(max-width: 715px) 100vw, 715px\" \/>\t\t\t\t\t\t\t\t\t\t\t\t\t\t\t<\/div>\n\t\t\t\t<div class=\"elementor-element elementor-element-239231d elementor-widget elementor-widget-spacer\" data-id=\"239231d\" data-element_type=\"widget\" data-e-type=\"widget\" data-widget_type=\"spacer.default\">\n\t\t\t\t\t\t\t<div class=\"elementor-spacer\">\n\t\t\t<div class=\"elementor-spacer-inner\"><\/div>\n\t\t<\/div>\n\t\t\t\t\t\t<\/div>\n\t\t\t\t\t<\/div>\n\t\t<\/div>\n\t\t\t\t<div class=\"elementor-column elementor-col-50 elementor-top-column elementor-element elementor-element-4750994\" data-id=\"4750994\" data-element_type=\"column\" data-e-type=\"column\">\n\t\t\t<div class=\"elementor-widget-wrap elementor-element-populated\">\n\t\t\t\t\t\t<div class=\"elementor-element elementor-element-76018c2 elementor-widget elementor-widget-heading\" data-id=\"76018c2\" data-element_type=\"widget\" data-e-type=\"widget\" data-widget_type=\"heading.default\">\n\t\t\t\t\t<h2 class=\"elementor-heading-title elementor-size-default\">PROMETNO \u010cVORI\u0160TE<\/h2>\t\t\t\t<\/div>\n\t\t\t\t<div class=\"elementor-element elementor-element-c59591e animated-slow elementor-invisible elementor-widget elementor-widget-heading\" data-id=\"c59591e\" data-element_type=\"widget\" data-e-type=\"widget\" data-settings=\"{&quot;_animation&quot;:&quot;fadeInUp&quot;}\" data-widget_type=\"heading.default\">\n\t\t\t\t\t<h3 class=\"elementor-heading-title elementor-size-default\">Geostrate\u0161ki polo\u017eaj<\/h3>\t\t\t\t<\/div>\n\t\t\t\t<div class=\"elementor-element elementor-element-23a9312 elementor-widget elementor-widget-text-editor\" data-id=\"23a9312\" data-element_type=\"widget\" data-e-type=\"widget\" data-widget_type=\"text-editor.default\">\n\t\t\t\t\t\t\t\t\t<p><span style=\"font-weight: 400;\">Luka Plo\u010de, smje\u0161tena na isto\u010dnoj obali Jadranskog mora, klju\u010dna je to\u010dka za prijevoz robe prema srednjoj, zapadnoj i isto\u010dnoj Europi. Povezana je \u017eeljezni\u010dkom prugom i rutom E-73, dijelom koridora 5C (Budimpe\u0161ta-Osijek-Sarajevo-Plo\u010de) koji u \u0161irem smislu povezuje Baltik s Jadranom. Ovaj prometni pravac igra vitalnu ulogu u gospodarskoj integraciji Europe.<\/span><\/p><p><span style=\"font-weight: 400;\">Potvrda izvrsne geostrate\u0161ke pozicije luke Plo\u010de je stigla jo\u0161 1997. godine u Helsinkiju kada je progla\u0161ena<\/span><b>\u00a0po\u010detno\/zavr\u0161nom to\u010dkom Koridora Vc.<\/b><\/p><p><span style=\"font-weight: 400;\">2023. godine luka Plo\u010de je postala dio osnovne europske, TEN-T mre\u017ee na europskom koridoru Zapadni Balkan \u2013 Isto\u010dni Mediteran koji povezuje sredi\u0161nju Europu s lukama Jadranskog i Isto\u010dnog Sredozemnog mora. Prometna integracija u sredi\u0161nju prometnu mre\u017eu Europske unije predstavlja zna\u010dajnu geostrate\u0161ku prednost u odnosu na konkurentne luke \u0161to \u0107e u kona\u010dnici rezultirati dodatnim razvojem infrastrukture i novim izvorima financiranja.<\/span><\/p>\t\t\t\t\t\t\t\t<\/div>\n\t\t\t\t\t<\/div>\n\t\t<\/div>\n\t\t\t\t\t<\/div>\n\t\t<\/section>\n\t\t\t\t<section class=\"elementor-section elementor-top-section elementor-element elementor-element-3688a09 elementor-section-boxed elementor-section-height-default elementor-section-height-default\" data-id=\"3688a09\" data-element_type=\"section\" data-e-type=\"section\" data-settings=\"{&quot;background_background&quot;:&quot;classic&quot;}\">\n\t\t\t\t\t\t<div class=\"elementor-container elementor-column-gap-default\">\n\t\t\t\t\t<div class=\"elementor-column elementor-col-50 elementor-top-column elementor-element elementor-element-f8bfa1a\" data-id=\"f8bfa1a\" data-element_type=\"column\" data-e-type=\"column\">\n\t\t\t<div class=\"elementor-widget-wrap elementor-element-populated\">\n\t\t\t\t\t\t<div class=\"elementor-element elementor-element-b22476f elementor-widget elementor-widget-heading\" data-id=\"b22476f\" data-element_type=\"widget\" data-e-type=\"widget\" data-widget_type=\"heading.default\">\n\t\t\t\t\t<h2 class=\"elementor-heading-title elementor-size-default\">RAZVOJ I INOVACIJE<\/h2>\t\t\t\t<\/div>\n\t\t\t\t<div class=\"elementor-element elementor-element-8c80c58 animated-slow elementor-invisible elementor-widget elementor-widget-heading\" data-id=\"8c80c58\" data-element_type=\"widget\" data-e-type=\"widget\" data-settings=\"{&quot;_animation&quot;:&quot;fadeInUp&quot;}\" data-widget_type=\"heading.default\">\n\t\t\t\t\t<h3 class=\"elementor-heading-title elementor-size-default\">Vizija rasta<\/h3>\t\t\t\t<\/div>\n\t\t\t\t\t<\/div>\n\t\t<\/div>\n\t\t\t\t<div class=\"elementor-column elementor-col-50 elementor-top-column elementor-element elementor-element-605092b\" data-id=\"605092b\" data-element_type=\"column\" data-e-type=\"column\">\n\t\t\t<div class=\"elementor-widget-wrap\">\n\t\t\t\t\t\t\t<\/div>\n\t\t<\/div>\n\t\t\t\t\t<\/div>\n\t\t<\/section>\n\t\t\t\t<section class=\"elementor-section elementor-top-section elementor-element elementor-element-ca99280 elementor-section-boxed elementor-section-height-default elementor-section-height-default\" data-id=\"ca99280\" data-element_type=\"section\" data-e-type=\"section\" data-settings=\"{&quot;background_background&quot;:&quot;classic&quot;}\">\n\t\t\t\t\t\t<div class=\"elementor-container elementor-column-gap-default\">\n\t\t\t\t\t<div class=\"elementor-column elementor-col-50 elementor-top-column elementor-element elementor-element-742e74e\" data-id=\"742e74e\" data-element_type=\"column\" data-e-type=\"column\">\n\t\t\t<div class=\"elementor-widget-wrap elementor-element-populated\">\n\t\t\t\t\t\t<div class=\"elementor-element elementor-element-6ea0d66 elementor-widget elementor-widget-text-editor\" data-id=\"6ea0d66\" data-element_type=\"widget\" data-e-type=\"widget\" data-widget_type=\"text-editor.default\">\n\t\t\t\t\t\t\t\t\t<p><span style=\"font-weight: 400;\">Lu\u010dka uprava Plo\u010de se u posljednjih nekoliko godina okrenula ulaganjima u projekte s vi\u0161om dodanom vrijedno\u0161\u0107u kao jedne od bitnih sastavnica daljeg razvoja.\u00a0\u00a0<\/span><\/p><p><span style=\"font-weight: 400;\">Fokusirani smo na osiguranje u\u010dinkovitosti, odr\u017eivosti i povezanosti s me\u0111unarodnim tr\u017ei\u0161tima. Uz razvoj infrastrukturnih projekata, stvaramo preduvjete za transformaciju luke u regionalni logisti\u010dki centar primjenom suvremenih tehnologija i usluga s dodatnom vrijedno\u0161\u0107u.<\/span><\/p><p><span style=\"font-weight: 400;\">Cilj nam je osigurati u\u010dinkovito upravljanje lu\u010dkim podru\u010djem kroz odr\u017eavanje, razvoj i pru\u017eanje kvalitetnih usluga, uz za\u0161titu javnog dobra i interesa. Poseban naglasak u razvoju luke je stavljen na suvremenu tehnologiju, odr\u017eivost i konkurentnost \u010dime se stvara temelj za gospodarski rast regije i \u0161ire.\u00a0<\/span><\/p>\t\t\t\t\t\t\t\t<\/div>\n\t\t\t\t\t<\/div>\n\t\t<\/div>\n\t\t\t\t<div class=\"elementor-column elementor-col-50 elementor-top-column elementor-element elementor-element-7e68444 animated-slow elementor-invisible\" data-id=\"7e68444\" data-element_type=\"column\" data-e-type=\"column\" data-settings=\"{&quot;animation&quot;:&quot;fadeInRight&quot;}\">\n\t\t\t<div class=\"elementor-widget-wrap elementor-element-populated\">\n\t\t\t\t\t\t<div class=\"elementor-element elementor-element-30e6aaf elementor-widget elementor-widget-image\" data-id=\"30e6aaf\" data-element_type=\"widget\" data-e-type=\"widget\" data-widget_type=\"image.default\">\n\t\t\t\t\t\t\t\t\t\t\t\t\t\t\t<img decoding=\"async\" width=\"896\" height=\"674\" src=\"https:\/\/www.ppa.hr\/hr_\/wp-content\/uploads\/2025\/03\/Lucka_uprava_Ploce_434-e1743077497847.jpg\" class=\"attachment-full size-full wp-image-1902\" alt=\"\" srcset=\"https:\/\/www.ppa.hr\/hr_\/wp-content\/uploads\/2025\/03\/Lucka_uprava_Ploce_434-e1743077497847.jpg 896w, https:\/\/www.ppa.hr\/hr_\/wp-content\/uploads\/2025\/03\/Lucka_uprava_Ploce_434-e1743077497847-300x226.jpg 300w, https:\/\/www.ppa.hr\/hr_\/wp-content\/uploads\/2025\/03\/Lucka_uprava_Ploce_434-e1743077497847-768x578.jpg 768w\" sizes=\"(max-width: 896px) 100vw, 896px\" \/>\t\t\t\t\t\t\t\t\t\t\t\t\t\t\t<\/div>\n\t\t\t\t<div class=\"elementor-element elementor-element-1d22d4a elementor-widget elementor-widget-spacer\" data-id=\"1d22d4a\" data-element_type=\"widget\" data-e-type=\"widget\" data-widget_type=\"spacer.default\">\n\t\t\t\t\t\t\t<div class=\"elementor-spacer\">\n\t\t\t<div class=\"elementor-spacer-inner\"><\/div>\n\t\t<\/div>\n\t\t\t\t\t\t<\/div>\n\t\t\t\t\t<\/div>\n\t\t<\/div>\n\t\t\t\t\t<\/div>\n\t\t<\/section>\n\t\t\t\t<\/div>\n\t\t","protected":false},"excerpt":{"rendered":"<p>Po\u010detna \/ Lu\u010dka uprava Plo\u010de \/ Luka budu\u0107nosti PROMETNO \u010cVORI\u0160TE Geostrate\u0161ki polo\u017eaj Luka Plo\u010de, smje\u0161tena na isto\u010dnoj obali Jadranskog mora, klju\u010dna je to\u010dka za prijevoz robe prema srednjoj, zapadnoj i isto\u010dnoj Europi. Povezana je \u017eeljezni\u010dkom prugom i rutom E-73, dijelom koridora 5C (Budimpe\u0161ta-Osijek-Sarajevo-Plo\u010de) koji u \u0161irem smislu povezuje Baltik s Jadranom. Ovaj prometni pravac igra [&hellip;]<\/p>\n","protected":false},"author":1,"featured_media":0,"parent":0,"menu_order":0,"comment_status":"closed","ping_status":"closed","template":"elementor_header_footer","meta":{"footnotes":""},"class_list":["post-653","page","type-page","status-publish","hentry"],"_links":{"self":[{"href":"https:\/\/www.ppa.hr\/hr_\/wp-json\/wp\/v2\/pages\/653","targetHints":{"allow":["GET"]}}],"collection":[{"href":"https:\/\/www.ppa.hr\/hr_\/wp-json\/wp\/v2\/pages"}],"about":[{"href":"https:\/\/www.ppa.hr\/hr_\/wp-json\/wp\/v2\/types\/page"}],"author":[{"embeddable":true,"href":"https:\/\/www.ppa.hr\/hr_\/wp-json\/wp\/v2\/users\/1"}],"replies":[{"embeddable":true,"href":"https:\/\/www.ppa.hr\/hr_\/wp-json\/wp\/v2\/comments?post=653"}],"version-history":[{"count":31,"href":"https:\/\/www.ppa.hr\/hr_\/wp-json\/wp\/v2\/pages\/653\/revisions"}],"predecessor-version":[{"id":1905,"href":"https:\/\/www.ppa.hr\/hr_\/wp-json\/wp\/v2\/pages\/653\/revisions\/1905"}],"wp:attachment":[{"href":"https:\/\/www.ppa.hr\/hr_\/wp-json\/wp\/v2\/media?parent=653"}],"curies":[{"name":"wp","href":"https:\/\/api.w.org\/{rel}","templated":true}]}}