{"id":631,"date":"2025-02-23T10:34:56","date_gmt":"2025-02-23T10:34:56","guid":{"rendered":"https:\/\/lup.studioidearium.com\/?page_id=631"},"modified":"2025-03-27T12:09:11","modified_gmt":"2025-03-27T12:09:11","slug":"organizacijska-struktura","status":"publish","type":"page","link":"https:\/\/www.ppa.hr\/hr_\/organizacijska-struktura\/","title":{"rendered":"Organizacijska struktura"},"content":{"rendered":"\t\t<div data-elementor-type=\"wp-page\" data-elementor-id=\"631\" class=\"elementor elementor-631\" data-elementor-post-type=\"page\">\n\t\t\t\t\t\t<section class=\"elementor-section elementor-top-section elementor-element elementor-element-62926fd9 elementor-section-height-min-height elementor-section-items-bottom elementor-section-boxed elementor-section-height-default\" data-id=\"62926fd9\" data-element_type=\"section\" data-e-type=\"section\" data-settings=\"{&quot;background_background&quot;:&quot;classic&quot;}\">\n\t\t\t\t\t\t\t<div class=\"elementor-background-overlay\"><\/div>\n\t\t\t\t\t\t\t<div class=\"elementor-container elementor-column-gap-default\">\n\t\t\t\t\t<div class=\"elementor-column elementor-col-100 elementor-top-column elementor-element elementor-element-7efb8f05\" data-id=\"7efb8f05\" data-element_type=\"column\" data-e-type=\"column\">\n\t\t\t<div class=\"elementor-widget-wrap elementor-element-populated\">\n\t\t\t\t\t\t<div class=\"elementor-element elementor-element-40174af elementor-widget elementor-widget-text-editor\" data-id=\"40174af\" data-element_type=\"widget\" data-e-type=\"widget\" data-widget_type=\"text-editor.default\">\n\t\t\t\t\t\t\t\t\t<p><a href=\"#\">Po\u010detna<\/a> \/ Lu\u010dka uprava Plo\u010de \/ Organizacijska struktura<\/p>\t\t\t\t\t\t\t\t<\/div>\n\t\t\t\t\t<\/div>\n\t\t<\/div>\n\t\t\t\t\t<\/div>\n\t\t<\/section>\n\t\t\t\t<section class=\"elementor-section elementor-top-section elementor-element elementor-element-2715dc43 elementor-section-boxed elementor-section-height-default elementor-section-height-default\" data-id=\"2715dc43\" data-element_type=\"section\" data-e-type=\"section\" data-settings=\"{&quot;background_background&quot;:&quot;classic&quot;}\">\n\t\t\t\t\t\t<div class=\"elementor-container elementor-column-gap-default\">\n\t\t\t\t\t<div class=\"elementor-column elementor-col-50 elementor-top-column elementor-element elementor-element-cc664e0\" data-id=\"cc664e0\" data-element_type=\"column\" data-e-type=\"column\" data-settings=\"{&quot;background_background&quot;:&quot;classic&quot;}\">\n\t\t\t<div class=\"elementor-widget-wrap elementor-element-populated\">\n\t\t\t\t\t\t<div class=\"elementor-element elementor-element-2fc277b elementor-widget elementor-widget-image\" data-id=\"2fc277b\" data-element_type=\"widget\" data-e-type=\"widget\" data-widget_type=\"image.default\">\n\t\t\t\t\t\t\t\t\t\t\t\t\t\t\t\t<a href=\"https:\/\/lup.studioidearium.com\/wp-content\/uploads\/2025\/02\/White-Aesthetic-Weekend-Routine-Youtube-Thumbnail.png\" data-elementor-open-lightbox=\"yes\" data-elementor-lightbox-title=\"Organizacijska struktura\" data-e-action-hash=\"#elementor-action%3Aaction%3Dlightbox%26settings%3DeyJpZCI6ODEyLCJ1cmwiOiJodHRwczpcL1wvd3d3LnBwYS5oclwvaHJfXC93cC1jb250ZW50XC91cGxvYWRzXC8yMDI1XC8wMlwvV2hpdGUtQWVzdGhldGljLVdlZWtlbmQtUm91dGluZS1Zb3V0dWJlLVRodW1ibmFpbC5wbmcifQ%3D%3D\">\n\t\t\t\t\t\t\t<img fetchpriority=\"high\" decoding=\"async\" width=\"1280\" height=\"720\" src=\"https:\/\/www.ppa.hr\/hr_\/wp-content\/uploads\/2025\/02\/White-Aesthetic-Weekend-Routine-Youtube-Thumbnail.png\" class=\"attachment-full size-full wp-image-812\" alt=\"\" srcset=\"https:\/\/www.ppa.hr\/hr_\/wp-content\/uploads\/2025\/02\/White-Aesthetic-Weekend-Routine-Youtube-Thumbnail.png 1280w, https:\/\/www.ppa.hr\/hr_\/wp-content\/uploads\/2025\/02\/White-Aesthetic-Weekend-Routine-Youtube-Thumbnail-300x169.png 300w, https:\/\/www.ppa.hr\/hr_\/wp-content\/uploads\/2025\/02\/White-Aesthetic-Weekend-Routine-Youtube-Thumbnail-1024x576.png 1024w, https:\/\/www.ppa.hr\/hr_\/wp-content\/uploads\/2025\/02\/White-Aesthetic-Weekend-Routine-Youtube-Thumbnail-768x432.png 768w\" sizes=\"(max-width: 1280px) 100vw, 1280px\" \/>\t\t\t\t\t\t\t\t<\/a>\n\t\t\t\t\t\t\t\t\t\t\t\t\t\t\t<\/div>\n\t\t\t\t\t<\/div>\n\t\t<\/div>\n\t\t\t\t<div class=\"elementor-column elementor-col-50 elementor-top-column elementor-element elementor-element-1b77a18\" data-id=\"1b77a18\" data-element_type=\"column\" data-e-type=\"column\" data-settings=\"{&quot;background_background&quot;:&quot;classic&quot;}\">\n\t\t\t<div class=\"elementor-widget-wrap elementor-element-populated\">\n\t\t\t\t\t\t<section class=\"elementor-section elementor-inner-section elementor-element elementor-element-1cce165 elementor-section-boxed elementor-section-height-default elementor-section-height-default\" data-id=\"1cce165\" data-element_type=\"section\" data-e-type=\"section\">\n\t\t\t\t\t\t<div class=\"elementor-container elementor-column-gap-default\">\n\t\t\t\t\t<div class=\"elementor-column elementor-col-100 elementor-inner-column elementor-element elementor-element-c925089\" data-id=\"c925089\" data-element_type=\"column\" data-e-type=\"column\">\n\t\t\t<div class=\"elementor-widget-wrap elementor-element-populated\">\n\t\t\t\t\t\t<div class=\"elementor-element elementor-element-f3365e6 elementor-widget elementor-widget-heading\" data-id=\"f3365e6\" data-element_type=\"widget\" data-e-type=\"widget\" data-widget_type=\"heading.default\">\n\t\t\t\t\t<h4 class=\"elementor-heading-title elementor-size-default\">Ministarstvo mora, prometa i infrastrukture<\/h4>\t\t\t\t<\/div>\n\t\t\t\t<div class=\"elementor-element elementor-element-b0c7c51 elementor-widget-divider--view-line elementor-widget elementor-widget-divider\" data-id=\"b0c7c51\" data-element_type=\"widget\" data-e-type=\"widget\" data-widget_type=\"divider.default\">\n\t\t\t\t\t\t\t<div class=\"elementor-divider\">\n\t\t\t<span class=\"elementor-divider-separator\">\n\t\t\t\t\t\t<\/span>\n\t\t<\/div>\n\t\t\t\t\t\t<\/div>\n\t\t\t\t<div class=\"elementor-element elementor-element-310dfae elementor-widget elementor-widget-text-editor\" data-id=\"310dfae\" data-element_type=\"widget\" data-e-type=\"widget\" data-widget_type=\"text-editor.default\">\n\t\t\t\t\t\t\t\t\t<p><span style=\"font-weight: 400;\"><strong>Ministar:<\/strong> Oleg Butkovi\u0107<\/span><\/p><p><span style=\"font-weight: 400;\">www.mppi.hr<\/span><\/p>\t\t\t\t\t\t\t\t<\/div>\n\t\t\t\t\t<\/div>\n\t\t<\/div>\n\t\t\t\t\t<\/div>\n\t\t<\/section>\n\t\t\t\t<section class=\"elementor-section elementor-inner-section elementor-element elementor-element-c9a3ea3 elementor-section-boxed elementor-section-height-default elementor-section-height-default\" data-id=\"c9a3ea3\" data-element_type=\"section\" data-e-type=\"section\">\n\t\t\t\t\t\t<div class=\"elementor-container elementor-column-gap-default\">\n\t\t\t\t\t<div class=\"elementor-column elementor-col-100 elementor-inner-column elementor-element elementor-element-221411e\" data-id=\"221411e\" data-element_type=\"column\" data-e-type=\"column\">\n\t\t\t<div class=\"elementor-widget-wrap elementor-element-populated\">\n\t\t\t\t\t\t<div class=\"elementor-element elementor-element-d4f8547 elementor-widget elementor-widget-heading\" data-id=\"d4f8547\" data-element_type=\"widget\" data-e-type=\"widget\" data-widget_type=\"heading.default\">\n\t\t\t\t\t<h4 class=\"elementor-heading-title elementor-size-default\">Upravno vije\u0107e Lu\u010dke uprave<\/h4>\t\t\t\t<\/div>\n\t\t\t\t<div class=\"elementor-element elementor-element-c52e0a6 elementor-widget-divider--view-line elementor-widget elementor-widget-divider\" data-id=\"c52e0a6\" data-element_type=\"widget\" data-e-type=\"widget\" data-widget_type=\"divider.default\">\n\t\t\t\t\t\t\t<div class=\"elementor-divider\">\n\t\t\t<span class=\"elementor-divider-separator\">\n\t\t\t\t\t\t<\/span>\n\t\t<\/div>\n\t\t\t\t\t\t<\/div>\n\t\t\t\t<div class=\"elementor-element elementor-element-d916499 elementor-widget elementor-widget-text-editor\" data-id=\"d916499\" data-element_type=\"widget\" data-e-type=\"widget\" data-widget_type=\"text-editor.default\">\n\t\t\t\t\t\t\t\t\t<p><span style=\"font-weight: 400;\"><strong>Predsjednik:<\/strong> Josip Bilaver<\/span><\/p><p><span style=\"font-weight: 400;\"><strong>\u010clanovi:<\/strong><br \/><\/span><span style=\"font-weight: 400;\">Jo\u0161ko Nikoli\u0107<br \/><\/span><span style=\"font-weight: 400;\">Ivana \u0160alinovi\u0107 Radaljac<br \/><\/span><span style=\"font-weight: 400;\">Zdenko Mateljak<br \/><\/span><span style=\"font-weight: 400;\">Jurica Pavlovi\u0107<br \/><\/span><span style=\"font-weight: 400;\">Ivan \u0160kari\u0107<br \/><\/span><span style=\"font-weight: 400;\">Ivo Mihaljevi\u0107<\/span><\/p>\t\t\t\t\t\t\t\t<\/div>\n\t\t\t\t\t<\/div>\n\t\t<\/div>\n\t\t\t\t\t<\/div>\n\t\t<\/section>\n\t\t\t\t<section class=\"elementor-section elementor-inner-section elementor-element elementor-element-af0eb0e elementor-section-boxed elementor-section-height-default elementor-section-height-default\" data-id=\"af0eb0e\" data-element_type=\"section\" data-e-type=\"section\">\n\t\t\t\t\t\t<div class=\"elementor-container elementor-column-gap-default\">\n\t\t\t\t\t<div class=\"elementor-column elementor-col-100 elementor-inner-column elementor-element elementor-element-5d0cb67\" data-id=\"5d0cb67\" data-element_type=\"column\" data-e-type=\"column\">\n\t\t\t<div class=\"elementor-widget-wrap elementor-element-populated\">\n\t\t\t\t\t\t<div class=\"elementor-element elementor-element-22d17ba elementor-widget elementor-widget-heading\" data-id=\"22d17ba\" data-element_type=\"widget\" data-e-type=\"widget\" data-widget_type=\"heading.default\">\n\t\t\t\t\t<h4 class=\"elementor-heading-title elementor-size-default\">Lu\u010dka uprava Plo\u010de<\/h4>\t\t\t\t<\/div>\n\t\t\t\t<div class=\"elementor-element elementor-element-2a34aea elementor-widget-divider--view-line elementor-widget elementor-widget-divider\" data-id=\"2a34aea\" data-element_type=\"widget\" data-e-type=\"widget\" data-widget_type=\"divider.default\">\n\t\t\t\t\t\t\t<div class=\"elementor-divider\">\n\t\t\t<span class=\"elementor-divider-separator\">\n\t\t\t\t\t\t<\/span>\n\t\t<\/div>\n\t\t\t\t\t\t<\/div>\n\t\t\t\t<div class=\"elementor-element elementor-element-40b7c09 elementor-widget elementor-widget-text-editor\" data-id=\"40b7c09\" data-element_type=\"widget\" data-e-type=\"widget\" data-widget_type=\"text-editor.default\">\n\t\t\t\t\t\t\t\t\t<p><i><span style=\"font-weight: 400;\"><strong>Ravnatelj:<\/strong>\u00a0Dr.sc. Tomislav Batur<\/span><\/i><\/p>\t\t\t\t\t\t\t\t<\/div>\n\t\t\t\t\t<\/div>\n\t\t<\/div>\n\t\t\t\t\t<\/div>\n\t\t<\/section>\n\t\t\t\t\t<\/div>\n\t\t<\/div>\n\t\t\t\t\t<\/div>\n\t\t<\/section>\n\t\t\t\t<\/div>\n\t\t","protected":false},"excerpt":{"rendered":"<p>Po\u010detna \/ Lu\u010dka uprava Plo\u010de \/ Organizacijska struktura Ministarstvo mora, prometa i infrastrukture Ministar: Oleg Butkovi\u0107 www.mppi.hr Upravno vije\u0107e Lu\u010dke uprave Predsjednik: Josip Bilaver \u010clanovi:Jo\u0161ko Nikoli\u0107Ivana \u0160alinovi\u0107 RadaljacZdenko MateljakJurica Pavlovi\u0107Ivan \u0160kari\u0107Ivo Mihaljevi\u0107 Lu\u010dka uprava Plo\u010de Ravnatelj:\u00a0Dr.sc. Tomislav Batur<\/p>\n","protected":false},"author":1,"featured_media":0,"parent":0,"menu_order":0,"comment_status":"closed","ping_status":"closed","template":"elementor_header_footer","meta":{"footnotes":""},"class_list":["post-631","page","type-page","status-publish","hentry"],"_links":{"self":[{"href":"https:\/\/www.ppa.hr\/hr_\/wp-json\/wp\/v2\/pages\/631","targetHints":{"allow":["GET"]}}],"collection":[{"href":"https:\/\/www.ppa.hr\/hr_\/wp-json\/wp\/v2\/pages"}],"about":[{"href":"https:\/\/www.ppa.hr\/hr_\/wp-json\/wp\/v2\/types\/page"}],"author":[{"embeddable":true,"href":"https:\/\/www.ppa.hr\/hr_\/wp-json\/wp\/v2\/users\/1"}],"replies":[{"embeddable":true,"href":"https:\/\/www.ppa.hr\/hr_\/wp-json\/wp\/v2\/comments?post=631"}],"version-history":[{"count":40,"href":"https:\/\/www.ppa.hr\/hr_\/wp-json\/wp\/v2\/pages\/631\/revisions"}],"predecessor-version":[{"id":1900,"href":"https:\/\/www.ppa.hr\/hr_\/wp-json\/wp\/v2\/pages\/631\/revisions\/1900"}],"wp:attachment":[{"href":"https:\/\/www.ppa.hr\/hr_\/wp-json\/wp\/v2\/media?parent=631"}],"curies":[{"name":"wp","href":"https:\/\/api.w.org\/{rel}","templated":true}]}}