{"id":2500,"date":"2025-11-10T20:21:17","date_gmt":"2025-11-10T20:21:17","guid":{"rendered":"https:\/\/www.ppa.hr\/hr_\/?page_id=2500"},"modified":"2025-11-10T20:52:45","modified_gmt":"2025-11-10T20:52:45","slug":"zastita-osobnih-podataka","status":"publish","type":"page","link":"https:\/\/www.ppa.hr\/hr_\/zastita-osobnih-podataka\/","title":{"rendered":"Za\u0161tita osobnih podataka"},"content":{"rendered":"\t\t<div data-elementor-type=\"wp-page\" data-elementor-id=\"2500\" class=\"elementor elementor-2500\" data-elementor-post-type=\"page\">\n\t\t\t\t\t\t<section class=\"elementor-section elementor-top-section elementor-element elementor-element-4d3a0e78 elementor-section-height-min-height elementor-section-items-bottom elementor-section-boxed elementor-section-height-default\" data-id=\"4d3a0e78\" data-element_type=\"section\" data-e-type=\"section\" data-settings=\"{&quot;background_background&quot;:&quot;classic&quot;}\">\n\t\t\t\t\t\t\t<div class=\"elementor-background-overlay\"><\/div>\n\t\t\t\t\t\t\t<div class=\"elementor-container elementor-column-gap-default\">\n\t\t\t\t\t<div class=\"elementor-column elementor-col-100 elementor-top-column elementor-element elementor-element-6db6f722\" data-id=\"6db6f722\" data-element_type=\"column\" data-e-type=\"column\">\n\t\t\t<div class=\"elementor-widget-wrap elementor-element-populated\">\n\t\t\t\t\t\t<div class=\"elementor-element elementor-element-44fef3a1 elementor-widget elementor-widget-text-editor\" data-id=\"44fef3a1\" data-element_type=\"widget\" data-e-type=\"widget\" data-widget_type=\"text-editor.default\">\n\t\t\t\t\t\t\t\t\t<p><a href=\"#\">Po\u010detna<\/a> \/ <span style=\"font-weight: 400;\">Za\u0161tita osobnih podataka<\/span><\/p>\t\t\t\t\t\t\t\t<\/div>\n\t\t\t\t\t<\/div>\n\t\t<\/div>\n\t\t\t\t\t<\/div>\n\t\t<\/section>\n\t\t\t\t<section class=\"elementor-section elementor-top-section elementor-element elementor-element-274316fa elementor-section-boxed elementor-section-height-default elementor-section-height-default\" data-id=\"274316fa\" data-element_type=\"section\" data-e-type=\"section\" data-settings=\"{&quot;background_background&quot;:&quot;classic&quot;}\">\n\t\t\t\t\t\t<div class=\"elementor-container elementor-column-gap-default\">\n\t\t\t\t\t<div class=\"elementor-column elementor-col-100 elementor-top-column elementor-element elementor-element-3e005789\" data-id=\"3e005789\" data-element_type=\"column\" data-e-type=\"column\" data-settings=\"{&quot;background_background&quot;:&quot;classic&quot;}\">\n\t\t\t<div class=\"elementor-widget-wrap elementor-element-populated\">\n\t\t\t\t\t\t<div class=\"elementor-element elementor-element-2a55f6be elementor-widget elementor-widget-text-editor\" data-id=\"2a55f6be\" data-element_type=\"widget\" data-e-type=\"widget\" data-widget_type=\"text-editor.default\">\n\t\t\t\t\t\t\t\t\t<p>Temeljem odredbi \u010dlanka 26. Statuta Lu\u010dke uprave Plo\u010de i \u010dlanka 18a. Zakona o za\u0161titi osobnih podataka (\u201eNarodne novine\u201c, broj 103\/2003, 118\/2006, 41\/2008 i 113\/2011 i i 106\/12-pro\u010di\u0161\u0107eni tekst) Lu\u010dka uprava Plo\u010de imenovala je slu\u017ebenika za za\u0161titu osobnih podataka.<\/p><p><br \/>Slu\u017ebenik za za\u0161titu osobnih podataka obavlja sljede\u0107e du\u017enosti:<\/p><ul><li>vodi brigu o zakonitosti obrade osobnih podataka u smislu po\u0161tivanja odredbi Zakona o za\u0161titi osobnih podataka i ostalih propisa koji ure\u0111uju pitanja obrade osobnih podataka,<\/li><li>upozorava voditelja zbirke osobnih podataka na nu\u017enost primjene propisa o za\u0161titi osobnih podataka u slu\u010dajevima planiranja i radnji koje mogu imati utjecaj na pitanja privatnosti i za\u0161titu osobnih podataka,<\/li><li>upoznaje sve osobe zaposlene u obradi osobnih podataka s njihovim zakonskim obvezama u svrhu za\u0161tite osobnih podataka,<\/li><li>brine o izvr\u0161avanju obveza iz \u010dlanka 14. i 17. Zakona o za\u0161titi osobnih podataka,<\/li><li>omogu\u0107ava ostvarivanje prava ispitanika iz \u010dlanka 19. i 20. Zakona o za\u0161titi osobnih podataka,<\/li><li>sura\u0111uje s Agencijom za za\u0161titu osobnih podataka u vezi s provedbom nadzora nad obradom osobnih podataka.<\/li><\/ul><p>Slu\u017ebenik za za\u0161titu osobnih podataka du\u017ean je \u010duvati povjerljivost svih informacija i podataka koje sazna u obavljanju svojih du\u017enosti. Ova obveza traje i nakon prestanka obavljanja du\u017enosti slu\u017ebenika za za\u0161titu osobnih podataka.<\/p><p>Slu\u017ebenik za za\u0161titu osobnih podataka Lu\u010dka uprava Plo\u010de<\/p><p><strong>Tatjana Pavi\u0107<\/strong><\/p><p>Tel 020 414 533<\/p><p>Fax 020 670 -271<\/p><p>E mail: tatjana.pavic@ppa.hr<\/p>\t\t\t\t\t\t\t\t<\/div>\n\t\t\t\t\t<\/div>\n\t\t<\/div>\n\t\t\t\t\t<\/div>\n\t\t<\/section>\n\t\t\t\t<\/div>\n\t\t","protected":false},"excerpt":{"rendered":"<p>Po\u010detna \/ Za\u0161tita osobnih podataka Temeljem odredbi \u010dlanka 26. Statuta Lu\u010dke uprave Plo\u010de i \u010dlanka 18a. Zakona o za\u0161titi osobnih podataka (\u201eNarodne novine\u201c, broj 103\/2003, 118\/2006, 41\/2008 i 113\/2011 i i 106\/12-pro\u010di\u0161\u0107eni tekst) Lu\u010dka uprava Plo\u010de imenovala je slu\u017ebenika za za\u0161titu osobnih podataka. Slu\u017ebenik za za\u0161titu osobnih podataka obavlja sljede\u0107e du\u017enosti: vodi brigu o zakonitosti [&hellip;]<\/p>\n","protected":false},"author":1,"featured_media":0,"parent":0,"menu_order":0,"comment_status":"closed","ping_status":"closed","template":"elementor_header_footer","meta":{"footnotes":""},"class_list":["post-2500","page","type-page","status-publish","hentry"],"_links":{"self":[{"href":"https:\/\/www.ppa.hr\/hr_\/wp-json\/wp\/v2\/pages\/2500","targetHints":{"allow":["GET"]}}],"collection":[{"href":"https:\/\/www.ppa.hr\/hr_\/wp-json\/wp\/v2\/pages"}],"about":[{"href":"https:\/\/www.ppa.hr\/hr_\/wp-json\/wp\/v2\/types\/page"}],"author":[{"embeddable":true,"href":"https:\/\/www.ppa.hr\/hr_\/wp-json\/wp\/v2\/users\/1"}],"replies":[{"embeddable":true,"href":"https:\/\/www.ppa.hr\/hr_\/wp-json\/wp\/v2\/comments?post=2500"}],"version-history":[{"count":10,"href":"https:\/\/www.ppa.hr\/hr_\/wp-json\/wp\/v2\/pages\/2500\/revisions"}],"predecessor-version":[{"id":2541,"href":"https:\/\/www.ppa.hr\/hr_\/wp-json\/wp\/v2\/pages\/2500\/revisions\/2541"}],"wp:attachment":[{"href":"https:\/\/www.ppa.hr\/hr_\/wp-json\/wp\/v2\/media?parent=2500"}],"curies":[{"name":"wp","href":"https:\/\/api.w.org\/{rel}","templated":true}]}}