{"id":1668,"date":"2025-03-25T20:38:49","date_gmt":"2025-03-25T20:38:49","guid":{"rendered":"https:\/\/lup.studioidearium.com\/?page_id=1668"},"modified":"2025-03-27T15:58:43","modified_gmt":"2025-03-27T15:58:43","slug":"zeljeznicka-infrastruktura","status":"publish","type":"page","link":"https:\/\/www.ppa.hr\/hr_\/zeljeznicka-infrastruktura\/","title":{"rendered":"\u017deljezni\u010dka infrastruktura"},"content":{"rendered":"\t\t<div data-elementor-type=\"wp-page\" data-elementor-id=\"1668\" class=\"elementor elementor-1668\" data-elementor-post-type=\"page\">\n\t\t\t\t\t\t<section class=\"elementor-section elementor-top-section elementor-element elementor-element-5218b31 elementor-section-height-min-height elementor-section-items-bottom elementor-section-boxed elementor-section-height-default\" data-id=\"5218b31\" data-element_type=\"section\" data-e-type=\"section\" data-settings=\"{&quot;background_background&quot;:&quot;classic&quot;}\">\n\t\t\t\t\t\t\t<div class=\"elementor-background-overlay\"><\/div>\n\t\t\t\t\t\t\t<div class=\"elementor-container elementor-column-gap-default\">\n\t\t\t\t\t<div class=\"elementor-column elementor-col-100 elementor-top-column elementor-element elementor-element-f717731\" data-id=\"f717731\" data-element_type=\"column\" data-e-type=\"column\">\n\t\t\t<div class=\"elementor-widget-wrap elementor-element-populated\">\n\t\t\t\t\t\t<div class=\"elementor-element elementor-element-18c719d elementor-widget elementor-widget-text-editor\" data-id=\"18c719d\" data-element_type=\"widget\" data-e-type=\"widget\" data-widget_type=\"text-editor.default\">\n\t\t\t\t\t\t\t\t\t<p><a href=\"#\">Po\u010detna<\/a> \/ <span style=\"font-weight: 400;\">Infrastruktura \/ \u017deljezni\u010dka infrastruktura<\/span><\/p>\t\t\t\t\t\t\t\t<\/div>\n\t\t\t\t\t<\/div>\n\t\t<\/div>\n\t\t\t\t\t<\/div>\n\t\t<\/section>\n\t\t\t\t<section class=\"elementor-section elementor-top-section elementor-element elementor-element-d84be1f elementor-section-boxed elementor-section-height-default elementor-section-height-default\" data-id=\"d84be1f\" data-element_type=\"section\" data-e-type=\"section\" data-settings=\"{&quot;background_background&quot;:&quot;classic&quot;}\">\n\t\t\t\t\t\t<div class=\"elementor-container elementor-column-gap-default\">\n\t\t\t\t\t<div class=\"elementor-column elementor-col-50 elementor-top-column elementor-element elementor-element-0be419d\" data-id=\"0be419d\" data-element_type=\"column\" data-e-type=\"column\">\n\t\t\t<div class=\"elementor-widget-wrap elementor-element-populated\">\n\t\t\t\t\t\t<div class=\"elementor-element elementor-element-e7940e6 elementor-widget elementor-widget-text-editor\" data-id=\"e7940e6\" data-element_type=\"widget\" data-e-type=\"widget\" data-widget_type=\"text-editor.default\">\n\t\t\t\t\t\t\t\t\t<p>Kolosijeci u luci Plo\u010de su gra\u0111eni od 1960. do 1974. godine (stari dio luke), te zbog starosti i dotrajalosti istih 2000. godine je zapo\u010deta temeljita sanacija. Nakon saniranja ve\u0107ine kolosijeka, Lu\u010dka uprava Plo\u010de kontinuirano ula\u017ee znatna sredstva u redovito odr\u017eavanje kako bi se preventivno djelovalo i sprije\u010dilo ponovno propadanje, te pove\u0107ala sigurnost prometa i trajnost kolosijeka.<\/p>\n<h5>Polo\u017eaj, du\u017eine i oznake kolosijeka<\/h5>\n<p>\u017deljezni\u010dka infrastruktura na lu\u010dkom podru\u010dju luke Plo\u010de se sastoji se od 79 skretnica (67+12), ukupne du\u017eine 2.013,52 m (1.686,41+327,11) te industrijskih kolosijeka ukupne du\u017eine 20.167,64 m (16.439,85+3.727,79). Sveukupno cca 22.181,16 m.<\/p>\n<p>Kolosijeci u staroj luci su podijeljeni obzirom na prometne, manipulativne i tehnolo\u0161ke potrebe pretovara i transporta razli\u010ditih vrsta roba na nekoliko operativnih cjelina:<\/p>\n<ol>\n<li>kolosije\u010dna skupina &#8221; ran\u017eirna broj 1&#8243;<\/li>\n<li>kolosije\u010dna skupina &#8221; ran\u017eirna broj 2 &#8220;<\/li>\n<li>kolosije\u010dna skupina &#8221; obale 5 i 3 &#8220;<\/li>\n<li>kolosije\u010dna skupina &#8221; obale 2, 1 i 0 &#8220;<\/li>\n<li>kolosije\u010dna skupina &#8221; teku\u0107i tereti &#8220;<\/li>\n<li>kolosije\u010dna skupina &#8221; kontejnerski terminal&#8221;<\/li>\n<li>vezni kolosijeci sa teretnom stanicom<\/li>\n<\/ol>\n<p><br><\/p><p>Terminal rasutih tereta (TRT) je novosagra\u0111eni terminal koji je 2019. dobio uporabnu dozvolu i krenuo s radom te je u sustavu stalnog nadzora i odr\u017eavanja<\/p>\t\t\t\t\t\t\t\t<\/div>\n\t\t\t\t<div class=\"elementor-element elementor-element-13aaf51 elementor-widget elementor-widget-n-accordion\" data-id=\"13aaf51\" data-element_type=\"widget\" data-e-type=\"widget\" data-settings=\"{&quot;default_state&quot;:&quot;all_collapsed&quot;,&quot;max_items_expended&quot;:&quot;one&quot;,&quot;n_accordion_animation_duration&quot;:{&quot;unit&quot;:&quot;ms&quot;,&quot;size&quot;:400,&quot;sizes&quot;:[]}}\" data-widget_type=\"nested-accordion.default\">\n\t\t\t\t\t\t\t<div class=\"e-n-accordion\" aria-label=\"Accordion. Open links with Enter or Space, close with Escape, and navigate with Arrow Keys\">\n\t\t\t\t\t\t<details id=\"e-n-accordion-item-2060\" class=\"e-n-accordion-item\" >\n\t\t\t\t<summary class=\"e-n-accordion-item-title\" data-accordion-index=\"1\" tabindex=\"0\" aria-expanded=\"false\" aria-controls=\"e-n-accordion-item-2060\" >\n\t\t\t\t\t<span class='e-n-accordion-item-title-header'><div class=\"e-n-accordion-item-title-text\"> Popis dokumentacije <\/div><\/span>\n\t\t\t\t\t\t\t<span class='e-n-accordion-item-title-icon'>\n\t\t\t<span class='e-opened' ><i aria-hidden=\"true\" class=\"icon icon-up-arrow1\"><\/i><\/span>\n\t\t\t<span class='e-closed'><i aria-hidden=\"true\" class=\"icon icon-down-arrow1\"><\/i><\/span>\n\t\t<\/span>\n\n\t\t\t\t\t\t<\/summary>\n\t\t\t\t<div role=\"region\" aria-labelledby=\"e-n-accordion-item-2060\" class=\"elementor-element elementor-element-badc691 e-con-full e-flex e-con e-child\" data-id=\"badc691\" data-element_type=\"container\" data-e-type=\"container\">\n\t\t\t\t<div class=\"elementor-element elementor-element-0ba6567 elementor-widget elementor-widget-text-editor\" data-id=\"0ba6567\" data-element_type=\"widget\" data-e-type=\"widget\" data-widget_type=\"text-editor.default\">\n\t\t\t\t\t\t\t\t\t<p><a href=\"https:\/\/www.ppa.hr\/hr\/wp-content\/uploads\/2023\/12\/Pravilnik-o-odrzavanju-donjeg-ustroja-industrijskih-kolosijeka-na-luckom-podrucju-luke-Ploce.pdf\"><b><i>Pravilnik o odr\u017eavanju donjeg ustroja industrijskih kolosijeka na lu\u010dkom podru\u010dju luke Plo\u010de<\/i><\/b><\/a><\/p><p><a href=\"https:\/\/www.ppa.hr\/hr\/wp-content\/uploads\/2023\/12\/Prometni-Pravilnik.pdf\"><b><i>Prometni Pravilnik<\/i><\/b><\/a><\/p><p><a href=\"https:\/\/www.ppa.hr\/hr\/wp-content\/uploads\/2023\/12\/Pravilnik-o-postupanju-u-slucaju-izvanrednog-dogadaja.pdf\"><b><i>Pravilnik o postupanju u slu\u010daju izvanrednog doga\u0111aja<\/i><\/b><\/a><\/p><p><a href=\"https:\/\/www.ppa.hr\/hr\/wp-content\/uploads\/2023\/12\/Uputa-o-upravljanju-rizicima.pdf\"><b><i>Uputa o upravljanju rizicima<\/i><\/b><\/a><\/p><p><a href=\"https:\/\/www.ppa.hr\/hr\/wp-content\/uploads\/2023\/12\/Uputa-o-evidenciji-i-analizi-puknuca-tracnica-zavara-vezica-i-deformacija-kolosijeka.pdf\"><b><i>Uputa o evidenciji i analizi puknu\u0107a tra\u010dnica, zavara, vezica i deformacija kolosijeka<\/i><\/b><\/a><\/p><p><a href=\"https:\/\/www.ppa.hr\/hr\/wp-content\/uploads\/2023\/12\/Uputa-o-provjeri-geometrijskog-uporabnog-stanja-kolosijeka-vizualnim-pregledom-i-rucnim-mjerilima.pdf\"><b><i>Uputa o provjeri geometrijskog uporabnog stanja kolosijeka vizualnim pregledom i ru\u010dnim mjerilima<\/i><\/b><\/a><\/p><p><a href=\"https:\/\/www.ppa.hr\/hr\/wp-content\/uploads\/2023\/12\/Pravilnik-o-provedbenim-opcim-uvjetima-za-nadzor-i-odrzavanje-industrijskih-kolosijeka-u-luci-Ploce.pdf\"><b><i>Pravilnik o provedbenim op\u0107im uvjetima za nadzor i odr\u017eavanje industrijskih kolosijeka u luci Plo\u010de<\/i><\/b><\/a><\/p><p><a href=\"https:\/\/www.ppa.hr\/hr\/wp-content\/uploads\/2023\/12\/Prometno-tehnoloski-elaborat-za-obavljanje-poslova-manevriranja-na-luckom-podrucju-luke-Ploce.pdf\"><b><i>Prometno-tehnolo\u0161ki elaborat za obavljanje poslova manevriranja na lu\u010dkom podru\u010dju luke Plo\u010de<\/i><\/b><\/a><\/p>\t\t\t\t\t\t\t\t<\/div>\n\t\t\t\t<\/div>\n\t\t\t\t\t<\/details>\n\t\t\t\t\t\t<details id=\"e-n-accordion-item-2061\" class=\"e-n-accordion-item\" >\n\t\t\t\t<summary class=\"e-n-accordion-item-title\" data-accordion-index=\"2\" tabindex=\"-1\" aria-expanded=\"false\" aria-controls=\"e-n-accordion-item-2061\" >\n\t\t\t\t\t<span class='e-n-accordion-item-title-header'><div class=\"e-n-accordion-item-title-text\"> Izvje\u0161\u0107e o mre\u017ei <\/div><\/span>\n\t\t\t\t\t\t\t<span class='e-n-accordion-item-title-icon'>\n\t\t\t<span class='e-opened' ><i aria-hidden=\"true\" class=\"icon icon-up-arrow1\"><\/i><\/span>\n\t\t\t<span class='e-closed'><i aria-hidden=\"true\" class=\"icon icon-down-arrow1\"><\/i><\/span>\n\t\t<\/span>\n\n\t\t\t\t\t\t<\/summary>\n\t\t\t\t<div role=\"region\" aria-labelledby=\"e-n-accordion-item-2061\" class=\"elementor-element elementor-element-74b509b e-con-full e-flex e-con e-child\" data-id=\"74b509b\" data-element_type=\"container\" data-e-type=\"container\">\n\t\t\t\t<div class=\"elementor-element elementor-element-af086ac elementor-widget elementor-widget-text-editor\" data-id=\"af086ac\" data-element_type=\"widget\" data-e-type=\"widget\" data-widget_type=\"text-editor.default\">\n\t\t\t\t\t\t\t\t\t<p>Sukladno Provedbenoj uredbi Komisije (EU) 2017\/2177 \u043ed 22. studenoga 2017. o pristupu uslu\u017enim objektima i uslugama povezanima sa \u017eeljeznicom (Tekst zna\u010dajan za EGP) (SL L 307, 23. 11. 2017.,dalje: Uredba 2017\/2177) objavljuje se opis uslu\u017enog objekta:<\/p><ul><li aria-level=\"1\"><a href=\"http:\/\/ppa.hr\/hr\/wp-content\/uploads\/2016\/09\/PPA_luka_Ploce_-_zeljeznicki_kolosjeci.pdf\"><b><i>Luka Plo\u010de \u2013 karta \u017eeljezni\u010dkih kolosijeka<\/i><\/b><\/a><\/li><\/ul><ul><li aria-level=\"1\"><a href=\"http:\/\/ppa.hr\/hr\/wp-content\/uploads\/2016\/09\/Izvjescaa-o-mrezi-operatoraLP_finalno_hrv.pdf\"><b><i>Izvje\u0161\u0107e o mre\u017ei operatora uslu\u017enog objekta luke Plo\u010de 2017.<\/i><\/b><\/a><\/li><\/ul><p>\u00a0<\/p><p><a href=\"https:\/\/www.ppa.hr\/hr\/wp-content\/uploads\/2016\/09\/Izvjesce_o_mrezi_operatora_usluznog_objekta_luke_Ploce_2018.pdf\"><b><i>Izvje\u0161\u0107e o mre\u017ei operatora uslu\u017enog objekta luke Plo\u010de 2018.<\/i><\/b><\/a><\/p><p><a href=\"https:\/\/www.ppa.hr\/hr\/wp-content\/uploads\/2016\/09\/Izvjesce_o_mrezi_operatora_usluznog_objekta_luke_Ploce_2019.pdf\"><b><i>Izvje\u0161\u0107e o mre\u017ei operatora uslu\u017enog objekta luke Plo\u010de 2019.<\/i><\/b><\/a><\/p><p><a href=\"https:\/\/www.ppa.hr\/hr\/wp-content\/uploads\/2024\/07\/RNE_Opis-usluznog-objekta-LUP-srpanj-2024-002.pdf\"><b><i>Opis uslu\u017enog objekta 2024.<\/i><\/b><\/a><\/p><ul><li aria-level=\"1\"><a href=\"http:\/\/ppa.hr\/hr\/wp-content\/uploads\/2016\/09\/PPA_duljine_kolosijeka_i_skretnice_PloYe.pdf\"><b><i>Duljine kolosijeka i skretnice<\/i><\/b><\/a><\/li><\/ul><ul><li aria-level=\"1\"><a href=\"http:\/\/ppa.hr\/hr\/wp-content\/uploads\/2016\/09\/Network_Statement_Port_of_Ploce_-_ENG.pdf\"><b><i>Network Statement Port of Ploce \u2013 ENG<\/i><\/b><\/a><\/li><\/ul><p>\u00a0<\/p>\t\t\t\t\t\t\t\t<\/div>\n\t\t\t\t<\/div>\n\t\t\t\t\t<\/details>\n\t\t\t\t\t<\/div>\n\t\t\t\t\t\t<\/div>\n\t\t\t\t\t<\/div>\n\t\t<\/div>\n\t\t\t\t<div class=\"elementor-column elementor-col-50 elementor-top-column elementor-element elementor-element-317be5e animated-slow elementor-invisible\" data-id=\"317be5e\" data-element_type=\"column\" data-e-type=\"column\" data-settings=\"{&quot;animation&quot;:&quot;fadeInRight&quot;}\">\n\t\t\t<div class=\"elementor-widget-wrap elementor-element-populated\">\n\t\t\t\t\t\t<div class=\"elementor-element elementor-element-09b9626 elementor-widget elementor-widget-image-carousel\" data-id=\"09b9626\" data-element_type=\"widget\" data-e-type=\"widget\" data-settings=\"{&quot;slides_to_show&quot;:&quot;1&quot;,&quot;navigation&quot;:&quot;none&quot;,&quot;autoplay&quot;:&quot;yes&quot;,&quot;pause_on_hover&quot;:&quot;yes&quot;,&quot;pause_on_interaction&quot;:&quot;yes&quot;,&quot;autoplay_speed&quot;:5000,&quot;infinite&quot;:&quot;yes&quot;,&quot;effect&quot;:&quot;slide&quot;,&quot;speed&quot;:500}\" data-widget_type=\"image-carousel.default\">\n\t\t\t\t\t\t\t<div class=\"elementor-image-carousel-wrapper swiper\" role=\"region\" aria-roledescription=\"carousel\" aria-label=\"Image Carousel\" dir=\"ltr\">\n\t\t\t<div class=\"elementor-image-carousel swiper-wrapper\" aria-live=\"off\">\n\t\t\t\t\t\t\t\t<div class=\"swiper-slide\" role=\"group\" aria-roledescription=\"slide\" aria-label=\"1 od 2\"><figure class=\"swiper-slide-inner\"><img decoding=\"async\" class=\"swiper-slide-image\" src=\"https:\/\/www.ppa.hr\/hr_\/wp-content\/uploads\/2025\/03\/Lucka_uprava_Ploce_504.jpg\" alt=\"Lucka_uprava_Ploce_504\" \/><\/figure><\/div><div class=\"swiper-slide\" role=\"group\" aria-roledescription=\"slide\" aria-label=\"2 od 2\"><figure class=\"swiper-slide-inner\"><img decoding=\"async\" class=\"swiper-slide-image\" src=\"https:\/\/www.ppa.hr\/hr_\/wp-content\/uploads\/2025\/03\/Lucka_uprava_Ploce_496.jpg\" alt=\"Lucka_uprava_Ploce_496\" \/><\/figure><\/div>\t\t\t<\/div>\n\t\t\t\t\t\t\t\n\t\t\t\t\t\t\t\t\t<\/div>\n\t\t\t\t\t\t<\/div>\n\t\t\t\t<div class=\"elementor-element elementor-element-05464a1 elementor-widget elementor-widget-image\" data-id=\"05464a1\" data-element_type=\"widget\" data-e-type=\"widget\" data-widget_type=\"image.default\">\n\t\t\t\t\t\t\t\t\t\t\t\t\t\t\t\t<a href=\"https:\/\/lup.studioidearium.com\/wp-content\/uploads\/2025\/03\/unnamed-1.png\" data-elementor-open-lightbox=\"yes\" data-elementor-lightbox-title=\"unnamed (1)\" data-e-action-hash=\"#elementor-action%3Aaction%3Dlightbox%26settings%3DeyJpZCI6MTY3NiwidXJsIjoiaHR0cHM6XC9cL3d3dy5wcGEuaHJcL2hyX1wvd3AtY29udGVudFwvdXBsb2Fkc1wvMjAyNVwvMDNcL3VubmFtZWQtMS5wbmcifQ%3D%3D\">\n\t\t\t\t\t\t\t<img fetchpriority=\"high\" decoding=\"async\" width=\"512\" height=\"304\" src=\"https:\/\/www.ppa.hr\/hr_\/wp-content\/uploads\/2025\/03\/unnamed-1.png\" class=\"attachment-full size-full wp-image-1676\" alt=\"\" srcset=\"https:\/\/www.ppa.hr\/hr_\/wp-content\/uploads\/2025\/03\/unnamed-1.png 512w, https:\/\/www.ppa.hr\/hr_\/wp-content\/uploads\/2025\/03\/unnamed-1-300x178.png 300w\" sizes=\"(max-width: 512px) 100vw, 512px\" \/>\t\t\t\t\t\t\t\t<\/a>\n\t\t\t\t\t\t\t\t\t\t\t\t\t\t\t<\/div>\n\t\t\t\t<div class=\"elementor-element elementor-element-824a216 elementor-widget elementor-widget-spacer\" data-id=\"824a216\" data-element_type=\"widget\" data-e-type=\"widget\" data-widget_type=\"spacer.default\">\n\t\t\t\t\t\t\t<div class=\"elementor-spacer\">\n\t\t\t<div class=\"elementor-spacer-inner\"><\/div>\n\t\t<\/div>\n\t\t\t\t\t\t<\/div>\n\t\t\t\t\t<\/div>\n\t\t<\/div>\n\t\t\t\t\t<\/div>\n\t\t<\/section>\n\t\t\t\t<\/div>\n\t\t","protected":false},"excerpt":{"rendered":"<p>Po\u010detna \/ Infrastruktura \/ \u017deljezni\u010dka infrastruktura Kolosijeci u luci Plo\u010de su gra\u0111eni od 1960. do 1974. godine (stari dio luke), te zbog starosti i dotrajalosti istih 2000. godine je zapo\u010deta temeljita sanacija. Nakon saniranja ve\u0107ine kolosijeka, Lu\u010dka uprava Plo\u010de kontinuirano ula\u017ee znatna sredstva u redovito odr\u017eavanje kako bi se preventivno djelovalo i sprije\u010dilo ponovno propadanje, [&hellip;]<\/p>\n","protected":false},"author":1,"featured_media":2003,"parent":0,"menu_order":0,"comment_status":"closed","ping_status":"closed","template":"elementor_header_footer","meta":{"footnotes":""},"class_list":["post-1668","page","type-page","status-publish","has-post-thumbnail","hentry"],"_links":{"self":[{"href":"https:\/\/www.ppa.hr\/hr_\/wp-json\/wp\/v2\/pages\/1668","targetHints":{"allow":["GET"]}}],"collection":[{"href":"https:\/\/www.ppa.hr\/hr_\/wp-json\/wp\/v2\/pages"}],"about":[{"href":"https:\/\/www.ppa.hr\/hr_\/wp-json\/wp\/v2\/types\/page"}],"author":[{"embeddable":true,"href":"https:\/\/www.ppa.hr\/hr_\/wp-json\/wp\/v2\/users\/1"}],"replies":[{"embeddable":true,"href":"https:\/\/www.ppa.hr\/hr_\/wp-json\/wp\/v2\/comments?post=1668"}],"version-history":[{"count":13,"href":"https:\/\/www.ppa.hr\/hr_\/wp-json\/wp\/v2\/pages\/1668\/revisions"}],"predecessor-version":[{"id":2007,"href":"https:\/\/www.ppa.hr\/hr_\/wp-json\/wp\/v2\/pages\/1668\/revisions\/2007"}],"wp:featuredmedia":[{"embeddable":true,"href":"https:\/\/www.ppa.hr\/hr_\/wp-json\/wp\/v2\/media\/2003"}],"wp:attachment":[{"href":"https:\/\/www.ppa.hr\/hr_\/wp-json\/wp\/v2\/media?parent=1668"}],"curies":[{"name":"wp","href":"https:\/\/api.w.org\/{rel}","templated":true}]}}