{"id":1170,"date":"2025-03-17T19:49:44","date_gmt":"2025-03-17T19:49:44","guid":{"rendered":"https:\/\/lup.studioidearium.com\/?page_id=1170"},"modified":"2025-11-10T20:45:48","modified_gmt":"2025-11-10T20:45:48","slug":"pristup-informacijama","status":"publish","type":"page","link":"https:\/\/www.ppa.hr\/hr_\/pristup-informacijama\/","title":{"rendered":"Pristup informacijama"},"content":{"rendered":"\t\t<div data-elementor-type=\"wp-page\" data-elementor-id=\"1170\" class=\"elementor elementor-1170\" data-elementor-post-type=\"page\">\n\t\t\t\t\t\t<section class=\"elementor-section elementor-top-section elementor-element elementor-element-232a32fb elementor-section-height-min-height elementor-section-items-bottom elementor-section-boxed elementor-section-height-default\" data-id=\"232a32fb\" data-element_type=\"section\" data-e-type=\"section\" data-settings=\"{&quot;background_background&quot;:&quot;classic&quot;}\">\n\t\t\t\t\t\t\t<div class=\"elementor-background-overlay\"><\/div>\n\t\t\t\t\t\t\t<div class=\"elementor-container elementor-column-gap-default\">\n\t\t\t\t\t<div class=\"elementor-column elementor-col-100 elementor-top-column elementor-element elementor-element-e49bb67\" data-id=\"e49bb67\" data-element_type=\"column\" data-e-type=\"column\">\n\t\t\t<div class=\"elementor-widget-wrap elementor-element-populated\">\n\t\t\t\t\t\t<div class=\"elementor-element elementor-element-9236d3e elementor-widget elementor-widget-text-editor\" data-id=\"9236d3e\" data-element_type=\"widget\" data-e-type=\"widget\" data-widget_type=\"text-editor.default\">\n\t\t\t\t\t\t\t\t\t<p><a href=\"#\">Po\u010detna<\/a> \/ <span style=\"font-weight: 400;\">Pristup informacijama<\/span><\/p>\t\t\t\t\t\t\t\t<\/div>\n\t\t\t\t\t<\/div>\n\t\t<\/div>\n\t\t\t\t\t<\/div>\n\t\t<\/section>\n\t\t\t\t<section class=\"elementor-section elementor-top-section elementor-element elementor-element-20f7368f elementor-section-boxed elementor-section-height-default elementor-section-height-default\" data-id=\"20f7368f\" data-element_type=\"section\" data-e-type=\"section\" data-settings=\"{&quot;background_background&quot;:&quot;classic&quot;}\">\n\t\t\t\t\t\t<div class=\"elementor-container elementor-column-gap-default\">\n\t\t\t\t\t<div class=\"elementor-column elementor-col-50 elementor-top-column elementor-element elementor-element-95e49bb\" data-id=\"95e49bb\" data-element_type=\"column\" data-e-type=\"column\">\n\t\t\t<div class=\"elementor-widget-wrap elementor-element-populated\">\n\t\t\t\t\t\t<div class=\"elementor-element elementor-element-1084c0a2 elementor-widget elementor-widget-text-editor\" data-id=\"1084c0a2\" data-element_type=\"widget\" data-e-type=\"widget\" data-widget_type=\"text-editor.default\">\n\t\t\t\t\t\t\t\t\t<p><span style=\"font-weight: 400;\">Pravo na pristup informacijama temeljno je ljudsko pravo koje se \u0161titi Ustavom Republike Hrvatske, Europskom konvencijom o ljudskim pravima i slobodama, Poveljom o temeljnim pravima EU i <\/span><a href=\"https:\/\/www.ppa.hr\/hr_\/wp-content\/uploads\/2025\/11\/Pravo-na-pristup-informacijama-sluzbena-stranica.docx\"><i><span style=\"font-weight: 400;\">Zakonom o pravu na pristup informacijama (\u201eNarodne novine\u201c broj: 25\/13., 85\/15, i 69\/22).<\/span><\/i><\/a><\/p><p><span style=\"font-weight: 400;\">Pravo na pristup informacijama je pravo korisnika na tra\u017eenje i dobivanje informacije koja je javnog karaktera a obuhva\u0107a i obvezu tijela javne vlasti da omogu\u0107i pristup zatra\u017eenoj informaciji, odnosno da objavljuje informacije neovisno o postavljenom zahtjevu kada takvo objavljivanje proizlazi iz obveze odre\u0111ene zakonom ili drugim propisom.\u00a0<\/span><\/p><p><span style=\"font-weight: 400;\">Lu\u010dka uprava Plo\u010de je radi osiguravanja prava na pristup informacijama donijela <\/span><a href=\"https:\/\/www.ppa.hr\/hr_\/wp-content\/uploads\/2025\/11\/Odluka-o-imenovanju-sluzbenika-za-informiranje_23.pdf\"><i><span style=\"font-weight: 400;\">Odluku<\/span><\/i><\/a><span style=\"font-weight: 400;\"> kojom je odredila slu\u017ebenu osobu mjerodavnu za rje\u0161avanje ostvarivanja prava na pristup informacijama.<\/span><\/p><p><span style=\"font-weight: 400;\">Slu\u017ebenik za informiranje:<\/span><\/p><p><span style=\"font-weight: 400;\">Marijan Mikuli\u0107<\/span><\/p><p><span style=\"font-weight: 400;\">Tel: 020 414 534<\/span><\/p><p><span style=\"font-weight: 400;\">Fax: 020 670 271<\/span><\/p><p><span style=\"font-weight: 400;\">e-mail: <\/span><a href=\"mailto:marijan.mikulic@ppa.hr\"><span style=\"font-weight: 400;\">marijan.mikulic@ppa.hr<\/span><\/a><\/p><p>\u00a0<\/p><p><b>Obrasci za pristup informacijama:<\/b><\/p><p><a href=\"https:\/\/www.ppa.hr\/hr\/wp-content\/uploads\/2016\/04\/Zahtjev_za_pristup_informacijama.docx\"><i><span style=\"font-weight: 400;\">Obrazac 2 \u2013 Zahtjev za pristup informacijama<\/span><\/i><\/a><\/p><p><a href=\"https:\/\/www.ppa.hr\/hr\/wp-content\/uploads\/2016\/04\/Zahtjev_za_dopunu_ili_ispravak_informacije.docx\"><i><span style=\"font-weight: 400;\">Obrazac 3 \u2013 Zahtjev za dopunu ili ispravak informacije<\/span><\/i><\/a><\/p><p><a href=\"https:\/\/www.ppa.hr\/hr\/wp-content\/uploads\/2016\/04\/Zahtjev_za_ponovnu_uporabu_informacija.docx\"><i><span style=\"font-weight: 400;\">Obrazac 4 \u2013 Zahtjev za ponovnu uporabu informacije\u00a0<\/span><\/i><\/a><\/p><p>\u00a0<\/p><p><span style=\"font-weight: 400;\">Pisani zahtjev za pristup informacijama mora sadr\u017eavati:<\/span><\/p><p>\u00a0<\/p><ul><li style=\"font-weight: 400;\" aria-level=\"1\"><span style=\"font-weight: 400;\">naziv i sjedi\u0161te tijela javne vlasti kojem se zahtjev podnosi<\/span><\/li><li style=\"font-weight: 400;\" aria-level=\"1\"><span style=\"font-weight: 400;\">podatke koji su va\u017eni za prepoznavanje tra\u017eene informacije<\/span><\/li><li style=\"font-weight: 400;\" aria-level=\"1\"><span style=\"font-weight: 400;\">ime i prezime i adresu fizi\u010dke osobe podnositelja zahtjeva<\/span><\/li><li style=\"font-weight: 400;\" aria-level=\"1\"><span style=\"font-weight: 400;\">tvrtku, odnosno naziv pravne osobe i njezino sjedi\u0161te.<\/span><\/li><\/ul><p><b><i>\u00a0<\/i><\/b><\/p><p><b><i>Ako \u017eelite do\u0107i do informacije koja Vam je potrebna, svoje pravo mo\u017eete ostvariti na sljede\u0107i na\u010din<\/i><\/b><\/p><ol><li><span style=\"font-weight: 400;\"> Provjerite je li informacija ve\u0107 javno objavljena na mre\u017enim stranicama Lu\u010dke uprave Plo\u010de.<\/span><\/li><li><span style=\"font-weight: 400;\"> Ako informacija nije javno dostupna, pravo na pristup informacijama i ponovnu uporabu informacija koje posjeduje Lu\u010dka uprava Plo\u010de ostvaruje se podno\u0161enjem zahtjeva na sljede\u0107e na\u010dine;<\/span><\/li><\/ol><p><span style=\"font-weight: 400;\">Zahtjev za pristup informacijama, zahtjev za dopunu ili ispravak informacija i zahtjev za ponovnu uporabu informacija mo\u017eete podnijeti:<\/span><\/p><ul><li style=\"font-weight: 400;\" aria-level=\"1\"><span style=\"font-weight: 400;\">usmeno na adresi Glavna cesta 2, 20340 Plo\u010de ili putem telefona 00385 20 414 534 (o \u010demu \u0107e se sastaviti slu\u017ebena bilje\u0161ka),<\/span><\/li><li style=\"font-weight: 400;\" aria-level=\"1\"><span style=\"font-weight: 400;\">ispunjeni i potpisani obrazac putem po\u0161te na adresu:Trg kralja Tomislava 21, 20340 Plo\u010de, n\/p slu\u017ebenika za informiranje Marijana Mikuli\u0107a; ili neposredno na protokol Lu\u010dke uprave Plo\u010de na adresi Glavna cesta 2, 20340 Plo\u010de radnim danom od 7.00-15.00 sati<\/span><\/li><li style=\"font-weight: 400;\" aria-level=\"1\"><span style=\"font-weight: 400;\">ispunjeni, potpisani i skenirani obrazac (kao privitak) putem elektroni\u010dke po\u0161te na e-mail adresu<\/span> <a href=\"mailto:marijan.mikulic@ppa.hr\"><span style=\"font-weight: 400;\">marijan.mikulic@ppa.hr<\/span><\/a><\/li><\/ul><p><b><i>\u00a0<\/i><\/b><\/p><p><b><i>Radi lak\u0161e i br\u017ee komunikacije te navo\u0111enja svih potrebnih informacija u zahtjevu preporu\u010dujemo komunikaciju pisanim putem (putem ispunjenih obrazaca ili elektroni\u010dkom po\u0161tom).<\/i><\/b><\/p><p><span style=\"font-weight: 400;\">Na pristup informacijama u postupcima pred tijelima javne vlasti ne pla\u0107aju se upravne pristojbe, ali tijelo javne vlasti ima pravo tra\u017eiti od korisnika naknadu stvarnih materijalnih tro\u0161kova koji nastanu pru\u017eanjem informacije, kao i naknadu tro\u0161kova dostave tra\u017eene informacije.<\/span><\/p><p><span style=\"font-weight: 400;\">Protiv rje\u0161enja Lu\u010dke uprave Plo\u010de podnositelj zahtjeva mo\u017ee izjaviti \u017ealbu Povjereniku za informiranje u roku od 15 dana od dana dostave rje\u0161enja.<\/span><\/p><p><span style=\"font-weight: 400;\">Povjerenik za informiranje \u0161titi, prati i promi\u010de pravo na pristup informacijama i pravo na ponovnu uporabu informacija te obavlja poslove drugostupanjskog tijela u rje\u0161avanju \u017ealbi o ostvarivanju prava na pristup informacijama i prava na ponovnu uporabu informacija.<\/span><\/p><p><span style=\"font-weight: 400;\">Sve informacije o Povjereniku za informiranje mo\u017eete na\u0107i na internet stranici <\/span><a href=\"http:\/\/www.pristupinfo.hr\"><span style=\"font-weight: 400;\">www.pristupinfo.hr<\/span><\/a><span style=\"font-weight: 400;\">\u00a0<\/span><\/p><p><span style=\"font-weight: 400;\">Godi\u0161nja izvje\u0161\u0107a Lu\u010dke uprave Plo\u010de o provedbi Zakona o pravu na pristupa informacijama\u00a0<\/span><\/p><p><span style=\"font-weight: 400;\">dostupna su <\/span><i><span style=\"font-weight: 400;\">ovdje<\/span><\/i><span style=\"font-weight: 400;\">. <\/span><\/p>\t\t\t\t\t\t\t\t<\/div>\n\t\t\t\t\t<\/div>\n\t\t<\/div>\n\t\t\t\t<div class=\"elementor-column elementor-col-50 elementor-top-column elementor-element elementor-element-7ce88898 animated-slow elementor-invisible\" data-id=\"7ce88898\" data-element_type=\"column\" data-e-type=\"column\" data-settings=\"{&quot;animation&quot;:&quot;fadeInRight&quot;}\">\n\t\t\t<div class=\"elementor-widget-wrap elementor-element-populated\">\n\t\t\t\t\t\t<div class=\"elementor-element elementor-element-3e83d8ca elementor-widget elementor-widget-image\" data-id=\"3e83d8ca\" data-element_type=\"widget\" data-e-type=\"widget\" data-widget_type=\"image.default\">\n\t\t\t\t\t\t\t\t\t\t\t\t\t\t\t<img fetchpriority=\"high\" decoding=\"async\" width=\"1200\" height=\"674\" src=\"https:\/\/www.ppa.hr\/hr_\/wp-content\/uploads\/2025\/03\/Lucka_uprava_Ploce_529-1.jpg\" class=\"attachment-full size-full wp-image-1961\" alt=\"\" srcset=\"https:\/\/www.ppa.hr\/hr_\/wp-content\/uploads\/2025\/03\/Lucka_uprava_Ploce_529-1.jpg 1200w, https:\/\/www.ppa.hr\/hr_\/wp-content\/uploads\/2025\/03\/Lucka_uprava_Ploce_529-1-300x169.jpg 300w, https:\/\/www.ppa.hr\/hr_\/wp-content\/uploads\/2025\/03\/Lucka_uprava_Ploce_529-1-1024x575.jpg 1024w, https:\/\/www.ppa.hr\/hr_\/wp-content\/uploads\/2025\/03\/Lucka_uprava_Ploce_529-1-768x431.jpg 768w\" sizes=\"(max-width: 1200px) 100vw, 1200px\" \/>\t\t\t\t\t\t\t\t\t\t\t\t\t\t\t<\/div>\n\t\t\t\t<div class=\"elementor-element elementor-element-59cc4c8a elementor-widget elementor-widget-spacer\" data-id=\"59cc4c8a\" data-element_type=\"widget\" data-e-type=\"widget\" data-widget_type=\"spacer.default\">\n\t\t\t\t\t\t\t<div class=\"elementor-spacer\">\n\t\t\t<div class=\"elementor-spacer-inner\"><\/div>\n\t\t<\/div>\n\t\t\t\t\t\t<\/div>\n\t\t\t\t\t<\/div>\n\t\t<\/div>\n\t\t\t\t\t<\/div>\n\t\t<\/section>\n\t\t\t\t<\/div>\n\t\t","protected":false},"excerpt":{"rendered":"<p>Po\u010detna \/ Pristup informacijama Pravo na pristup informacijama temeljno je ljudsko pravo koje se \u0161titi Ustavom Republike Hrvatske, Europskom konvencijom o ljudskim pravima i slobodama, Poveljom o temeljnim pravima EU i Zakonom o pravu na pristup informacijama (\u201eNarodne novine\u201c broj: 25\/13., 85\/15, i 69\/22). Pravo na pristup informacijama je pravo korisnika na tra\u017eenje i dobivanje [&hellip;]<\/p>\n","protected":false},"author":1,"featured_media":0,"parent":0,"menu_order":0,"comment_status":"closed","ping_status":"closed","template":"elementor_header_footer","meta":{"footnotes":""},"class_list":["post-1170","page","type-page","status-publish","hentry"],"_links":{"self":[{"href":"https:\/\/www.ppa.hr\/hr_\/wp-json\/wp\/v2\/pages\/1170","targetHints":{"allow":["GET"]}}],"collection":[{"href":"https:\/\/www.ppa.hr\/hr_\/wp-json\/wp\/v2\/pages"}],"about":[{"href":"https:\/\/www.ppa.hr\/hr_\/wp-json\/wp\/v2\/types\/page"}],"author":[{"embeddable":true,"href":"https:\/\/www.ppa.hr\/hr_\/wp-json\/wp\/v2\/users\/1"}],"replies":[{"embeddable":true,"href":"https:\/\/www.ppa.hr\/hr_\/wp-json\/wp\/v2\/comments?post=1170"}],"version-history":[{"count":19,"href":"https:\/\/www.ppa.hr\/hr_\/wp-json\/wp\/v2\/pages\/1170\/revisions"}],"predecessor-version":[{"id":2531,"href":"https:\/\/www.ppa.hr\/hr_\/wp-json\/wp\/v2\/pages\/1170\/revisions\/2531"}],"wp:attachment":[{"href":"https:\/\/www.ppa.hr\/hr_\/wp-json\/wp\/v2\/media?parent=1170"}],"curies":[{"name":"wp","href":"https:\/\/api.w.org\/{rel}","templated":true}]}}