{"id":1166,"date":"2025-03-17T19:49:14","date_gmt":"2025-03-17T19:49:14","guid":{"rendered":"https:\/\/lup.studioidearium.com\/?page_id=1166"},"modified":"2025-03-24T21:24:39","modified_gmt":"2025-03-24T21:24:39","slug":"natjecaji","status":"publish","type":"page","link":"https:\/\/www.ppa.hr\/hr_\/natjecaji\/","title":{"rendered":"Natje\u010daji"},"content":{"rendered":"\t\t<div data-elementor-type=\"wp-page\" data-elementor-id=\"1166\" class=\"elementor elementor-1166\" data-elementor-post-type=\"page\">\n\t\t\t\t\t\t<section class=\"elementor-section elementor-top-section elementor-element elementor-element-39a50879 elementor-section-height-min-height elementor-section-items-bottom elementor-section-boxed elementor-section-height-default\" data-id=\"39a50879\" data-element_type=\"section\" data-e-type=\"section\" data-settings=\"{&quot;background_background&quot;:&quot;classic&quot;}\">\n\t\t\t\t\t\t\t<div class=\"elementor-background-overlay\"><\/div>\n\t\t\t\t\t\t\t<div class=\"elementor-container elementor-column-gap-default\">\n\t\t\t\t\t<div class=\"elementor-column elementor-col-100 elementor-top-column elementor-element elementor-element-1b7efcf\" data-id=\"1b7efcf\" data-element_type=\"column\" data-e-type=\"column\">\n\t\t\t<div class=\"elementor-widget-wrap elementor-element-populated\">\n\t\t\t\t\t\t<div class=\"elementor-element elementor-element-14d30d3 elementor-widget elementor-widget-text-editor\" data-id=\"14d30d3\" data-element_type=\"widget\" data-e-type=\"widget\" data-widget_type=\"text-editor.default\">\n\t\t\t\t\t\t\t\t\t<p><a href=\"#\">Po\u010detna<\/a> \/ <span style=\"font-weight: 400;\">Natje\u010daji<\/span><\/p>\t\t\t\t\t\t\t\t<\/div>\n\t\t\t\t\t<\/div>\n\t\t<\/div>\n\t\t\t\t\t<\/div>\n\t\t<\/section>\n\t\t<div class=\"elementor-element elementor-element-4177d1e e-grid e-con-boxed e-con e-parent\" data-id=\"4177d1e\" data-element_type=\"container\" data-e-type=\"container\" data-settings=\"{&quot;background_background&quot;:&quot;classic&quot;}\">\n\t\t\t\t\t<div class=\"e-con-inner\">\n\t\t\t\t<div class=\"elementor-element elementor-element-890b451 elementor-widget elementor-widget-posts\" data-id=\"890b451\" data-element_type=\"widget\" data-e-type=\"widget\" data-settings=\"{&quot;full_content_row_gap&quot;:{&quot;unit&quot;:&quot;px&quot;,&quot;size&quot;:41,&quot;sizes&quot;:[]},&quot;pagination_type&quot;:&quot;load_more_infinite_scroll&quot;,&quot;load_more_spinner&quot;:{&quot;value&quot;:&quot;fas fa-spinner&quot;,&quot;library&quot;:&quot;fa-solid&quot;}}\" data-widget_type=\"posts.full_content\">\n\t\t\t\t<div class=\"elementor-widget-container\">\n\t\t\t\t\t\t\t<div class=\"elementor-posts-container elementor-posts elementor-posts--skin-full_content elementor-grid\" role=\"list\">\n\t\t\t\t<article class=\"elementor-post elementor-grid-item post-1448 post type-post status-publish format-standard hentry category-obavijesti\" role=\"listitem\">\n\t\t\t\t<div class=\"elementor-post__text\">\n\t\t\t\t<h2 class=\"elementor-post__title\">\n\t\t\t<a href=\"https:\/\/www.ppa.hr\/hr_\/2025\/03\/21\/obavijest-o-namjeri-davanja-koncesije-na-pomorskom-dobru-u-svrhu-koristenja-zemljista-radi-obavljanja-koncesioniranih-djelatnosti-u-luci-ploce-dio-k-c-2078-43-k-o-ploce\/\" >\n\t\t\t\tObavijest o namjeri davanja koncesije na pomorskom dobru u svrhu kori\u0161tenja zemlji\u0161ta radi obavljanja koncesioniranih djelatnosti u luci Plo\u010de (dio k.\u010d. 2078\/43 k.o. Plo\u010de)\t\t\t<\/a>\n\t\t<\/h2>\n\t\t\t\t<div class=\"elementor-post__meta-data\">\n\t\t\t\t\t<span class=\"elementor-post-date\">\n\t\t\t21 o\u017eujka, 2025\t\t<\/span>\n\t\t\t\t<\/div>\n\t\t\n<p>Lu\u010dka uprava Plo\u010de je&nbsp;<strong>21. o\u017eujka 2025.<\/strong>&nbsp;u Elektroni\u010dkom oglasniku javne nabave Republike Hrvatske objavila Obavijest o namjeri davanja koncesije na pomorskom dobru u svrhu kori\u0161tenja zemlji\u0161ta radi obavljanja koncesioniranih djelatnosti u luci Plo\u010de (dio k.\u010d. 2078\/43 k.o. Plo\u010de).<\/p>\n\n\n\n<p>Objava i cjelokupna natje\u010dajna dokumentacija dostupna je na mre\u017enoj&nbsp; stranici:&nbsp;&nbsp;<strong><a href=\"https:\/\/eur02.safelinks.protection.outlook.com\/?url=https%3A%2F%2Feojn.hr%2F&amp;data=05%7C02%7Cdragan.cupic%40ppa.hr%7C84b790710ac0401a11a508dd684007be%7C332ddf9367ba40a4b9f4df8b8eb444c8%7C0%7C0%7C638781346646581915%7CUnknown%7CTWFpbGZsb3d8eyJFbXB0eU1hcGkiOnRydWUsIlYiOiIwLjAuMDAwMCIsIlAiOiJXaW4zMiIsIkFOIjoiTWFpbCIsIldUIjoyfQ%3D%3D%7C0%7C%7C%7C&amp;sdata=uwsjjmq5RvKV4TyJMqt2kg8X%2BDzimw6MVchszEJ4eZI%3D&amp;reserved=0\">https:\/\/eojn.hr\/<\/a><\/strong><\/p>\n\n\n\n<p>Rok za dostavu ponuda:&nbsp;<strong><em><u>22. travnja 2025.<\/u><\/em><\/strong><\/p>\n\n\n\n<p>Javno otvaranje ponuda odr\u017eat \u0107e se&nbsp;<strong>25. travnja 2025. u 12:00 sati<\/strong>&nbsp;u prostorijama Lu\u010dke uprave Plo\u010de, zgrada Ulaznog terminala luke Plo\u010de, na adresi:&nbsp;<em>Plo\u010de, Glavna cesta 2<\/em>.<\/p>\n\n\n\n<p><a href=\"https:\/\/www.ppa.hr\/hr\/wp-content\/uploads\/2025\/03\/Dokumentacija-za-nadmetanje-koncesija.zip\"><strong>Natje\u010dajna dokumentacija<\/strong><\/a><\/p>\n\n\n\n<p><\/p>\n\t\t<\/div>\n\t\t\t\t<\/article>\n\t\t\t\t<article class=\"elementor-post elementor-grid-item post-1468 post type-post status-publish format-standard hentry category-obavijesti\" role=\"listitem\">\n\t\t\t\t<div class=\"elementor-post__text\">\n\t\t\t\t<h2 class=\"elementor-post__title\">\n\t\t\t<a href=\"https:\/\/www.ppa.hr\/hr_\/2024\/10\/02\/obavijest-o-namjeri-davanja-koncesije-za-opremanje-i-gospodarsko-koristenje-prostora-u-ulaznom-terminalu-luke-ploce-k-c-2173-1-k-o-ploce-u-svrhu-obavljanja-ugostiteljskih-djelatnosti-usluzivanja-j\/\" >\n\t\t\t\tOBAVIJEST O NAMJERI DAVANJA KONCESIJE ZA OPREMANJE I GOSPODARSKO KORI\u0160TENJE PROSTORA U ULAZNOM TERMINALU LUKE PLO\u010cE (k.\u010d. 2173\/1 k.o. Plo\u010de) U SVRHU OBAVLJANJA UGOSTITELJSKIH DJELATNOSTI USLU\u017dIVANJA JELA, PI\u0106A I NAPITAKA TE PRU\u017dANJA USLUGE SAMOPOSLU\u017dNOG PRANJA RUBLJA\t\t\t<\/a>\n\t\t<\/h2>\n\t\t\t\t<div class=\"elementor-post__meta-data\">\n\t\t\t\t\t<span class=\"elementor-post-date\">\n\t\t\t2 listopada, 2024\t\t<\/span>\n\t\t\t\t<\/div>\n\t\t\n<p>Lu\u010dka uprava Plo\u010de je&nbsp;<strong>2. listopada 2024<\/strong>. u Elektroni\u010dkom oglasniku javne nabave Republike Hrvatske objavila Obavijest o namjeri davanja koncesije za opremanje i gospodarsko kori\u0161tenje prostora u Ulaznom terminalu luke Plo\u010de (k.\u010d. 2173\/1 k.o. plo\u010de) u svrhu obavljanja ugostiteljskih djelatnosti uslu\u017eivanja jela, pi\u0107a i napitaka te pru\u017eanja usluge samoposlu\u017enog pranja rublja.<\/p>\n\n\n\n<p>Objava i cjelokupna natje\u010dajna dokumentacija dostupna je na mre\u017enoj &nbsp;stranici:&nbsp;<a href=\"https:\/\/eur02.safelinks.protection.outlook.com\/?url=https%3A%2F%2Feojn.hr%2F&amp;data=05%7C02%7Cdragan.cupic%40ppa.hr%7C0b7fff66e4b047ce18fb08dce2a8a1c7%7C332ddf9367ba40a4b9f4df8b8eb444c8%7C0%7C0%7C638634462985986247%7CUnknown%7CTWFpbGZsb3d8eyJWIjoiMC4wLjAwMDAiLCJQIjoiV2luMzIiLCJBTiI6Ik1haWwiLCJXVCI6Mn0%3D%7C0%7C%7C%7C&amp;sdata=UNCXrj1OK0NOoJlr%2FXjl6Sh4Mcko6dkl2JCGLsXEWrQ%3D&amp;reserved=0\"><strong>https:\/\/eojn.hr\/<\/strong><\/a><\/p>\n\n\n\n<p>Rok za dostavu ponuda:&nbsp;<strong>4. studenog 2024. do 12:00 sati&nbsp;<\/strong>(bez obzira na na\u010din dostave).<\/p>\n\n\n\n<p>Javno otvaranje ponuda odr\u017eat \u0107e se 4. studenog 2024. u 12:00 sati u prostorijama Lu\u010dke uprave Plo\u010de, zgrada Ulaznog terminala luke Plo\u010de, na adresi: Plo\u010de, Glavna cesta 2.<\/p>\n\n\n\n<p><strong><a href=\"https:\/\/www.ppa.hr\/hr\/wp-content\/uploads\/2024\/10\/Natjecajna-dokumentacija.zip\">Natje\u010dajna dokumentacija<\/a><\/strong><\/p>\n\n\n\n<p><\/p>\n\t\t<\/div>\n\t\t\t\t<\/article>\n\t\t\t\t<article class=\"elementor-post elementor-grid-item post-1470 post type-post status-publish format-standard hentry category-obavijesti\" role=\"listitem\">\n\t\t\t\t<div class=\"elementor-post__text\">\n\t\t\t\t<h2 class=\"elementor-post__title\">\n\t\t\t<a href=\"https:\/\/www.ppa.hr\/hr_\/2024\/08\/30\/obavijest-o-namjeri-davanja-koncesije-za-koristenje-uredskih-prostora-na-ulaznom-terminalu-luke-ploce\/\" >\n\t\t\t\tOBAVIJEST O NAMJERI DAVANJA KONCESIJE ZA KORI\u0160TENJE UREDSKIH PROSTORA NA ULAZNOM TERMINALU LUKE PLO\u010cE\t\t\t<\/a>\n\t\t<\/h2>\n\t\t\t\t<div class=\"elementor-post__meta-data\">\n\t\t\t\t\t<span class=\"elementor-post-date\">\n\t\t\t30 kolovoza, 2024\t\t<\/span>\n\t\t\t\t<\/div>\n\t\t\n<p><strong>(K.\u010c. 2173\/1 K.O. PLO\u010cE),\u00a0 U UKUPNOJ POVR\u0160INI OD 508,10 \u010cETVORNIH METARA<\/strong><\/p>\n\n\n\n<p>Lu\u010dka uprava Plo\u010de objavila je&nbsp;<strong>30. kolovoza 2024.<\/strong>&nbsp;godine u Elektroni\u010dkom oglasniku javne nabave Republike Hrvatske<\/p>\n\n\n\n<p>Obavijest o namjeri davanja koncesije za kori\u0161tenje uredskih prostora na Ulaznom terminal luke Plo\u010de.<\/p>\n\n\n\n<p>Objava i cjelokupna dokumentacija za nadmetanje dostupna je na:&nbsp;<a href=\"https:\/\/eur02.safelinks.protection.outlook.com\/?url=https%3A%2F%2Feojn.hr%2F&amp;data=05%7C02%7Cdragan.cupic%40ppa.hr%7C5419a9bcd1cc450252a108dcd1604062%7C332ddf9367ba40a4b9f4df8b8eb444c8%7C0%7C0%7C638615458527031132%7CUnknown%7CTWFpbGZsb3d8eyJWIjoiMC4wLjAwMDAiLCJQIjoiV2luMzIiLCJBTiI6Ik1haWwiLCJXVCI6Mn0%3D%7C0%7C%7C%7C&amp;sdata=3Q3Vba1Hsviqo5aSHwahG5HYBAJSUFLszS2etEVLKNY%3D&amp;reserved=0\">https:\/\/eojn.hr\/<\/a><\/p>\n\n\n\n<p>Ponude moraju biti dostavljene,&nbsp;<strong>30. rujna 2024. godine najkasnije do 12:00 sati<\/strong>, bez obzira na na\u010din dostave.<\/p>\n\n\n\n<p>J<strong>avno otvaranje ponuda odr\u017eati \u0107e se 30. rujna 2024. u 12:00 sati u prostorijama Lu\u010dke uprave Plo\u010de,<\/strong><\/p>\n\n\n\n<p>Upravna zgrada Ulaznog terminala luke Plo\u010de (Konferencijska sala, Kat 1.), Glavna cesta br. 2, 20340 Plo\u010de.<\/p>\n\n\n\n<p><\/p>\n\t\t<\/div>\n\t\t\t\t<\/article>\n\t\t\t\t<article class=\"elementor-post elementor-grid-item post-2200 post type-post status-publish format-standard hentry category-obavijesti\" role=\"listitem\">\n\t\t\t\t<div class=\"elementor-post__text\">\n\t\t\t\t<h2 class=\"elementor-post__title\">\n\t\t\t<a href=\"https:\/\/www.ppa.hr\/hr_\/2024\/08\/30\/obavijest-o-namjeri-davanja-koncesije-za-koristenje-uredskih-prostora-na-ulaznom-terminalu-luke-ploce-2\/\" >\n\t\t\t\tOBAVIJEST O NAMJERI DAVANJA KONCESIJE ZA KORI\u0160TENJE UREDSKIH PROSTORA NA ULAZNOM TERMINALU LUKE PLO\u010cE\t\t\t<\/a>\n\t\t<\/h2>\n\t\t\t\t<div class=\"elementor-post__meta-data\">\n\t\t\t\t\t<span class=\"elementor-post-date\">\n\t\t\t30 kolovoza, 2024\t\t<\/span>\n\t\t\t\t<\/div>\n\t\t\n<p><strong>(K.\u010c. 2173\/1 K.O. PLO\u010cE),&nbsp; U UKUPNOJ POVR\u0160INI OD 508,10 \u010cETVORNIH METARA<\/strong><\/p>\n\n\n\n<p>Lu\u010dka uprava Plo\u010de objavila je&nbsp;<strong>30. kolovoza 2024.<\/strong>&nbsp;godine u Elektroni\u010dkom oglasniku javne nabave Republike Hrvatske<\/p>\n\n\n\n<p>Obavijest o namjeri davanja koncesije za kori\u0161tenje uredskih prostora na Ulaznom terminal luke Plo\u010de.<\/p>\n\n\n\n<p>Objava i cjelokupna dokumentacija za nadmetanje dostupna je na:&nbsp;<a href=\"https:\/\/eur02.safelinks.protection.outlook.com\/?url=https%3A%2F%2Feojn.hr%2F&amp;data=05%7C02%7Cdragan.cupic%40ppa.hr%7C5419a9bcd1cc450252a108dcd1604062%7C332ddf9367ba40a4b9f4df8b8eb444c8%7C0%7C0%7C638615458527031132%7CUnknown%7CTWFpbGZsb3d8eyJWIjoiMC4wLjAwMDAiLCJQIjoiV2luMzIiLCJBTiI6Ik1haWwiLCJXVCI6Mn0%3D%7C0%7C%7C%7C&amp;sdata=3Q3Vba1Hsviqo5aSHwahG5HYBAJSUFLszS2etEVLKNY%3D&amp;reserved=0\">https:\/\/eojn.hr\/<\/a><\/p>\n\n\n\n<p>Ponude moraju biti dostavljene,&nbsp;<strong>30. rujna 2024. godine najkasnije do 12:00 sati<\/strong>, bez obzira na na\u010din dostave.<\/p>\n\n\n\n<p>J<strong>avno otvaranje ponuda odr\u017eati \u0107e se 30. rujna 2024. u 12:00 sati u prostorijama Lu\u010dke uprave Plo\u010de,<\/strong><\/p>\n\n\n\n<p>Upravna zgrada Ulaznog terminala luke Plo\u010de (Konferencijska sala, Kat 1.), Glavna cesta br. 2, 20340 Plo\u010de.<\/p>\n\t\t<\/div>\n\t\t\t\t<\/article>\n\t\t\t\t<article class=\"elementor-post elementor-grid-item post-2206 post type-post status-publish format-standard hentry category-obavijesti\" role=\"listitem\">\n\t\t\t\t<div class=\"elementor-post__text\">\n\t\t\t\t<h2 class=\"elementor-post__title\">\n\t\t\t<a href=\"https:\/\/www.ppa.hr\/hr_\/2023\/12\/01\/obavijest-o-namjeri-davanja-koncesije-za-koristenje-uredskih-prostora-na-ulaznom-terminalu-luke-ploce-3\/\" >\n\t\t\t\tOBAVIJEST O NAMJERI DAVANJA KONCESIJE ZA KORI\u0160TENJE UREDSKIH PROSTORA NA ULAZNOM TERMINALU LUKE PLO\u010cE\t\t\t<\/a>\n\t\t<\/h2>\n\t\t\t\t<div class=\"elementor-post__meta-data\">\n\t\t\t\t\t<span class=\"elementor-post-date\">\n\t\t\t1 prosinca, 2023\t\t<\/span>\n\t\t\t\t<\/div>\n\t\t\n<p><strong>(K.\u010c. 2173\/1 K.O. PLO\u010cE),&nbsp; U UKUPNOJ POVR\u0160INI OD 399,20 \u010cETVORNIH METARA<\/strong><\/p>\n\n\n\n<p>Lu\u010dka uprava Plo\u010de objavila je 1. prosinca 2023. godine u Elektroni\u010dkom oglasniku javne nabave Republike Hrvatske<\/p>\n\n\n\n<p>Obavijest o namjeri davanja koncesije za kori\u0161tenje uredskih prostora na Ulaznom terminal luke Plo\u010de.<\/p>\n\n\n\n<p>Objava i cjelokupna dokumentacija za nadmetanje dostupna je na sljede\u0107oj poveznici:<\/p>\n\n\n\n<p><a href=\"https:\/\/eojn.nn.hr\/Oglasnik\">https:\/\/eojn.nn.hr\/Oglasnik<\/a><\/p>\n\n\n\n<p>Ponude moraju biti dostavljene, 2. sije\u010dnja 2024. godine najkasnije do 12:00 sati, bez obzira na na\u010din dostave.<\/p>\n\n\n\n<p>Javno otvaranje ponuda odr\u017eati \u0107e se 2. sije\u010dnja 2023. u 12:00 sati u prostorijama Lu\u010dke uprave Plo\u010de,<\/p>\n\n\n\n<p>Upravna zgrada Ulaznog terminala luke Plo\u010de (Konferencijska sala, Kat 1.), Glavna cesta br. 2, 20340 Plo\u010de.<\/p>\n\n\n\n<p><\/p>\n\t\t<\/div>\n\t\t\t\t<\/article>\n\t\t\t\t<article class=\"elementor-post elementor-grid-item post-2213 post type-post status-publish format-standard hentry category-obavijesti\" role=\"listitem\">\n\t\t\t\t<div class=\"elementor-post__text\">\n\t\t\t\t<h2 class=\"elementor-post__title\">\n\t\t\t<a href=\"https:\/\/www.ppa.hr\/hr_\/2023\/05\/09\/obavijest-o-namjeri-davanja-koncesije-na-pomorskom-dobru-u-svrhu-obavljanja-gospodarskih-djelatnosti-sklapanja-i-opremanja-dizalica-u-luci-ploce\/\" >\n\t\t\t\tOBAVIJEST O NAMJERI DAVANJA KONCESIJE NA POMORSKOM DOBRU U SVRHU OBAVLJANJA GOSPODARSKIH DJELATNOSTI SKLAPANJA I OPREMANJA DIZALICA U LUCI PLO\u010cE\t\t\t<\/a>\n\t\t<\/h2>\n\t\t\t\t<div class=\"elementor-post__meta-data\">\n\t\t\t\t\t<span class=\"elementor-post-date\">\n\t\t\t9 svibnja, 2023\t\t<\/span>\n\t\t\t\t<\/div>\n\t\t\n<p>Lu\u010dka uprava Plo\u010de je 9. svibnja 2023. godine u Elektroni\u010dkom oglasniku javne nabave Republike Hrvatske objavila sljede\u0107u;<\/p>\n\n\n\n<p>Obavijest o namjeri davanja koncesije na pomorskom dobru u svrhu obavljanja gospodarskih djelatnosti sklapanja i opremanja dizalica u luci Plo\u010de.<\/p>\n\n\n\n<p>Objava i cjelokupna dokumentacija za nadmetanje dostupna je na sljede\u0107oj poveznici:<\/p>\n\n\n\n<p><a href=\"https:\/\/eojn.nn.hr\/SPIN\/APPLICATION\/IPN\/DocumentManagement\/DokumentPodaciFrm.aspx?id=7554882\">https:\/\/eojn.nn.hr\/SPIN\/APPLICATION\/IPN\/DocumentManagement\/DokumentPodaciFrm.aspx?id=7554882<\/a><\/p>\n\n\n\n<p>Ponude moraju biti dostavljene,&nbsp;<strong>do 9. lipnja&nbsp; 2023. godine najkasnije do 12:00 sati<\/strong>.<\/p>\n\n\n\n<p>Javno otvaranje ponuda odr\u017eati \u0107e se 13. lipnja 2023. godine u 12:00 sati u prostorijama Lu\u010dke uprave Plo\u010de,<\/p>\n\n\n\n<p><strong>Upravna zgrada Ulaznog terminala luke Plo\u010de (Konferencijska sala, 1. kat ), Glavna cesta br. 2, 20340 Plo\u010de.<\/strong><\/p>\n\t\t<\/div>\n\t\t\t\t<\/article>\n\t\t\t\t<\/div>\n\t\t\t\t\t<span class=\"e-load-more-spinner\">\n\t\t\t\t<svg aria-hidden=\"true\" class=\"e-font-icon-svg e-fas-spinner\" viewBox=\"0 0 512 512\" xmlns=\"http:\/\/www.w3.org\/2000\/svg\"><path d=\"M304 48c0 26.51-21.49 48-48 48s-48-21.49-48-48 21.49-48 48-48 48 21.49 48 48zm-48 368c-26.51 0-48 21.49-48 48s21.49 48 48 48 48-21.49 48-48-21.49-48-48-48zm208-208c-26.51 0-48 21.49-48 48s21.49 48 48 48 48-21.49 48-48-21.49-48-48-48zM96 256c0-26.51-21.49-48-48-48S0 229.49 0 256s21.49 48 48 48 48-21.49 48-48zm12.922 99.078c-26.51 0-48 21.49-48 48s21.49 48 48 48 48-21.49 48-48c0-26.509-21.491-48-48-48zm294.156 0c-26.51 0-48 21.49-48 48s21.49 48 48 48 48-21.49 48-48c0-26.509-21.49-48-48-48zM108.922 60.922c-26.51 0-48 21.49-48 48s21.49 48 48 48 48-21.49 48-48-21.491-48-48-48z\"><\/path><\/svg>\t\t\t<\/span>\n\t\t\n\t\t\t\t\t\t<\/div>\n\t\t\t\t<\/div>\n\t\t\t\t<div class=\"elementor-element elementor-element-028f2d2 elementor-widget elementor-widget-posts\" data-id=\"028f2d2\" data-element_type=\"widget\" data-e-type=\"widget\" data-settings=\"{&quot;full_content_row_gap&quot;:{&quot;unit&quot;:&quot;px&quot;,&quot;size&quot;:41,&quot;sizes&quot;:[]},&quot;pagination_type&quot;:&quot;load_more_infinite_scroll&quot;,&quot;load_more_spinner&quot;:{&quot;value&quot;:&quot;fas fa-spinner&quot;,&quot;library&quot;:&quot;fa-solid&quot;}}\" data-widget_type=\"posts.full_content\">\n\t\t\t\t<div class=\"elementor-widget-container\">\n\t\t\t\t\t\t\t<div class=\"elementor-posts-container elementor-posts elementor-posts--skin-full_content elementor-grid\" role=\"list\">\n\t\t\t\t<article class=\"elementor-post elementor-grid-item post-2643 post type-post status-publish format-standard hentry category-natjecaji\" role=\"listitem\">\n\t\t\t\t<div class=\"elementor-post__text\">\n\t\t\t\t<h2 class=\"elementor-post__title\">\n\t\t\t<a href=\"https:\/\/www.ppa.hr\/hr_\/2026\/03\/11\/javni-natjecaj-za-popunu-radnog-mjesta-referent-za-informatiku-1-izvrsitelj\/\" >\n\t\t\t\tJavni natje\u010daj za popunu radnog mjesta: Referent za informatiku \u2013 1 izvr\u0161itelj\t\t\t<\/a>\n\t\t<\/h2>\n\t\t\t\t<div class=\"elementor-post__meta-data\">\n\t\t\t\t\t<span class=\"elementor-post-date\">\n\t\t\t11 o\u017eujka, 2026\t\t<\/span>\n\t\t\t\t<\/div>\n\t\t\n<p><strong><a href=\"https:\/\/www.ppa.hr\/hr_\/wp-content\/uploads\/2026\/03\/LUP_JN_Referent-za-informatiku_032026.pdf\" data-type=\"link\" data-id=\"https:\/\/www.ppa.hr\/hr_\/wp-content\/uploads\/2026\/03\/Javni-natjecaj-za-popunu-radnog-mjesta-referent-za-informatiku.pdf\">Referent za informatiku \u2013 1 izvr\u0161itelj<\/a><\/strong><\/p>\n\n\n\n<p><\/p>\n\t\t<\/div>\n\t\t\t\t<\/article>\n\t\t\t\t<article class=\"elementor-post elementor-grid-item post-2650 post type-post status-publish format-standard hentry category-natjecaji\" role=\"listitem\">\n\t\t\t\t<div class=\"elementor-post__text\">\n\t\t\t\t<h2 class=\"elementor-post__title\">\n\t\t\t<a href=\"https:\/\/www.ppa.hr\/hr_\/2025\/08\/11\/javni-natjecaj-za-popunu-radnog-mjesta-suradnik-za-kontrolu-obracuna-i-gotovinsku-naplatu-1-izvrsitelj\/\" >\n\t\t\t\tJavni natje\u010daj za popunu radnog mjesta: Suradnik za kontrolu obra\u010duna i gotovinsku naplatu \u2013 1 izvr\u0161itelj\t\t\t<\/a>\n\t\t<\/h2>\n\t\t\t\t<div class=\"elementor-post__meta-data\">\n\t\t\t\t\t<span class=\"elementor-post-date\">\n\t\t\t11 kolovoza, 2025\t\t<\/span>\n\t\t\t\t<\/div>\n\t\t\n<p><strong><a href=\"https:\/\/www.ppa.hr\/hr_\/wp-content\/uploads\/2026\/03\/Javni-natjecaj-za-popunu-radnog-mjesta-suradnik-za-kontrolu-obracuna-i-gotovinsku-naplatu-002.pdf\">Suradnik za kontrolu obra\u010duna i gotovinsku naplatu \u2013 1 izvr\u0161itelj<\/a><\/strong><\/p>\n\n\n\n<p><\/p>\n\t\t<\/div>\n\t\t\t\t<\/article>\n\t\t\t\t<article class=\"elementor-post elementor-grid-item post-1450 post type-post status-publish format-standard hentry category-natjecaji\" role=\"listitem\">\n\t\t\t\t<div class=\"elementor-post__text\">\n\t\t\t\t<h2 class=\"elementor-post__title\">\n\t\t\t<a href=\"https:\/\/www.ppa.hr\/hr_\/2025\/02\/26\/javni-natjecaj-za-izbor-i-imenovanje-ravnatelja-lucke-uprave-ploce\/\" >\n\t\t\t\tJavni natje\u010daj za izbor i imenovanje ravnatelja Lu\u010dke uprave Plo\u010de\t\t\t<\/a>\n\t\t<\/h2>\n\t\t\t\t<div class=\"elementor-post__meta-data\">\n\t\t\t\t\t<span class=\"elementor-post-date\">\n\t\t\t26 velja\u010de, 2025\t\t<\/span>\n\t\t\t\t<\/div>\n\t\t\n<p><a href=\"https:\/\/www.ppa.hr\/hr\/wp-content\/uploads\/2025\/02\/Natjecaj-ravnatelj-2025.pdf\"><strong><em>Javni natje\u010daj za izbor i imenovanje ravnatelja Lu\u010dke uprave Plo\u010de<\/em><\/strong><\/a><\/p>\n\n\n\n<p><\/p>\n\t\t<\/div>\n\t\t\t\t<\/article>\n\t\t\t\t<article class=\"elementor-post elementor-grid-item post-1472 post type-post status-publish format-standard hentry category-natjecaji\" role=\"listitem\">\n\t\t\t\t<div class=\"elementor-post__text\">\n\t\t\t\t<h2 class=\"elementor-post__title\">\n\t\t\t<a href=\"https:\/\/www.ppa.hr\/hr_\/2024\/07\/10\/javni-natjecaj\/\" >\n\t\t\t\tJAVNI NATJE\u010cAJ\t\t\t<\/a>\n\t\t<\/h2>\n\t\t\t\t<div class=\"elementor-post__meta-data\">\n\t\t\t\t\t<span class=\"elementor-post-date\">\n\t\t\t10 srpnja, 2024\t\t<\/span>\n\t\t\t\t<\/div>\n\t\t\n<p><strong>Za popunu radnog mjesta:<br><a href=\"https:\/\/www.ppa.hr\/hr\/wp-content\/uploads\/2024\/07\/Javni-natjecaj-za-popunu-radnog-mjesta-suradnik-za-promet-sigurnosnu-zastitu-i-zastitu-okolisa.pdf\">Suradnik za promet, sigurnosnu za\u0161titu luke i za\u0161titu okoli\u0161a \u2013 1 izvr\u0161itelj<\/a><\/strong><\/p>\n\n\n\n<p><a href=\"https:\/\/www.ppa.hr\/hr\/wp-content\/uploads\/2024\/08\/Odluka-o-izboru-kandidata-suradnik-za-promet.pdf\"><strong>Odluka o izboru kandidata<\/strong><\/a><\/p>\n\n\n\n<p><\/p>\n\t\t<\/div>\n\t\t\t\t<\/article>\n\t\t\t\t<article class=\"elementor-post elementor-grid-item post-2202 post type-post status-publish format-standard hentry category-natjecaji\" role=\"listitem\">\n\t\t\t\t<div class=\"elementor-post__text\">\n\t\t\t\t<h2 class=\"elementor-post__title\">\n\t\t\t<a href=\"https:\/\/www.ppa.hr\/hr_\/2024\/06\/27\/javni-natjecaj-2\/\" >\n\t\t\t\tJavni natje\u010daj\t\t\t<\/a>\n\t\t<\/h2>\n\t\t\t\t<div class=\"elementor-post__meta-data\">\n\t\t\t\t\t<span class=\"elementor-post-date\">\n\t\t\t27 lipnja, 2024\t\t<\/span>\n\t\t\t\t<\/div>\n\t\t\n<p><strong>Za popunu radnog mjesta:<br><a href=\"https:\/\/www.ppa.hr\/hr\/wp-content\/uploads\/2024\/06\/PPA-JN-RM-Savjetnik-za-telekomunikacije-i-informatiku-27062024.pdf\">Savjetnik za telekomunikacije i informatiku \u2013 1 izvr\u0161itelj<\/a><\/strong><\/p>\n\n\n\n<p><a href=\"https:\/\/www.ppa.hr\/hr\/wp-content\/uploads\/2024\/07\/Odluka-o-izboru-kandidata-savjetnik-za-telekomunikacije-i-informatiku.pdf\"><strong>Odluka o izboru kandidata<\/strong><\/a><\/p>\n\t\t<\/div>\n\t\t\t\t<\/article>\n\t\t\t\t<article class=\"elementor-post elementor-grid-item post-2204 post type-post status-publish format-standard hentry category-natjecaji\" role=\"listitem\">\n\t\t\t\t<div class=\"elementor-post__text\">\n\t\t\t\t<h2 class=\"elementor-post__title\">\n\t\t\t<a href=\"https:\/\/www.ppa.hr\/hr_\/2024\/06\/07\/javni-natjecaj-3\/\" >\n\t\t\t\tJavni natje\u010daj\t\t\t<\/a>\n\t\t<\/h2>\n\t\t\t\t<div class=\"elementor-post__meta-data\">\n\t\t\t\t\t<span class=\"elementor-post-date\">\n\t\t\t7 lipnja, 2024\t\t<\/span>\n\t\t\t\t<\/div>\n\t\t\n<p><strong>Za popunu radnog mjesta:<br><a href=\"https:\/\/www.ppa.hr\/hr\/wp-content\/uploads\/2024\/06\/Javni-natjecaj-Referent-za-obracun-i-gotovinsku-naplatu-.pdf\">Referent za obra\u010dun i gotovinsku naplatu \u2013 1 izvr\u0161itelj<\/a><\/strong><\/p>\n\n\n\n<p><strong><a href=\"https:\/\/www.ppa.hr\/hr\/wp-content\/uploads\/2024\/06\/PPA-JN-RM_Odluka-o-izboru-kandidata_REFOGN.pdf\">Odluka o izboru kandidata<\/a><\/strong><\/p>\n\n\n\n<p><\/p>\n\t\t<\/div>\n\t\t\t\t<\/article>\n\t\t\t\t<article class=\"elementor-post elementor-grid-item post-2211 post type-post status-publish format-standard hentry category-natjecaji\" role=\"listitem\">\n\t\t\t\t<div class=\"elementor-post__text\">\n\t\t\t\t<h2 class=\"elementor-post__title\">\n\t\t\t<a href=\"https:\/\/www.ppa.hr\/hr_\/2023\/11\/17\/javni-natjecaj-5\/\" >\n\t\t\t\tJavni natje\u010daj\t\t\t<\/a>\n\t\t<\/h2>\n\t\t\t\t<div class=\"elementor-post__meta-data\">\n\t\t\t\t\t<span class=\"elementor-post-date\">\n\t\t\t17 studenoga, 2023\t\t<\/span>\n\t\t\t\t<\/div>\n\t\t\n<p><strong>Za popunu radnog mjesta:<br><a href=\"https:\/\/www.ppa.hr\/hr\/wp-content\/uploads\/2023\/11\/Javni-natjecaj-za-popunu-radnog-mjesta-Visi-informaticki-referent.pdf\">Vi\u0161i informati\u010dki referent \u2013 1 izvr\u0161itelj<\/a><\/strong><\/p>\n\n\n\n<p><\/p>\n\t\t<\/div>\n\t\t\t\t<\/article>\n\t\t\t\t<article class=\"elementor-post elementor-grid-item post-2209 post type-post status-publish format-standard hentry category-natjecaji\" role=\"listitem\">\n\t\t\t\t<div class=\"elementor-post__text\">\n\t\t\t\t<h2 class=\"elementor-post__title\">\n\t\t\t<a href=\"https:\/\/www.ppa.hr\/hr_\/2023\/11\/17\/javni-natjecaj-4\/\" >\n\t\t\t\tJavni natje\u010daj\t\t\t<\/a>\n\t\t<\/h2>\n\t\t\t\t<div class=\"elementor-post__meta-data\">\n\t\t\t\t\t<span class=\"elementor-post-date\">\n\t\t\t17 studenoga, 2023\t\t<\/span>\n\t\t\t\t<\/div>\n\t\t\n<p><strong>Za popunu radnog mjesta:<br><a href=\"https:\/\/www.ppa.hr\/hr\/wp-content\/uploads\/2023\/11\/Javni-natjecaj-za-popunu-radnog-mjesta-Visi-referent-u-odjelu-za-razvoj-i-investicije.pdf\">Vi\u0161i referent u odjelu za razvoj i investicije \u2013 1 izvr\u0161itelj<\/a><\/strong><\/p>\n\t\t<\/div>\n\t\t\t\t<\/article>\n\t\t\t\t<\/div>\n\t\t\t\t\t<span class=\"e-load-more-spinner\">\n\t\t\t\t<svg aria-hidden=\"true\" class=\"e-font-icon-svg e-fas-spinner\" viewBox=\"0 0 512 512\" xmlns=\"http:\/\/www.w3.org\/2000\/svg\"><path d=\"M304 48c0 26.51-21.49 48-48 48s-48-21.49-48-48 21.49-48 48-48 48 21.49 48 48zm-48 368c-26.51 0-48 21.49-48 48s21.49 48 48 48 48-21.49 48-48-21.49-48-48-48zm208-208c-26.51 0-48 21.49-48 48s21.49 48 48 48 48-21.49 48-48-21.49-48-48-48zM96 256c0-26.51-21.49-48-48-48S0 229.49 0 256s21.49 48 48 48 48-21.49 48-48zm12.922 99.078c-26.51 0-48 21.49-48 48s21.49 48 48 48 48-21.49 48-48c0-26.509-21.491-48-48-48zm294.156 0c-26.51 0-48 21.49-48 48s21.49 48 48 48 48-21.49 48-48c0-26.509-21.49-48-48-48zM108.922 60.922c-26.51 0-48 21.49-48 48s21.49 48 48 48 48-21.49 48-48-21.491-48-48-48z\"><\/path><\/svg>\t\t\t<\/span>\n\t\t\n\t\t\t\t\t\t<\/div>\n\t\t\t\t<\/div>\n\t\t\t\t\t<\/div>\n\t\t\t\t<\/div>\n\t\t\t\t<\/div>\n\t\t","protected":false},"excerpt":{"rendered":"<p>Po\u010detna \/ Natje\u010daji<\/p>\n","protected":false},"author":1,"featured_media":0,"parent":0,"menu_order":0,"comment_status":"closed","ping_status":"closed","template":"elementor_header_footer","meta":{"footnotes":""},"class_list":["post-1166","page","type-page","status-publish","hentry"],"_links":{"self":[{"href":"https:\/\/www.ppa.hr\/hr_\/wp-json\/wp\/v2\/pages\/1166","targetHints":{"allow":["GET"]}}],"collection":[{"href":"https:\/\/www.ppa.hr\/hr_\/wp-json\/wp\/v2\/pages"}],"about":[{"href":"https:\/\/www.ppa.hr\/hr_\/wp-json\/wp\/v2\/types\/page"}],"author":[{"embeddable":true,"href":"https:\/\/www.ppa.hr\/hr_\/wp-json\/wp\/v2\/users\/1"}],"replies":[{"embeddable":true,"href":"https:\/\/www.ppa.hr\/hr_\/wp-json\/wp\/v2\/comments?post=1166"}],"version-history":[{"count":29,"href":"https:\/\/www.ppa.hr\/hr_\/wp-json\/wp\/v2\/pages\/1166\/revisions"}],"predecessor-version":[{"id":2642,"href":"https:\/\/www.ppa.hr\/hr_\/wp-json\/wp\/v2\/pages\/1166\/revisions\/2642"}],"wp:attachment":[{"href":"https:\/\/www.ppa.hr\/hr_\/wp-json\/wp\/v2\/media?parent=1166"}],"curies":[{"name":"wp","href":"https:\/\/api.w.org\/{rel}","templated":true}]}}