{"id":1164,"date":"2025-03-17T19:49:02","date_gmt":"2025-03-17T19:49:02","guid":{"rendered":"https:\/\/lup.studioidearium.com\/?page_id=1164"},"modified":"2025-06-23T13:53:37","modified_gmt":"2025-06-23T13:53:37","slug":"informacije-o-trosenju-sredstava","status":"publish","type":"page","link":"https:\/\/www.ppa.hr\/hr_\/informacije-o-trosenju-sredstava\/","title":{"rendered":"Informacije o tro\u0161enju sredstava"},"content":{"rendered":"\t\t<div data-elementor-type=\"wp-page\" data-elementor-id=\"1164\" class=\"elementor elementor-1164\" data-elementor-post-type=\"page\">\n\t\t\t\t\t\t<section class=\"elementor-section elementor-top-section elementor-element elementor-element-4e7194f8 elementor-section-height-min-height elementor-section-items-bottom elementor-section-boxed elementor-section-height-default\" data-id=\"4e7194f8\" data-element_type=\"section\" data-e-type=\"section\" data-settings=\"{&quot;background_background&quot;:&quot;classic&quot;}\">\n\t\t\t\t\t\t\t<div class=\"elementor-background-overlay\"><\/div>\n\t\t\t\t\t\t\t<div class=\"elementor-container elementor-column-gap-default\">\n\t\t\t\t\t<div class=\"elementor-column elementor-col-100 elementor-top-column elementor-element elementor-element-6342b4b9\" data-id=\"6342b4b9\" data-element_type=\"column\" data-e-type=\"column\">\n\t\t\t<div class=\"elementor-widget-wrap elementor-element-populated\">\n\t\t\t\t\t\t<div class=\"elementor-element elementor-element-6ffdb222 elementor-widget elementor-widget-text-editor\" data-id=\"6ffdb222\" data-element_type=\"widget\" data-e-type=\"widget\" data-widget_type=\"text-editor.default\">\n\t\t\t\t\t\t\t\t\t<p><a href=\"#\">Po\u010detna<\/a> \/ <span style=\"font-weight: 400;\">Javna nabava \/ Informacije o tro\u0161enju sredstava<\/span><\/p>\t\t\t\t\t\t\t\t<\/div>\n\t\t\t\t\t<\/div>\n\t\t<\/div>\n\t\t\t\t\t<\/div>\n\t\t<\/section>\n\t\t\t\t<section class=\"elementor-section elementor-top-section elementor-element elementor-element-7d7f27ab elementor-section-boxed elementor-section-height-default elementor-section-height-default\" data-id=\"7d7f27ab\" data-element_type=\"section\" data-e-type=\"section\" data-settings=\"{&quot;background_background&quot;:&quot;classic&quot;}\">\n\t\t\t\t\t\t<div class=\"elementor-container elementor-column-gap-default\">\n\t\t\t\t\t<div class=\"elementor-column elementor-col-50 elementor-top-column elementor-element elementor-element-2b8c1b84\" data-id=\"2b8c1b84\" data-element_type=\"column\" data-e-type=\"column\">\n\t\t\t<div class=\"elementor-widget-wrap elementor-element-populated\">\n\t\t\t\t\t\t<div class=\"elementor-element elementor-element-720e49b7 elementor-widget elementor-widget-text-editor\" data-id=\"720e49b7\" data-element_type=\"widget\" data-e-type=\"widget\" data-widget_type=\"text-editor.default\">\n\t\t\t\t\t\t\t\t\t<p><span style=\"font-weight: 400;\">Sukladno Naputku o okvirnom sadr\u017eaju, minimalnom skupu podataka te na\u010dinu javne objave informacija o tro\u0161enju sredstava na mre\u017enim stranicama jedinica lokalne i podru\u010dne (regionalne) samouprave te prora\u010dunskih i izvanprora\u010dunskih korisnika dr\u017eavnog prora\u010duna i jedinica lokalne i podru\u010dne (regionalne) samouprave (NN59\/23) Lu\u010dka uprava Plo\u010de na svojim mre\u017enim stranicama objavljuje informacije o isplatama koje se ne izvr\u0161avaju izravno s jedinstvenog ra\u010duna Dr\u017eavnog prora\u010duna.<\/span><\/p><p><span style=\"font-weight: 400;\">Podatke o isplatama s jedinstvenog ra\u010duna Dr\u017eavnog prora\u010duna objavljuje <a href=\"https:\/\/www.drzavna-riznica.hr\/trosenje_sredstava_DP\/Pretraga\/OpcaPretraga\">Ministarstvo financija na svojim mre\u017enim stranicama<\/a>.<\/span><\/p>\t\t\t\t\t\t\t\t<\/div>\n\t\t\t\t<div class=\"elementor-element elementor-element-98d67d7 elementor-widget elementor-widget-n-accordion\" data-id=\"98d67d7\" data-element_type=\"widget\" data-e-type=\"widget\" data-settings=\"{&quot;default_state&quot;:&quot;all_collapsed&quot;,&quot;max_items_expended&quot;:&quot;one&quot;,&quot;n_accordion_animation_duration&quot;:{&quot;unit&quot;:&quot;ms&quot;,&quot;size&quot;:400,&quot;sizes&quot;:[]}}\" data-widget_type=\"nested-accordion.default\">\n\t\t\t\t\t\t\t<div class=\"e-n-accordion\" aria-label=\"Accordion. Open links with Enter or Space, close with Escape, and navigate with Arrow Keys\">\n\t\t\t\t\t\t<details id=\"e-n-accordion-item-1600\" class=\"e-n-accordion-item\" >\n\t\t\t\t<summary class=\"e-n-accordion-item-title\" data-accordion-index=\"1\" tabindex=\"0\" aria-expanded=\"false\" aria-controls=\"e-n-accordion-item-1600\" >\n\t\t\t\t\t<span class='e-n-accordion-item-title-header'><div class=\"e-n-accordion-item-title-text\"> Izvje\u0161\u0107a o isplatama za 2024. <\/div><\/span>\n\t\t\t\t\t\t\t<span class='e-n-accordion-item-title-icon'>\n\t\t\t<span class='e-opened' ><i aria-hidden=\"true\" class=\"icon icon-up-arrow1\"><\/i><\/span>\n\t\t\t<span class='e-closed'><i aria-hidden=\"true\" class=\"icon icon-down-arrow1\"><\/i><\/span>\n\t\t<\/span>\n\n\t\t\t\t\t\t<\/summary>\n\t\t\t\t<div role=\"region\" aria-labelledby=\"e-n-accordion-item-1600\" class=\"elementor-element elementor-element-ea4c023 e-con-full e-flex e-con e-child\" data-id=\"ea4c023\" data-element_type=\"container\" data-e-type=\"container\">\n\t\t\t\t<div class=\"elementor-element elementor-element-849f23f elementor-widget elementor-widget-text-editor\" data-id=\"849f23f\" data-element_type=\"widget\" data-e-type=\"widget\" data-widget_type=\"text-editor.default\">\n\t\t\t\t\t\t\t\t\t<ul><li><span style=\"font-weight: 400;\">Izvje\u0161\u0107e s informacijama o tro\u0161enju sredstava \u2013 prosinac 2024. godine (\u00a0<\/span><a href=\"https:\/\/www.ppa.hr\/hr\/wp-content\/uploads\/2025\/01\/IZVJESCE-S-INFORMACIJAMA-O-TROSENJU-SREDSTAVA-prosinac-2024-objava.pdf\"><b>PDF<\/b><span style=\"font-weight: 400;\">\u00a0<\/span><\/a><span style=\"font-weight: 400;\">ili\u00a0<\/span><a href=\"https:\/\/www.ppa.hr\/hr\/wp-content\/uploads\/2025\/01\/IZVJESCE-S-INFORMACIJAMA-O-TROSENJU-SREDSTAVA-prosinac-2024-objava.zip\"><b>XLSX<\/b><span style=\"font-weight: 400;\">\u00a0<\/span><\/a><span style=\"font-weight: 400;\">)<\/span><\/li><li><span style=\"font-weight: 400;\">Izvje\u0161\u0107e s informacijama o tro\u0161enju sredstava \u2013 studeni 2024. godine (\u00a0<\/span><a href=\"https:\/\/www.ppa.hr\/hr\/wp-content\/uploads\/2024\/12\/IZVJESCE-S-INFORMACIJAMA-O-TROSENJU-SREDSTAVA-studeni-2024-objava.pdf\"><b>PDF<\/b><span style=\"font-weight: 400;\">\u00a0<\/span><\/a><span style=\"font-weight: 400;\">ili\u00a0<\/span><a href=\"https:\/\/www.ppa.hr\/hr\/wp-content\/uploads\/2024\/12\/IZVJESCE-S-INFORMACIJAMA-O-TROSENJU-SREDSTAVA-studeni-2024-objava.zip\"><b>XLSX<\/b><span style=\"font-weight: 400;\">\u00a0<\/span><\/a><span style=\"font-weight: 400;\">)<\/span><\/li><li><span style=\"font-weight: 400;\">Izvje\u0161\u0107e s informacijama o tro\u0161enju sredstava \u2013 listopad 2024. godine (\u00a0<\/span><a href=\"https:\/\/www.ppa.hr\/hr\/wp-content\/uploads\/2024\/11\/IZVJESCE-S-INFORMACIJAMA-O-TROSENJU-SREDSTAVA-listopad-2024-objava.pdf\"><b>PDF<\/b><span style=\"font-weight: 400;\">\u00a0<\/span><\/a><span style=\"font-weight: 400;\">ili\u00a0<\/span><a href=\"https:\/\/www.ppa.hr\/hr\/wp-content\/uploads\/2024\/11\/IZVJESCE-S-INFORMACIJAMA-O-TROSENJU-SREDSTAVA-listopad-2024-objava.zip\"><b>XLSX<\/b><span style=\"font-weight: 400;\">\u00a0<\/span><\/a><span style=\"font-weight: 400;\">)<\/span><\/li><li><span style=\"font-weight: 400;\">Izvje\u0161\u0107e s informacijama o tro\u0161enju sredstava \u2013 rujan 2024. godine (\u00a0<\/span><a href=\"https:\/\/www.ppa.hr\/hr\/wp-content\/uploads\/2024\/10\/IZVJESCE-S-INFORMACIJAMA-O-TROSENJU-SREDSTAVA-rujan-2024-objava.pdf\"><b>PDF<\/b><span style=\"font-weight: 400;\">\u00a0<\/span><\/a><span style=\"font-weight: 400;\">ili\u00a0<\/span><a href=\"https:\/\/www.ppa.hr\/hr\/wp-content\/uploads\/2024\/10\/IZVJESCE-S-INFORMACIJAMA-O-TROSENJU-SREDSTAVA-rujan-2024-objava.zip\"><b>XLSX<\/b><span style=\"font-weight: 400;\">\u00a0<\/span><\/a><span style=\"font-weight: 400;\">)<\/span><\/li><li><span style=\"font-weight: 400;\">Izvje\u0161\u0107e s informacijama o tro\u0161enju sredstava \u2013 kolovoz 2024. godine (\u00a0<\/span><a href=\"https:\/\/www.ppa.hr\/hr\/wp-content\/uploads\/2024\/09\/IZVJESCE-S-INFORMACIJAMA-O-TROSENJU-SREDSTAVA-kolovoz-2024-objava.pdf\"><b>PDF<\/b><span style=\"font-weight: 400;\">\u00a0<\/span><\/a><span style=\"font-weight: 400;\">ili\u00a0<\/span><a href=\"https:\/\/www.ppa.hr\/hr\/wp-content\/uploads\/2024\/09\/IZVJESCE-S-INFORMACIJAMA-O-TROSENJU-SREDSTAVA-kolovoz-2024-objava.zip\"><b>XLSX<\/b><span style=\"font-weight: 400;\">\u00a0<\/span><\/a><span style=\"font-weight: 400;\">)<\/span><\/li><li><span style=\"font-weight: 400;\">Izvje\u0161\u0107e s informacijama o tro\u0161enju sredstava \u2013 srpanj 2024. godine (\u00a0<\/span><a href=\"https:\/\/www.ppa.hr\/hr\/wp-content\/uploads\/2024\/08\/IZVJESCE-S-INFORMACIJAMA-O-TROSENJU-SREDSTAVA-srpanj-2024-objava.pdf\"><b>PDF<\/b><span style=\"font-weight: 400;\">\u00a0<\/span><\/a><span style=\"font-weight: 400;\">ili\u00a0<\/span><a href=\"https:\/\/www.ppa.hr\/hr\/wp-content\/uploads\/2024\/08\/IZVJESCE-S-INFORMACIJAMA-O-TROSENJU-SREDSTAVA-srpanj-2024-objava.zip\"><b>XLSX<\/b><span style=\"font-weight: 400;\">\u00a0<\/span><\/a><span style=\"font-weight: 400;\">)<\/span><\/li><li><span style=\"font-weight: 400;\">Izvje\u0161\u0107e s informacijama o tro\u0161enju sredstava \u2013 lipanj 2024. godine (\u00a0<\/span><a href=\"https:\/\/www.ppa.hr\/hr\/wp-content\/uploads\/2024\/07\/IZVJESCE-S-INFORMACIJAMA-O-TROSENJU-SREDSTAVA-lipanj-2024-objava.pdf\"><b>PDF<\/b><span style=\"font-weight: 400;\">\u00a0<\/span><\/a><span style=\"font-weight: 400;\">ili\u00a0<\/span><a href=\"https:\/\/www.ppa.hr\/hr\/wp-content\/uploads\/2024\/07\/IZVJESCE-S-INFORMACIJAMA-O-TROSENJU-SREDSTAVA-lipanj-2024-objava.zip\"><b>XLSX<\/b><span style=\"font-weight: 400;\">\u00a0<\/span><\/a><span style=\"font-weight: 400;\">)<\/span><\/li><li><span style=\"font-weight: 400;\">Izvje\u0161\u0107e s informacijama o tro\u0161enju sredstava \u2013 svibanj 2024. godine (\u00a0<\/span><a href=\"https:\/\/www.ppa.hr\/hr\/wp-content\/uploads\/2024\/07\/IZVJESCE-S-INFORMACIJAMA-O-TROSENJU-SREDSTAVA-svibanj-2024-objava.pdf\"><b>PDF<\/b><span style=\"font-weight: 400;\">\u00a0<\/span><\/a><span style=\"font-weight: 400;\">ili\u00a0<\/span><a href=\"https:\/\/www.ppa.hr\/hr\/wp-content\/uploads\/2024\/07\/IZVJESCE-S-INFORMACIJAMA-O-TROSENJU-SREDSTAVA-svibanj-2024-objava.zip\"><b>XLSX<\/b><span style=\"font-weight: 400;\">\u00a0<\/span><\/a><span style=\"font-weight: 400;\">)<\/span><\/li><li><span style=\"font-weight: 400;\">Izvje\u0161\u0107e s informacijama o tro\u0161enju sredstava \u2013 travanj 2024. godine (\u00a0<\/span><a href=\"https:\/\/www.ppa.hr\/hr\/wp-content\/uploads\/2024\/05\/IZVJESCE-S-INFORMACIJAMA-O-TROSENJU-SREDSTAVA-travanj-2024-objava4.pdf\"><b>PDF<\/b><span style=\"font-weight: 400;\">\u00a0<\/span><\/a><span style=\"font-weight: 400;\">ili\u00a0<\/span><a href=\"https:\/\/www.ppa.hr\/hr\/wp-content\/uploads\/2024\/05\/IZVJESCE-S-INFORMACIJAMA-O-TROSENJU-SREDSTAVA-travanj-2024-OBJAVA4.zip\"><b>XLSX<\/b><span style=\"font-weight: 400;\">\u00a0<\/span><\/a><span style=\"font-weight: 400;\">)<\/span><\/li><li><span style=\"font-weight: 400;\">Izvje\u0161\u0107e s informacijama o tro\u0161enju sredstava \u2013 o\u017eujak 2024. godine (\u00a0<\/span><a href=\"https:\/\/www.ppa.hr\/hr\/wp-content\/uploads\/2024\/04\/IZVJESCE-S-INFORMACIJAMA-O-TROSENJU-SREDSTAVA-ozujak-2024-objava.pdf\"><b>PDF<\/b><span style=\"font-weight: 400;\">\u00a0<\/span><\/a><span style=\"font-weight: 400;\">ili\u00a0<\/span><a href=\"https:\/\/www.ppa.hr\/hr\/wp-content\/uploads\/2024\/04\/IZVJESCE-S-INFORMACIJAMA-O-TROSENJU-SREDSTAVA-ozujak-2024-objava.zip\"><b>XLSX<\/b><span style=\"font-weight: 400;\">\u00a0<\/span><\/a><span style=\"font-weight: 400;\">)<\/span><\/li><li><span style=\"font-weight: 400;\">Izvje\u0161\u0107e s informacijama o tro\u0161enju sredstava \u2013 velja\u010da 2024. godine (\u00a0<\/span><b>PDF<\/b><span style=\"font-weight: 400;\">\u00a0<\/span><span style=\"font-weight: 400;\">ili\u00a0<\/span><a href=\"https:\/\/www.ppa.hr\/hr\/wp-content\/uploads\/2024\/03\/IZVJESCE-S-INFORMACIJAMA-O-TROSENJU-SREDSTAVA-veljaca-2024.zip\"><b>XLSX<\/b><span style=\"font-weight: 400;\">\u00a0<\/span><\/a><span style=\"font-weight: 400;\">)<\/span><\/li><li><span style=\"font-weight: 400;\">Izvje\u0161\u0107e s informacijama o tro\u0161enju sredstava \u2013 sije\u010danj 2024. godine (\u00a0<\/span><a href=\"https:\/\/www.ppa.hr\/hr\/wp-content\/uploads\/2024\/02\/IZVJESCE-S-INFORMACIJAMA-O-TROSENJU-SREDSTAVA-sijecanj-2024.pdf\"><b>PDF<\/b><span style=\"font-weight: 400;\">\u00a0<\/span><\/a><span style=\"font-weight: 400;\">ili\u00a0<\/span><a href=\"https:\/\/www.ppa.hr\/hr\/wp-content\/uploads\/2024\/02\/IZVJESCE-S-INFORMACIJAMA-O-TROSENJU-SREDSTAVA-sijecanj-2024.zip\"><b>XLSX<\/b><span style=\"font-weight: 400;\">\u00a0<\/span><\/a><span style=\"font-weight: 400;\">)<\/span><\/li><\/ul>\t\t\t\t\t\t\t\t<\/div>\n\t\t\t\t<\/div>\n\t\t\t\t\t<\/details>\n\t\t\t\t\t<\/div>\n\t\t\t\t\t\t<\/div>\n\t\t\t\t\t<\/div>\n\t\t<\/div>\n\t\t\t\t<div class=\"elementor-column elementor-col-50 elementor-top-column elementor-element elementor-element-79eb2acf animated-slow elementor-invisible\" data-id=\"79eb2acf\" data-element_type=\"column\" data-e-type=\"column\" data-settings=\"{&quot;animation&quot;:&quot;fadeInRight&quot;}\">\n\t\t\t<div class=\"elementor-widget-wrap elementor-element-populated\">\n\t\t\t\t\t\t<div class=\"elementor-element elementor-element-612d8828 elementor-widget elementor-widget-image\" data-id=\"612d8828\" data-element_type=\"widget\" data-e-type=\"widget\" data-widget_type=\"image.default\">\n\t\t\t\t\t\t\t\t\t\t\t\t\t\t\t<img fetchpriority=\"high\" decoding=\"async\" width=\"1200\" height=\"674\" src=\"https:\/\/www.ppa.hr\/hr_\/wp-content\/uploads\/2025\/03\/Lucka_uprava_Ploce_367.jpg\" class=\"attachment-full size-full wp-image-2055\" alt=\"\" srcset=\"https:\/\/www.ppa.hr\/hr_\/wp-content\/uploads\/2025\/03\/Lucka_uprava_Ploce_367.jpg 1200w, https:\/\/www.ppa.hr\/hr_\/wp-content\/uploads\/2025\/03\/Lucka_uprava_Ploce_367-300x169.jpg 300w, https:\/\/www.ppa.hr\/hr_\/wp-content\/uploads\/2025\/03\/Lucka_uprava_Ploce_367-1024x575.jpg 1024w, https:\/\/www.ppa.hr\/hr_\/wp-content\/uploads\/2025\/03\/Lucka_uprava_Ploce_367-768x431.jpg 768w\" sizes=\"(max-width: 1200px) 100vw, 1200px\" \/>\t\t\t\t\t\t\t\t\t\t\t\t\t\t\t<\/div>\n\t\t\t\t<div class=\"elementor-element elementor-element-5c5f50c8 elementor-widget elementor-widget-spacer\" data-id=\"5c5f50c8\" data-element_type=\"widget\" data-e-type=\"widget\" data-widget_type=\"spacer.default\">\n\t\t\t\t\t\t\t<div class=\"elementor-spacer\">\n\t\t\t<div class=\"elementor-spacer-inner\"><\/div>\n\t\t<\/div>\n\t\t\t\t\t\t<\/div>\n\t\t\t\t\t<\/div>\n\t\t<\/div>\n\t\t\t\t\t<\/div>\n\t\t<\/section>\n\t\t\t\t<\/div>\n\t\t","protected":false},"excerpt":{"rendered":"<p>Po\u010detna \/ Javna nabava \/ Informacije o tro\u0161enju sredstava Sukladno Naputku o okvirnom sadr\u017eaju, minimalnom skupu podataka te na\u010dinu javne objave informacija o tro\u0161enju sredstava na mre\u017enim stranicama jedinica lokalne i podru\u010dne (regionalne) samouprave te prora\u010dunskih i izvanprora\u010dunskih korisnika dr\u017eavnog prora\u010duna i jedinica lokalne i podru\u010dne (regionalne) samouprave (NN59\/23) Lu\u010dka uprava Plo\u010de na svojim mre\u017enim [&hellip;]<\/p>\n","protected":false},"author":1,"featured_media":0,"parent":0,"menu_order":0,"comment_status":"closed","ping_status":"closed","template":"elementor_header_footer","meta":{"footnotes":""},"class_list":["post-1164","page","type-page","status-publish","hentry"],"_links":{"self":[{"href":"https:\/\/www.ppa.hr\/hr_\/wp-json\/wp\/v2\/pages\/1164","targetHints":{"allow":["GET"]}}],"collection":[{"href":"https:\/\/www.ppa.hr\/hr_\/wp-json\/wp\/v2\/pages"}],"about":[{"href":"https:\/\/www.ppa.hr\/hr_\/wp-json\/wp\/v2\/types\/page"}],"author":[{"embeddable":true,"href":"https:\/\/www.ppa.hr\/hr_\/wp-json\/wp\/v2\/users\/1"}],"replies":[{"embeddable":true,"href":"https:\/\/www.ppa.hr\/hr_\/wp-json\/wp\/v2\/comments?post=1164"}],"version-history":[{"count":16,"href":"https:\/\/www.ppa.hr\/hr_\/wp-json\/wp\/v2\/pages\/1164\/revisions"}],"predecessor-version":[{"id":2467,"href":"https:\/\/www.ppa.hr\/hr_\/wp-json\/wp\/v2\/pages\/1164\/revisions\/2467"}],"wp:attachment":[{"href":"https:\/\/www.ppa.hr\/hr_\/wp-json\/wp\/v2\/media?parent=1164"}],"curies":[{"name":"wp","href":"https:\/\/api.w.org\/{rel}","templated":true}]}}