{"id":1162,"date":"2025-03-17T19:48:25","date_gmt":"2025-03-17T19:48:25","guid":{"rendered":"https:\/\/lup.studioidearium.com\/?page_id=1162"},"modified":"2026-04-13T05:38:40","modified_gmt":"2026-04-13T05:38:40","slug":"planovi-i-izvjestaji","status":"publish","type":"page","link":"https:\/\/www.ppa.hr\/hr_\/planovi-i-izvjestaji\/","title":{"rendered":"Planovi i izvje\u0161taji"},"content":{"rendered":"\t\t<div data-elementor-type=\"wp-page\" data-elementor-id=\"1162\" class=\"elementor elementor-1162\" data-elementor-post-type=\"page\">\n\t\t\t\t\t\t<section class=\"elementor-section elementor-top-section elementor-element elementor-element-3bca6f5 elementor-section-height-min-height elementor-section-items-bottom elementor-section-boxed elementor-section-height-default\" data-id=\"3bca6f5\" data-element_type=\"section\" data-e-type=\"section\" data-settings=\"{&quot;background_background&quot;:&quot;classic&quot;}\">\n\t\t\t\t\t\t\t<div class=\"elementor-background-overlay\"><\/div>\n\t\t\t\t\t\t\t<div class=\"elementor-container elementor-column-gap-default\">\n\t\t\t\t\t<div class=\"elementor-column elementor-col-100 elementor-top-column elementor-element elementor-element-0ec976e\" data-id=\"0ec976e\" data-element_type=\"column\" data-e-type=\"column\">\n\t\t\t<div class=\"elementor-widget-wrap elementor-element-populated\">\n\t\t\t\t\t\t<div class=\"elementor-element elementor-element-49ce540 elementor-widget elementor-widget-text-editor\" data-id=\"49ce540\" data-element_type=\"widget\" data-e-type=\"widget\" data-widget_type=\"text-editor.default\">\n\t\t\t\t\t\t\t\t\t<p><a href=\"#\">Po\u010detna<\/a> \/ <span style=\"font-weight: 400;\">Javna nabava \/ Planovi i izvje\u0161taji<\/span><\/p>\t\t\t\t\t\t\t\t<\/div>\n\t\t\t\t\t<\/div>\n\t\t<\/div>\n\t\t\t\t\t<\/div>\n\t\t<\/section>\n\t\t\t\t<section class=\"elementor-section elementor-top-section elementor-element elementor-element-ced7a60 elementor-section-boxed elementor-section-height-default elementor-section-height-default\" data-id=\"ced7a60\" data-element_type=\"section\" data-e-type=\"section\" data-settings=\"{&quot;background_background&quot;:&quot;classic&quot;}\">\n\t\t\t\t\t\t<div class=\"elementor-container elementor-column-gap-default\">\n\t\t\t\t\t<div class=\"elementor-column elementor-col-100 elementor-top-column elementor-element elementor-element-d7324d3\" data-id=\"d7324d3\" data-element_type=\"column\" data-e-type=\"column\" data-settings=\"{&quot;background_background&quot;:&quot;classic&quot;}\">\n\t\t\t<div class=\"elementor-widget-wrap elementor-element-populated\">\n\t\t\t\t\t\t<div class=\"elementor-element elementor-element-d84b6a1 elementor-widget elementor-widget-text-editor\" data-id=\"d84b6a1\" data-element_type=\"widget\" data-e-type=\"widget\" data-widget_type=\"text-editor.default\">\n\t\t\t\t\t\t\t\t\t<ul><li><a href=\"https:\/\/www.ppa.hr\/hr_\/wp-content\/uploads\/2026\/04\/Godisnji-izvjestaj-o-izvrsenju-fin-plana-za-2025_objedinjeno.pdf\">Godisnji izvjestaj o izvr\u0161enju financijskog plana za 2025. godinu<\/a><\/li><li><a href=\"https:\/\/www.ppa.hr\/hr_\/wp-content\/uploads\/2026\/02\/Godisnji-program-rada-za-2026.pdf\">Godi\u0161nji plan rada Lu\u010dke uprave Plo\u010de za 2026. godinu<\/a><\/li><li><a href=\"https:\/\/www.ppa.hr\/hr_\/wp-content\/uploads\/2026\/02\/Financijski-plana-Lucke-uprave-Ploce-za-2026.-godinu.pdf\">Financijski plan Lu\u010dke uprave Plo\u010de za 2026. godinu<\/a><\/li><li><a href=\"https:\/\/narodne-novine.nn.hr\/clanci\/sluzbeni\/full\/2024_12_149_2448.html\"><span style=\"font-weight: 400;\">Godi\u0161nji plan rada Luke Plo\u010de s financijskim planom za 2025. godinu (NN 149\/2024)<\/span><\/a><\/li><li><a href=\"https:\/\/www.ppa.hr\/hr\/wp-content\/uploads\/2024\/10\/Prve-izmjene-i-dopune-financijskog-plana-Lucke-uprave-Ploce-za-2024.-godinu-.zip\"><span style=\"font-weight: 400;\">Prve izmjene i dopune financijskog plana Lu\u010dke uprave Plo\u010de za 2024. godinu\u00a0<\/span><\/a><span style=\"font-weight: 400;\">\u00a0(<\/span><a href=\"https:\/\/narodne-novine.nn.hr\/eli\/sluzbeni\/2024\/125\/pdf\"><span style=\"font-weight: 400;\">NN125\/2024<\/span><\/a><span style=\"font-weight: 400;\">)<\/span><\/li><li><a href=\"https:\/\/www.ppa.hr\/hr\/wp-content\/uploads\/2024\/09\/Polugodisnji-izvjestaj-o-izvrsenju-fin-plana-za-2024.pdf\"><span style=\"font-weight: 400;\">Polugodi\u0161nji izvje\u0161taj o izvr\u0161enju financijskog plana za 2024. godinu<\/span><\/a><\/li><li><span style=\"font-weight: 400;\">Godi\u0161nji program rada Luke Plo\u010de s financijskim planom za 2024. godinu (<\/span><a href=\"https:\/\/www.ppa.hr\/hr\/wp-content\/uploads\/2024\/03\/Godisnji-program-rada-za-2024-s-financijskim-planom_ppa.docx\"><span style=\"font-weight: 400;\">.doc<\/span><\/a><span style=\"font-weight: 400;\">\u00a0\/\u00a0<\/span><a href=\"https:\/\/www.ppa.hr\/hr\/wp-content\/uploads\/2024\/03\/Godisnji-program-rada-za-2024-s-financijskim-planom_ppa.pdf\"><span style=\"font-weight: 400;\">.pdf<\/span><\/a><span style=\"font-weight: 400;\">) (<\/span><a href=\"https:\/\/eur02.safelinks.protection.outlook.com\/?url=https%3A%2F%2Fnarodne-novine.nn.hr%2Fclanci%2Fsluzbeni%2F2023_12_149_2149.html&amp;data=05%7C02%7Cdragan.cupic%40ppa.hr%7C565357e7c65640b46c4f08dc4e2e3892%7C332ddf9367ba40a4b9f4df8b8eb444c8%7C0%7C0%7C638471208240162846%7CUnknown%7CTWFpbGZsb3d8eyJWIjoiMC4wLjAwMDAiLCJQIjoiV2luMzIiLCJBTiI6Ik1haWwiLCJXVCI6Mn0%3D%7C0%7C%7C%7C&amp;sdata=2g%2Fhhkot7JMAffEm8Ga3iBuOBI%2BjyINtfCqzNvAclkM%3D&amp;reserved=0\"><span style=\"font-weight: 400;\">NN149\/2023<\/span><\/a><span style=\"font-weight: 400;\">)<\/span><\/li><li><span style=\"font-weight: 400;\">Godi\u0161nji izvje\u0161taj o izvr\u0161enju financijskog plana za 2023. godinu (<\/span><a href=\"https:\/\/www.ppa.hr\/hr\/wp-content\/uploads\/2024\/03\/Godisnji-izvjestaj-o-izvrsenju-fin-plana-za-2023_objedinjeno_draft-1-Popravljeno.docx\"><span style=\"font-weight: 400;\">.docx<\/span><\/a><span style=\"font-weight: 400;\">\u00a0\/\u00a0<\/span><a href=\"https:\/\/www.ppa.hr\/hr\/wp-content\/uploads\/2024\/03\/Godisnji-izvjestaj-o-izvrsenju-fin-plana-za-2023_objedinjeno_UV_15.3.2024.pdf\"><span style=\"font-weight: 400;\">.pdf<\/span><\/a><span style=\"font-weight: 400;\">)<\/span><\/li><li><a href=\"https:\/\/www.ppa.hr\/hr\/wp-content\/uploads\/2023\/12\/Polugodisnji-izvjestaj-o-izvrsenju-fin-plana-za-2023_final.pdf\"><span style=\"font-weight: 400;\">Polugodi\u0161nji izvje\u0161taj o izvr\u0161enju financijskog plana za 2023. godinu<\/span><\/a><span style=\"font-weight: 400;\">\u00a0(<\/span><a href=\"https:\/\/eur02.safelinks.protection.outlook.com\/?url=https%3A%2F%2Fnarodne-novine.nn.hr%2Fclanci%2Fsluzbeni%2F2023_11_136_1852.html&amp;data=05%7C02%7Cdragan.cupic%40ppa.hr%7Cea3cf85104ba4966b9e608dbfa12e6a7%7C332ddf9367ba40a4b9f4df8b8eb444c8%7C0%7C0%7C638378731802031392%7CUnknown%7CTWFpbGZsb3d8eyJWIjoiMC4wLjAwMDAiLCJQIjoiV2luMzIiLCJBTiI6Ik1haWwiLCJXVCI6Mn0%3D%7C3000%7C%7C%7C&amp;sdata=H4U2nuzr8LGO%2Bt5wwmIWt6K2VeJpq%2BOGfh3ojcof97A%3D&amp;reserved=0\"><span style=\"font-weight: 400;\">NN 136\/2023<\/span><\/a><span style=\"font-weight: 400;\">)<\/span><\/li><li><a href=\"https:\/\/www.ppa.hr\/hr\/wp-content\/uploads\/2023\/11\/2.-Rebalans-2023-LUP.zip\"><span style=\"font-weight: 400;\">Druge izmjene i dopune financijskog plana Lu\u010dke uprave Plo\u010de za 2023. godinu<\/span><\/a><span style=\"font-weight: 400;\">\u00a0(<\/span><a href=\"https:\/\/eur02.safelinks.protection.outlook.com\/?url=https%3A%2F%2Fnarodne-novine.nn.hr%2Fclanci%2Fsluzbeni%2F2023_10_129_1783.html&amp;data=05%7C01%7Cdragan.cupic%40ppa.hr%7C7d684834dd634e29b69c08dbdb807666%7C332ddf9367ba40a4b9f4df8b8eb444c8%7C0%7C0%7C638345117791299916%7CUnknown%7CTWFpbGZsb3d8eyJWIjoiMC4wLjAwMDAiLCJQIjoiV2luMzIiLCJBTiI6Ik1haWwiLCJXVCI6Mn0%3D%7C3000%7C%7C%7C&amp;sdata=C8ej9TrNB1YwR4WT7L1bhF%2B%2FfDNIW%2BiAvtQAkRVK9t8%3D&amp;reserved=0\"><span style=\"font-weight: 400;\">NN 129\/2023<\/span><\/a><span style=\"font-weight: 400;\">)<\/span><\/li><li><a href=\"https:\/\/www.ppa.hr\/hr\/wp-content\/uploads\/2016\/09\/Izvje%C5%A1taj-o-izvr%C5%A1enju-fin-plana-za-2022_.pdf\"><span style=\"font-weight: 400;\">Godi\u0161nji izvje\u0161taj o izvr\u0161enju financijskog plana za 2022. godinu\u00a0<\/span><\/a><span style=\"font-weight: 400;\">(<\/span><a href=\"https:\/\/eur02.safelinks.protection.outlook.com\/?url=https%3A%2F%2Fnarodne-novine.nn.hr%2Fclanci%2Fsluzbeni%2F2023_08_89_1385.html&amp;data=05%7C01%7Cdragan.cupic%40ppa.hr%7C7d684834dd634e29b69c08dbdb807666%7C332ddf9367ba40a4b9f4df8b8eb444c8%7C0%7C0%7C638345117791299916%7CUnknown%7CTWFpbGZsb3d8eyJWIjoiMC4wLjAwMDAiLCJQIjoiV2luMzIiLCJBTiI6Ik1haWwiLCJXVCI6Mn0%3D%7C3000%7C%7C%7C&amp;sdata=wRVRu3yT9W6nqyRrTbaLD%2FSCg67m4aL21DR1OKYb0iA%3D&amp;reserved=0\"><span style=\"font-weight: 400;\">NN 89\/2023<\/span><\/a><span style=\"font-weight: 400;\">)<\/span><\/li><li><a href=\"https:\/\/www.ppa.hr\/hr\/wp-content\/uploads\/2016\/09\/1.-Izmjene-i-dopune-financijskog-plana-2023.pdf\"><span style=\"font-weight: 400;\">Prve Izmjene i dopune financijskog plana Lu\u010dke uprave Plo\u010de za 2023. godinu<\/span><\/a><span style=\"font-weight: 400;\">\u00a0(<\/span><a href=\"https:\/\/narodne-novine.nn.hr\/clanci\/sluzbeni\/2023_06_63_1037.html\"><span style=\"font-weight: 400;\">NN 63\/2023<\/span><\/a><span style=\"font-weight: 400;\">)<\/span><\/li><li><a href=\"https:\/\/www.ppa.hr\/hr\/wp-content\/uploads\/2016\/09\/Godi%C5%A1nji-program-rada-i-razvoja-luke-2023.pdf\"><span style=\"font-weight: 400;\">Godi\u0161nji program rada i razvoja Luke Plo\u010de za 2023. sa financijskim planom\u00a0<\/span><\/a><span style=\"font-weight: 400;\">\u00a0(<\/span><a href=\"https:\/\/eur02.safelinks.protection.outlook.com\/?url=https%3A%2F%2Fnarodne-novine.nn.hr%2Ffiles%2Fsluzbeni-dio%2F2022%2F145%2FNN-SL-2022-145-13.12.2022.pdf&amp;data=05%7C01%7Cdragan.cupic%40ppa.hr%7C7d684834dd634e29b69c08dbdb807666%7C332ddf9367ba40a4b9f4df8b8eb444c8%7C0%7C0%7C638345117791299916%7CUnknown%7CTWFpbGZsb3d8eyJWIjoiMC4wLjAwMDAiLCJQIjoiV2luMzIiLCJBTiI6Ik1haWwiLCJXVCI6Mn0%3D%7C3000%7C%7C%7C&amp;sdata=MRmJP2J209yrjH5HvY5A%2BfFwC6qT2y3zfLDw%2FcMFa1k%3D&amp;reserved=0\"><span style=\"font-weight: 400;\">NN 145\/2022<\/span><\/a><span style=\"font-weight: 400;\">)<\/span><\/li><li><a href=\"https:\/\/www.ppa.hr\/hr\/wp-content\/uploads\/2016\/09\/Izvje%C5%A1taj-o-izvr%C5%A1enju-fin-plana-2021_FINAL.pdf\"><span style=\"font-weight: 400;\">Godi\u0161nji izvje\u0161taj o izvr\u0161enju financijskog plana za 2021. godinu<\/span><\/a><span style=\"font-weight: 400;\">\u00a0(<\/span><a href=\"https:\/\/narodne-novine.nn.hr\/clanci\/sluzbeni\/2022_06_66_948.html\"><span style=\"font-weight: 400;\">NN 66\/2022<\/span><\/a><span style=\"font-weight: 400;\">)<\/span><\/li><li><a href=\"https:\/\/www.ppa.hr\/hr\/wp-content\/uploads\/2016\/09\/Izmjene-i-dopune-financijskog-plana-Lu%C4%8Dke-uprave-Plo%C4%8De-za-2022.-godinu-NN-131_2022-rebalans-2-1.zip\"><span style=\"font-weight: 400;\">Druge Izmjene i dopune financijskog plana Lu\u010dke uprave Plo\u010de za 2022. godinu<\/span><\/a><span style=\"font-weight: 400;\">\u00a0(<\/span><a href=\"https:\/\/narodne-novine.nn.hr\/files\/sluzbeni-dio\/2022\/131\/NN-SL-2022-131-08.11.2022.pdf\"><span style=\"font-weight: 400;\">NN 131\/2022<\/span><\/a><span style=\"font-weight: 400;\">)<\/span><\/li><li><a href=\"https:\/\/www.ppa.hr\/hr\/wp-content\/uploads\/2016\/09\/Izmjene-i-dopune-financijskog-plana-Lu%C4%8Dke-uprave-Plo%C4%8De-za-2022.-godinu-NN-62_2022-rebalans-1.zip\"><span style=\"font-weight: 400;\">Prve Izmjene i dopune financijskog plana Lu\u010dke uprave Plo\u010de za 2022. godinu<\/span><\/a><span style=\"font-weight: 400;\">\u00a0(<\/span><a href=\"https:\/\/narodne-novine.nn.hr\/files\/sluzbeni-dio\/2022\/62\/NN-SL-2022-062-02.06.2022.pdf\"><span style=\"font-weight: 400;\">NN 62\/2022<\/span><\/a><span style=\"font-weight: 400;\">)<\/span><\/li><li><a href=\"https:\/\/www.ppa.hr\/hr\/wp-content\/uploads\/2016\/09\/Godi%C5%A1nji-programa-rada-s-financijskim-planom-za-2022.pdf\"><span style=\"font-weight: 400;\">Godi\u0161nji program rada i razvoja s financijskim planom Lu\u010dke uprave Plo\u010de za 2022. godinu<\/span><\/a><span style=\"font-weight: 400;\">\u00a0(<\/span><a href=\"https:\/\/narodne-novine.nn.hr\/files\/sluzbeni-dio\/2021\/140\/NN-SL-2021-140-21.12.2021.pdf\"><span style=\"font-weight: 400;\">NN 140\/21<\/span><\/a><span style=\"font-weight: 400;\">)<\/span><\/li><li><a href=\"https:\/\/www.ppa.hr\/hr\/wp-content\/uploads\/2016\/09\/2.-REBALANS-2021._ppa.hr_.zip\"><span style=\"font-weight: 400;\">Druga izmjena i dopuna Financijskog plana za 2021. godinu<\/span><\/a><span style=\"font-weight: 400;\">\u00a0(<\/span><a href=\"https:\/\/narodne-novine.nn.hr\/files\/sluzbeni-dio\/2021\/122\/NN-SL-2021-122-16.11.2021.pdf\"><span style=\"font-weight: 400;\">NN 122\/21<\/span><\/a><span style=\"font-weight: 400;\">)<\/span><\/li><li><a href=\"https:\/\/www.ppa.hr\/hr\/wp-content\/uploads\/2016\/09\/1.-REBALANS_2021.hr_.zip\"><span style=\"font-weight: 400;\">Prva izmjena i dopuna Financijskog plana za 2021. godinu<\/span><\/a><span style=\"font-weight: 400;\">\u00a0(<\/span><a href=\"https:\/\/narodne-novine.nn.hr\/files\/sluzbeni-dio\/2021\/69\/NN-SL-2021-069-24.06.2021.pdf\"><span style=\"font-weight: 400;\">NN 69\/21<\/span><\/a><span style=\"font-weight: 400;\">)<\/span><\/li><li><a href=\"https:\/\/www.ppa.hr\/hr\/wp-content\/uploads\/2016\/09\/2021_Godi%C5%A1nji-program-rada-i-razvoja-s-financijskim-planom-Lu%C4%8Dke-uprave-Plo%C4%8De.pdf\"><span style=\"font-weight: 400;\">Godi\u0161nji program rada i razvoja s financijskim planom Lu\u010dke uprave Plo\u010de za 2021. godinu\u00a0<\/span><\/a><span style=\"font-weight: 400;\">(<\/span><a href=\"https:\/\/narodne-novine.nn.hr\/files\/sluzbeni-dio\/2020\/135\/NN-SL-2020-135-08.12.2020.pdf\"><span style=\"font-weight: 400;\">NN 135\/20<\/span><\/a><span style=\"font-weight: 400;\">)<\/span><\/li><li><span style=\"font-weight: 400;\">Prva izmjena godi\u0161njeg plana rada i razvoja sa financijskim planom za 2020. godinu (.docx \/<\/span><a href=\"https:\/\/www.ppa.hr\/hr\/wp-content\/uploads\/2016\/09\/1.-Izmjena-Programa-rada-i-razvoja-s-Financijskim-planom-za-2020.-.pdf\"><span style=\"font-weight: 400;\">\u00a0.pdf<\/span><\/a><span style=\"font-weight: 400;\">)<\/span><\/li><li><span style=\"font-weight: 400;\">Godi\u0161nji program rada i razvoja s financijskim planom Lu\u010dke uprave Plo\u010de za 2020. godinu (<\/span><a href=\"https:\/\/www.ppa.hr\/hr\/wp-content\/uploads\/2016\/09\/Program-rada-i-razvoja-sa-Financijskim-planom-za-2020-godinu-LU-Plo%C4%8De.docx\"><span style=\"font-weight: 400;\">.docx<\/span><\/a><span style=\"font-weight: 400;\">\u00a0\/<\/span><a href=\"https:\/\/www.ppa.hr\/hr\/wp-content\/uploads\/2016\/09\/Program-rada-i-razvoja-sa-Financijskim-planom-za-2020-godinu-LU-Plo%C4%8De.pdf\"><span style=\"font-weight: 400;\">\u00a0.pdf<\/span><\/a><span style=\"font-weight: 400;\">)<\/span><\/li><li><a href=\"https:\/\/www.ppa.hr\/hr\/wp-content\/uploads\/2016\/09\/1.-Izmjena-Programa-rada-i-razvoja-sa-Financijskim-planom-za-2019.pdf\"><span style=\"font-weight: 400;\">Prva izmjena godi\u0161njeg plana rada sa financijskim planom za 2019. godinu<\/span><\/a><\/li><li><a href=\"https:\/\/www.ppa.hr\/hr\/wp-content\/uploads\/2016\/09\/Godi%C5%A1nji-programa-rada-i-razvoja-sa-Financijskim-planom-za-2019.pdf\"><span style=\"font-weight: 400;\">Godi\u0161nji program rada i razvoja s financijskim planom Lu\u010dke uprave Plo\u010de za 2019. godinu<\/span><\/a><\/li><li><a href=\"https:\/\/www.ppa.hr\/hr\/wp-content\/uploads\/2018\/01\/Program-rada-i-razvoja-luke-sa-financijskim-planom-LUP-za-2018.pdf\"><span style=\"font-weight: 400;\">Godi\u0161nji program rada i razvoja s financijskim planom Lu\u010dke uprave Plo\u010de \u00a0za 2018. godinu<\/span><\/a><\/li><li><a href=\"https:\/\/www.ppa.hr\/old\/wp-content\/uploads\/2016\/09\/1.-Izmjena-Godi%C5%A1njeg-programa-rada-i-razvoja-s-Financijskim-planom-za-2017..pdf\"><span style=\"font-weight: 400;\">Prva izmjena godi\u0161njeg plana rada i razvoja sa financijskim planom za 2017. godinu<\/span><\/a><\/li><li><a href=\"https:\/\/www.ppa.hr\/hr_\/wp-content\/uploads\/2026\/03\/Godisnji-program-rada-i-razvoja-s-Financijskim-planom-LUP-za-2017-usvojen-na-sjednici-UV-28.3.2017.pdf\"><span style=\"font-weight: 400;\">Godi\u0161nji program rada i razvoja s financijskim planom Lu\u010dke uprave Plo\u010de \u00a0za 2017. godinu <\/span><\/a><\/li><\/ul>\t\t\t\t\t\t\t\t<\/div>\n\t\t\t\t\t<\/div>\n\t\t<\/div>\n\t\t\t\t\t<\/div>\n\t\t<\/section>\n\t\t\t\t<\/div>\n\t\t","protected":false},"excerpt":{"rendered":"<p>Po\u010detna \/ Javna nabava \/ Planovi i izvje\u0161taji Godisnji izvjestaj o izvr\u0161enju financijskog plana za 2025. godinu Godi\u0161nji plan rada Lu\u010dke uprave Plo\u010de za 2026. godinu Financijski plan Lu\u010dke uprave Plo\u010de za 2026. godinu Godi\u0161nji plan rada Luke Plo\u010de s financijskim planom za 2025. godinu (NN 149\/2024) Prve izmjene i dopune financijskog plana Lu\u010dke uprave [&hellip;]<\/p>\n","protected":false},"author":1,"featured_media":0,"parent":0,"menu_order":0,"comment_status":"closed","ping_status":"closed","template":"elementor_header_footer","meta":{"footnotes":""},"class_list":["post-1162","page","type-page","status-publish","hentry"],"_links":{"self":[{"href":"https:\/\/www.ppa.hr\/hr_\/wp-json\/wp\/v2\/pages\/1162","targetHints":{"allow":["GET"]}}],"collection":[{"href":"https:\/\/www.ppa.hr\/hr_\/wp-json\/wp\/v2\/pages"}],"about":[{"href":"https:\/\/www.ppa.hr\/hr_\/wp-json\/wp\/v2\/types\/page"}],"author":[{"embeddable":true,"href":"https:\/\/www.ppa.hr\/hr_\/wp-json\/wp\/v2\/users\/1"}],"replies":[{"embeddable":true,"href":"https:\/\/www.ppa.hr\/hr_\/wp-json\/wp\/v2\/comments?post=1162"}],"version-history":[{"count":41,"href":"https:\/\/www.ppa.hr\/hr_\/wp-json\/wp\/v2\/pages\/1162\/revisions"}],"predecessor-version":[{"id":2732,"href":"https:\/\/www.ppa.hr\/hr_\/wp-json\/wp\/v2\/pages\/1162\/revisions\/2732"}],"wp:attachment":[{"href":"https:\/\/www.ppa.hr\/hr_\/wp-json\/wp\/v2\/media?parent=1162"}],"curies":[{"name":"wp","href":"https:\/\/api.w.org\/{rel}","templated":true}]}}