{"id":1160,"date":"2025-03-17T19:48:11","date_gmt":"2025-03-17T19:48:11","guid":{"rendered":"https:\/\/lup.studioidearium.com\/?page_id=1160"},"modified":"2026-03-16T11:50:14","modified_gmt":"2026-03-16T11:50:14","slug":"strategije-programi-planovi-i-izvjesca","status":"publish","type":"page","link":"https:\/\/www.ppa.hr\/hr_\/strategije-programi-planovi-i-izvjesca\/","title":{"rendered":"Financijski izvje\u0161taji"},"content":{"rendered":"\t\t<div data-elementor-type=\"wp-page\" data-elementor-id=\"1160\" class=\"elementor elementor-1160\" data-elementor-post-type=\"page\">\n\t\t\t\t\t\t<section class=\"elementor-section elementor-top-section elementor-element elementor-element-bacb583 elementor-section-height-min-height elementor-section-items-bottom elementor-section-boxed elementor-section-height-default\" data-id=\"bacb583\" data-element_type=\"section\" data-e-type=\"section\" data-settings=\"{&quot;background_background&quot;:&quot;classic&quot;}\">\n\t\t\t\t\t\t\t<div class=\"elementor-background-overlay\"><\/div>\n\t\t\t\t\t\t\t<div class=\"elementor-container elementor-column-gap-default\">\n\t\t\t\t\t<div class=\"elementor-column elementor-col-100 elementor-top-column elementor-element elementor-element-09117df\" data-id=\"09117df\" data-element_type=\"column\" data-e-type=\"column\">\n\t\t\t<div class=\"elementor-widget-wrap elementor-element-populated\">\n\t\t\t\t\t\t<div class=\"elementor-element elementor-element-9e24d4b elementor-widget elementor-widget-text-editor\" data-id=\"9e24d4b\" data-element_type=\"widget\" data-e-type=\"widget\" data-widget_type=\"text-editor.default\">\n\t\t\t\t\t\t\t\t\t<p><a href=\"#\">Po\u010detna<\/a> \/ <span style=\"font-weight: 400;\">Javna nabava \/ Strategije, programi, planovi i izvje\u0161\u0107a <\/span><\/p>\t\t\t\t\t\t\t\t<\/div>\n\t\t\t\t\t<\/div>\n\t\t<\/div>\n\t\t\t\t\t<\/div>\n\t\t<\/section>\n\t\t\t\t<section class=\"elementor-section elementor-top-section elementor-element elementor-element-689d277 elementor-section-boxed elementor-section-height-default elementor-section-height-default\" data-id=\"689d277\" data-element_type=\"section\" data-e-type=\"section\" data-settings=\"{&quot;background_background&quot;:&quot;classic&quot;}\">\n\t\t\t\t\t\t<div class=\"elementor-container elementor-column-gap-default\">\n\t\t\t\t\t<div class=\"elementor-column elementor-col-100 elementor-top-column elementor-element elementor-element-306d482\" data-id=\"306d482\" data-element_type=\"column\" data-e-type=\"column\" data-settings=\"{&quot;background_background&quot;:&quot;classic&quot;}\">\n\t\t\t<div class=\"elementor-widget-wrap elementor-element-populated\">\n\t\t\t\t\t\t<div class=\"elementor-element elementor-element-bd9f87c elementor-widget elementor-widget-text-editor\" data-id=\"bd9f87c\" data-element_type=\"widget\" data-e-type=\"widget\" data-widget_type=\"text-editor.default\">\n\t\t\t\t\t\t\t\t\t<ul><li style=\"font-weight: 400;\" aria-level=\"1\"><span style=\"font-weight: 400;\">Bilje\u0161ke uz financijske izvje\u0161taje razine 11 za I \u2013 XII 2025 ( <a href=\"https:\/\/www.ppa.hr\/hr_\/wp-content\/uploads\/2026\/03\/Biljeske-uz-financijske-izvjestaje-razine-11-za-I-XII-2025.zip\">DOCX<\/a> )<\/span><\/li><li aria-level=\"1\">Obrasci_financijskih_izvjestaja_v_8.3.0 ( <a href=\"https:\/\/www.ppa.hr\/hr_\/wp-content\/uploads\/2026\/03\/Obrasci_financijskih_izvjestaja_v_8.3.0.zip\">XLSX<\/a> )<\/li><li aria-level=\"1\">EU izvjestaj po izvorima financiranja v8.3.0 ( <a href=\"https:\/\/www.ppa.hr\/hr_\/wp-content\/uploads\/2026\/03\/EU_izvjestaj_po_izvorima_financiranja_v_8.3.0.zip\">XLSX<\/a> )<\/li><li aria-level=\"1\">Financijski izvje\u0161taji za razdoblje 1.1.-31.12.2024. godine (\u00a0 <a href=\"https:\/\/www.ppa.hr\/hr_\/wp-content\/uploads\/2026\/03\/Financijski-izvjestaji-za-razdoblje-1.1.-31.12.2024.-godine.pdf\">PDF<\/a> i <a href=\"https:\/\/www.ppa.hr\/hr_\/wp-content\/uploads\/2026\/03\/Financijski-izvjestaji-za-razdoblje-1.1.-31.12.2024.-godine.zip\">XLSX<\/a> )<\/li><li style=\"font-weight: 400;\" aria-level=\"1\"><span style=\"font-weight: 400;\">Financijski izvje\u0161taji za razdoblje 1.1.-31.12.2023. godine ( <\/span><a href=\"https:\/\/www.ppa.hr\/hr\/wp-content\/uploads\/2024\/02\/Financijski-izvjestaji-za-razdoblje-1.1.-31.12.2023.-godine.pdf\"><span style=\"font-weight: 400;\">PDF\u00a0<\/span><\/a><span style=\"font-weight: 400;\">i\u00a0<\/span><a href=\"https:\/\/www.ppa.hr\/hr_\/wp-content\/uploads\/2024\/02\/Financijski-izvjestaji-za-razdoblje-1.1.-31.12.2023.-godine.zip\"><span style=\"font-weight: 400;\">XLSX\u00a0<\/span><\/a><span style=\"font-weight: 400;\">)<\/span><\/li><li style=\"font-weight: 400;\" aria-level=\"1\"><span style=\"font-weight: 400;\">Financijski izvje\u0161taji za 2022. godinu ( <\/span><a href=\"https:\/\/www.ppa.hr\/hr\/wp-content\/uploads\/2016\/09\/BILJE%C5%A0KE-uz-financijske-izvje%C5%A1taje-za-2022.-godinu_v2.pdf\"><span style=\"font-weight: 400;\">PDF\u00a0<\/span><\/a><span style=\"font-weight: 400;\">i\u00a0<\/span><a href=\"https:\/\/www.ppa.hr\/hr\/wp-content\/uploads\/2016\/09\/Obrasci_financijskih_izvjestaja_v_8.0.3_1.1.-31.12.2022_v3.zip\"><span style=\"font-weight: 400;\">XLSX\u00a0<\/span><\/a><span style=\"font-weight: 400;\">)<\/span><\/li><li style=\"font-weight: 400;\" aria-level=\"1\"><span style=\"font-weight: 400;\">Financijski izvje\u0161taji za 2021. godinu\u00a0 (\u00a0<\/span><a href=\"https:\/\/www.ppa.hr\/hr\/wp-content\/uploads\/2016\/09\/Financijski-izvje%C5%A1taj-za-2021_ispravak.pdf\"><span style=\"font-weight: 400;\">PDF\u00a0<\/span><\/a><span style=\"font-weight: 400;\">i\u00a0<\/span><a href=\"https:\/\/www.ppa.hr\/hr\/wp-content\/uploads\/2016\/09\/FINANCIJSKA-IZVJE%C5%A0%C4%86A-LUP-ZA-2021-G.-U-STROJNO-%C4%8CITLJIVOM-OBLIKU_ispravak.zip\"><span style=\"font-weight: 400;\">XLSX\u00a0<\/span><\/a><span style=\"font-weight: 400;\">)<\/span><\/li><li style=\"font-weight: 400;\" aria-level=\"1\"><span style=\"font-weight: 400;\">Revidirano financijsko izvje\u0161\u0107e za 2020. godinu (\u00a0<\/span><a href=\"https:\/\/www.ppa.hr\/hr\/wp-content\/uploads\/2016\/09\/Revidirana-Financijska-izvje%C5%A1%C4%87a-za-2020.g..pdf\"><span style=\"font-weight: 400;\">PDF\u00a0<\/span><\/a><span style=\"font-weight: 400;\">i\u00a0<\/span><a href=\"https:\/\/www.ppa.hr\/hr\/wp-content\/uploads\/2016\/09\/FINANCIJSKA-IZVJE%C5%A0%C4%86A-LU%C4%8CKE-UPRAVE-PLO%C4%8CE-ZA-2020-G.-U-STROJNO-%C4%8CITLJIVOM-OBLIKU.zip\"><span style=\"font-weight: 400;\">XLS\u00a0<\/span><\/a><span style=\"font-weight: 400;\">)<\/span><\/li><li style=\"font-weight: 400;\" aria-level=\"1\"><span style=\"font-weight: 400;\">Financijsko izvje\u0161\u0107e za 2020. godinu (\u00a0<\/span><a href=\"https:\/\/www.ppa.hr\/hr\/wp-content\/uploads\/2016\/09\/FINANCIJSKA-IZVJE%C5%A0%C4%86A-LU%C4%8CKE-UPRAVE-PLO%C4%8CE-ZA-2020-G..pdf\"><span style=\"font-weight: 400;\">PDF\u00a0<\/span><\/a><span style=\"font-weight: 400;\">i\u00a0<\/span><a href=\"https:\/\/www.ppa.hr\/hr\/wp-content\/uploads\/2016\/09\/FINANCIJSKA-IZVJE%C5%A0%C4%86A-LU%C4%8CKE-UPRAVE-PLO%C4%8CE-ZA-2020-G.-U-STROJNO-%C4%8CITLJIVOM-OBLIKU.zip\"><span style=\"font-weight: 400;\">XLS\u00a0<\/span><\/a><span style=\"font-weight: 400;\">)<\/span><\/li><li style=\"font-weight: 400;\" aria-level=\"1\"><span style=\"font-weight: 400;\">Revidirano financijsko izvje\u0161\u0107e za 2019. godinu (<\/span><a href=\"https:\/\/www.ppa.hr\/hr\/wp-content\/uploads\/2016\/09\/Revidirana-Financijska-izvje%C5%A1%C4%87a-za-2019.g..pdf\"><span style=\"font-weight: 400;\">\u00a0PDF\u00a0<\/span><\/a><span style=\"font-weight: 400;\">i\u00a0<\/span><a href=\"https:\/\/www.ppa.hr\/hr\/wp-content\/uploads\/2016\/09\/Financijski-izvje%C5%A1taji-neprofitnih-organizacija-za-razdoblje-01.01.2019.-31.12.2019_Lu%C4%8Dka-uprava-Plo%C4%8De.xls\"><span style=\"font-weight: 400;\">XLS<\/span><\/a><span style=\"font-weight: 400;\">\u00a0)<\/span><\/li><li style=\"font-weight: 400;\" aria-level=\"1\"><a href=\"https:\/\/www.ppa.hr\/hr\/wp-content\/uploads\/2019\/06\/Financijski-izvje%C5%A1taji-za-2018-godinu-Revidirani.pdf\"><span style=\"font-weight: 400;\">Revidirano financijsko izvje\u0161\u0107e za 2018. godinu<\/span><\/a><\/li><li style=\"font-weight: 400;\" aria-level=\"1\"><a href=\"https:\/\/www.ppa.hr\/hr\/wp-content\/uploads\/2016\/09\/Financijska-izvje%C5%A1%C4%87a-LU-Plo%C4%8De-revidirana2107.pdf\"><span style=\"font-weight: 400;\">Revidirano financijsko izvje\u0161\u0107e za 2017. godinu<\/span><\/a><\/li><li style=\"font-weight: 400;\" aria-level=\"1\"><a href=\"http:\/\/www.ppa.hr\/hr\/wp-content\/uploads\/2016\/09\/Revidirano-financijsko-izvjesce-za-2016..pdf\"><span style=\"font-weight: 400;\">Revidirano financijsko izvje\u0161\u0107e za 2016. godinu<\/span><\/a><\/li><li style=\"font-weight: 400;\" aria-level=\"1\"><a href=\"http:\/\/www.ppa.hr\/hr\/wp-content\/uploads\/2016\/09\/Financijsko-izvjesce-za-Projekt-integracije-trgovine-i-transporta-2016.pdf\"><span style=\"font-weight: 400;\">Financijsko izvje\u0161\u0107e za Projekt integracije trgovine i transporta za 2016<\/span><\/a><span style=\"font-weight: 400;\">. godinu<\/span><\/li><li style=\"font-weight: 400;\" aria-level=\"1\"><a href=\"http:\/\/ppa.hr\/hr\/wp-content\/uploads\/2016\/09\/LUP_izvjesce_o_obavljenoj__reviziji_Dodatak_I_Izvjescu_2015.pdf\"><span style=\"font-weight: 400;\">Financijsko<\/span><\/a><span style=\"font-weight: 400;\"> izvje\u0161\u0107e za Projekt integracije trgovine i transporta za 2015. godinu<\/span><\/li><li style=\"font-weight: 400;\" aria-level=\"1\"><a href=\"http:\/\/ppa.hr\/hr\/wp-content\/uploads\/2016\/09\/LUP_izvjesce_o_obavljenoj__reviziji__2015.pdf\"><span style=\"font-weight: 400;\">Revidirano<\/span><\/a><span style=\"font-weight: 400;\"> financijsko izvje\u0161\u0107e za 2015. godinu<\/span><\/li><li style=\"font-weight: 400;\" aria-level=\"1\"><a href=\"http:\/\/ppa.hr\/hr\/wp-content\/uploads\/2016\/09\/ppa_financijsko_izvjesce_za_2014_godinu.pdf\"><span style=\"font-weight: 400;\">Financijsko izvje\u0161\u0107e za 2014. godinu<\/span><\/a><\/li><li style=\"font-weight: 400;\" aria-level=\"1\"><a href=\"http:\/\/ppa.hr\/hr\/wp-content\/uploads\/2016\/09\/LUP_Dodatak_I_Izvjescu_2013-sign.pdf\"><span style=\"font-weight: 400;\">Financijsko izvje\u0161\u0107e za Projekt Integracije, trgovine i transporta za<\/span><\/a><span style=\"font-weight: 400;\"> 2013. godinu<\/span><\/li><li style=\"font-weight: 400;\" aria-level=\"1\"><a href=\"http:\/\/ppa.hr\/hr\/wp-content\/uploads\/2016\/09\/Izvjesce_LUP_2013-sign.pdf\"><span style=\"font-weight: 400;\">Revidirano financijsko izvje\u0161\u0107e za 2013. godinu<\/span><\/a><\/li><\/ul>\t\t\t\t\t\t\t\t<\/div>\n\t\t\t\t\t<\/div>\n\t\t<\/div>\n\t\t\t\t\t<\/div>\n\t\t<\/section>\n\t\t\t\t<\/div>\n\t\t","protected":false},"excerpt":{"rendered":"<p>Po\u010detna \/ Javna nabava \/ Strategije, programi, planovi i izvje\u0161\u0107a Bilje\u0161ke uz financijske izvje\u0161taje razine 11 za I \u2013 XII 2025 ( DOCX ) Obrasci_financijskih_izvjestaja_v_8.3.0 ( XLSX ) EU izvjestaj po izvorima financiranja v8.3.0 ( XLSX ) Financijski izvje\u0161taji za razdoblje 1.1.-31.12.2024. godine (\u00a0 PDF i XLSX ) Financijski izvje\u0161taji za razdoblje 1.1.-31.12.2023. godine ( [&hellip;]<\/p>\n","protected":false},"author":1,"featured_media":0,"parent":0,"menu_order":0,"comment_status":"closed","ping_status":"closed","template":"elementor_header_footer","meta":{"footnotes":""},"class_list":["post-1160","page","type-page","status-publish","hentry"],"_links":{"self":[{"href":"https:\/\/www.ppa.hr\/hr_\/wp-json\/wp\/v2\/pages\/1160","targetHints":{"allow":["GET"]}}],"collection":[{"href":"https:\/\/www.ppa.hr\/hr_\/wp-json\/wp\/v2\/pages"}],"about":[{"href":"https:\/\/www.ppa.hr\/hr_\/wp-json\/wp\/v2\/types\/page"}],"author":[{"embeddable":true,"href":"https:\/\/www.ppa.hr\/hr_\/wp-json\/wp\/v2\/users\/1"}],"replies":[{"embeddable":true,"href":"https:\/\/www.ppa.hr\/hr_\/wp-json\/wp\/v2\/comments?post=1160"}],"version-history":[{"count":26,"href":"https:\/\/www.ppa.hr\/hr_\/wp-json\/wp\/v2\/pages\/1160\/revisions"}],"predecessor-version":[{"id":2697,"href":"https:\/\/www.ppa.hr\/hr_\/wp-json\/wp\/v2\/pages\/1160\/revisions\/2697"}],"wp:attachment":[{"href":"https:\/\/www.ppa.hr\/hr_\/wp-json\/wp\/v2\/media?parent=1160"}],"curies":[{"name":"wp","href":"https:\/\/api.w.org\/{rel}","templated":true}]}}