{"id":1158,"date":"2025-03-17T19:47:57","date_gmt":"2025-03-17T19:47:57","guid":{"rendered":"https:\/\/lup.studioidearium.com\/?page_id=1158"},"modified":"2025-03-27T17:18:34","modified_gmt":"2025-03-27T17:18:34","slug":"obrasci-za-davanje-koncesija","status":"publish","type":"page","link":"https:\/\/www.ppa.hr\/hr_\/obrasci-za-davanje-koncesija\/","title":{"rendered":"Obrasci za davanje koncesija"},"content":{"rendered":"\t\t<div data-elementor-type=\"wp-page\" data-elementor-id=\"1158\" class=\"elementor elementor-1158\" data-elementor-post-type=\"page\">\n\t\t\t\t\t\t<section class=\"elementor-section elementor-top-section elementor-element elementor-element-340cbae elementor-section-height-min-height elementor-section-items-bottom elementor-section-boxed elementor-section-height-default\" data-id=\"340cbae\" data-element_type=\"section\" data-e-type=\"section\" data-settings=\"{&quot;background_background&quot;:&quot;classic&quot;}\">\n\t\t\t\t\t\t\t<div class=\"elementor-background-overlay\"><\/div>\n\t\t\t\t\t\t\t<div class=\"elementor-container elementor-column-gap-default\">\n\t\t\t\t\t<div class=\"elementor-column elementor-col-100 elementor-top-column elementor-element elementor-element-7431588\" data-id=\"7431588\" data-element_type=\"column\" data-e-type=\"column\">\n\t\t\t<div class=\"elementor-widget-wrap elementor-element-populated\">\n\t\t\t\t\t\t<div class=\"elementor-element elementor-element-fae64a2 elementor-widget elementor-widget-text-editor\" data-id=\"fae64a2\" data-element_type=\"widget\" data-e-type=\"widget\" data-widget_type=\"text-editor.default\">\n\t\t\t\t\t\t\t\t\t<p><a href=\"#\">Po\u010detna<\/a> \/ <span style=\"font-weight: 400;\">Koncesije \/ Obrasci za davanje koncesija<\/span><\/p>\t\t\t\t\t\t\t\t<\/div>\n\t\t\t\t\t<\/div>\n\t\t<\/div>\n\t\t\t\t\t<\/div>\n\t\t<\/section>\n\t\t\t\t<section class=\"elementor-section elementor-top-section elementor-element elementor-element-cf383e8 elementor-section-boxed elementor-section-height-default elementor-section-height-default\" data-id=\"cf383e8\" data-element_type=\"section\" data-e-type=\"section\" data-settings=\"{&quot;background_background&quot;:&quot;classic&quot;}\">\n\t\t\t\t\t\t<div class=\"elementor-container elementor-column-gap-default\">\n\t\t\t\t\t<div class=\"elementor-column elementor-col-50 elementor-top-column elementor-element elementor-element-a21cec3\" data-id=\"a21cec3\" data-element_type=\"column\" data-e-type=\"column\">\n\t\t\t<div class=\"elementor-widget-wrap elementor-element-populated\">\n\t\t\t\t\t\t<div class=\"elementor-element elementor-element-a781c79 elementor-widget elementor-widget-text-editor\" data-id=\"a781c79\" data-element_type=\"widget\" data-e-type=\"widget\" data-widget_type=\"text-editor.default\">\n\t\t\t\t\t\t\t\t\t<h6><b>OBRAZAC\u00a0 \u2013 ZAHTJEV ZA DAVANJE KONCESIJE ZA OBAVLJANJE DJELATNOSTI<\/b><\/h6><p><span style=\"font-weight: 400;\">\u00a0<\/span><span style=\"font-weight: 400;\">Za obavljanje djelatnosti:<\/span><\/p><ul><li style=\"font-weight: 400;\" aria-level=\"1\"><span style=\"font-weight: 400;\">opskrbe plovnih objekata gorivom,<\/span><\/li><li style=\"font-weight: 400;\" aria-level=\"1\"><span style=\"font-weight: 400;\">opskrbe plovnih objekata robama i uslugama,<\/span><\/li><li style=\"font-weight: 400;\" aria-level=\"1\"><span style=\"font-weight: 400;\">pru\u017eanja usluga putnicima,<\/span><\/li><li style=\"font-weight: 400;\" aria-level=\"1\"><span style=\"font-weight: 400;\">pru\u017eanja usluge dizanja i spu\u0161tanja plovnih objekata u more,<\/span><\/li><li style=\"font-weight: 400;\" aria-level=\"1\"><span style=\"font-weight: 400;\">kontrole koli\u010dine i kakvo\u0107e robe,<\/span><\/li><li style=\"font-weight: 400;\" aria-level=\"1\"><span style=\"font-weight: 400;\">prihvata i otprema krutog otpada s pomorskih objekata,<\/span><\/li><li style=\"font-weight: 400;\" aria-level=\"1\"><span style=\"font-weight: 400;\">prihvat i otprema teku\u0107eg otpada s pomorskih objekata,<\/span><\/li><li style=\"font-weight: 400;\" aria-level=\"1\"><span style=\"font-weight: 400;\">drugih gospodarskih djelatnosti koje se obavljaju u lukama i koje su neposredno u funkciji obavljanja osnovnih lu\u010dkih djelatnosti i s njima su u logisti\u010dkoj, tehnolo\u0161koj ili ekonomskoj svezi,<\/span><\/li><\/ul><p><span style=\"font-weight: 400;\">\u00a0<\/span><\/p><p><span style=\"font-weight: 400;\">potrebno je ishoditi koncesiju od nadle\u017ene lu\u010dke uprave na na\u010din da se dostavi ispunjeni\u00a0<\/span><a href=\"https:\/\/www.ppa.hr\/hr\/wp-content\/uploads\/2024\/05\/Obrazac-Zahtjeva-za-davanje-koncesije.docx\" data-wplink-edit=\"true\"><span style=\"font-weight: 400;\">ZAHTJEV<\/span><\/a><span style=\"font-weight: 400;\">, zajedno sa svim pripadaju\u0107im privitcima, na adresu Lu\u010dke uprave Plo\u010de, nakon \u010dega \u0107e Povjerenstvo za ocjenu zahtjeva za davanje koncesije ocijeniti predmetni zahtjev. Po isho\u0111enju pozitivne ocjene zahtjeva, povjerenstvo \u0107e ravnatelju Lu\u010dke uprave Plo\u010de predlo\u017eiti sklapanje ugovora o koncesiji, koji se mo\u017ee sklopiti nakon dono\u0161enja Odluke Upravnog vije\u0107a Lu\u010dke uprave Plo\u010de o davanju koncesije za obavljanje djelatnosti.<\/span><\/p>\t\t\t\t\t\t\t\t<\/div>\n\t\t\t\t<div class=\"elementor-element elementor-element-79134a2 elementor-widget elementor-widget-button\" data-id=\"79134a2\" data-element_type=\"widget\" data-e-type=\"widget\" data-widget_type=\"button.default\">\n\t\t\t\t\t\t\t\t\t\t<a class=\"elementor-button elementor-button-link elementor-size-sm\" href=\"https:\/\/www.ppa.hr\/hr\/wp-content\/uploads\/2024\/05\/Obrazac-Zahtjeva-za-davanje-koncesije.docx\">\n\t\t\t\t\t\t<span class=\"elementor-button-content-wrapper\">\n\t\t\t\t\t\t\t\t\t<span class=\"elementor-button-text\">PREUZMITE ZAHTJEV<\/span>\n\t\t\t\t\t<\/span>\n\t\t\t\t\t<\/a>\n\t\t\t\t\t\t\t\t<\/div>\n\t\t\t\t\t<\/div>\n\t\t<\/div>\n\t\t\t\t<div class=\"elementor-column elementor-col-50 elementor-top-column elementor-element elementor-element-9c60828 animated-slow elementor-invisible\" data-id=\"9c60828\" data-element_type=\"column\" data-e-type=\"column\" data-settings=\"{&quot;animation&quot;:&quot;fadeInRight&quot;}\">\n\t\t\t<div class=\"elementor-widget-wrap elementor-element-populated\">\n\t\t\t\t\t\t<div class=\"elementor-element elementor-element-15e1c7c elementor-widget elementor-widget-image\" data-id=\"15e1c7c\" data-element_type=\"widget\" data-e-type=\"widget\" data-widget_type=\"image.default\">\n\t\t\t\t\t\t\t\t\t\t\t\t\t\t\t<img fetchpriority=\"high\" decoding=\"async\" width=\"1200\" height=\"674\" src=\"https:\/\/www.ppa.hr\/hr_\/wp-content\/uploads\/2025\/03\/Lucka_uprava_Ploce_419.jpg\" class=\"attachment-full size-full wp-image-1959\" alt=\"\" srcset=\"https:\/\/www.ppa.hr\/hr_\/wp-content\/uploads\/2025\/03\/Lucka_uprava_Ploce_419.jpg 1200w, https:\/\/www.ppa.hr\/hr_\/wp-content\/uploads\/2025\/03\/Lucka_uprava_Ploce_419-300x169.jpg 300w, https:\/\/www.ppa.hr\/hr_\/wp-content\/uploads\/2025\/03\/Lucka_uprava_Ploce_419-1024x575.jpg 1024w, https:\/\/www.ppa.hr\/hr_\/wp-content\/uploads\/2025\/03\/Lucka_uprava_Ploce_419-768x431.jpg 768w\" sizes=\"(max-width: 1200px) 100vw, 1200px\" \/>\t\t\t\t\t\t\t\t\t\t\t\t\t\t\t<\/div>\n\t\t\t\t<div class=\"elementor-element elementor-element-88b4fc0 elementor-widget elementor-widget-spacer\" data-id=\"88b4fc0\" data-element_type=\"widget\" data-e-type=\"widget\" data-widget_type=\"spacer.default\">\n\t\t\t\t\t\t\t<div class=\"elementor-spacer\">\n\t\t\t<div class=\"elementor-spacer-inner\"><\/div>\n\t\t<\/div>\n\t\t\t\t\t\t<\/div>\n\t\t\t\t\t<\/div>\n\t\t<\/div>\n\t\t\t\t\t<\/div>\n\t\t<\/section>\n\t\t\t\t<\/div>\n\t\t","protected":false},"excerpt":{"rendered":"<p>Po\u010detna \/ Koncesije \/ Obrasci za davanje koncesija OBRAZAC\u00a0 \u2013 ZAHTJEV ZA DAVANJE KONCESIJE ZA OBAVLJANJE DJELATNOSTI \u00a0Za obavljanje djelatnosti: opskrbe plovnih objekata gorivom, opskrbe plovnih objekata robama i uslugama, pru\u017eanja usluga putnicima, pru\u017eanja usluge dizanja i spu\u0161tanja plovnih objekata u more, kontrole koli\u010dine i kakvo\u0107e robe, prihvata i otprema krutog otpada s pomorskih objekata, [&hellip;]<\/p>\n","protected":false},"author":1,"featured_media":0,"parent":0,"menu_order":0,"comment_status":"closed","ping_status":"closed","template":"elementor_header_footer","meta":{"footnotes":""},"class_list":["post-1158","page","type-page","status-publish","hentry"],"_links":{"self":[{"href":"https:\/\/www.ppa.hr\/hr_\/wp-json\/wp\/v2\/pages\/1158","targetHints":{"allow":["GET"]}}],"collection":[{"href":"https:\/\/www.ppa.hr\/hr_\/wp-json\/wp\/v2\/pages"}],"about":[{"href":"https:\/\/www.ppa.hr\/hr_\/wp-json\/wp\/v2\/types\/page"}],"author":[{"embeddable":true,"href":"https:\/\/www.ppa.hr\/hr_\/wp-json\/wp\/v2\/users\/1"}],"replies":[{"embeddable":true,"href":"https:\/\/www.ppa.hr\/hr_\/wp-json\/wp\/v2\/comments?post=1158"}],"version-history":[{"count":10,"href":"https:\/\/www.ppa.hr\/hr_\/wp-json\/wp\/v2\/pages\/1158\/revisions"}],"predecessor-version":[{"id":2054,"href":"https:\/\/www.ppa.hr\/hr_\/wp-json\/wp\/v2\/pages\/1158\/revisions\/2054"}],"wp:attachment":[{"href":"https:\/\/www.ppa.hr\/hr_\/wp-json\/wp\/v2\/media?parent=1158"}],"curies":[{"name":"wp","href":"https:\/\/api.w.org\/{rel}","templated":true}]}}