{"id":1154,"date":"2025-03-17T19:46:42","date_gmt":"2025-03-17T19:46:42","guid":{"rendered":"https:\/\/lup.studioidearium.com\/?page_id=1154"},"modified":"2025-03-24T22:02:56","modified_gmt":"2025-03-24T22:02:56","slug":"pravni-okvir","status":"publish","type":"page","link":"https:\/\/www.ppa.hr\/hr_\/pravni-okvir\/","title":{"rendered":"Pravni okvir"},"content":{"rendered":"\t\t<div data-elementor-type=\"wp-page\" data-elementor-id=\"1154\" class=\"elementor elementor-1154\" data-elementor-post-type=\"page\">\n\t\t\t\t\t\t<section class=\"elementor-section elementor-top-section elementor-element elementor-element-4d3a0e78 elementor-section-height-min-height elementor-section-items-bottom elementor-section-boxed elementor-section-height-default\" data-id=\"4d3a0e78\" data-element_type=\"section\" data-e-type=\"section\" data-settings=\"{&quot;background_background&quot;:&quot;classic&quot;}\">\n\t\t\t\t\t\t\t<div class=\"elementor-background-overlay\"><\/div>\n\t\t\t\t\t\t\t<div class=\"elementor-container elementor-column-gap-default\">\n\t\t\t\t\t<div class=\"elementor-column elementor-col-100 elementor-top-column elementor-element elementor-element-6db6f722\" data-id=\"6db6f722\" data-element_type=\"column\" data-e-type=\"column\">\n\t\t\t<div class=\"elementor-widget-wrap elementor-element-populated\">\n\t\t\t\t\t\t<div class=\"elementor-element elementor-element-44fef3a1 elementor-widget elementor-widget-text-editor\" data-id=\"44fef3a1\" data-element_type=\"widget\" data-e-type=\"widget\" data-widget_type=\"text-editor.default\">\n\t\t\t\t\t\t\t\t\t<p><a href=\"#\">Po\u010detna<\/a> \/ <span style=\"font-weight: 400;\">Koncesije \/ Pravni okvir<\/span><\/p>\t\t\t\t\t\t\t\t<\/div>\n\t\t\t\t\t<\/div>\n\t\t<\/div>\n\t\t\t\t\t<\/div>\n\t\t<\/section>\n\t\t\t\t<section class=\"elementor-section elementor-top-section elementor-element elementor-element-274316fa elementor-section-boxed elementor-section-height-default elementor-section-height-default\" data-id=\"274316fa\" data-element_type=\"section\" data-e-type=\"section\" data-settings=\"{&quot;background_background&quot;:&quot;classic&quot;}\">\n\t\t\t\t\t\t<div class=\"elementor-container elementor-column-gap-default\">\n\t\t\t\t\t<div class=\"elementor-column elementor-col-100 elementor-top-column elementor-element elementor-element-3e005789\" data-id=\"3e005789\" data-element_type=\"column\" data-e-type=\"column\" data-settings=\"{&quot;background_background&quot;:&quot;classic&quot;}\">\n\t\t\t<div class=\"elementor-widget-wrap elementor-element-populated\">\n\t\t\t\t\t\t<div class=\"elementor-element elementor-element-2a55f6be elementor-widget elementor-widget-text-editor\" data-id=\"2a55f6be\" data-element_type=\"widget\" data-e-type=\"widget\" data-widget_type=\"text-editor.default\">\n\t\t\t\t\t\t\t\t\t<p><span style=\"font-weight: 400;\">Zakon o pomorskom dobru i morskim lukama (\u00bbNarodne novine\u00ab, br. 83\/23) <\/span><span style=\"font-weight: 400;\">(link)<\/span><\/p><p><span style=\"font-weight: 400;\">Zakon o koncesijama (\u00bbNarodne novine\u00ab, br. 69\/17) <\/span><span style=\"font-weight: 400;\">(link)<\/span><\/p><p><a href=\"https:\/\/narodne-novine.nn.hr\/clanci\/sluzbeni\/2020_10_107_2006.html\"><span style=\"font-weight: 400;\">Zakon o izmjenama i dopunama Zakona o koncesijama ((\u00bbNarodne novine\u00ab, br. 107\/20)<\/span><\/a><\/p><p><span style=\"font-weight: 400;\">Sukladno \u010dlanku 107. Zakona o pomorskom dobru i morskim lukama (\u00bbNarodne novine\u00ab, br. 83\/23),<\/span><\/p><p><span style=\"font-weight: 400;\">lu\u010dke djelatnosti se dijele na osnovne lu\u010dke djelatnosti i pomo\u0107ne lu\u010dke djelatnosti.<\/span><\/p><p>\u00a0<\/p><p><span style=\"font-weight: 400;\">Osnovne lu\u010dke djelatnosti su:<\/span><\/p><ol><li><span style=\"font-weight: 400;\"> privez i odvez plovnih i plutaju\u0107ih objekata i hidroaviona<\/span><\/li><li><span style=\"font-weight: 400;\"> ukrcaj i iskrcaj te prekrcaj i prijenos tereta i njegovo skladi\u0161tenje<\/span><\/li><li><span style=\"font-weight: 400;\"> ukrcaj i iskrcaj putnika uz upotrebu lu\u010dke prekrcajne opreme<\/span><\/li><li><span style=\"font-weight: 400;\"> ukrcaj i iskrcaj motornih vozila uz upotrebu lu\u010dke prekrcajne opreme<\/span><\/li><li><span style=\"font-weight: 400;\"> lu\u010dko tegljenje i potiskivanje<\/span><\/li><li><span style=\"font-weight: 400;\"> opskrba plovnih objekata robom i uslugama<\/span><\/li><li><span style=\"font-weight: 400;\"> pru\u017eanje usluga putnicima putem terminala (osiguranje sanitarnog \u010dvora, prostora za \u010dekanje, garderobe, ugostiteljskih usluga, prostora za kupnju karata i sl.)<\/span><\/li><li><span style=\"font-weight: 400;\"> prihvat i predaja svih vrsta otpada s pomorskih objekata osobi koja obavlja djelatnost gospodarenja otpadom, sukladno propisu kojim se ure\u0111uje gospodarenje otpadom<\/span><\/li><li><span style=\"font-weight: 400;\"> opskrba plovnih objekata gorivom<\/span><\/li><li><span style=\"font-weight: 400;\"> opskrba plovnih objekata vodom i energijom.<\/span><\/li><\/ol><p>\u00a0<\/p><p><span style=\"font-weight: 400;\">Pomo\u0107ne lu\u010dke djelatnosti su:<\/span><\/p><ol><li><span style=\"font-weight: 400;\"> gospodarske djelatnosti koje se obavljaju u lukama i koje su neposredno u funkciji obavljanja osnovnih lu\u010dkih djelatnosti i s njima su u logisti\u010dkoj, tehnolo\u0161koj ili ekonomskoj vezi (fumigacija i deratizacija, pranje brodske robe, pomorske agencije, otpreme (\u0161pedicije), zastupanja u carinskim i poreznim postupcima, poslovi kontrole koli\u010dine i kakvo\u0107e robe te ostale djelatnosti isporuke dobara i pru\u017eanja usluga manjeg opsega)<\/span><\/li><li><span style=\"font-weight: 400;\"> gospodarske djelatnosti koje se obavljaju u lukama, a nisu neposredno u funkciji obavljanja osnovnih lu\u010dkih djelatnosti.<\/span><\/li><\/ol><p>\u00a0<\/p><p><span style=\"font-weight: 400;\">Koncesija za obavljanje lu\u010dkih djelatnosti iz \u010dlanka 107. Zakona o pomorskom dobru i morskim lukama a koja obuhva\u0107a pravo isklju\u010divog kori\u0161tenja izgra\u0111ene lu\u010dke podgradnje i nadgradnje i\/ili pravo na gradnju nove lu\u010dke podgradnje i nadgradnje stje\u010de se na temelju provedenog postupka dodjele koncesije na pomorskom dobru na temelju javnog prikupljanja ponuda.<\/span><\/p><p><span style=\"font-weight: 400;\">Koncesija za obavljanje lu\u010dkih djelatnosti iz \u010dlanka 107. stavaka 2. i 3. ovoga Zakona koja ne zahtijeva isklju\u010divo kori\u0161tenje izgra\u0111ene lu\u010dke podgradnje i nadgradnje niti gradnju nove lu\u010dke podgradnje i nadgradnje stje\u010de se na temelju provedenog postupka dodjele koncesije na pomorskom dobru daje se na Zahtjev gospodarskog subjekta.<\/span><\/p>\t\t\t\t\t\t\t\t<\/div>\n\t\t\t\t\t<\/div>\n\t\t<\/div>\n\t\t\t\t\t<\/div>\n\t\t<\/section>\n\t\t\t\t<\/div>\n\t\t","protected":false},"excerpt":{"rendered":"<p>Po\u010detna \/ Koncesije \/ Pravni okvir Zakon o pomorskom dobru i morskim lukama (\u00bbNarodne novine\u00ab, br. 83\/23) (link) Zakon o koncesijama (\u00bbNarodne novine\u00ab, br. 69\/17) (link) Zakon o izmjenama i dopunama Zakona o koncesijama ((\u00bbNarodne novine\u00ab, br. 107\/20) Sukladno \u010dlanku 107. Zakona o pomorskom dobru i morskim lukama (\u00bbNarodne novine\u00ab, br. 83\/23), lu\u010dke djelatnosti se [&hellip;]<\/p>\n","protected":false},"author":1,"featured_media":0,"parent":0,"menu_order":0,"comment_status":"closed","ping_status":"closed","template":"elementor_header_footer","meta":{"footnotes":""},"class_list":["post-1154","page","type-page","status-publish","hentry"],"_links":{"self":[{"href":"https:\/\/www.ppa.hr\/hr_\/wp-json\/wp\/v2\/pages\/1154","targetHints":{"allow":["GET"]}}],"collection":[{"href":"https:\/\/www.ppa.hr\/hr_\/wp-json\/wp\/v2\/pages"}],"about":[{"href":"https:\/\/www.ppa.hr\/hr_\/wp-json\/wp\/v2\/types\/page"}],"author":[{"embeddable":true,"href":"https:\/\/www.ppa.hr\/hr_\/wp-json\/wp\/v2\/users\/1"}],"replies":[{"embeddable":true,"href":"https:\/\/www.ppa.hr\/hr_\/wp-json\/wp\/v2\/comments?post=1154"}],"version-history":[{"count":8,"href":"https:\/\/www.ppa.hr\/hr_\/wp-json\/wp\/v2\/pages\/1154\/revisions"}],"predecessor-version":[{"id":2505,"href":"https:\/\/www.ppa.hr\/hr_\/wp-json\/wp\/v2\/pages\/1154\/revisions\/2505"}],"wp:attachment":[{"href":"https:\/\/www.ppa.hr\/hr_\/wp-json\/wp\/v2\/media?parent=1154"}],"curies":[{"name":"wp","href":"https:\/\/api.w.org\/{rel}","templated":true}]}}