{"id":1152,"date":"2025-03-17T19:46:30","date_gmt":"2025-03-17T19:46:30","guid":{"rendered":"https:\/\/lup.studioidearium.com\/?page_id=1152"},"modified":"2026-02-09T11:57:59","modified_gmt":"2026-02-09T11:57:59","slug":"najava-ulaska-vozila-i-osoba-na-lucko-podrucje","status":"publish","type":"page","link":"https:\/\/www.ppa.hr\/hr_\/najava-ulaska-vozila-i-osoba-na-lucko-podrucje\/","title":{"rendered":"Najava ulaska vozila i osoba na lu\u010dko podru\u010dje"},"content":{"rendered":"\t\t<div data-elementor-type=\"wp-page\" data-elementor-id=\"1152\" class=\"elementor elementor-1152\" data-elementor-post-type=\"page\">\n\t\t\t\t\t\t<section class=\"elementor-section elementor-top-section elementor-element elementor-element-26553c3 elementor-section-height-min-height elementor-section-items-bottom elementor-section-boxed elementor-section-height-default\" data-id=\"26553c3\" data-element_type=\"section\" data-e-type=\"section\" data-settings=\"{&quot;background_background&quot;:&quot;classic&quot;}\">\n\t\t\t\t\t\t\t<div class=\"elementor-background-overlay\"><\/div>\n\t\t\t\t\t\t\t<div class=\"elementor-container elementor-column-gap-default\">\n\t\t\t\t\t<div class=\"elementor-column elementor-col-100 elementor-top-column elementor-element elementor-element-795895bf\" data-id=\"795895bf\" data-element_type=\"column\" data-e-type=\"column\">\n\t\t\t<div class=\"elementor-widget-wrap elementor-element-populated\">\n\t\t\t\t\t\t<div class=\"elementor-element elementor-element-47897cde elementor-widget elementor-widget-text-editor\" data-id=\"47897cde\" data-element_type=\"widget\" data-e-type=\"widget\" data-widget_type=\"text-editor.default\">\n\t\t\t\t\t\t\t\t\t<p><a href=\"#\">Po\u010detna<\/a> \/ Centar usluga \/ <span style=\"font-weight: 400;\">Kopneni promet<\/span><span style=\"font-weight: 400;\">\u00a0\/ Najava ulaska vozila i osoba na lu\u010dko podru\u010dje<\/span><\/p>\t\t\t\t\t\t\t\t<\/div>\n\t\t\t\t\t<\/div>\n\t\t<\/div>\n\t\t\t\t\t<\/div>\n\t\t<\/section>\n\t\t\t\t<section class=\"elementor-section elementor-top-section elementor-element elementor-element-478d880 elementor-section-boxed elementor-section-height-default elementor-section-height-default\" data-id=\"478d880\" data-element_type=\"section\" data-e-type=\"section\" data-settings=\"{&quot;background_background&quot;:&quot;classic&quot;}\">\n\t\t\t\t\t\t<div class=\"elementor-container elementor-column-gap-default\">\n\t\t\t\t\t<div class=\"elementor-column elementor-col-50 elementor-top-column elementor-element elementor-element-7c985a1\" data-id=\"7c985a1\" data-element_type=\"column\" data-e-type=\"column\">\n\t\t\t<div class=\"elementor-widget-wrap elementor-element-populated\">\n\t\t\t\t\t\t<div class=\"elementor-element elementor-element-334cd61 elementor-widget elementor-widget-text-editor\" data-id=\"334cd61\" data-element_type=\"widget\" data-e-type=\"widget\" data-widget_type=\"text-editor.default\">\n\t\t\t\t\t\t\t\t\t<span style=\"font-weight: 400;\">Ulazak vozila na lu\u010dko podru\u010dje mogu\u0107 je temeljem dostave najave ulaska. Ovisno o vrsti vozila, najava za ulaz mo\u017ee se dostaviti putem informacijskog sustava Port Community System PCS (za sada samo za teretna vozila) ili putem pisanih najava elektroni\u010dkim putem (e-mail).<\/span>\n\n<span style=\"font-weight: 400;\">Sve najave ulaska vozila putem e-po\u0161te potrebno je dostaviti:<\/span>\n<ul>\n \t<li><span style=\"font-weight: 400;\">nadle\u017enim slu\u017ebama Lu\u010dke uprave Plo\u010de \u2013 Lu\u010dkom kontrolnom centru (<\/span><a href=\"mailto:kontrola.pristupa@ppa.hr\"><span style=\"font-weight: 400;\">kontrola.pristupa@ppa.hr<\/span><\/a><span style=\"font-weight: 400;\">) i Uredu za izdavanje dozvola (<\/span><a href=\"mailto:izdavanje.dozvola@ppa.hr\"><span style=\"font-weight: 400;\">izdavanje.dozvola@ppa.hr<\/span><\/a><span style=\"font-weight: 400;\">) te<\/span><\/li>\n \t<li><span style=\"font-weight: 400;\">za\u0161titarskoj slu\u017ebi Lu\u010dka sigurnost d.o.o. (<\/span><a href=\"mailto:lucka.sigurnost@ppa.hr\"><span style=\"font-weight: 400;\">lucka.sigurnost@ppa.hr<\/span><\/a><span style=\"font-weight: 400;\">).<\/span><\/li>\n<\/ul>\n<span style=\"font-weight: 400;\">Ulazak osoba na lu\u010dko podru\u010dje se omogu\u0107ava temeljem najave elektroni\u010dkim putem. Sve najave ulaska osoba putem e-po\u0161te potrebno je dostaviti:<\/span>\n<ul>\n \t<li><span style=\"font-weight: 400;\">Lu\u010dkom kontrolnom centru (<\/span><a href=\"mailto:kontrola.pristupa@ppa.hr\"><span style=\"font-weight: 400;\">kontrola.pristupa@ppa.hr<\/span><\/a><span style=\"font-weight: 400;\">)<\/span><\/li>\n \t<li><span style=\"font-weight: 400;\">za\u0161titarskoj slu\u017ebi Lu\u010dka sigurnost d.o.o. (<\/span><a href=\"mailto:lucka.sigurnost@ppa.hr\"><span style=\"font-weight: 400;\">lucka.sigurnost@ppa.hr<\/span><\/a><span style=\"font-weight: 400;\">).<\/span><\/li>\n \t<li><span style=\"font-weight: 400;\">MUP (pomgp.ploce@mup.hr)<\/span><\/li>\n<\/ul>\n<span style=\"font-weight: 400;\">Detaljne upute mo\u017eete prona\u0107i na sljede\u0107im poveznicama:<\/span>\n<ul>\n \t<li><a href=\"https:\/\/www.ppa.hr\/hr_\/wp-content\/uploads\/2023\/06\/NAJAVA-ULAZAKA-VOZILA-U-LU%C4%8CKO-PODRU%C4%8CJE-2023.pdf\"><span style=\"font-weight: 400;\">https:\/\/www.ppa.hr\/hr\/wp-content\/uploads\/2023\/06\/NAJAVA-ULAZAKA-VOZILA-U-LU%C4%8CKO-PODRU%C4%8CJE-2023.pdf<\/span><\/a><\/li>\n \t<li><a href=\"https:\/\/www.ppa.hr\/hr_\/wp-content\/uploads\/2016\/04\/Zahtjevi-za-kretanje-i-zadr%C5%BEavanje-na-podru%C4%8Dju-grani%C4%8Dnog-prijelaza-Luke-Plo%C4%8De-ID-kartice-OSOBE-TRAJNE-I-PRIVREMENE-2.pdf\"><span style=\"font-weight: 400;\">https:\/\/www.ppa.hr\/hr\/wp-content\/uploads\/2016\/04\/Zahtjevi-za-kretanje-i-zadr%C5%BEavanje-na-podru%C4%8Dju-grani%C4%8Dnog-prijelaza-Luke-Plo%C4%8De-ID-kartice-OSOBE-TRAJNE-I-PRIVREMENE-2.pdf<\/span><\/a><\/li>\n \t<li><a href=\"https:\/\/www.ppa.hr\/hr_\/wp-content\/uploads\/2016\/04\/ZAHTJEV-2-POSJETITELJI.pdf\"><span style=\"font-weight: 400;\">https:\/\/www.ppa.hr\/hr\/wp-content\/uploads\/2016\/04\/ZAHTJEV-2-POSJETITELJI.pdf<\/span><\/a><\/li>\n<\/ul>\t\t\t\t\t\t\t\t<\/div>\n\t\t\t\t\t<\/div>\n\t\t<\/div>\n\t\t\t\t<div class=\"elementor-column elementor-col-50 elementor-top-column elementor-element elementor-element-bc41926 animated-slow elementor-invisible\" data-id=\"bc41926\" data-element_type=\"column\" data-e-type=\"column\" data-settings=\"{&quot;animation&quot;:&quot;fadeInRight&quot;}\">\n\t\t\t<div class=\"elementor-widget-wrap elementor-element-populated\">\n\t\t\t\t\t\t<div class=\"elementor-element elementor-element-1cac7a9 elementor-widget elementor-widget-image\" data-id=\"1cac7a9\" data-element_type=\"widget\" data-e-type=\"widget\" data-widget_type=\"image.default\">\n\t\t\t\t\t\t\t\t\t\t\t\t\t\t\t<img fetchpriority=\"high\" decoding=\"async\" width=\"1200\" height=\"800\" src=\"https:\/\/www.ppa.hr\/hr_\/wp-content\/uploads\/2025\/03\/Lucka_uprava_Ploce_473.jpg\" class=\"attachment-full size-full wp-image-2019\" alt=\"\" srcset=\"https:\/\/www.ppa.hr\/hr_\/wp-content\/uploads\/2025\/03\/Lucka_uprava_Ploce_473.jpg 1200w, https:\/\/www.ppa.hr\/hr_\/wp-content\/uploads\/2025\/03\/Lucka_uprava_Ploce_473-300x200.jpg 300w, https:\/\/www.ppa.hr\/hr_\/wp-content\/uploads\/2025\/03\/Lucka_uprava_Ploce_473-1024x683.jpg 1024w, https:\/\/www.ppa.hr\/hr_\/wp-content\/uploads\/2025\/03\/Lucka_uprava_Ploce_473-768x512.jpg 768w\" sizes=\"(max-width: 1200px) 100vw, 1200px\" \/>\t\t\t\t\t\t\t\t\t\t\t\t\t\t\t<\/div>\n\t\t\t\t<div class=\"elementor-element elementor-element-24f5fb0 elementor-widget elementor-widget-spacer\" data-id=\"24f5fb0\" data-element_type=\"widget\" data-e-type=\"widget\" data-widget_type=\"spacer.default\">\n\t\t\t\t\t\t\t<div class=\"elementor-spacer\">\n\t\t\t<div class=\"elementor-spacer-inner\"><\/div>\n\t\t<\/div>\n\t\t\t\t\t\t<\/div>\n\t\t\t\t\t<\/div>\n\t\t<\/div>\n\t\t\t\t\t<\/div>\n\t\t<\/section>\n\t\t\t\t<\/div>\n\t\t","protected":false},"excerpt":{"rendered":"<p>Po\u010detna \/ Centar usluga \/ Kopneni promet\u00a0\/ Najava ulaska vozila i osoba na lu\u010dko podru\u010dje Ulazak vozila na lu\u010dko podru\u010dje mogu\u0107 je temeljem dostave najave ulaska. Ovisno o vrsti vozila, najava za ulaz mo\u017ee se dostaviti putem informacijskog sustava Port Community System PCS (za sada samo za teretna vozila) ili putem pisanih najava elektroni\u010dkim putem [&hellip;]<\/p>\n","protected":false},"author":1,"featured_media":0,"parent":0,"menu_order":0,"comment_status":"closed","ping_status":"closed","template":"elementor_header_footer","meta":{"footnotes":""},"class_list":["post-1152","page","type-page","status-publish","hentry"],"_links":{"self":[{"href":"https:\/\/www.ppa.hr\/hr_\/wp-json\/wp\/v2\/pages\/1152","targetHints":{"allow":["GET"]}}],"collection":[{"href":"https:\/\/www.ppa.hr\/hr_\/wp-json\/wp\/v2\/pages"}],"about":[{"href":"https:\/\/www.ppa.hr\/hr_\/wp-json\/wp\/v2\/types\/page"}],"author":[{"embeddable":true,"href":"https:\/\/www.ppa.hr\/hr_\/wp-json\/wp\/v2\/users\/1"}],"replies":[{"embeddable":true,"href":"https:\/\/www.ppa.hr\/hr_\/wp-json\/wp\/v2\/comments?post=1152"}],"version-history":[{"count":10,"href":"https:\/\/www.ppa.hr\/hr_\/wp-json\/wp\/v2\/pages\/1152\/revisions"}],"predecessor-version":[{"id":2615,"href":"https:\/\/www.ppa.hr\/hr_\/wp-json\/wp\/v2\/pages\/1152\/revisions\/2615"}],"wp:attachment":[{"href":"https:\/\/www.ppa.hr\/hr_\/wp-json\/wp\/v2\/media?parent=1152"}],"curies":[{"name":"wp","href":"https:\/\/api.w.org\/{rel}","templated":true}]}}