{"id":1148,"date":"2025-03-17T19:45:18","date_gmt":"2025-03-17T19:45:18","guid":{"rendered":"https:\/\/lup.studioidearium.com\/?page_id=1148"},"modified":"2025-03-27T17:13:59","modified_gmt":"2025-03-27T17:13:59","slug":"zastita-okolisa","status":"publish","type":"page","link":"https:\/\/www.ppa.hr\/hr_\/zastita-okolisa\/","title":{"rendered":"Za\u0161tita okoli\u0161a"},"content":{"rendered":"\t\t<div data-elementor-type=\"wp-page\" data-elementor-id=\"1148\" class=\"elementor elementor-1148\" data-elementor-post-type=\"page\">\n\t\t\t\t\t\t<section class=\"elementor-section elementor-top-section elementor-element elementor-element-b8db8dc elementor-section-height-min-height elementor-section-items-bottom elementor-section-boxed elementor-section-height-default\" data-id=\"b8db8dc\" data-element_type=\"section\" data-e-type=\"section\" data-settings=\"{&quot;background_background&quot;:&quot;classic&quot;}\">\n\t\t\t\t\t\t\t<div class=\"elementor-background-overlay\"><\/div>\n\t\t\t\t\t\t\t<div class=\"elementor-container elementor-column-gap-default\">\n\t\t\t\t\t<div class=\"elementor-column elementor-col-100 elementor-top-column elementor-element elementor-element-2a23155\" data-id=\"2a23155\" data-element_type=\"column\" data-e-type=\"column\">\n\t\t\t<div class=\"elementor-widget-wrap elementor-element-populated\">\n\t\t\t\t\t\t<div class=\"elementor-element elementor-element-f8ee039 elementor-widget elementor-widget-text-editor\" data-id=\"f8ee039\" data-element_type=\"widget\" data-e-type=\"widget\" data-widget_type=\"text-editor.default\">\n\t\t\t\t\t\t\t\t\t<p><a href=\"#\">Po\u010detna<\/a> \/ <span style=\"font-weight: 400;\">Centar usluga \/ Pomorstvo \/ Za\u0161tita okoli\u0161a<\/span><\/p>\t\t\t\t\t\t\t\t<\/div>\n\t\t\t\t\t<\/div>\n\t\t<\/div>\n\t\t\t\t\t<\/div>\n\t\t<\/section>\n\t\t\t\t<section class=\"elementor-section elementor-top-section elementor-element elementor-element-6e74267 elementor-section-boxed elementor-section-height-default elementor-section-height-default\" data-id=\"6e74267\" data-element_type=\"section\" data-e-type=\"section\" data-settings=\"{&quot;background_background&quot;:&quot;classic&quot;}\">\n\t\t\t\t\t\t<div class=\"elementor-container elementor-column-gap-default\">\n\t\t\t\t\t<div class=\"elementor-column elementor-col-50 elementor-top-column elementor-element elementor-element-0823599\" data-id=\"0823599\" data-element_type=\"column\" data-e-type=\"column\">\n\t\t\t<div class=\"elementor-widget-wrap elementor-element-populated\">\n\t\t\t\t\t\t<div class=\"elementor-element elementor-element-238d048 elementor-widget elementor-widget-text-editor\" data-id=\"238d048\" data-element_type=\"widget\" data-e-type=\"widget\" data-widget_type=\"text-editor.default\">\n\t\t\t\t\t\t\t\t\t<p>Za\u0161tita okoli\u0161a na podru\u010dju luke Plo\u010de va\u017ean je aspekt u o\u010duvanju prirodnih resursa i odr\u017eivom razvoju regije. Luka Plo\u010de jedno je od klju\u010dnih prometnih \u010dvori\u0161ta u Hrvatskoj, te kao takva ima zna\u010dajan ekonomski, ali i ekolo\u0161ki utjecaj na okolinu.&nbsp;<\/p><p>Zahtijeva suradnju izme\u0111u dr\u017eavnih institucija, lokalnih vlasti, privatnog sektora i civilnog dru\u0161tva kako bi se osigurao balans izme\u0111u gospodarskog razvoja i o\u010duvanja prirodnih resursa za budu\u0107e generacije. Odr\u017eivi pristup razvoju i ekolo\u0161koj za\u0161titi klju\u010dan je za o\u010duvanje identiteta i dugoro\u010dnu odr\u017eivost regije.<\/p>\t\t\t\t\t\t\t\t<\/div>\n\t\t\t\t\t<\/div>\n\t\t<\/div>\n\t\t\t\t<div class=\"elementor-column elementor-col-50 elementor-top-column elementor-element elementor-element-3c727d2 animated-slow elementor-invisible\" data-id=\"3c727d2\" data-element_type=\"column\" data-e-type=\"column\" data-settings=\"{&quot;animation&quot;:&quot;fadeInRight&quot;}\">\n\t\t\t<div class=\"elementor-widget-wrap elementor-element-populated\">\n\t\t\t\t\t\t<div class=\"elementor-element elementor-element-276f051 elementor-widget elementor-widget-image\" data-id=\"276f051\" data-element_type=\"widget\" data-e-type=\"widget\" data-widget_type=\"image.default\">\n\t\t\t\t\t\t\t\t\t\t\t\t\t\t\t<img fetchpriority=\"high\" decoding=\"async\" width=\"1875\" height=\"1055\" src=\"https:\/\/www.ppa.hr\/hr_\/wp-content\/uploads\/2025\/03\/207520794_1765976503602749_2238025550465081736_n.jpg\" class=\"attachment-full size-full wp-image-2041\" alt=\"\" srcset=\"https:\/\/www.ppa.hr\/hr_\/wp-content\/uploads\/2025\/03\/207520794_1765976503602749_2238025550465081736_n.jpg 1875w, https:\/\/www.ppa.hr\/hr_\/wp-content\/uploads\/2025\/03\/207520794_1765976503602749_2238025550465081736_n-300x169.jpg 300w, https:\/\/www.ppa.hr\/hr_\/wp-content\/uploads\/2025\/03\/207520794_1765976503602749_2238025550465081736_n-1024x576.jpg 1024w, https:\/\/www.ppa.hr\/hr_\/wp-content\/uploads\/2025\/03\/207520794_1765976503602749_2238025550465081736_n-768x432.jpg 768w, https:\/\/www.ppa.hr\/hr_\/wp-content\/uploads\/2025\/03\/207520794_1765976503602749_2238025550465081736_n-1536x864.jpg 1536w\" sizes=\"(max-width: 1875px) 100vw, 1875px\" \/>\t\t\t\t\t\t\t\t\t\t\t\t\t\t\t<\/div>\n\t\t\t\t<div class=\"elementor-element elementor-element-1dfb120 elementor-widget elementor-widget-spacer\" data-id=\"1dfb120\" data-element_type=\"widget\" data-e-type=\"widget\" data-widget_type=\"spacer.default\">\n\t\t\t\t\t\t\t<div class=\"elementor-spacer\">\n\t\t\t<div class=\"elementor-spacer-inner\"><\/div>\n\t\t<\/div>\n\t\t\t\t\t\t<\/div>\n\t\t\t\t\t<\/div>\n\t\t<\/div>\n\t\t\t\t\t<\/div>\n\t\t<\/section>\n\t\t\t\t<\/div>\n\t\t","protected":false},"excerpt":{"rendered":"<p>Po\u010detna \/ Centar usluga \/ Pomorstvo \/ Za\u0161tita okoli\u0161a Za\u0161tita okoli\u0161a na podru\u010dju luke Plo\u010de va\u017ean je aspekt u o\u010duvanju prirodnih resursa i odr\u017eivom razvoju regije. Luka Plo\u010de jedno je od klju\u010dnih prometnih \u010dvori\u0161ta u Hrvatskoj, te kao takva ima zna\u010dajan ekonomski, ali i ekolo\u0161ki utjecaj na okolinu.&nbsp; Zahtijeva suradnju izme\u0111u dr\u017eavnih institucija, lokalnih vlasti, [&hellip;]<\/p>\n","protected":false},"author":1,"featured_media":0,"parent":0,"menu_order":0,"comment_status":"closed","ping_status":"closed","template":"elementor_header_footer","meta":{"footnotes":""},"class_list":["post-1148","page","type-page","status-publish","hentry"],"_links":{"self":[{"href":"https:\/\/www.ppa.hr\/hr_\/wp-json\/wp\/v2\/pages\/1148","targetHints":{"allow":["GET"]}}],"collection":[{"href":"https:\/\/www.ppa.hr\/hr_\/wp-json\/wp\/v2\/pages"}],"about":[{"href":"https:\/\/www.ppa.hr\/hr_\/wp-json\/wp\/v2\/types\/page"}],"author":[{"embeddable":true,"href":"https:\/\/www.ppa.hr\/hr_\/wp-json\/wp\/v2\/users\/1"}],"replies":[{"embeddable":true,"href":"https:\/\/www.ppa.hr\/hr_\/wp-json\/wp\/v2\/comments?post=1148"}],"version-history":[{"count":10,"href":"https:\/\/www.ppa.hr\/hr_\/wp-json\/wp\/v2\/pages\/1148\/revisions"}],"predecessor-version":[{"id":2044,"href":"https:\/\/www.ppa.hr\/hr_\/wp-json\/wp\/v2\/pages\/1148\/revisions\/2044"}],"wp:attachment":[{"href":"https:\/\/www.ppa.hr\/hr_\/wp-json\/wp\/v2\/media?parent=1148"}],"curies":[{"name":"wp","href":"https:\/\/api.w.org\/{rel}","templated":true}]}}