{"id":1146,"date":"2025-03-17T19:45:01","date_gmt":"2025-03-17T19:45:01","guid":{"rendered":"https:\/\/lup.studioidearium.com\/?page_id=1146"},"modified":"2025-06-23T13:52:16","modified_gmt":"2025-06-23T13:52:16","slug":"vizir","status":"publish","type":"page","link":"https:\/\/www.ppa.hr\/hr_\/vizir\/","title":{"rendered":"Vizir"},"content":{"rendered":"\t\t<div data-elementor-type=\"wp-page\" data-elementor-id=\"1146\" class=\"elementor elementor-1146\" data-elementor-post-type=\"page\">\n\t\t\t\t\t\t<section class=\"elementor-section elementor-top-section elementor-element elementor-element-ec1e460 elementor-section-height-min-height elementor-section-items-bottom elementor-section-boxed elementor-section-height-default\" data-id=\"ec1e460\" data-element_type=\"section\" data-e-type=\"section\" data-settings=\"{&quot;background_background&quot;:&quot;classic&quot;}\">\n\t\t\t\t\t\t\t<div class=\"elementor-background-overlay\"><\/div>\n\t\t\t\t\t\t\t<div class=\"elementor-container elementor-column-gap-default\">\n\t\t\t\t\t<div class=\"elementor-column elementor-col-100 elementor-top-column elementor-element elementor-element-52e8441\" data-id=\"52e8441\" data-element_type=\"column\" data-e-type=\"column\">\n\t\t\t<div class=\"elementor-widget-wrap elementor-element-populated\">\n\t\t\t\t\t\t<div class=\"elementor-element elementor-element-2983199e elementor-widget elementor-widget-text-editor\" data-id=\"2983199e\" data-element_type=\"widget\" data-e-type=\"widget\" data-widget_type=\"text-editor.default\">\n\t\t\t\t\t\t\t\t\t<p><a href=\"#\">Po\u010detna<\/a> \/ <span style=\"font-weight: 400;\">Pomorski promet \/ Sigurnosna za\u0161tita luke \/ Vizir<\/span><\/p>\t\t\t\t\t\t\t\t<\/div>\n\t\t\t\t\t<\/div>\n\t\t<\/div>\n\t\t\t\t\t<\/div>\n\t\t<\/section>\n\t\t\t\t<section class=\"elementor-section elementor-top-section elementor-element elementor-element-c2c59f4 elementor-section-boxed elementor-section-height-default elementor-section-height-default\" data-id=\"c2c59f4\" data-element_type=\"section\" data-e-type=\"section\" data-settings=\"{&quot;background_background&quot;:&quot;classic&quot;}\">\n\t\t\t\t\t\t<div class=\"elementor-container elementor-column-gap-default\">\n\t\t\t\t\t<div class=\"elementor-column elementor-col-50 elementor-top-column elementor-element elementor-element-54c5a40\" data-id=\"54c5a40\" data-element_type=\"column\" data-e-type=\"column\">\n\t\t\t<div class=\"elementor-widget-wrap elementor-element-populated\">\n\t\t\t\t\t\t<div class=\"elementor-element elementor-element-9e11581 elementor-widget elementor-widget-text-editor\" data-id=\"9e11581\" data-element_type=\"widget\" data-e-type=\"widget\" data-widget_type=\"text-editor.default\">\n\t\t\t\t\t\t\t\t\t<p>Profesionalna vatrogasna postrojba u luci Plo\u010de djeluje jo\u0161 od davne 1982. godine. Do 1998. godine je djelovala kroz sektor Sigurnosti u Luci Plo\u010de dok je preustrojem Luke Plo\u010de svoje djelovanje nastavila u sklopu tvrtke Vizir d.o.o.<\/p><p>Dru\u0161tvo Vizir je osnovala Lu\u010dka uprava Plo\u010de te dijeli udjel u vlasni\u0161tvu zajedno sa koncesionarom Luka Plo\u010de d.d.<\/p><p>Postrojba djeluje isklju\u010divo na lu\u010dkom podru\u010dju i pru\u017ea usluge za za\u0161tite od po\u017eara svim koncesionarima. Osim za\u0161tite od po\u017eara i ga\u0161enja postrojba sudjeluje i u tehni\u010dkim intervencijama (pranje lu\u010dkih povr\u0161ina, skladi\u0161ta, strojeva, dizalica, ispumpavanja, od\u010depljivanja) kao i na osiguranju brodova s lakozapaljivim teku\u0107inama i specijalnim teretima. Tijekom godine imaju stotine tehni\u010dkih intervencija te tek nekoliko manjih po\u017eara koji se registriraju, dok specifi\u010dnost lu\u010dkog podru\u010dja zahtjeva dosta terenskog uvje\u017ebavanja.<\/p><p>Osim djelovanja na lu\u010dkom podru\u010dju, u skladu s propisima koji reguliraju podru\u010dje za\u0161tite od po\u017eara i zakona o vatrogastvu, sura\u0111uju i sa ostalim vatrogasnim postrojbama na podru\u010dju grada Plo\u010da. Temeljem procjene ugro\u017eenosti od po\u017eara i tehnolo\u0161ke eksplozije vatrogasna postrojba Vizir razvrstana je u 1g kategoriju ugro\u017eenosti od po\u017eara.<\/p>\t\t\t\t\t\t\t\t<\/div>\n\t\t\t\t<div class=\"elementor-element elementor-element-bf73cf4 elementor-widget-divider--view-line elementor-widget elementor-widget-divider\" data-id=\"bf73cf4\" data-element_type=\"widget\" data-e-type=\"widget\" data-widget_type=\"divider.default\">\n\t\t\t\t\t\t\t<div class=\"elementor-divider\">\n\t\t\t<span class=\"elementor-divider-separator\">\n\t\t\t\t\t\t<\/span>\n\t\t<\/div>\n\t\t\t\t\t\t<\/div>\n\t\t\t\t<div class=\"elementor-element elementor-element-762c8d9 elementor-widget elementor-widget-text-editor\" data-id=\"762c8d9\" data-element_type=\"widget\" data-e-type=\"widget\" data-widget_type=\"text-editor.default\">\n\t\t\t\t\t\t\t\t\t<p><b style=\"background-color: var( --e-global-color-5927148 ); color: var( --e-global-color-text ); font-family: var( --e-global-typography-text-font-family ), Sans-serif; font-size: var( --e-global-typography-text-font-size );\">Vizir d.o.o.<br \/><\/b><b style=\"background-color: var( --e-global-color-5927148 ); color: var( --e-global-color-text ); font-family: var( --e-global-typography-text-font-family ), Sans-serif; font-size: var( --e-global-typography-text-font-size );\">ZA ZA\u0160TITU OD PO\u017dARA<\/b><\/p><p>Trg kralja Tomislava 21, Plo\u010de 20340<br \/>OIB: 07157125321<br \/>Mail: vizir1@du.t-com.hr<br \/>Tel: + 385 (0)20 603 108\u00a0 \/\u00a0 + 385 (91) 589 6754<br \/>Fax: + 385 (0)20 603 120<\/p>\t\t\t\t\t\t\t\t<\/div>\n\t\t\t\t\t<\/div>\n\t\t<\/div>\n\t\t\t\t<div class=\"elementor-column elementor-col-50 elementor-top-column elementor-element elementor-element-0053dd3 animated-slow elementor-invisible\" data-id=\"0053dd3\" data-element_type=\"column\" data-e-type=\"column\" data-settings=\"{&quot;animation&quot;:&quot;fadeInRight&quot;}\">\n\t\t\t<div class=\"elementor-widget-wrap elementor-element-populated\">\n\t\t\t\t\t\t<div class=\"elementor-element elementor-element-c3e40ca elementor-widget elementor-widget-image\" data-id=\"c3e40ca\" data-element_type=\"widget\" data-e-type=\"widget\" data-widget_type=\"image.default\">\n\t\t\t\t\t\t\t\t\t\t\t\t\t\t\t<img decoding=\"async\" width=\"227\" height=\"196\" src=\"https:\/\/www.ppa.hr\/hr_\/wp-content\/uploads\/2025\/03\/a9e8cbabab0420cd2a248ebee1f83e35.png\" class=\"attachment-full size-full wp-image-1584\" alt=\"\" \/>\t\t\t\t\t\t\t\t\t\t\t\t\t\t\t<\/div>\n\t\t\t\t<div class=\"elementor-element elementor-element-be5384f elementor-widget elementor-widget-spacer\" data-id=\"be5384f\" data-element_type=\"widget\" data-e-type=\"widget\" data-widget_type=\"spacer.default\">\n\t\t\t\t\t\t\t<div class=\"elementor-spacer\">\n\t\t\t<div class=\"elementor-spacer-inner\"><\/div>\n\t\t<\/div>\n\t\t\t\t\t\t<\/div>\n\t\t\t\t\t<\/div>\n\t\t<\/div>\n\t\t\t\t\t<\/div>\n\t\t<\/section>\n\t\t\t\t<\/div>\n\t\t","protected":false},"excerpt":{"rendered":"<p>Po\u010detna \/ Pomorski promet \/ Sigurnosna za\u0161tita luke \/ Vizir Profesionalna vatrogasna postrojba u luci Plo\u010de djeluje jo\u0161 od davne 1982. godine. Do 1998. godine je djelovala kroz sektor Sigurnosti u Luci Plo\u010de dok je preustrojem Luke Plo\u010de svoje djelovanje nastavila u sklopu tvrtke Vizir d.o.o. Dru\u0161tvo Vizir je osnovala Lu\u010dka uprava Plo\u010de te dijeli [&hellip;]<\/p>\n","protected":false},"author":1,"featured_media":0,"parent":0,"menu_order":0,"comment_status":"closed","ping_status":"closed","template":"elementor_header_footer","meta":{"footnotes":""},"class_list":["post-1146","page","type-page","status-publish","hentry"],"_links":{"self":[{"href":"https:\/\/www.ppa.hr\/hr_\/wp-json\/wp\/v2\/pages\/1146","targetHints":{"allow":["GET"]}}],"collection":[{"href":"https:\/\/www.ppa.hr\/hr_\/wp-json\/wp\/v2\/pages"}],"about":[{"href":"https:\/\/www.ppa.hr\/hr_\/wp-json\/wp\/v2\/types\/page"}],"author":[{"embeddable":true,"href":"https:\/\/www.ppa.hr\/hr_\/wp-json\/wp\/v2\/users\/1"}],"replies":[{"embeddable":true,"href":"https:\/\/www.ppa.hr\/hr_\/wp-json\/wp\/v2\/comments?post=1146"}],"version-history":[{"count":25,"href":"https:\/\/www.ppa.hr\/hr_\/wp-json\/wp\/v2\/pages\/1146\/revisions"}],"predecessor-version":[{"id":2464,"href":"https:\/\/www.ppa.hr\/hr_\/wp-json\/wp\/v2\/pages\/1146\/revisions\/2464"}],"wp:attachment":[{"href":"https:\/\/www.ppa.hr\/hr_\/wp-json\/wp\/v2\/media?parent=1146"}],"curies":[{"name":"wp","href":"https:\/\/api.w.org\/{rel}","templated":true}]}}