{"id":1144,"date":"2025-03-17T19:44:44","date_gmt":"2025-03-17T19:44:44","guid":{"rendered":"https:\/\/lup.studioidearium.com\/?page_id=1144"},"modified":"2025-06-23T13:51:26","modified_gmt":"2025-06-23T13:51:26","slug":"lucka-sigurnost","status":"publish","type":"page","link":"https:\/\/www.ppa.hr\/hr_\/lucka-sigurnost\/","title":{"rendered":"Lu\u010dka sigurnost"},"content":{"rendered":"\t\t<div data-elementor-type=\"wp-page\" data-elementor-id=\"1144\" class=\"elementor elementor-1144\" data-elementor-post-type=\"page\">\n\t\t\t\t\t\t<section class=\"elementor-section elementor-top-section elementor-element elementor-element-e3b68d0 elementor-section-height-min-height elementor-section-items-bottom elementor-section-boxed elementor-section-height-default\" data-id=\"e3b68d0\" data-element_type=\"section\" data-e-type=\"section\" data-settings=\"{&quot;background_background&quot;:&quot;classic&quot;}\">\n\t\t\t\t\t\t\t<div class=\"elementor-background-overlay\"><\/div>\n\t\t\t\t\t\t\t<div class=\"elementor-container elementor-column-gap-default\">\n\t\t\t\t\t<div class=\"elementor-column elementor-col-100 elementor-top-column elementor-element elementor-element-0f8453b\" data-id=\"0f8453b\" data-element_type=\"column\" data-e-type=\"column\">\n\t\t\t<div class=\"elementor-widget-wrap elementor-element-populated\">\n\t\t\t\t\t\t<div class=\"elementor-element elementor-element-6b08b61 elementor-widget elementor-widget-text-editor\" data-id=\"6b08b61\" data-element_type=\"widget\" data-e-type=\"widget\" data-widget_type=\"text-editor.default\">\n\t\t\t\t\t\t\t\t\t<p><a href=\"#\">Po\u010detna<\/a> \/ <span style=\"font-weight: 400;\">Pomorski promet \/ Sigurnosna za\u0161tita luke \/ Lu\u010dka sigurnost<\/span><\/p>\t\t\t\t\t\t\t\t<\/div>\n\t\t\t\t\t<\/div>\n\t\t<\/div>\n\t\t\t\t\t<\/div>\n\t\t<\/section>\n\t\t\t\t<section class=\"elementor-section elementor-top-section elementor-element elementor-element-649ca2a elementor-section-boxed elementor-section-height-default elementor-section-height-default\" data-id=\"649ca2a\" data-element_type=\"section\" data-e-type=\"section\" data-settings=\"{&quot;background_background&quot;:&quot;classic&quot;}\">\n\t\t\t\t\t\t<div class=\"elementor-container elementor-column-gap-default\">\n\t\t\t\t\t<div class=\"elementor-column elementor-col-50 elementor-top-column elementor-element elementor-element-b5d4e11\" data-id=\"b5d4e11\" data-element_type=\"column\" data-e-type=\"column\">\n\t\t\t<div class=\"elementor-widget-wrap elementor-element-populated\">\n\t\t\t\t\t\t<div class=\"elementor-element elementor-element-a4b9eae elementor-widget elementor-widget-text-editor\" data-id=\"a4b9eae\" data-element_type=\"widget\" data-e-type=\"widget\" data-widget_type=\"text-editor.default\">\n\t\t\t\t\t\t\t\t\t<p>Lu\u010dka sigurnost d.d. je za\u0161titarska slu\u017eba u vlasni\u0161tvu Lu\u010dke uprave Plo\u010de te Luka Plo\u010de d.d. Njihove osnovne obaveze unutar lu\u010dkog podru\u010dja su pra\u0107enje nadzora kretanja osoba i vozila, provjeru identiteta prilikom ulaska i izlaska iz luke te redovite ophodnje. Uredno vode zapise o svim obavljenim radnjama i poduzimati mjere za za\u0161titu osoba i imovine, uklju\u010duju\u0107i izdavanje upozorenja i zapovijedi za sprje\u010davanje opasnosti.<\/p>\t\t\t\t\t\t\t\t<\/div>\n\t\t\t\t<div class=\"elementor-element elementor-element-8ec4c88 elementor-widget-divider--view-line elementor-widget elementor-widget-divider\" data-id=\"8ec4c88\" data-element_type=\"widget\" data-e-type=\"widget\" data-widget_type=\"divider.default\">\n\t\t\t\t\t\t\t<div class=\"elementor-divider\">\n\t\t\t<span class=\"elementor-divider-separator\">\n\t\t\t\t\t\t<\/span>\n\t\t<\/div>\n\t\t\t\t\t\t<\/div>\n\t\t\t\t<div class=\"elementor-element elementor-element-eca8475 elementor-widget elementor-widget-text-editor\" data-id=\"eca8475\" data-element_type=\"widget\" data-e-type=\"widget\" data-widget_type=\"text-editor.default\">\n\t\t\t\t\t\t\t\t\t<p><span style=\"background-color: var( --e-global-color-5927148 ); color: var( --e-global-color-text ); font-family: var( --e-global-typography-text-font-family ), Sans-serif; font-size: var( --e-global-typography-text-font-size );\"><b>L<\/b><\/span><b style=\"background-color: var( --e-global-color-5927148 ); color: var( --e-global-color-text ); font-family: var( --e-global-typography-text-font-family ), Sans-serif; font-size: var( --e-global-typography-text-font-size );\">u\u010dka sigurnost d.o.o.<\/b><\/p><p><b>ZA ZA\u0160TITU OSOBA I IMOVINE<\/b><br \/>Trg kralja Tomislava 21, Plo\u010de 20340<br \/>OIB: 63972401638<\/p><p>Email: lucka-sigurnost@du.t-com.hr<br \/>Tel: + 385 (0)20 603 179\u00a0 \/ + 385 (99) 299 3130<\/p>\t\t\t\t\t\t\t\t<\/div>\n\t\t\t\t\t<\/div>\n\t\t<\/div>\n\t\t\t\t<div class=\"elementor-column elementor-col-50 elementor-top-column elementor-element elementor-element-96b86f0 animated-slow elementor-invisible\" data-id=\"96b86f0\" data-element_type=\"column\" data-e-type=\"column\" data-settings=\"{&quot;animation&quot;:&quot;fadeInRight&quot;}\">\n\t\t\t<div class=\"elementor-widget-wrap elementor-element-populated\">\n\t\t\t\t\t\t<div class=\"elementor-element elementor-element-5ee4ccd elementor-widget elementor-widget-image\" data-id=\"5ee4ccd\" data-element_type=\"widget\" data-e-type=\"widget\" data-widget_type=\"image.default\">\n\t\t\t\t\t\t\t\t\t\t\t\t\t\t\t<img fetchpriority=\"high\" decoding=\"async\" width=\"500\" height=\"500\" src=\"https:\/\/www.ppa.hr\/hr_\/wp-content\/uploads\/2025\/03\/lucka-sigurnost-ploce.jpg\" class=\"attachment-full size-full wp-image-1599\" alt=\"\" srcset=\"https:\/\/www.ppa.hr\/hr_\/wp-content\/uploads\/2025\/03\/lucka-sigurnost-ploce.jpg 500w, https:\/\/www.ppa.hr\/hr_\/wp-content\/uploads\/2025\/03\/lucka-sigurnost-ploce-300x300.jpg 300w, https:\/\/www.ppa.hr\/hr_\/wp-content\/uploads\/2025\/03\/lucka-sigurnost-ploce-150x150.jpg 150w\" sizes=\"(max-width: 500px) 100vw, 500px\" \/>\t\t\t\t\t\t\t\t\t\t\t\t\t\t\t<\/div>\n\t\t\t\t<div class=\"elementor-element elementor-element-3f09d9e elementor-widget elementor-widget-spacer\" data-id=\"3f09d9e\" data-element_type=\"widget\" data-e-type=\"widget\" data-widget_type=\"spacer.default\">\n\t\t\t\t\t\t\t<div class=\"elementor-spacer\">\n\t\t\t<div class=\"elementor-spacer-inner\"><\/div>\n\t\t<\/div>\n\t\t\t\t\t\t<\/div>\n\t\t\t\t\t<\/div>\n\t\t<\/div>\n\t\t\t\t\t<\/div>\n\t\t<\/section>\n\t\t\t\t<\/div>\n\t\t","protected":false},"excerpt":{"rendered":"<p>Po\u010detna \/ Pomorski promet \/ Sigurnosna za\u0161tita luke \/ Lu\u010dka sigurnost Lu\u010dka sigurnost d.d. je za\u0161titarska slu\u017eba u vlasni\u0161tvu Lu\u010dke uprave Plo\u010de te Luka Plo\u010de d.d. Njihove osnovne obaveze unutar lu\u010dkog podru\u010dja su pra\u0107enje nadzora kretanja osoba i vozila, provjeru identiteta prilikom ulaska i izlaska iz luke te redovite ophodnje. Uredno vode zapise o svim [&hellip;]<\/p>\n","protected":false},"author":1,"featured_media":0,"parent":0,"menu_order":0,"comment_status":"closed","ping_status":"closed","template":"elementor_header_footer","meta":{"footnotes":""},"class_list":["post-1144","page","type-page","status-publish","hentry"],"_links":{"self":[{"href":"https:\/\/www.ppa.hr\/hr_\/wp-json\/wp\/v2\/pages\/1144","targetHints":{"allow":["GET"]}}],"collection":[{"href":"https:\/\/www.ppa.hr\/hr_\/wp-json\/wp\/v2\/pages"}],"about":[{"href":"https:\/\/www.ppa.hr\/hr_\/wp-json\/wp\/v2\/types\/page"}],"author":[{"embeddable":true,"href":"https:\/\/www.ppa.hr\/hr_\/wp-json\/wp\/v2\/users\/1"}],"replies":[{"embeddable":true,"href":"https:\/\/www.ppa.hr\/hr_\/wp-json\/wp\/v2\/comments?post=1144"}],"version-history":[{"count":13,"href":"https:\/\/www.ppa.hr\/hr_\/wp-json\/wp\/v2\/pages\/1144\/revisions"}],"predecessor-version":[{"id":2461,"href":"https:\/\/www.ppa.hr\/hr_\/wp-json\/wp\/v2\/pages\/1144\/revisions\/2461"}],"wp:attachment":[{"href":"https:\/\/www.ppa.hr\/hr_\/wp-json\/wp\/v2\/media?parent=1144"}],"curies":[{"name":"wp","href":"https:\/\/api.w.org\/{rel}","templated":true}]}}