{"id":1142,"date":"2025-03-17T19:44:17","date_gmt":"2025-03-17T19:44:17","guid":{"rendered":"https:\/\/lup.studioidearium.com\/?page_id=1142"},"modified":"2025-03-27T17:07:14","modified_gmt":"2025-03-27T17:07:14","slug":"sigurnosna-zastita-luke","status":"publish","type":"page","link":"https:\/\/www.ppa.hr\/hr_\/sigurnosna-zastita-luke\/","title":{"rendered":"Sigurnosna za\u0161tita luke"},"content":{"rendered":"\t\t<div data-elementor-type=\"wp-page\" data-elementor-id=\"1142\" class=\"elementor elementor-1142\" data-elementor-post-type=\"page\">\n\t\t\t\t\t\t<section class=\"elementor-section elementor-top-section elementor-element elementor-element-3fa8868b elementor-section-height-min-height elementor-section-items-bottom elementor-section-boxed elementor-section-height-default\" data-id=\"3fa8868b\" data-element_type=\"section\" data-e-type=\"section\" data-settings=\"{&quot;background_background&quot;:&quot;classic&quot;}\">\n\t\t\t\t\t\t\t<div class=\"elementor-background-overlay\"><\/div>\n\t\t\t\t\t\t\t<div class=\"elementor-container elementor-column-gap-default\">\n\t\t\t\t\t<div class=\"elementor-column elementor-col-100 elementor-top-column elementor-element elementor-element-20d3b870\" data-id=\"20d3b870\" data-element_type=\"column\" data-e-type=\"column\">\n\t\t\t<div class=\"elementor-widget-wrap elementor-element-populated\">\n\t\t\t\t\t\t<div class=\"elementor-element elementor-element-f3c3adf elementor-widget elementor-widget-text-editor\" data-id=\"f3c3adf\" data-element_type=\"widget\" data-e-type=\"widget\" data-widget_type=\"text-editor.default\">\n\t\t\t\t\t\t\t\t\t<p><a href=\"#\">Po\u010detna<\/a> \/ <span style=\"font-weight: 400;\">Centar usluga \/ Sigurnosna za\u0161tita luke\u00a0<\/span><\/p>\t\t\t\t\t\t\t\t<\/div>\n\t\t\t\t\t<\/div>\n\t\t<\/div>\n\t\t\t\t\t<\/div>\n\t\t<\/section>\n\t\t\t\t<section class=\"elementor-section elementor-top-section elementor-element elementor-element-159bf30 elementor-section-boxed elementor-section-height-default elementor-section-height-default\" data-id=\"159bf30\" data-element_type=\"section\" data-e-type=\"section\" data-settings=\"{&quot;background_background&quot;:&quot;classic&quot;}\">\n\t\t\t\t\t\t<div class=\"elementor-container elementor-column-gap-default\">\n\t\t\t\t\t<div class=\"elementor-column elementor-col-50 elementor-top-column elementor-element elementor-element-6054898\" data-id=\"6054898\" data-element_type=\"column\" data-e-type=\"column\">\n\t\t\t<div class=\"elementor-widget-wrap elementor-element-populated\">\n\t\t\t\t\t\t<div class=\"elementor-element elementor-element-66da0a2 elementor-widget elementor-widget-text-editor\" data-id=\"66da0a2\" data-element_type=\"widget\" data-e-type=\"widget\" data-widget_type=\"text-editor.default\">\n\t\t\t\t\t\t\t\t\t<p>Lu\u010dka uprava Plo\u010de u skladu s me\u0111unarodnim ISPS Pravilnikom o sigurnosti pomorskih brodova i luka osigurava zadovoljavaju\u0107u razinu sigurnosne za\u0161tite luke i lu\u010dkih operativnih podru\u010dja. Posebna pozornost posve\u0107uje se sigurnosnoj za\u0161titi lu\u010dkih operativnih podru\u010dja otvorenih za me\u0111unarodni promet, sukladno SOLAS konvenciji i Dijelu A ISPS Pravilnika. U skladu s Procjenom i Planom sigurnosne za\u0161tite luke uvedene su posebne sigurnosne mjere i protokoli.<\/p><p>Podru\u010dje Luke Plo\u010de, koje je pod nadle\u017eno\u0161\u0107u Lu\u010dke uprave Plo\u010de, podijeljeno je na pet lu\u010dkih operativnih podru\u010dja (LOP-a).<\/p><ol><li>Stara luka<\/li><li>Kontejnerski terminal<\/li><li>Terminal rasutih tereta<\/li><li>Adriatic tank terminals &#8211; ATT<\/li><li>Naftni terminali Federacije<\/li><\/ol>\t\t\t\t\t\t\t\t<\/div>\n\t\t\t\t<div class=\"elementor-element elementor-element-60b3acc elementor-widget-divider--view-line elementor-widget elementor-widget-divider\" data-id=\"60b3acc\" data-element_type=\"widget\" data-e-type=\"widget\" data-widget_type=\"divider.default\">\n\t\t\t\t\t\t\t<div class=\"elementor-divider\">\n\t\t\t<span class=\"elementor-divider-separator\">\n\t\t\t\t\t\t<\/span>\n\t\t<\/div>\n\t\t\t\t\t\t<\/div>\n\t\t\t\t<div class=\"elementor-element elementor-element-b8b45c8 elementor-widget elementor-widget-text-editor\" data-id=\"b8b45c8\" data-element_type=\"widget\" data-e-type=\"widget\" data-widget_type=\"text-editor.default\">\n\t\t\t\t\t\t\t\t\t<p><span style=\"font-family: -apple-system, BlinkMacSystemFont, 'Segoe UI', Roboto, 'Helvetica Neue', Arial, 'Noto Sans', sans-serif, 'Apple Color Emoji', 'Segoe UI Emoji', 'Segoe UI Symbol', 'Noto Color Emoji';\"><b>PSO-Port Security Officer<br><\/b><\/span>Zvonimir Vranki\u0107<br>Mob.no: +385 98 982 6999<br>e-mail: zvonimir.vrankic@ppa.hr<\/p>\t\t\t\t\t\t\t\t<\/div>\n\t\t\t\t\t<\/div>\n\t\t<\/div>\n\t\t\t\t<div class=\"elementor-column elementor-col-50 elementor-top-column elementor-element elementor-element-f8d15d1 animated-slow elementor-invisible\" data-id=\"f8d15d1\" data-element_type=\"column\" data-e-type=\"column\" data-settings=\"{&quot;animation&quot;:&quot;fadeInRight&quot;}\">\n\t\t\t<div class=\"elementor-widget-wrap elementor-element-populated\">\n\t\t\t\t\t\t<div class=\"elementor-element elementor-element-1184430 elementor-widget elementor-widget-image\" data-id=\"1184430\" data-element_type=\"widget\" data-e-type=\"widget\" data-widget_type=\"image.default\">\n\t\t\t\t\t\t\t\t\t\t\t\t\t\t\t<img fetchpriority=\"high\" decoding=\"async\" width=\"932\" height=\"674\" src=\"https:\/\/www.ppa.hr\/hr_\/wp-content\/uploads\/2025\/03\/Lucka_uprava_Ploce_387-e1743077143598.jpg\" class=\"attachment-full size-full wp-image-1889\" alt=\"\" srcset=\"https:\/\/www.ppa.hr\/hr_\/wp-content\/uploads\/2025\/03\/Lucka_uprava_Ploce_387-e1743077143598.jpg 932w, https:\/\/www.ppa.hr\/hr_\/wp-content\/uploads\/2025\/03\/Lucka_uprava_Ploce_387-e1743077143598-300x217.jpg 300w, https:\/\/www.ppa.hr\/hr_\/wp-content\/uploads\/2025\/03\/Lucka_uprava_Ploce_387-e1743077143598-768x555.jpg 768w\" sizes=\"(max-width: 932px) 100vw, 932px\" \/>\t\t\t\t\t\t\t\t\t\t\t\t\t\t\t<\/div>\n\t\t\t\t<div class=\"elementor-element elementor-element-ec84ba0 elementor-widget elementor-widget-spacer\" data-id=\"ec84ba0\" data-element_type=\"widget\" data-e-type=\"widget\" data-widget_type=\"spacer.default\">\n\t\t\t\t\t\t\t<div class=\"elementor-spacer\">\n\t\t\t<div class=\"elementor-spacer-inner\"><\/div>\n\t\t<\/div>\n\t\t\t\t\t\t<\/div>\n\t\t\t\t\t<\/div>\n\t\t<\/div>\n\t\t\t\t\t<\/div>\n\t\t<\/section>\n\t\t\t\t<\/div>\n\t\t","protected":false},"excerpt":{"rendered":"<p>Po\u010detna \/ Centar usluga \/ Sigurnosna za\u0161tita luke\u00a0 Lu\u010dka uprava Plo\u010de u skladu s me\u0111unarodnim ISPS Pravilnikom o sigurnosti pomorskih brodova i luka osigurava zadovoljavaju\u0107u razinu sigurnosne za\u0161tite luke i lu\u010dkih operativnih podru\u010dja. Posebna pozornost posve\u0107uje se sigurnosnoj za\u0161titi lu\u010dkih operativnih podru\u010dja otvorenih za me\u0111unarodni promet, sukladno SOLAS konvenciji i Dijelu A ISPS Pravilnika. U [&hellip;]<\/p>\n","protected":false},"author":1,"featured_media":0,"parent":0,"menu_order":0,"comment_status":"closed","ping_status":"closed","template":"elementor_header_footer","meta":{"footnotes":""},"class_list":["post-1142","page","type-page","status-publish","hentry"],"_links":{"self":[{"href":"https:\/\/www.ppa.hr\/hr_\/wp-json\/wp\/v2\/pages\/1142","targetHints":{"allow":["GET"]}}],"collection":[{"href":"https:\/\/www.ppa.hr\/hr_\/wp-json\/wp\/v2\/pages"}],"about":[{"href":"https:\/\/www.ppa.hr\/hr_\/wp-json\/wp\/v2\/types\/page"}],"author":[{"embeddable":true,"href":"https:\/\/www.ppa.hr\/hr_\/wp-json\/wp\/v2\/users\/1"}],"replies":[{"embeddable":true,"href":"https:\/\/www.ppa.hr\/hr_\/wp-json\/wp\/v2\/comments?post=1142"}],"version-history":[{"count":25,"href":"https:\/\/www.ppa.hr\/hr_\/wp-json\/wp\/v2\/pages\/1142\/revisions"}],"predecessor-version":[{"id":2033,"href":"https:\/\/www.ppa.hr\/hr_\/wp-json\/wp\/v2\/pages\/1142\/revisions\/2033"}],"wp:attachment":[{"href":"https:\/\/www.ppa.hr\/hr_\/wp-json\/wp\/v2\/media?parent=1142"}],"curies":[{"name":"wp","href":"https:\/\/api.w.org\/{rel}","templated":true}]}}