{"id":1138,"date":"2025-03-17T19:43:40","date_gmt":"2025-03-17T19:43:40","guid":{"rendered":"https:\/\/lup.studioidearium.com\/?page_id=1138"},"modified":"2025-03-25T20:28:10","modified_gmt":"2025-03-25T20:28:10","slug":"lucki-kontrolni-centar-ploce-traffic","status":"publish","type":"page","link":"https:\/\/www.ppa.hr\/hr_\/lucki-kontrolni-centar-ploce-traffic\/","title":{"rendered":"Lu\u010dki kontrolni centar\/Plo\u010de Traffic"},"content":{"rendered":"\t\t<div data-elementor-type=\"wp-page\" data-elementor-id=\"1138\" class=\"elementor elementor-1138\" data-elementor-post-type=\"page\">\n\t\t\t\t\t\t<section class=\"elementor-section elementor-top-section elementor-element elementor-element-f340c79 elementor-section-height-min-height elementor-section-items-bottom elementor-section-boxed elementor-section-height-default\" data-id=\"f340c79\" data-element_type=\"section\" data-e-type=\"section\" data-settings=\"{&quot;background_background&quot;:&quot;classic&quot;}\">\n\t\t\t\t\t\t\t<div class=\"elementor-background-overlay\"><\/div>\n\t\t\t\t\t\t\t<div class=\"elementor-container elementor-column-gap-default\">\n\t\t\t\t\t<div class=\"elementor-column elementor-col-100 elementor-top-column elementor-element elementor-element-e5071df\" data-id=\"e5071df\" data-element_type=\"column\" data-e-type=\"column\">\n\t\t\t<div class=\"elementor-widget-wrap elementor-element-populated\">\n\t\t\t\t\t\t<div class=\"elementor-element elementor-element-a28af38 elementor-widget elementor-widget-text-editor\" data-id=\"a28af38\" data-element_type=\"widget\" data-e-type=\"widget\" data-widget_type=\"text-editor.default\">\n\t\t\t\t\t\t\t\t\t<p><a href=\"#\">Po\u010detna<\/a> \/ <span style=\"font-weight: 400;\">Pomorski promet \/ Lu\u010dki kontrolni centar\/Plo\u010de Traffic<\/span><\/p>\t\t\t\t\t\t\t\t<\/div>\n\t\t\t\t\t<\/div>\n\t\t<\/div>\n\t\t\t\t\t<\/div>\n\t\t<\/section>\n\t\t\t\t<section class=\"elementor-section elementor-top-section elementor-element elementor-element-c1e218c elementor-section-boxed elementor-section-height-default elementor-section-height-default\" data-id=\"c1e218c\" data-element_type=\"section\" data-e-type=\"section\" data-settings=\"{&quot;background_background&quot;:&quot;classic&quot;}\">\n\t\t\t\t\t\t<div class=\"elementor-container elementor-column-gap-default\">\n\t\t\t\t\t<div class=\"elementor-column elementor-col-50 elementor-top-column elementor-element elementor-element-76ff816\" data-id=\"76ff816\" data-element_type=\"column\" data-e-type=\"column\">\n\t\t\t<div class=\"elementor-widget-wrap elementor-element-populated\">\n\t\t\t\t\t\t<div class=\"elementor-element elementor-element-7bb57f9 elementor-widget elementor-widget-text-editor\" data-id=\"7bb57f9\" data-element_type=\"widget\" data-e-type=\"widget\" data-widget_type=\"text-editor.default\">\n\t\t\t\t\t\t\t\t\t<p>Samostalna slu\u017eba za pomorski promet, sigurnosnu za\u0161titu luke i za\u0161titu okoli\u0161a kroz<strong> Lu\u010dki kontrolni centar<\/strong> objedinjeno obavlja poslove vezano uz pomorski promet, sigurnosnu za\u0161titu luke i za\u0161titu okoli\u0161a na lu\u010dkom podru\u010dju, kontinuirano 24 sata.<\/p><p>Lu\u010dki kontrolni centar:<\/p><ul><li>\u201eOrganizira operacije uplova\/isplova brodova kroz komunikaciju sa brodovima (VHF ch09), peljarskom i priveziva\u010dkom slu\u017ebom, teglja\u010dima, agentima, Lu\u010dkom Kapetanijom, VTS-om i sl.<\/li><li>Obavlja kontrolu kretanja brodova i vozila, prati siguran uplov\/isplov brodova koriste\u0107i AIS-Automatski identifikacijski sustav, video-nadzor (CCTV) te meteorolo\u0161ke i hidrografske podatke sa Adriatic Sea Aplikacije.<\/li><li>Aktivno sudjeluje u elektroni\u010dkom poslovanju CIMIS sustava pri razmjeni podataka i izdavanju odobrenja brodu u postupku prijave dolaska, boravka, odnosno odlaska broda.<\/li><li>Nadzire rukovanje opasnim tvarima kroz provo\u0111enje sigurnosnih, za\u0161titnih i drugih mjera.<\/li><\/ul>\t\t\t\t\t\t\t\t<\/div>\n\t\t\t\t<div class=\"elementor-element elementor-element-5194b75 elementor-widget-divider--view-line elementor-widget elementor-widget-divider\" data-id=\"5194b75\" data-element_type=\"widget\" data-e-type=\"widget\" data-widget_type=\"divider.default\">\n\t\t\t\t\t\t\t<div class=\"elementor-divider\">\n\t\t\t<span class=\"elementor-divider-separator\">\n\t\t\t\t\t\t<\/span>\n\t\t<\/div>\n\t\t\t\t\t\t<\/div>\n\t\t\t\t<div class=\"elementor-element elementor-element-f8ba65b elementor-widget elementor-widget-text-editor\" data-id=\"f8ba65b\" data-element_type=\"widget\" data-e-type=\"widget\" data-widget_type=\"text-editor.default\">\n\t\t\t\t\t\t\t\t\t<p><strong>Kontakt:<\/strong><br \/>Tel.: +385 20 414 577<br \/>Mob.: +385 99 194 7800<br \/>VHF ch 09<br \/>lkc@ppa.hr<br \/>Radno vrijeme: pon-ned 00:00-24:00<\/p>\t\t\t\t\t\t\t\t<\/div>\n\t\t\t\t\t<\/div>\n\t\t<\/div>\n\t\t\t\t<div class=\"elementor-column elementor-col-50 elementor-top-column elementor-element elementor-element-0efdb60 animated-slow elementor-invisible\" data-id=\"0efdb60\" data-element_type=\"column\" data-e-type=\"column\" data-settings=\"{&quot;animation&quot;:&quot;fadeInRight&quot;}\">\n\t\t\t<div class=\"elementor-widget-wrap elementor-element-populated\">\n\t\t\t\t\t\t<div class=\"elementor-element elementor-element-45d2f86 elementor-widget elementor-widget-image\" data-id=\"45d2f86\" data-element_type=\"widget\" data-e-type=\"widget\" data-widget_type=\"image.default\">\n\t\t\t\t\t\t\t\t\t\t\t\t\t\t\t<img fetchpriority=\"high\" decoding=\"async\" width=\"512\" height=\"250\" src=\"https:\/\/www.ppa.hr\/hr_\/wp-content\/uploads\/2025\/03\/unnamed.png\" class=\"attachment-full size-full wp-image-1643\" alt=\"\" srcset=\"https:\/\/www.ppa.hr\/hr_\/wp-content\/uploads\/2025\/03\/unnamed.png 512w, https:\/\/www.ppa.hr\/hr_\/wp-content\/uploads\/2025\/03\/unnamed-300x146.png 300w\" sizes=\"(max-width: 512px) 100vw, 512px\" \/>\t\t\t\t\t\t\t\t\t\t\t\t\t\t\t<\/div>\n\t\t\t\t<div class=\"elementor-element elementor-element-a02fc9d elementor-widget elementor-widget-spacer\" data-id=\"a02fc9d\" data-element_type=\"widget\" data-e-type=\"widget\" data-widget_type=\"spacer.default\">\n\t\t\t\t\t\t\t<div class=\"elementor-spacer\">\n\t\t\t<div class=\"elementor-spacer-inner\"><\/div>\n\t\t<\/div>\n\t\t\t\t\t\t<\/div>\n\t\t\t\t\t<\/div>\n\t\t<\/div>\n\t\t\t\t\t<\/div>\n\t\t<\/section>\n\t\t\t\t<\/div>\n\t\t","protected":false},"excerpt":{"rendered":"<p>Po\u010detna \/ Pomorski promet \/ Lu\u010dki kontrolni centar\/Plo\u010de Traffic Samostalna slu\u017eba za pomorski promet, sigurnosnu za\u0161titu luke i za\u0161titu okoli\u0161a kroz Lu\u010dki kontrolni centar objedinjeno obavlja poslove vezano uz pomorski promet, sigurnosnu za\u0161titu luke i za\u0161titu okoli\u0161a na lu\u010dkom podru\u010dju, kontinuirano 24 sata. Lu\u010dki kontrolni centar: \u201eOrganizira operacije uplova\/isplova brodova kroz komunikaciju sa brodovima (VHF [&hellip;]<\/p>\n","protected":false},"author":1,"featured_media":0,"parent":0,"menu_order":0,"comment_status":"closed","ping_status":"closed","template":"elementor_header_footer","meta":{"footnotes":""},"class_list":["post-1138","page","type-page","status-publish","hentry"],"_links":{"self":[{"href":"https:\/\/www.ppa.hr\/hr_\/wp-json\/wp\/v2\/pages\/1138","targetHints":{"allow":["GET"]}}],"collection":[{"href":"https:\/\/www.ppa.hr\/hr_\/wp-json\/wp\/v2\/pages"}],"about":[{"href":"https:\/\/www.ppa.hr\/hr_\/wp-json\/wp\/v2\/types\/page"}],"author":[{"embeddable":true,"href":"https:\/\/www.ppa.hr\/hr_\/wp-json\/wp\/v2\/users\/1"}],"replies":[{"embeddable":true,"href":"https:\/\/www.ppa.hr\/hr_\/wp-json\/wp\/v2\/comments?post=1138"}],"version-history":[{"count":7,"href":"https:\/\/www.ppa.hr\/hr_\/wp-json\/wp\/v2\/pages\/1138\/revisions"}],"predecessor-version":[{"id":1653,"href":"https:\/\/www.ppa.hr\/hr_\/wp-json\/wp\/v2\/pages\/1138\/revisions\/1653"}],"wp:attachment":[{"href":"https:\/\/www.ppa.hr\/hr_\/wp-json\/wp\/v2\/media?parent=1138"}],"curies":[{"name":"wp","href":"https:\/\/api.w.org\/{rel}","templated":true}]}}