{"id":1132,"date":"2025-03-17T19:41:15","date_gmt":"2025-03-17T19:41:15","guid":{"rendered":"https:\/\/lup.studioidearium.com\/?page_id=1132"},"modified":"2025-03-27T16:06:24","modified_gmt":"2025-03-27T16:06:24","slug":"luka-metkovic","status":"publish","type":"page","link":"https:\/\/www.ppa.hr\/hr_\/luka-metkovic\/","title":{"rendered":"Luka Metkovi\u0107"},"content":{"rendered":"\t\t<div data-elementor-type=\"wp-page\" data-elementor-id=\"1132\" class=\"elementor elementor-1132\" data-elementor-post-type=\"page\">\n\t\t\t\t\t\t<section class=\"elementor-section elementor-top-section elementor-element elementor-element-5218b31 elementor-section-height-min-height elementor-section-items-bottom elementor-section-boxed elementor-section-height-default\" data-id=\"5218b31\" data-element_type=\"section\" data-e-type=\"section\" data-settings=\"{&quot;background_background&quot;:&quot;classic&quot;}\">\n\t\t\t\t\t\t\t<div class=\"elementor-background-overlay\"><\/div>\n\t\t\t\t\t\t\t<div class=\"elementor-container elementor-column-gap-default\">\n\t\t\t\t\t<div class=\"elementor-column elementor-col-100 elementor-top-column elementor-element elementor-element-f717731\" data-id=\"f717731\" data-element_type=\"column\" data-e-type=\"column\">\n\t\t\t<div class=\"elementor-widget-wrap elementor-element-populated\">\n\t\t\t\t\t\t<div class=\"elementor-element elementor-element-18c719d elementor-widget elementor-widget-text-editor\" data-id=\"18c719d\" data-element_type=\"widget\" data-e-type=\"widget\" data-widget_type=\"text-editor.default\">\n\t\t\t\t\t\t\t\t\t<p><a href=\"#\">Po\u010detna<\/a> \/ <span style=\"font-weight: 400;\">Infrastruktura \/ Luka Metkovi\u0107<\/span><\/p>\t\t\t\t\t\t\t\t<\/div>\n\t\t\t\t\t<\/div>\n\t\t<\/div>\n\t\t\t\t\t<\/div>\n\t\t<\/section>\n\t\t\t\t<section class=\"elementor-section elementor-top-section elementor-element elementor-element-d84be1f elementor-section-boxed elementor-section-height-default elementor-section-height-default\" data-id=\"d84be1f\" data-element_type=\"section\" data-e-type=\"section\" data-settings=\"{&quot;background_background&quot;:&quot;classic&quot;}\">\n\t\t\t\t\t\t<div class=\"elementor-container elementor-column-gap-default\">\n\t\t\t\t\t<div class=\"elementor-column elementor-col-50 elementor-top-column elementor-element elementor-element-0be419d\" data-id=\"0be419d\" data-element_type=\"column\" data-e-type=\"column\">\n\t\t\t<div class=\"elementor-widget-wrap elementor-element-populated\">\n\t\t\t\t\t\t<div class=\"elementor-element elementor-element-e7940e6 elementor-widget elementor-widget-text-editor\" data-id=\"e7940e6\" data-element_type=\"widget\" data-e-type=\"widget\" data-widget_type=\"text-editor.default\">\n\t\t\t\t\t\t\t\t\t<p>Lu\u010dko podru\u010dje kojim upravlja Lu\u010dka uprava Plo\u010de se sastoji od lu\u010dkih bazena Plo\u010de i Metkovi\u0107.<\/p><p>Bazen Metkovi\u0107 obuhva\u0107a podru\u010dje koje se desnom obalom Neretve te se prostire na 27.676,00 m2 i sastoji se od sljede\u0107ih cjelina: ulazno-prihvatni prostor, terminal za cement, terminal za trosku, skladi\u0161ni prostori, obala 3 sa zaobaljem i upravni objekt.<br \/>Za razliku od luke Plo\u010de, koja je luka dr\u017eavnog zna\u010daja, podru\u010dje luke Metkovi\u0107 progla\u0161eno je lukom \u017eupanijskog zna\u010daja.<\/p><p>Ugovorom o prvenstvenoj koncesiji za obavljanje lu\u010dkih djelatnosti i kori\u0161tenje objekata lu\u010dke podgradnje i nadgradnje od 13.08.2005. godine i Ugovorom o produ\u017eenju prvenstvene koncesije (Izgra\u0111eno podru\u010dje \u2013 Postoje\u0107a luka) od 24.05.2010. godine izme\u0111u Lu\u010dke uprave Plo\u010de i koncesionara Luka Plo\u010de d.d., cjelokupno opisano podru\u010dje bazena Metkovi\u0107 dano je u koncesiju do 13.08.2037. godine, te koncesionar ima pravo obavljanja lu\u010dkih i ostalih djelatnosti na cjelokupnom podru\u010dju.<\/p>\t\t\t\t\t\t\t\t<\/div>\n\t\t\t\t\t<\/div>\n\t\t<\/div>\n\t\t\t\t<div class=\"elementor-column elementor-col-50 elementor-top-column elementor-element elementor-element-317be5e animated-slow elementor-invisible\" data-id=\"317be5e\" data-element_type=\"column\" data-e-type=\"column\" data-settings=\"{&quot;animation&quot;:&quot;fadeInRight&quot;}\">\n\t\t\t<div class=\"elementor-widget-wrap elementor-element-populated\">\n\t\t\t\t\t\t<div class=\"elementor-element elementor-element-05464a1 elementor-widget elementor-widget-image\" data-id=\"05464a1\" data-element_type=\"widget\" data-e-type=\"widget\" data-widget_type=\"image.default\">\n\t\t\t\t\t\t\t\t\t\t\t\t\t\t\t<img fetchpriority=\"high\" decoding=\"async\" width=\"1200\" height=\"800\" src=\"https:\/\/www.ppa.hr\/hr_\/wp-content\/uploads\/2025\/03\/Lucka_uprava_Ploce_476.jpg\" class=\"attachment-full size-full wp-image-1883\" alt=\"\" srcset=\"https:\/\/www.ppa.hr\/hr_\/wp-content\/uploads\/2025\/03\/Lucka_uprava_Ploce_476.jpg 1200w, https:\/\/www.ppa.hr\/hr_\/wp-content\/uploads\/2025\/03\/Lucka_uprava_Ploce_476-300x200.jpg 300w, https:\/\/www.ppa.hr\/hr_\/wp-content\/uploads\/2025\/03\/Lucka_uprava_Ploce_476-1024x683.jpg 1024w, https:\/\/www.ppa.hr\/hr_\/wp-content\/uploads\/2025\/03\/Lucka_uprava_Ploce_476-768x512.jpg 768w\" sizes=\"(max-width: 1200px) 100vw, 1200px\" \/>\t\t\t\t\t\t\t\t\t\t\t\t\t\t\t<\/div>\n\t\t\t\t<div class=\"elementor-element elementor-element-824a216 elementor-widget elementor-widget-spacer\" data-id=\"824a216\" data-element_type=\"widget\" data-e-type=\"widget\" data-widget_type=\"spacer.default\">\n\t\t\t\t\t\t\t<div class=\"elementor-spacer\">\n\t\t\t<div class=\"elementor-spacer-inner\"><\/div>\n\t\t<\/div>\n\t\t\t\t\t\t<\/div>\n\t\t\t\t\t<\/div>\n\t\t<\/div>\n\t\t\t\t\t<\/div>\n\t\t<\/section>\n\t\t\t\t<\/div>\n\t\t","protected":false},"excerpt":{"rendered":"<p>Po\u010detna \/ Infrastruktura \/ Luka Metkovi\u0107 Lu\u010dko podru\u010dje kojim upravlja Lu\u010dka uprava Plo\u010de se sastoji od lu\u010dkih bazena Plo\u010de i Metkovi\u0107. Bazen Metkovi\u0107 obuhva\u0107a podru\u010dje koje se desnom obalom Neretve te se prostire na 27.676,00 m2 i sastoji se od sljede\u0107ih cjelina: ulazno-prihvatni prostor, terminal za cement, terminal za trosku, skladi\u0161ni prostori, obala 3 sa [&hellip;]<\/p>\n","protected":false},"author":1,"featured_media":0,"parent":0,"menu_order":0,"comment_status":"closed","ping_status":"closed","template":"elementor_header_footer","meta":{"footnotes":""},"class_list":["post-1132","page","type-page","status-publish","hentry"],"_links":{"self":[{"href":"https:\/\/www.ppa.hr\/hr_\/wp-json\/wp\/v2\/pages\/1132","targetHints":{"allow":["GET"]}}],"collection":[{"href":"https:\/\/www.ppa.hr\/hr_\/wp-json\/wp\/v2\/pages"}],"about":[{"href":"https:\/\/www.ppa.hr\/hr_\/wp-json\/wp\/v2\/types\/page"}],"author":[{"embeddable":true,"href":"https:\/\/www.ppa.hr\/hr_\/wp-json\/wp\/v2\/users\/1"}],"replies":[{"embeddable":true,"href":"https:\/\/www.ppa.hr\/hr_\/wp-json\/wp\/v2\/comments?post=1132"}],"version-history":[{"count":13,"href":"https:\/\/www.ppa.hr\/hr_\/wp-json\/wp\/v2\/pages\/1132\/revisions"}],"predecessor-version":[{"id":2013,"href":"https:\/\/www.ppa.hr\/hr_\/wp-json\/wp\/v2\/pages\/1132\/revisions\/2013"}],"wp:attachment":[{"href":"https:\/\/www.ppa.hr\/hr_\/wp-json\/wp\/v2\/media?parent=1132"}],"curies":[{"name":"wp","href":"https:\/\/api.w.org\/{rel}","templated":true}]}}