{"id":1090,"date":"2025-03-17T12:51:22","date_gmt":"2025-03-17T12:51:22","guid":{"rendered":"https:\/\/lup.studioidearium.com\/?page_id=1090"},"modified":"2025-03-27T16:11:16","modified_gmt":"2025-03-27T16:11:16","slug":"dracevac","status":"publish","type":"page","link":"https:\/\/www.ppa.hr\/hr_\/dracevac\/","title":{"rendered":"Dra\u010devac"},"content":{"rendered":"\t\t<div data-elementor-type=\"wp-page\" data-elementor-id=\"1090\" class=\"elementor elementor-1090\" data-elementor-post-type=\"page\">\n\t\t\t\t\t\t<section class=\"elementor-section elementor-top-section elementor-element elementor-element-59bc467 elementor-section-height-min-height elementor-section-items-bottom elementor-section-boxed elementor-section-height-default\" data-id=\"59bc467\" data-element_type=\"section\" data-e-type=\"section\" data-settings=\"{&quot;background_background&quot;:&quot;classic&quot;}\">\n\t\t\t\t\t\t\t<div class=\"elementor-background-overlay\"><\/div>\n\t\t\t\t\t\t\t<div class=\"elementor-container elementor-column-gap-default\">\n\t\t\t\t\t<div class=\"elementor-column elementor-col-100 elementor-top-column elementor-element elementor-element-60fa797\" data-id=\"60fa797\" data-element_type=\"column\" data-e-type=\"column\">\n\t\t\t<div class=\"elementor-widget-wrap elementor-element-populated\">\n\t\t\t\t\t\t<div class=\"elementor-element elementor-element-498371e elementor-widget elementor-widget-text-editor\" data-id=\"498371e\" data-element_type=\"widget\" data-e-type=\"widget\" data-widget_type=\"text-editor.default\">\n\t\t\t\t\t\t\t\t\t<p><a href=\"#\">Po\u010detna<\/a> \/ Infrastruktura \/ <a href=\"https:\/\/lup.studioidearium.com\/terminali\/\">Terminali<\/a> \/ Dra\u010devac<\/p>\t\t\t\t\t\t\t\t<\/div>\n\t\t\t\t\t<\/div>\n\t\t<\/div>\n\t\t\t\t\t<\/div>\n\t\t<\/section>\n\t\t\t\t<section class=\"elementor-section elementor-top-section elementor-element elementor-element-0efe1b7 elementor-section-boxed elementor-section-height-default elementor-section-height-default\" data-id=\"0efe1b7\" data-element_type=\"section\" data-e-type=\"section\" data-settings=\"{&quot;background_background&quot;:&quot;classic&quot;}\">\n\t\t\t\t\t\t<div class=\"elementor-container elementor-column-gap-default\">\n\t\t\t\t\t<div class=\"elementor-column elementor-col-50 elementor-top-column elementor-element elementor-element-7ae9471\" data-id=\"7ae9471\" data-element_type=\"column\" data-e-type=\"column\">\n\t\t\t<div class=\"elementor-widget-wrap elementor-element-populated\">\n\t\t\t\t\t\t<div class=\"elementor-element elementor-element-ff0f071 elementor-widget elementor-widget-text-editor\" data-id=\"ff0f071\" data-element_type=\"widget\" data-e-type=\"widget\" data-widget_type=\"text-editor.default\">\n\t\t\t\t\t\t\t\t\t<p>Terminal Dra\u010devac je namijenjen za skladi\u0161tenje opasnih tereta. Postrojenje se sastoji od \u010detiri poluukopana skladi\u0161ta s pristupnim cestovnim i \u017eeljezni\u010dkim tunelom, za\u0161titnim zemljanim nasipima i manipulativnom povr\u0161inom.\u00a0<\/p>\n<p>Ukupna povr\u0161ina postrojenja je\u00a0 269.772 m2 a pristup lokaciji mogu\u0107 je s ju\u017ene strane kroz naselje Stablina kroz pristupni tunel i sa sjeverne strane pristupnom cestom koja se spaja na dr\u017eavnu cestu DC8, a koja slu\u017ei kao evakuacijski put. Dio podru\u010dja postrojenja u kojem se nalaze skladi\u0161ta opasnih tvari je sa svih strana okru\u017eeno brdovitim terenom, visina do 150 m. Pristupni tunel s ju\u017ene strane, du\u017eine oko 560 m, namijenjen je cestovnom i \u017eeljezni\u010dkom prometu i kroz isti se odvija promet iz prostora Luke Plo\u010de kroz naselje Stablina, dok se evakuacijski put nalazi na sjevernoj strani. Na svim skladi\u0161tima terminala se 0-24 nalaze za\u0161titari a cjelokupno podru\u010dje postrojenja je pokriveno videonadzor<span style=\"background-color: var( --e-global-color-5927148 ); color: var( --e-global-color-text ); font-family: var( --e-global-typography-text-font-family ), Sans-serif; font-size: var( --e-global-typography-text-font-size ); font-weight: var( --e-global-typography-text-font-weight );\">om.\u00a0<\/span><\/p>\n<p><span style=\"background-color: var( --e-global-color-5927148 ); color: var( --e-global-color-text ); font-family: var( --e-global-typography-text-font-family ), Sans-serif; font-size: var( --e-global-typography-text-font-size ); font-weight: var( --e-global-typography-text-font-weight );\">Dolazak na podru\u010dje Terminala Dra\u010devac je potrebno prethodno najaviti te u slu\u010daju prijevoza opasne tvari dostaviti podatke o teretu, vozilu koje \u0107e ga prevoziti i osobi koja \u0107e upravljati vozilom.<\/span><\/p>\t\t\t\t\t\t\t\t<\/div>\n\t\t\t\t\t<\/div>\n\t\t<\/div>\n\t\t\t\t<div class=\"elementor-column elementor-col-50 elementor-top-column elementor-element elementor-element-d131b5a animated-slow elementor-invisible\" data-id=\"d131b5a\" data-element_type=\"column\" data-e-type=\"column\" data-settings=\"{&quot;animation&quot;:&quot;fadeInRight&quot;}\">\n\t\t\t<div class=\"elementor-widget-wrap elementor-element-populated\">\n\t\t\t\t\t\t<div class=\"elementor-element elementor-element-c99a4d0 elementor-widget elementor-widget-image\" data-id=\"c99a4d0\" data-element_type=\"widget\" data-e-type=\"widget\" data-widget_type=\"image.default\">\n\t\t\t\t\t\t\t\t\t\t\t\t\t\t\t<img fetchpriority=\"high\" decoding=\"async\" width=\"1200\" height=\"799\" src=\"https:\/\/www.ppa.hr\/hr_\/wp-content\/uploads\/2025\/03\/Lucka_uprava_Ploce_421.jpg\" class=\"attachment-full size-full wp-image-2015\" alt=\"\" srcset=\"https:\/\/www.ppa.hr\/hr_\/wp-content\/uploads\/2025\/03\/Lucka_uprava_Ploce_421.jpg 1200w, https:\/\/www.ppa.hr\/hr_\/wp-content\/uploads\/2025\/03\/Lucka_uprava_Ploce_421-300x200.jpg 300w, https:\/\/www.ppa.hr\/hr_\/wp-content\/uploads\/2025\/03\/Lucka_uprava_Ploce_421-1024x682.jpg 1024w, https:\/\/www.ppa.hr\/hr_\/wp-content\/uploads\/2025\/03\/Lucka_uprava_Ploce_421-768x511.jpg 768w\" sizes=\"(max-width: 1200px) 100vw, 1200px\" \/>\t\t\t\t\t\t\t\t\t\t\t\t\t\t\t<\/div>\n\t\t\t\t<div class=\"elementor-element elementor-element-e24361f elementor-widget elementor-widget-spacer\" data-id=\"e24361f\" data-element_type=\"widget\" data-e-type=\"widget\" data-widget_type=\"spacer.default\">\n\t\t\t\t\t\t\t<div class=\"elementor-spacer\">\n\t\t\t<div class=\"elementor-spacer-inner\"><\/div>\n\t\t<\/div>\n\t\t\t\t\t\t<\/div>\n\t\t\t\t\t<\/div>\n\t\t<\/div>\n\t\t\t\t\t<\/div>\n\t\t<\/section>\n\t\t\t\t<\/div>\n\t\t","protected":false},"excerpt":{"rendered":"<p>Po\u010detna \/ Infrastruktura \/ Terminali \/ Dra\u010devac Terminal Dra\u010devac je namijenjen za skladi\u0161tenje opasnih tereta. Postrojenje se sastoji od \u010detiri poluukopana skladi\u0161ta s pristupnim cestovnim i \u017eeljezni\u010dkim tunelom, za\u0161titnim zemljanim nasipima i manipulativnom povr\u0161inom.\u00a0 Ukupna povr\u0161ina postrojenja je\u00a0 269.772 m2 a pristup lokaciji mogu\u0107 je s ju\u017ene strane kroz naselje Stablina kroz pristupni tunel i [&hellip;]<\/p>\n","protected":false},"author":1,"featured_media":2015,"parent":0,"menu_order":0,"comment_status":"closed","ping_status":"closed","template":"elementor_header_footer","meta":{"footnotes":""},"class_list":["post-1090","page","type-page","status-publish","has-post-thumbnail","hentry"],"_links":{"self":[{"href":"https:\/\/www.ppa.hr\/hr_\/wp-json\/wp\/v2\/pages\/1090","targetHints":{"allow":["GET"]}}],"collection":[{"href":"https:\/\/www.ppa.hr\/hr_\/wp-json\/wp\/v2\/pages"}],"about":[{"href":"https:\/\/www.ppa.hr\/hr_\/wp-json\/wp\/v2\/types\/page"}],"author":[{"embeddable":true,"href":"https:\/\/www.ppa.hr\/hr_\/wp-json\/wp\/v2\/users\/1"}],"replies":[{"embeddable":true,"href":"https:\/\/www.ppa.hr\/hr_\/wp-json\/wp\/v2\/comments?post=1090"}],"version-history":[{"count":13,"href":"https:\/\/www.ppa.hr\/hr_\/wp-json\/wp\/v2\/pages\/1090\/revisions"}],"predecessor-version":[{"id":2018,"href":"https:\/\/www.ppa.hr\/hr_\/wp-json\/wp\/v2\/pages\/1090\/revisions\/2018"}],"wp:featuredmedia":[{"embeddable":true,"href":"https:\/\/www.ppa.hr\/hr_\/wp-json\/wp\/v2\/media\/2015"}],"wp:attachment":[{"href":"https:\/\/www.ppa.hr\/hr_\/wp-json\/wp\/v2\/media?parent=1090"}],"curies":[{"name":"wp","href":"https:\/\/api.w.org\/{rel}","templated":true}]}}