{"id":1088,"date":"2025-03-17T12:51:08","date_gmt":"2025-03-17T12:51:08","guid":{"rendered":"https:\/\/lup.studioidearium.com\/?page_id=1088"},"modified":"2025-03-27T18:23:06","modified_gmt":"2025-03-27T18:23:06","slug":"putnicki-terminal","status":"publish","type":"page","link":"https:\/\/www.ppa.hr\/hr_\/putnicki-terminal\/","title":{"rendered":"Putni\u010dki terminal"},"content":{"rendered":"\t\t<div data-elementor-type=\"wp-page\" data-elementor-id=\"1088\" class=\"elementor elementor-1088\" data-elementor-post-type=\"page\">\n\t\t\t\t\t\t<section class=\"elementor-section elementor-top-section elementor-element elementor-element-50be61ae elementor-section-height-min-height elementor-section-items-bottom elementor-section-boxed elementor-section-height-default\" data-id=\"50be61ae\" data-element_type=\"section\" data-e-type=\"section\" data-settings=\"{&quot;background_background&quot;:&quot;video&quot;,&quot;background_video_link&quot;:&quot;https:\\\/\\\/www.youtube.com\\\/watch?v=dy8LpODH-NE&quot;}\">\n\t\t\t\t\t\t\t\t<div class=\"elementor-background-video-container elementor-hidden-mobile\">\n\t\t\t\t\t\t\t\t\t\t\t\t\t<div class=\"elementor-background-video-embed\" role=\"presentation\"><\/div>\n\t\t\t\t\t\t\t\t\t\t\t\t<\/div>\n\t\t\t\t\t\t\t\t\t<div class=\"elementor-background-overlay\"><\/div>\n\t\t\t\t\t\t\t<div class=\"elementor-container elementor-column-gap-default\">\n\t\t\t\t\t<div class=\"elementor-column elementor-col-100 elementor-top-column elementor-element elementor-element-7c71527b\" data-id=\"7c71527b\" data-element_type=\"column\" data-e-type=\"column\">\n\t\t\t<div class=\"elementor-widget-wrap elementor-element-populated\">\n\t\t\t\t\t\t<div class=\"elementor-element elementor-element-8296f01 elementor-widget elementor-widget-text-editor\" data-id=\"8296f01\" data-element_type=\"widget\" data-e-type=\"widget\" data-widget_type=\"text-editor.default\">\n\t\t\t\t\t\t\t\t\t<p><a href=\"#\">Po\u010detna<\/a> \/ Infrastruktura \/ <a href=\"https:\/\/lup.studioidearium.com\/terminali\/\">Terminali<\/a> \/ <span style=\"font-weight: 400;\">Putni\u010dki terminal<\/span><\/p>\t\t\t\t\t\t\t\t<\/div>\n\t\t\t\t\t<\/div>\n\t\t<\/div>\n\t\t\t\t\t<\/div>\n\t\t<\/section>\n\t\t\t\t<section class=\"elementor-section elementor-top-section elementor-element elementor-element-337f73bb elementor-section-boxed elementor-section-height-default elementor-section-height-default\" data-id=\"337f73bb\" data-element_type=\"section\" data-e-type=\"section\" data-settings=\"{&quot;background_background&quot;:&quot;classic&quot;}\">\n\t\t\t\t\t\t<div class=\"elementor-container elementor-column-gap-default\">\n\t\t\t\t\t<div class=\"elementor-column elementor-col-50 elementor-top-column elementor-element elementor-element-141ae8e1\" data-id=\"141ae8e1\" data-element_type=\"column\" data-e-type=\"column\">\n\t\t\t<div class=\"elementor-widget-wrap elementor-element-populated\">\n\t\t\t\t\t\t<div class=\"elementor-element elementor-element-68cd43f elementor-widget elementor-widget-text-editor\" data-id=\"68cd43f\" data-element_type=\"widget\" data-e-type=\"widget\" data-widget_type=\"text-editor.default\">\n\t\t\t\t\t\t\t\t\t<p>Podru\u010dje <strong>putni\u010dkog terminala<\/strong>, obuhva\u0107enog Ugovorom o produ\u017eenju prvenstvene koncesije Luke Plo\u010de d.d., na obalnom dijelu zahva\u0107a podru\u010dje od <strong>10.000,00 m2<\/strong>, koje se prote\u017ee od prvog cestovnog mosta do ograde slobodne zone na po\u010detku obale 0 (\u201eBosanska obala\u201c), a na kopnenom dijelu granicu predstavlja odvodni kanal uz glavnu cestu, izuzev\u0161i koncesionirani prostor benzinske crpke. Putni\u010dki terminal je opremljen trima <strong>RO-RO rampama<\/strong>, \u0161to omogu\u0107uje istovremeno pristajanje tri trajekta.\u00a0<\/p>\n<p>Operator na putni\u010dkom terminalu je dru\u0161tvo <strong>Plo\u010danska plovidba d.o.o.<\/strong>, koji obavlja djelatnosti priveza i odveza brodova, odr\u017eavanja reda, pru\u017eanja ugostiteljskih usluga te raznih ostalih usluga brodovima na terminalu.<\/p>\n<p>Najve\u0107i pojedina\u010dni korisnik usluga putni\u010dkog terminala je <strong>Jadrolinija d.d.<\/strong>, koja odr\u017eava stalnu trajektnu liniju s Trpnjem na Pelje\u0161cu. Ovisno o godi\u0161njem dobu, linija se odr\u017eava 3-4 puta dnevno.<\/p>\t\t\t\t\t\t\t\t<\/div>\n\t\t\t\t\t<\/div>\n\t\t<\/div>\n\t\t\t\t<div class=\"elementor-column elementor-col-50 elementor-top-column elementor-element elementor-element-3597e194 animated-slow elementor-invisible\" data-id=\"3597e194\" data-element_type=\"column\" data-e-type=\"column\" data-settings=\"{&quot;animation&quot;:&quot;fadeInRight&quot;}\">\n\t\t\t<div class=\"elementor-widget-wrap elementor-element-populated\">\n\t\t\t\t\t\t<div class=\"elementor-element elementor-element-5d9b66b2 elementor-widget elementor-widget-image\" data-id=\"5d9b66b2\" data-element_type=\"widget\" data-e-type=\"widget\" data-widget_type=\"image.default\">\n\t\t\t\t\t\t\t\t\t\t\t\t\t\t\t<img fetchpriority=\"high\" decoding=\"async\" width=\"1200\" height=\"674\" src=\"https:\/\/www.ppa.hr\/hr_\/wp-content\/uploads\/2025\/03\/Lucka_uprava_Ploce_417.jpg\" class=\"attachment-full size-full wp-image-1958\" alt=\"\" srcset=\"https:\/\/www.ppa.hr\/hr_\/wp-content\/uploads\/2025\/03\/Lucka_uprava_Ploce_417.jpg 1200w, https:\/\/www.ppa.hr\/hr_\/wp-content\/uploads\/2025\/03\/Lucka_uprava_Ploce_417-300x169.jpg 300w, https:\/\/www.ppa.hr\/hr_\/wp-content\/uploads\/2025\/03\/Lucka_uprava_Ploce_417-1024x575.jpg 1024w, https:\/\/www.ppa.hr\/hr_\/wp-content\/uploads\/2025\/03\/Lucka_uprava_Ploce_417-768x431.jpg 768w\" sizes=\"(max-width: 1200px) 100vw, 1200px\" \/>\t\t\t\t\t\t\t\t\t\t\t\t\t\t\t<\/div>\n\t\t\t\t<div class=\"elementor-element elementor-element-1fb4a55a elementor-widget elementor-widget-spacer\" data-id=\"1fb4a55a\" data-element_type=\"widget\" data-e-type=\"widget\" data-widget_type=\"spacer.default\">\n\t\t\t\t\t\t\t<div class=\"elementor-spacer\">\n\t\t\t<div class=\"elementor-spacer-inner\"><\/div>\n\t\t<\/div>\n\t\t\t\t\t\t<\/div>\n\t\t\t\t\t<\/div>\n\t\t<\/div>\n\t\t\t\t\t<\/div>\n\t\t<\/section>\n\t\t\t\t<\/div>\n\t\t","protected":false},"excerpt":{"rendered":"<p>Po\u010detna \/ Infrastruktura \/ Terminali \/ Putni\u010dki terminal Podru\u010dje putni\u010dkog terminala, obuhva\u0107enog Ugovorom o produ\u017eenju prvenstvene koncesije Luke Plo\u010de d.d., na obalnom dijelu zahva\u0107a podru\u010dje od 10.000,00 m2, koje se prote\u017ee od prvog cestovnog mosta do ograde slobodne zone na po\u010detku obale 0 (\u201eBosanska obala\u201c), a na kopnenom dijelu granicu predstavlja odvodni kanal uz glavnu [&hellip;]<\/p>\n","protected":false},"author":1,"featured_media":1890,"parent":0,"menu_order":0,"comment_status":"closed","ping_status":"closed","template":"elementor_header_footer","meta":{"footnotes":""},"class_list":["post-1088","page","type-page","status-publish","has-post-thumbnail","hentry"],"_links":{"self":[{"href":"https:\/\/www.ppa.hr\/hr_\/wp-json\/wp\/v2\/pages\/1088","targetHints":{"allow":["GET"]}}],"collection":[{"href":"https:\/\/www.ppa.hr\/hr_\/wp-json\/wp\/v2\/pages"}],"about":[{"href":"https:\/\/www.ppa.hr\/hr_\/wp-json\/wp\/v2\/types\/page"}],"author":[{"embeddable":true,"href":"https:\/\/www.ppa.hr\/hr_\/wp-json\/wp\/v2\/users\/1"}],"replies":[{"embeddable":true,"href":"https:\/\/www.ppa.hr\/hr_\/wp-json\/wp\/v2\/comments?post=1088"}],"version-history":[{"count":25,"href":"https:\/\/www.ppa.hr\/hr_\/wp-json\/wp\/v2\/pages\/1088\/revisions"}],"predecessor-version":[{"id":2119,"href":"https:\/\/www.ppa.hr\/hr_\/wp-json\/wp\/v2\/pages\/1088\/revisions\/2119"}],"wp:featuredmedia":[{"embeddable":true,"href":"https:\/\/www.ppa.hr\/hr_\/wp-json\/wp\/v2\/media\/1890"}],"wp:attachment":[{"href":"https:\/\/www.ppa.hr\/hr_\/wp-json\/wp\/v2\/media?parent=1088"}],"curies":[{"name":"wp","href":"https:\/\/api.w.org\/{rel}","templated":true}]}}