{"id":1084,"date":"2025-03-17T12:49:59","date_gmt":"2025-03-17T12:49:59","guid":{"rendered":"https:\/\/lup.studioidearium.com\/?page_id=1084"},"modified":"2025-05-22T21:32:22","modified_gmt":"2025-05-22T21:32:22","slug":"terminal-tekucih-tereta","status":"publish","type":"page","link":"https:\/\/www.ppa.hr\/hr_\/terminal-tekucih-tereta\/","title":{"rendered":"Terminal teku\u0107ih tereta"},"content":{"rendered":"\t\t<div data-elementor-type=\"wp-page\" data-elementor-id=\"1084\" class=\"elementor elementor-1084\" data-elementor-post-type=\"page\">\n\t\t\t\t\t\t<section class=\"elementor-section elementor-top-section elementor-element elementor-element-383139ac elementor-section-height-min-height elementor-section-items-bottom elementor-section-boxed elementor-section-height-default\" data-id=\"383139ac\" data-element_type=\"section\" data-e-type=\"section\" data-settings=\"{&quot;background_background&quot;:&quot;video&quot;,&quot;background_video_link&quot;:&quot;https:\\\/\\\/www.youtube.com\\\/watch?v=upAnIhNGIv0&quot;}\">\n\t\t\t\t\t\t\t\t<div class=\"elementor-background-video-container elementor-hidden-mobile\">\n\t\t\t\t\t\t\t\t\t\t\t\t\t<div class=\"elementor-background-video-embed\" role=\"presentation\"><\/div>\n\t\t\t\t\t\t\t\t\t\t\t\t<\/div>\n\t\t\t\t\t\t\t\t\t<div class=\"elementor-background-overlay\"><\/div>\n\t\t\t\t\t\t\t<div class=\"elementor-container elementor-column-gap-default\">\n\t\t\t\t\t<div class=\"elementor-column elementor-col-100 elementor-top-column elementor-element elementor-element-24a592ea\" data-id=\"24a592ea\" data-element_type=\"column\" data-e-type=\"column\">\n\t\t\t<div class=\"elementor-widget-wrap elementor-element-populated\">\n\t\t\t\t\t\t<div class=\"elementor-element elementor-element-25bf74d7 elementor-widget elementor-widget-text-editor\" data-id=\"25bf74d7\" data-element_type=\"widget\" data-e-type=\"widget\" data-widget_type=\"text-editor.default\">\n\t\t\t\t\t\t\t\t\t<p><a href=\"#\">Po\u010detna<\/a> \/ Infrastruktura \/ <a href=\"https:\/\/lup.studioidearium.com\/terminali\/\">Terminali<\/a> \/ Terminal teku\u0107ih tereta<\/p>\t\t\t\t\t\t\t\t<\/div>\n\t\t\t\t\t<\/div>\n\t\t<\/div>\n\t\t\t\t\t<\/div>\n\t\t<\/section>\n\t\t\t\t<section class=\"elementor-section elementor-top-section elementor-element elementor-element-16d7b44c elementor-section-boxed elementor-section-height-default elementor-section-height-default\" data-id=\"16d7b44c\" data-element_type=\"section\" data-e-type=\"section\" data-settings=\"{&quot;background_background&quot;:&quot;classic&quot;}\">\n\t\t\t\t\t\t<div class=\"elementor-container elementor-column-gap-default\">\n\t\t\t\t\t<div class=\"elementor-column elementor-col-50 elementor-top-column elementor-element elementor-element-18e77c7f\" data-id=\"18e77c7f\" data-element_type=\"column\" data-e-type=\"column\">\n\t\t\t<div class=\"elementor-widget-wrap elementor-element-populated\">\n\t\t\t\t\t\t<div class=\"elementor-element elementor-element-ba5e60b elementor-widget elementor-widget-text-editor\" data-id=\"ba5e60b\" data-element_type=\"widget\" data-e-type=\"widget\" data-widget_type=\"text-editor.default\">\n\t\t\t\t\t\t\t\t\t<p>Operatori terminalima teku\u0107ih tereta na podru\u010dju luke Plo\u010de su Adriatic Tank Terminals d.o.o. (VITTI) i Naftni terminali Federacije d.o.o.<\/p><h5>Adriatic Tank Terminals d.o.o. (VITTI)<\/h5><div>VTTI-jev terminal u Plo\u010dama, u Hrvatskoj rezultat je zajedni\u010dkog ulaganja VTTI-ja i Energia Naturallis Grupe (ENNE). Rije\u010d je o jednom od najva\u017enijih energetskih terminala na Jadranu koji nudi pouzdan uvoz i ponovni izvoz naftnih derivata na Mediteranu.<br \/><br \/><\/div><div>VTTI Hrvatska (ATT) nudi pouzdani uvoz i ponovni izvoz naftnih derivata na Mediteranu. Dodatne usluge uklju\u010duju umje\u0161avanje biokomponente (FAME) u dizelsko gorivo, u skladu s europskim zahtjevima za biodizelskim gorivima.<br \/><br \/><\/div><div>Postoje\u0107i Terminal teku\u0107ih tereta ATT-a se sastoji od spremni\u010dkih prostora kapaciteta 176.000 m3 za naftne derivate uklju\u010duju\u0107i i pripadaju\u0107i manipulativni cjevovod, punili\u0161ta kamionskih cisterni te pretakali\u0161te vagonskih cisterni.<\/div><div>\u00a0<\/div><div>Planirana je izgradnja dodatnih faza kojima bi se ukupni skladi\u0161ni kapacitet podignuo na 361.000 m3 za naftne derivate i 60.000 m3 za ukapljeni naftni plin (UNP) povezana je s izgradnjom novog tankerskog priveza LR-MR klase.<\/div>\t\t\t\t\t\t\t\t<\/div>\n\t\t\t\t\t<\/div>\n\t\t<\/div>\n\t\t\t\t<div class=\"elementor-column elementor-col-50 elementor-top-column elementor-element elementor-element-245bd1b animated-slow elementor-invisible\" data-id=\"245bd1b\" data-element_type=\"column\" data-e-type=\"column\" data-settings=\"{&quot;animation&quot;:&quot;fadeInRight&quot;}\">\n\t\t\t<div class=\"elementor-widget-wrap elementor-element-populated\">\n\t\t\t\t\t\t<div class=\"elementor-element elementor-element-85b443c elementor-pagination-position-outside elementor-widget elementor-widget-image-carousel\" data-id=\"85b443c\" data-element_type=\"widget\" data-e-type=\"widget\" data-settings=\"{&quot;slides_to_show&quot;:&quot;1&quot;,&quot;navigation&quot;:&quot;dots&quot;,&quot;autoplay&quot;:&quot;yes&quot;,&quot;pause_on_hover&quot;:&quot;yes&quot;,&quot;pause_on_interaction&quot;:&quot;yes&quot;,&quot;autoplay_speed&quot;:5000,&quot;infinite&quot;:&quot;yes&quot;,&quot;effect&quot;:&quot;slide&quot;,&quot;speed&quot;:500}\" data-widget_type=\"image-carousel.default\">\n\t\t\t\t\t\t\t<div class=\"elementor-image-carousel-wrapper swiper\" role=\"region\" aria-roledescription=\"carousel\" aria-label=\"Vrtuljak slika\" dir=\"ltr\">\n\t\t\t<div class=\"elementor-image-carousel swiper-wrapper\" aria-live=\"off\">\n\t\t\t\t\t\t\t\t<div class=\"swiper-slide\" role=\"group\" aria-roledescription=\"slide\" aria-label=\"1 od 3\"><figure class=\"swiper-slide-inner\"><img decoding=\"async\" class=\"swiper-slide-image\" src=\"https:\/\/www.ppa.hr\/hr_\/wp-content\/uploads\/2025\/03\/unnamed-21.jpg\" alt=\"unnamed (21)\" \/><\/figure><\/div><div class=\"swiper-slide\" role=\"group\" aria-roledescription=\"slide\" aria-label=\"2 od 3\"><figure class=\"swiper-slide-inner\"><img decoding=\"async\" class=\"swiper-slide-image\" src=\"https:\/\/www.ppa.hr\/hr_\/wp-content\/uploads\/2025\/05\/a07978cf-27e1-4748-915e-c3c7661905b7.jpeg\" alt=\"a07978cf-27e1-4748-915e-c3c7661905b7\" \/><\/figure><\/div><div class=\"swiper-slide\" role=\"group\" aria-roledescription=\"slide\" aria-label=\"3 od 3\"><figure class=\"swiper-slide-inner\"><img decoding=\"async\" class=\"swiper-slide-image\" src=\"https:\/\/www.ppa.hr\/hr_\/wp-content\/uploads\/2025\/05\/9d8606bb-3801-4684-8e53-6622fa8c4014.jpeg\" alt=\"9d8606bb-3801-4684-8e53-6622fa8c4014\" \/><\/figure><\/div>\t\t\t<\/div>\n\t\t\t\t\t\t\t\n\t\t\t\t\t\t\t\t\t<div class=\"swiper-pagination\"><\/div>\n\t\t\t\t\t\t\t\t\t<\/div>\n\t\t\t\t\t\t<\/div>\n\t\t\t\t<div class=\"elementor-element elementor-element-4dd75b4d elementor-widget elementor-widget-spacer\" data-id=\"4dd75b4d\" data-element_type=\"widget\" data-e-type=\"widget\" data-widget_type=\"spacer.default\">\n\t\t\t\t\t\t\t<div class=\"elementor-spacer\">\n\t\t\t<div class=\"elementor-spacer-inner\"><\/div>\n\t\t<\/div>\n\t\t\t\t\t\t<\/div>\n\t\t\t\t\t<\/div>\n\t\t<\/div>\n\t\t\t\t\t<\/div>\n\t\t<\/section>\n\t\t\t\t<section class=\"elementor-section elementor-top-section elementor-element elementor-element-8e8133c elementor-section-boxed elementor-section-height-default elementor-section-height-default\" data-id=\"8e8133c\" data-element_type=\"section\" data-e-type=\"section\" data-settings=\"{&quot;background_background&quot;:&quot;classic&quot;}\">\n\t\t\t\t\t\t<div class=\"elementor-container elementor-column-gap-default\">\n\t\t\t\t\t<div class=\"elementor-column elementor-col-50 elementor-top-column elementor-element elementor-element-db4621f animated-slow elementor-invisible\" data-id=\"db4621f\" data-element_type=\"column\" data-e-type=\"column\" data-settings=\"{&quot;animation&quot;:&quot;fadeInLeft&quot;}\">\n\t\t\t<div class=\"elementor-widget-wrap elementor-element-populated\">\n\t\t\t\t\t\t<div class=\"elementor-element elementor-element-9a7bed7 elementor-widget elementor-widget-image\" data-id=\"9a7bed7\" data-element_type=\"widget\" data-e-type=\"widget\" data-widget_type=\"image.default\">\n\t\t\t\t\t\t\t\t\t\t\t\t\t\t\t<img fetchpriority=\"high\" decoding=\"async\" width=\"316\" height=\"188\" src=\"https:\/\/www.ppa.hr\/hr_\/wp-content\/uploads\/2025\/02\/naslovna.jpg\" class=\"attachment-full size-full wp-image-853\" alt=\"\" srcset=\"https:\/\/www.ppa.hr\/hr_\/wp-content\/uploads\/2025\/02\/naslovna.jpg 316w, https:\/\/www.ppa.hr\/hr_\/wp-content\/uploads\/2025\/02\/naslovna-300x178.jpg 300w\" sizes=\"(max-width: 316px) 100vw, 316px\" \/>\t\t\t\t\t\t\t\t\t\t\t\t\t\t\t<\/div>\n\t\t\t\t<div class=\"elementor-element elementor-element-aebd25d elementor-widget elementor-widget-spacer\" data-id=\"aebd25d\" data-element_type=\"widget\" data-e-type=\"widget\" data-widget_type=\"spacer.default\">\n\t\t\t\t\t\t\t<div class=\"elementor-spacer\">\n\t\t\t<div class=\"elementor-spacer-inner\"><\/div>\n\t\t<\/div>\n\t\t\t\t\t\t<\/div>\n\t\t\t\t\t<\/div>\n\t\t<\/div>\n\t\t\t\t<div class=\"elementor-column elementor-col-50 elementor-top-column elementor-element elementor-element-9e589ec\" data-id=\"9e589ec\" data-element_type=\"column\" data-e-type=\"column\">\n\t\t\t<div class=\"elementor-widget-wrap elementor-element-populated\">\n\t\t\t\t\t\t<div class=\"elementor-element elementor-element-1376ec0 elementor-widget elementor-widget-text-editor\" data-id=\"1376ec0\" data-element_type=\"widget\" data-e-type=\"widget\" data-widget_type=\"text-editor.default\">\n\t\t\t\t\t\t\t\t\t<h5>Naftni terminali Federacije d.o.o.<\/h5>\n<p><span style=\"font-weight: 400;\">Postoje\u0107i\u00a0Terminal teku\u0107ih tereta NTF d.o.o. Plo\u010de\u00a0smje\u0161ten je na podru\u010dju luke Plo\u010de u jugozapadnom podru\u010dju industrijske zone grada. Gra\u0111evine i prostori za skladi\u0161tenje te pretakanje naftnih produkata povr\u0161ine\u00a0150.000 m\u00b2\u00a0pru\u017eaju se usporedno na udaljenosti oko 50 m s desnom obalom kanala Vla\u0161ka \u2013 Jadransko more. Isto\u010dno od ograde terminala smje\u0161teno je brodsko pretakali\u0161te, a svjeverozapadno postrojenja i zgrade luke Plo\u010da. <\/span><span style=\"font-weight: 400;\">Skladi\u0161ni kapaciteti za naftne derivate iznose ukupno\u00a080.000 m3.<\/span><\/p>\t\t\t\t\t\t\t\t<\/div>\n\t\t\t\t\t<\/div>\n\t\t<\/div>\n\t\t\t\t\t<\/div>\n\t\t<\/section>\n\t\t\t\t<section class=\"elementor-section elementor-top-section elementor-element elementor-element-52fc5da9 elementor-section-boxed elementor-section-height-default elementor-section-height-default\" data-id=\"52fc5da9\" data-element_type=\"section\" data-e-type=\"section\" data-settings=\"{&quot;background_background&quot;:&quot;video&quot;,&quot;background_video_link&quot;:&quot;https:\\\/\\\/www.youtube.com\\\/watch?v=upAnIhNGIv0&quot;,&quot;background_privacy_mode&quot;:&quot;yes&quot;}\">\n\t\t\t\t\t\t\t\t<div class=\"elementor-background-video-container elementor-hidden-mobile\">\n\t\t\t\t\t\t\t\t\t\t\t\t\t<div class=\"elementor-background-video-embed\" role=\"presentation\"><\/div>\n\t\t\t\t\t\t\t\t\t\t\t\t<\/div>\n\t\t\t\t\t\t\t\t\t<div class=\"elementor-background-overlay\"><\/div>\n\t\t\t\t\t\t\t<div class=\"elementor-container elementor-column-gap-default\">\n\t\t\t\t\t<div class=\"elementor-column elementor-col-100 elementor-top-column elementor-element elementor-element-3ebe6d36 animated-slow elementor-invisible\" data-id=\"3ebe6d36\" data-element_type=\"column\" data-e-type=\"column\" data-settings=\"{&quot;animation&quot;:&quot;fadeIn&quot;}\">\n\t\t\t<div class=\"elementor-widget-wrap elementor-element-populated\">\n\t\t\t\t\t\t<div class=\"elementor-element elementor-element-abab4f0 elementor-widget elementor-widget-heading\" data-id=\"abab4f0\" data-element_type=\"widget\" data-e-type=\"widget\" data-widget_type=\"heading.default\">\n\t\t\t\t\t<h3 class=\"elementor-heading-title elementor-size-default\">Skladi\u0161ni kapaciteti za naftne derivate<\/h3>\t\t\t\t<\/div>\n\t\t\t\t<div class=\"elementor-element elementor-element-17d12f5e elementor-widget-divider--view-line elementor-widget elementor-widget-divider\" data-id=\"17d12f5e\" data-element_type=\"widget\" data-e-type=\"widget\" data-widget_type=\"divider.default\">\n\t\t\t\t\t\t\t<div class=\"elementor-divider\">\n\t\t\t<span class=\"elementor-divider-separator\">\n\t\t\t\t\t\t<\/span>\n\t\t<\/div>\n\t\t\t\t\t\t<\/div>\n\t\t<div class=\"elementor-element elementor-element-32a45a06 e-grid e-con-boxed e-con e-parent\" data-id=\"32a45a06\" data-element_type=\"container\" data-e-type=\"container\">\n\t\t\t\t\t<div class=\"e-con-inner\">\n\t\t\t\t<div class=\"elementor-element elementor-element-10fca40 elementor-widget elementor-widget-counter\" data-id=\"10fca40\" data-element_type=\"widget\" data-e-type=\"widget\" data-widget_type=\"counter.default\">\n\t\t\t\t\t\t\t<div class=\"elementor-counter\">\n\t\t\t<div class=\"elementor-counter-title\">vtti<\/div>\t\t\t<div class=\"elementor-counter-number-wrapper\">\n\t\t\t\t<span class=\"elementor-counter-number-prefix\"><\/span>\n\t\t\t\t<span class=\"elementor-counter-number\" data-duration=\"2000\" data-to-value=\"176000\" data-from-value=\"0\" data-delimiter=\",\">0<\/span>\n\t\t\t\t<span class=\"elementor-counter-number-suffix\"> m3<\/span>\n\t\t\t<\/div>\n\t\t<\/div>\n\t\t\t\t\t\t<\/div>\n\t\t\t\t<div class=\"elementor-element elementor-element-54c782a6 elementor-widget elementor-widget-counter\" data-id=\"54c782a6\" data-element_type=\"widget\" data-e-type=\"widget\" data-widget_type=\"counter.default\">\n\t\t\t\t\t\t\t<div class=\"elementor-counter\">\n\t\t\t<div class=\"elementor-counter-title\">ntf<\/div>\t\t\t<div class=\"elementor-counter-number-wrapper\">\n\t\t\t\t<span class=\"elementor-counter-number-prefix\"><\/span>\n\t\t\t\t<span class=\"elementor-counter-number\" data-duration=\"2000\" data-to-value=\"80000\" data-from-value=\"0\" data-delimiter=\",\">0<\/span>\n\t\t\t\t<span class=\"elementor-counter-number-suffix\"> m3<\/span>\n\t\t\t<\/div>\n\t\t<\/div>\n\t\t\t\t\t\t<\/div>\n\t\t\t\t\t<\/div>\n\t\t\t\t<\/div>\n\t\t\t\t\t<\/div>\n\t\t<\/div>\n\t\t\t\t\t<\/div>\n\t\t<\/section>\n\t\t\t\t<\/div>\n\t\t","protected":false},"excerpt":{"rendered":"<p>Po\u010detna \/ Infrastruktura \/ Terminali \/ Terminal teku\u0107ih tereta Operatori terminalima teku\u0107ih tereta na podru\u010dju luke Plo\u010de su Adriatic Tank Terminals d.o.o. (VITTI) i Naftni terminali Federacije d.o.o. Adriatic Tank Terminals d.o.o. (VITTI) VTTI-jev terminal u Plo\u010dama, u Hrvatskoj rezultat je zajedni\u010dkog ulaganja VTTI-ja i Energia Naturallis Grupe (ENNE). Rije\u010d je o jednom od najva\u017enijih [&hellip;]<\/p>\n","protected":false},"author":1,"featured_media":0,"parent":0,"menu_order":0,"comment_status":"closed","ping_status":"closed","template":"elementor_header_footer","meta":{"footnotes":""},"class_list":["post-1084","page","type-page","status-publish","hentry"],"_links":{"self":[{"href":"https:\/\/www.ppa.hr\/hr_\/wp-json\/wp\/v2\/pages\/1084","targetHints":{"allow":["GET"]}}],"collection":[{"href":"https:\/\/www.ppa.hr\/hr_\/wp-json\/wp\/v2\/pages"}],"about":[{"href":"https:\/\/www.ppa.hr\/hr_\/wp-json\/wp\/v2\/types\/page"}],"author":[{"embeddable":true,"href":"https:\/\/www.ppa.hr\/hr_\/wp-json\/wp\/v2\/users\/1"}],"replies":[{"embeddable":true,"href":"https:\/\/www.ppa.hr\/hr_\/wp-json\/wp\/v2\/comments?post=1084"}],"version-history":[{"count":16,"href":"https:\/\/www.ppa.hr\/hr_\/wp-json\/wp\/v2\/pages\/1084\/revisions"}],"predecessor-version":[{"id":2176,"href":"https:\/\/www.ppa.hr\/hr_\/wp-json\/wp\/v2\/pages\/1084\/revisions\/2176"}],"wp:attachment":[{"href":"https:\/\/www.ppa.hr\/hr_\/wp-json\/wp\/v2\/media?parent=1084"}],"curies":[{"name":"wp","href":"https:\/\/api.w.org\/{rel}","templated":true}]}}