{"id":3599,"date":"2016-04-07T22:04:30","date_gmt":"2016-04-07T22:04:30","guid":{"rendered":"http:\/\/test.ppa.hr\/?page_id=3599"},"modified":"2016-09-30T07:55:24","modified_gmt":"2016-09-30T07:55:24","slug":"slobodna-zona-luke-ploce","status":"publish","type":"page","link":"https:\/\/www.ppa.hr\/hr\/slobodna-zona-luke-ploce\/","title":{"rendered":"Slobodna zona luke Plo\u010de"},"content":{"rendered":"<p>[et_pb_section admin_label=&#8221;section&#8221;][et_pb_row admin_label=&#8221;row&#8221;][et_pb_column type=&#8221;4_4&#8243;][et_pb_text admin_label=&#8221;Text&#8221; background_layout=&#8221;light&#8221; text_orientation=&#8221;justified&#8221; use_border_color=&#8221;off&#8221; border_color=&#8221;#ffffff&#8221; border_style=&#8221;solid&#8221;]<\/p>\n<div class=\"itemIntroText\">\n<p>Gotovo cijelo lu\u010dko podru\u010dje je istovremeno i podru\u010dje slobodne zone luke Plo\u010de nakon \u0161to je <strong>1999. godine Lu\u010dkoj upravi Plo\u010d<\/strong>e dana suglasnost Vlade Republike Hrvatske za osnivanje slobodne zone na period od 30 godine.<\/p>\n<\/div>\n<div class=\"itemFullText\">\n<p>Na podru\u010dju slobodne zone na povr\u0161ini od <strong>214 ha<\/strong>, sukladno Zakonu o slobodnim zonama, mo\u017ee se obavljati: proizvodnja, dorada, lu\u010dke djelatnosti, trgovina na veliko i posredovanje u trgovini, pru\u017eanje usluga, bankarski i drugi nov\u010dani poslovi, te usluge osiguranja i reosiguranja imovine i osoba.<\/p>\n<p>Atraktivnost slobodne zone luke Plo\u010de za potencijalne investitore zasniva se na sljede\u0107im klju\u010dnim \u010dinjenicama:<\/p>\n<ul>\n<li>geoprometni polo\u017eaj luke Plo\u010de u odnosu na potencijalno tr\u017ei\u0161te (blizina Bosni i Hercegovini i dr\u017eavama EU, posebice Italiji i zemljama Srednje Europe);<\/li>\n<li>u\u0161teda na tro\u0161kovima kopnenog prijevoza;<\/li>\n<li>postojanje izgra\u0111ene infrastrukture na lu\u010dkom podru\u010dju;<\/li>\n<li>postojanje lu\u010dkih kapaciteta te radne snage za pretovar i skladi\u0161tenje te pru\u017eanje drugih usluga u organizaciji prijevoza i obavljanju trgovine, posebice razne logisti\u010dke usluge;<\/li>\n<li>poticajne mjere u Zakonu glede osloba\u0111anja pla\u0107anja poreza na dobit, poreza na dodanu vrijednost, taksi, naknada te carina.<\/li>\n<\/ul>\n<\/div>\n<p>[\/et_pb_text][et_pb_image admin_label=&#8221;Image&#8221; src=&#8221;http:\/\/ppa.hr\/hr\/wp-content\/uploads\/2016\/04\/SLOBODNA_ZONA-1.jpg&#8221; show_in_lightbox=&#8221;on&#8221; url_new_window=&#8221;off&#8221; use_overlay=&#8221;off&#8221; animation=&#8221;left&#8221; sticky=&#8221;on&#8221; align=&#8221;left&#8221; force_fullwidth=&#8221;off&#8221; always_center_on_mobile=&#8221;on&#8221; use_border_color=&#8221;off&#8221; border_color=&#8221;#ffffff&#8221; border_style=&#8221;solid&#8221; custom_css_main_element=&#8221;opacity: 1;&#8221;] [\/et_pb_image][\/et_pb_column][\/et_pb_row][\/et_pb_section]<\/p>\n","protected":false},"excerpt":{"rendered":"<p>Gotovo cijelo lu\u010dko podru\u010dje je istovremeno i podru\u010dje slobodne zone luke Plo\u010de nakon \u0161to je 1999. godine Lu\u010dkoj upravi Plo\u010de dana suglasnost Vlade Republike Hrvatske za osnivanje slobodne zone na period od 30 godine. Na podru\u010dju slobodne zone na povr\u0161ini od 214 ha, sukladno Zakonu o slobodnim zonama, mo\u017ee se obavljati: proizvodnja, dorada, lu\u010dke djelatnosti, [&hellip;]<\/p>\n","protected":false},"author":1,"featured_media":0,"parent":0,"menu_order":0,"comment_status":"closed","ping_status":"closed","template":"","meta":{"_et_pb_use_builder":"on","_et_pb_old_content":"","_et_gb_content_width":"","footnotes":""},"class_list":["post-3599","page","type-page","status-publish","hentry"],"_links":{"self":[{"href":"https:\/\/www.ppa.hr\/hr\/wp-json\/wp\/v2\/pages\/3599","targetHints":{"allow":["GET"]}}],"collection":[{"href":"https:\/\/www.ppa.hr\/hr\/wp-json\/wp\/v2\/pages"}],"about":[{"href":"https:\/\/www.ppa.hr\/hr\/wp-json\/wp\/v2\/types\/page"}],"author":[{"embeddable":true,"href":"https:\/\/www.ppa.hr\/hr\/wp-json\/wp\/v2\/users\/1"}],"replies":[{"embeddable":true,"href":"https:\/\/www.ppa.hr\/hr\/wp-json\/wp\/v2\/comments?post=3599"}],"version-history":[{"count":5,"href":"https:\/\/www.ppa.hr\/hr\/wp-json\/wp\/v2\/pages\/3599\/revisions"}],"predecessor-version":[{"id":13862,"href":"https:\/\/www.ppa.hr\/hr\/wp-json\/wp\/v2\/pages\/3599\/revisions\/13862"}],"wp:attachment":[{"href":"https:\/\/www.ppa.hr\/hr\/wp-json\/wp\/v2\/media?parent=3599"}],"curies":[{"name":"wp","href":"https:\/\/api.w.org\/{rel}","templated":true}]}}