{"id":3586,"date":"2016-04-07T21:56:18","date_gmt":"2016-04-07T21:56:18","guid":{"rendered":"http:\/\/test.ppa.hr\/?page_id=3586"},"modified":"2016-04-07T22:00:11","modified_gmt":"2016-04-07T22:00:11","slug":"lucki-kapaciteti","status":"publish","type":"page","link":"https:\/\/www.ppa.hr\/hr\/lucki-kapaciteti\/","title":{"rendered":"Lu\u010dki kapaciteti"},"content":{"rendered":"<p>[et_pb_section admin_label=&#8221;section&#8221;][et_pb_row admin_label=&#8221;row&#8221; make_fullwidth=&#8221;off&#8221; use_custom_width=&#8221;off&#8221; width_unit=&#8221;on&#8221; use_custom_gutter=&#8221;on&#8221; gutter_width=&#8221;1&#8243; padding_mobile=&#8221;off&#8221; allow_player_pause=&#8221;off&#8221; parallax=&#8221;off&#8221; parallax_method=&#8221;off&#8221; make_equal=&#8221;off&#8221; parallax_1=&#8221;off&#8221; parallax_method_1=&#8221;off&#8221; column_padding_mobile=&#8221;on&#8221;][et_pb_column type=&#8221;4_4&#8243;][et_pb_text admin_label=&#8221;Text&#8221; background_layout=&#8221;light&#8221; text_orientation=&#8221;left&#8221; use_border_color=&#8221;off&#8221; border_color=&#8221;#ffffff&#8221; border_style=&#8221;solid&#8221;]<\/p>\n<div class=\"itemIntroText\">\n<p>Luka u Plo\u010dama je luka univerzalne namjene \u0161to zna\u010di da slu\u017ei za prekrcaj gotovo svih vrsta tereta koji se pojavljuju u me\u0111unarodnom pomorskom prometu. Unutar same luke postoje podru\u010dja specijalizirana za opslu\u017eivanje pojedinih vrsta tereta.<\/p>\n<\/div>\n<div class=\"itemFullText\">\n<p>Tako luka danas raspola\u017ee sa kompletnim lu\u010dkim prekrcajnim, skladi\u0161nim i svim prate\u0107im lu\u010dkim uslugama za pru\u017eanje kvalitetnog pretovara:<\/p>\n<ul>\n<li>generalnih tereta,<\/li>\n<li>kontejnerskog tereta,<\/li>\n<li>RO-RO prometa,<\/li>\n<li>suhog rasutog tereta,<\/li>\n<li>teku\u0107ih tereta.<\/li>\n<\/ul>\n<p>Luka u Plo\u010dama raspola\u017ee i kapacitetima za prihvat putni\u010dkih plovila, kako onih u lokalnom prometu sa poluotokom Pelje\u0161cem tako i u me\u0111unarodnom prometu posebice sa Republikom Italijom.<\/p>\n<p>Lu\u010dko podru\u010dje u nadle\u017enosti Lu\u010dke uprave Plo\u010de sastoji se od bazena Plo\u010de i bazena Metkovi\u0107.<\/p>\n<p>&nbsp;<\/p>\n<\/div>\n<p>[\/et_pb_text][et_pb_gallery admin_label=&#8221;Gallery&#8221; gallery_ids=&#8221;3589,3590,3591,3592&#8243; gallery_orderby=&#8221;rand&#8221; fullwidth=&#8221;off&#8221; show_title_and_caption=&#8221;off&#8221; show_pagination=&#8221;off&#8221; background_layout=&#8221;light&#8221; auto=&#8221;off&#8221; hover_overlay_color=&#8221;rgba(255,255,255,0.9)&#8221; caption_all_caps=&#8221;off&#8221; use_border_color=&#8221;off&#8221; border_color=&#8221;#ffffff&#8221; border_style=&#8221;solid&#8221;] [\/et_pb_gallery][\/et_pb_column][\/et_pb_row][\/et_pb_section]<\/p>\n","protected":false},"excerpt":{"rendered":"<p>Luka u Plo\u010dama je luka univerzalne namjene \u0161to zna\u010di da slu\u017ei za prekrcaj gotovo svih vrsta tereta koji se pojavljuju u me\u0111unarodnom pomorskom prometu. Unutar same luke postoje podru\u010dja specijalizirana za opslu\u017eivanje pojedinih vrsta tereta. Tako luka danas raspola\u017ee sa kompletnim lu\u010dkim prekrcajnim, skladi\u0161nim i svim prate\u0107im lu\u010dkim uslugama za pru\u017eanje kvalitetnog pretovara: generalnih tereta, [&hellip;]<\/p>\n","protected":false},"author":1,"featured_media":0,"parent":0,"menu_order":0,"comment_status":"closed","ping_status":"closed","template":"","meta":{"_et_pb_use_builder":"on","_et_pb_old_content":"","_et_gb_content_width":"","footnotes":""},"class_list":["post-3586","page","type-page","status-publish","hentry"],"_links":{"self":[{"href":"https:\/\/www.ppa.hr\/hr\/wp-json\/wp\/v2\/pages\/3586","targetHints":{"allow":["GET"]}}],"collection":[{"href":"https:\/\/www.ppa.hr\/hr\/wp-json\/wp\/v2\/pages"}],"about":[{"href":"https:\/\/www.ppa.hr\/hr\/wp-json\/wp\/v2\/types\/page"}],"author":[{"embeddable":true,"href":"https:\/\/www.ppa.hr\/hr\/wp-json\/wp\/v2\/users\/1"}],"replies":[{"embeddable":true,"href":"https:\/\/www.ppa.hr\/hr\/wp-json\/wp\/v2\/comments?post=3586"}],"version-history":[{"count":4,"href":"https:\/\/www.ppa.hr\/hr\/wp-json\/wp\/v2\/pages\/3586\/revisions"}],"predecessor-version":[{"id":3588,"href":"https:\/\/www.ppa.hr\/hr\/wp-json\/wp\/v2\/pages\/3586\/revisions\/3588"}],"wp:attachment":[{"href":"https:\/\/www.ppa.hr\/hr\/wp-json\/wp\/v2\/media?parent=3586"}],"curies":[{"name":"wp","href":"https:\/\/api.w.org\/{rel}","templated":true}]}}