{"id":3372,"date":"2016-04-06T08:54:47","date_gmt":"2016-04-06T08:54:47","guid":{"rendered":"http:\/\/test.ppa.hr\/?page_id=3372"},"modified":"2024-02-29T08:26:45","modified_gmt":"2024-02-29T08:26:45","slug":"donacije","status":"publish","type":"page","link":"https:\/\/www.ppa.hr\/hr\/donacije\/","title":{"rendered":"Donacije"},"content":{"rendered":"<p>[et_pb_section fb_built=&#8221;1&#8243; specialty=&#8221;on&#8221; _builder_version=&#8221;4.16&#8243; global_colors_info=&#8221;{}&#8221;][et_pb_column type=&#8221;1_2&#8243; _builder_version=&#8221;4.16&#8243; custom_padding=&#8221;|||&#8221; global_colors_info=&#8221;{}&#8221; custom_padding__hover=&#8221;|||&#8221;][et_pb_gallery gallery_ids=&#8221;3605,3606,14660,14661&#8243; gallery_orderby=&#8221;rand&#8221; fullwidth=&#8221;on&#8221; _builder_version=&#8221;4.16&#8243; auto=&#8221;on&#8221; auto_speed=&#8221;3000&#8243; pagination_font_size_tablet=&#8221;51&#8243; pagination_line_height_tablet=&#8221;2&#8243; global_colors_info=&#8221;{}&#8221;][\/et_pb_gallery][\/et_pb_column][et_pb_column type=&#8221;1_2&#8243; specialty_columns=&#8221;2&#8243; _builder_version=&#8221;4.16&#8243; custom_padding=&#8221;|||&#8221; global_colors_info=&#8221;{}&#8221; custom_padding__hover=&#8221;|||&#8221;][et_pb_row_inner admin_label=&#8221;Row&#8221; _builder_version=&#8221;4.16&#8243; global_colors_info=&#8221;{}&#8221;][et_pb_column_inner saved_specialty_column_type=&#8221;1_2&#8243; _builder_version=&#8221;4.16&#8243; custom_padding=&#8221;|||&#8221; global_colors_info=&#8221;{}&#8221; custom_padding__hover=&#8221;|||&#8221;][et_pb_toggle title=&#8221;JAVNI POZIV ZA PODNO\u0160ENJE ZAHTJEVA ZA DODJELU DONACIJA U 2024. GODINI&#8221; admin_label=&#8221;JAVNI POZIV ZA PODNO\u0160ENJE ZAHTJEVA ZA DODJELU DONACIJA U 2023. GODINI&#8221; _builder_version=&#8221;4.22.2&#8243; global_colors_info=&#8221;{}&#8221;]<\/p>\n<ol>\n<li><strong> Uvjeti javnog poziva<\/strong><\/li>\n<\/ol>\n<p>&nbsp;<\/p>\n<p>Pravo sudjelovanja na javnom pozivu za dodjelu donacija Lu\u010dke uprave Plo\u010de imaju registrirane udruge, klubovi, ostale neprofitne organizacije i pojedinci sa sjedi\u0161tem u Gradu Plo\u010de i \u017eupaniji Dubrova\u010dko neretvanskoj.<\/p>\n<p>Prijavljeni projekti moraju se odnositi na aktivnosti koje se provode u 2024. godini.<\/p>\n<p>&nbsp;<\/p>\n<ol>\n<li><strong> Glavni kriteriji za dodjelu donacija po kategorijama<\/strong><\/li>\n<\/ol>\n<p>&nbsp;<\/p>\n<ol>\n<li>Mladi, obrazovanje i znanost<\/li>\n<\/ol>\n<p>Izvrsnost \u2013 natprosje\u010dan uspjeh u \u0161koli\/na fakultetu, osvojene nagrade, objavljeni radovi.<\/p>\n<p>Inovativnost \u2013 projekti koji na inovativan na\u010din poma\u017eu razvoju djece i mladih te razvoju znanosti.<\/p>\n<ol start=\"2\">\n<li>O\u010duvanje kulturne, povijesne i tradicijske ba\u0161tine te o\u010duvanje okoli\u0161a<\/li>\n<\/ol>\n<p>Originalnost i kvaliteta projekta<\/p>\n<p>Doprinos o\u010duvanju kulturne, povijesne i tradicijske ba\u0161tine kraja,te o\u010duvanju tradicije u pomorskom i lu\u010dkom obilje\u017eavanju va\u017enih datuma i doga\u0111aja.<\/p>\n<ol start=\"3\">\n<li>Humanitarni projekti (zdravstvo, socijalna skrb, ljudska prava)<\/li>\n<\/ol>\n<p>Zna\u010denje projekta za pomo\u0107 odre\u0111enoj skupini u dru\u0161tvu.<\/p>\n<p>Podizanje razine svijesti \u0161ire javnosti o pote\u0161ko\u0107ama s kojima se susre\u0107u tra\u017eitelji sredstava.<\/p>\n<ol start=\"4\">\n<li>Sport<\/li>\n<\/ol>\n<p>Rezultati primjereni veli\u010dini i mogu\u0107nostima kluba\/pojedinca; osvojene nagrade.<\/p>\n<p>Doprinos promicanju kulture sporta i zdravog \u017eivljenja me\u0111u djecom i mladima.<\/p>\n<p>&nbsp;<\/p>\n<p><strong>III. Pravila javnog poziva<\/strong><\/p>\n<p>&nbsp;<\/p>\n<p>Svi zainteresirani imaju pravo natjecati se samo s jednim projektom\/zahtjevom.<\/p>\n<p>Odobrena donacijska sredstva za pojedini prijavljeni projekt\/zahtjev mogu iznositi najvi\u0161e 660,00 eura.<\/p>\n<p>Kriteriji koji se uzimaju u obzir za dodjelu sredstava su.<\/p>\n<ul>\n<li>da je udruga upisana u Registar udruga,<\/li>\n<li>da je ustanova upisana u Sudski registar,<\/li>\n<li>da je osoba ovla\u0161tena za zastupanje udruge\/ustanove ima mandat upisan u regisatar,<\/li>\n<li>zna\u010daj programa za grad\/\u017eupaniju,<\/li>\n<li>koristi od projekta \/aktivnosti za lokalnu zajednicu,<\/li>\n<\/ul>\n<p>Na prijedlog povjerenstva koje imenuje ravnatelj, odluku o dodjeli donacije donosi ravnatelj.<\/p>\n<p>Rezultate javnog poziva, odnosno dodijeljenih donacija Lu\u010dka uprava Plo\u010de \u0107e objaviti na svojoj mre\u017enoj stranici.<\/p>\n<p>&nbsp;<\/p>\n<ol>\n<li><strong> Zavr\u0161ne odredbe<\/strong><\/li>\n<\/ol>\n<p>&nbsp;<\/p>\n<p>Prijave se dostavljaju isklju\u010divo na prijavnici za javni poziv, uz potpisanu Izjavu koja je sastavni dio ovog poziva. Obrazac prijavnice i Izjave objavljen je na web stranici Lu\u010dke uprave Plo\u010de. <a href=\"http:\/\/www.ppa.hr\">www.ppa.hr<\/a>. \u00a0<\/p>\n<p>Prijave za dodjelu donacije dostavljaju se preporu\u010denom po\u0161tom na adresu:<\/p>\n<p>Lu\u010dka uprava Plo\u010de, Trg kralja Tomislava 21, 20340 Plo\u010de,<\/p>\n<p>s naznakom<\/p>\n<p>\u201eZa javni poziv za dodjelu donacija Lu\u010dke uprave Plo\u010de u 2024. godini\u201c<\/p>\n<p>\u00a0ili se predaju osobno u Slu\u017ebi protokola ustanove.<\/p>\n<p>Javni poziv je otvoren do 31.12.2024. godine, odnosno do utro\u0161ka sredstava planiranih za donacije<\/p>\n<p>Iznos osiguranih sredstava na raspolaganju je 13.650,00 eura.<\/p>\n<p>&nbsp;<\/p>\n<p>[\/et_pb_toggle][et_pb_text _builder_version=&#8221;4.22.2&#8243; background_size=&#8221;initial&#8221; background_position=&#8221;top_left&#8221; background_repeat=&#8221;repeat&#8221; hover_enabled=&#8221;0&#8243; global_colors_info=&#8221;{}&#8221; sticky_enabled=&#8221;0&#8243;]<\/p>\n<h4>\u00a0<\/h4>\n<ul>\n<li>\n<h4><a href=\"https:\/\/www.ppa.hr\/old\/wp-content\/uploads\/2016\/04\/OBRAZAC-Zahtjev_za_donaciju.pdf\">OBRAZAC &#8211; Zahtjev_za_donaciju<\/a><\/h4>\n<\/li>\n<li>\n<h4><a href=\"http:\/\/ppa.hr\/hr\/wp-content\/uploads\/2016\/04\/Popis_odobrenih_donacija_2015.docx\" target=\"_blank\" rel=\"noopener\">Popis donacija odobrenih u 2015. godini<\/a><\/h4>\n<\/li>\n<li>\n<h4><a href=\"https:\/\/www.ppa.hr\/old\/wp-content\/uploads\/2019\/01\/popis-donacija-2016.pdf\" target=\"_blank\" rel=\"noopener\">Popis donacija odobrenih u 2016. godini<\/a><\/h4>\n<\/li>\n<li>\n<h4><a href=\"https:\/\/www.ppa.hr\/old\/wp-content\/uploads\/2019\/01\/popis-donacija-2017.pdf\" target=\"_blank\" rel=\"noopener\">Popis donacija odobrenih u 2017. godini<\/a><\/h4>\n<\/li>\n<li>\n<h4><a href=\"https:\/\/www.ppa.hr\/old\/wp-content\/uploads\/2019\/02\/DONACIJE-ostvarene-u-2018.-g_.pdf\" target=\"_blank\" rel=\"noopener\">Popis donacija odobrenih u 2018. godini<\/a><\/h4>\n<\/li>\n<li>\n<h4><a href=\"https:\/\/www.ppa.hr\/old\/wp-content\/uploads\/2016\/04\/2019_POPIS-ODOBRENIH-DONACIJA.pdf\">Popis donacija odobrenih u 2019. godini<\/a><\/h4>\n<\/li>\n<li>\n<h4><a href=\"https:\/\/www.ppa.hr\/old\/wp-content\/uploads\/2016\/04\/2020_POPIS-ODOBRENIH-DONACIJA.pdf\">Popis donacija odobrenih u 2020. godini<\/a><\/h4>\n<\/li>\n<li>\n<h4><a href=\"https:\/\/www.ppa.hr\/old\/wp-content\/uploads\/2016\/04\/POPIS-ODOBRENIH-DONACIJA-OD-2021.pdf\">Popis donacija odobrenih u 2021. godini<\/a><\/h4>\n<\/li>\n<li>\n<h4><a href=\"https:\/\/www.ppa.hr\/old\/wp-content\/uploads\/2016\/04\/POPIS-ODOBRENIH-DONACIJA-OD-2022.pdf\">Popis donacija odobrenih u 2022. godini<\/a><\/h4>\n<\/li>\n<li>\n<h4><a href=\"https:\/\/www.ppa.hr\/old\/wp-content\/uploads\/2024\/02\/POPIS-DONACIJA-2023.pdf\">Popis donacija odobrenih u 2023. godini<\/a><\/h4>\n<\/li>\n<li>\n<h4><a href=\"https:\/\/www.ppa.hr\/old\/wp-content\/uploads\/2016\/04\/Obrazac-Odluka-o-donaciji.pdf\" target=\"_blank\" rel=\"noopener\">Obrazac &#8211; Odluka o donaciji<\/a><\/h4>\n<\/li>\n<li>\n<h4><a href=\"https:\/\/www.ppa.hr\/old\/wp-content\/uploads\/2024\/02\/Pravilnik-o-dodjeli-donacija-2024.pdf\">Pravilnik o dodjeli donacija<\/a><\/h4>\n<\/li>\n<li>\n<h4><a href=\"https:\/\/www.ppa.hr\/old\/wp-content\/uploads\/2016\/04\/Izjava-iz-clanka-5.doc\">Obrazac &#8211; Izjava iz \u010dlanka 5<\/a><\/h4>\n<\/li>\n<\/ul>\n<p>&nbsp;<\/p>\n<p>[\/et_pb_text][\/et_pb_column_inner][\/et_pb_row_inner][\/et_pb_column][\/et_pb_section]<\/p>\n","protected":false},"excerpt":{"rendered":"<p>Uvjeti javnog poziva &nbsp; Pravo sudjelovanja na javnom pozivu za dodjelu donacija Lu\u010dke uprave Plo\u010de imaju registrirane udruge, klubovi, ostale neprofitne organizacije i pojedinci sa sjedi\u0161tem u Gradu Plo\u010de i \u017eupaniji Dubrova\u010dko neretvanskoj. Prijavljeni projekti moraju se odnositi na aktivnosti koje se provode u 2024. godini. &nbsp; Glavni kriteriji za dodjelu donacija po kategorijama &nbsp; [&hellip;]<\/p>\n","protected":false},"author":1,"featured_media":0,"parent":0,"menu_order":0,"comment_status":"closed","ping_status":"closed","template":"","meta":{"_et_pb_use_builder":"on","_et_pb_old_content":"","_et_gb_content_width":"","footnotes":""},"class_list":["post-3372","page","type-page","status-publish","hentry"],"_links":{"self":[{"href":"https:\/\/www.ppa.hr\/hr\/wp-json\/wp\/v2\/pages\/3372","targetHints":{"allow":["GET"]}}],"collection":[{"href":"https:\/\/www.ppa.hr\/hr\/wp-json\/wp\/v2\/pages"}],"about":[{"href":"https:\/\/www.ppa.hr\/hr\/wp-json\/wp\/v2\/types\/page"}],"author":[{"embeddable":true,"href":"https:\/\/www.ppa.hr\/hr\/wp-json\/wp\/v2\/users\/1"}],"replies":[{"embeddable":true,"href":"https:\/\/www.ppa.hr\/hr\/wp-json\/wp\/v2\/comments?post=3372"}],"version-history":[{"count":63,"href":"https:\/\/www.ppa.hr\/hr\/wp-json\/wp\/v2\/pages\/3372\/revisions"}],"predecessor-version":[{"id":17478,"href":"https:\/\/www.ppa.hr\/hr\/wp-json\/wp\/v2\/pages\/3372\/revisions\/17478"}],"wp:attachment":[{"href":"https:\/\/www.ppa.hr\/hr\/wp-json\/wp\/v2\/media?parent=3372"}],"curies":[{"name":"wp","href":"https:\/\/api.w.org\/{rel}","templated":true}]}}