{"id":3333,"date":"2016-04-04T11:32:17","date_gmt":"2016-04-04T11:32:17","guid":{"rendered":"http:\/\/test.ppa.hr\/?page_id=3333"},"modified":"2025-01-08T12:20:09","modified_gmt":"2025-01-08T12:20:09","slug":"ekologija","status":"publish","type":"page","link":"https:\/\/www.ppa.hr\/hr\/ekologija\/","title":{"rendered":"Ekologija"},"content":{"rendered":"<p>[et_pb_section fb_built=&#8221;1&#8243; admin_label=&#8221;Section&#8221; _builder_version=&#8221;4.16&#8243; global_colors_info=&#8221;{}&#8221;][et_pb_row admin_label=&#8221;Row&#8221; _builder_version=&#8221;4.16&#8243; background_size=&#8221;initial&#8221; background_position=&#8221;top_left&#8221; background_repeat=&#8221;repeat&#8221; global_colors_info=&#8221;{}&#8221; column_structure=&#8221;2_3,1_3&#8243;][et_pb_column type=&#8221;2_3&#8243; _builder_version=&#8221;4.16&#8243; custom_padding=&#8221;|||&#8221; global_colors_info=&#8221;{}&#8221; custom_padding__hover=&#8221;|||&#8221;][et_pb_text admin_label=&#8221;Text&#8221; _builder_version=&#8221;4.16&#8243; background_size=&#8221;initial&#8221; background_position=&#8221;top_left&#8221; background_repeat=&#8221;repeat&#8221; use_border_color=&#8221;off&#8221; border_color=&#8221;#ffffff&#8221; border_style=&#8221;solid&#8221; global_colors_info=&#8221;{}&#8221;]<strong>Lu\u010dka uprava Plo\u010de<\/strong> od 2005. godine provodi <strong>Projekt integracije trgovine i transporta (ITT)<\/strong>.<\/p>\n<p>Glavni cilj projekta je razvitak trgovine du\u017e <strong>Koridora Vc<\/strong> kroz pove\u0107anje kapaciteta, u\u010dinkovitosti i kvalitete usluga na ju\u017enom kraju <strong>koridora Vc<\/strong>. Poseban naglasak stavljen je na razvoj luke Plo\u010de i koordinaciju izme\u0111u svih korisnika koridora.<\/p>\n<p>Unaprje\u0111enje koridora planirano je posti\u0107i kroz:<\/p>\n<ul>\n<li>Izgradnju novog terminala rasutih tereta, rekonstrukciju i prenamjenu postoje\u0107eg terminala rasutih tereta u kontejnerski terminal te unaprije\u0111enje lu\u010dke infrastrukture;<\/li>\n<li>Uspostavu sustava elektroni\u010dke zajednice integracijom svih dionika koji djeluju u luci Plo\u010de u zajedni\u010dki informati\u010dki i informacijski sustav;<\/li>\n<li>Razvoj usluga potrebnih za uspje\u0161nu provedbu projekta (audit, nabava), provedbu poslovnog plana Lu\u010dke uprave i davanje koncesija nad novim terminalima.<\/li>\n<\/ul>\n<p><strong>Ukupna vrijednost projekta iznosi 108,8 milijuna eura<\/strong>, a financira se temeljem sporazuma izme\u0111u <strong>Vlade Republike Hrvatske, Svjetske Banke te Europske banke za obnovu i razvoj.<\/strong><\/p>\n<p>&nbsp;<\/p>\n<p>U skladu sa nacionalnim zakonodavstvom i politikama Svjetske banke, za kontejnerski terminala i terminal rasutih tereta izra\u0111ena je studija utjecaja na okoli\u0161 i proveden je postupak procjene utjecaja zahvata na okoli\u0161 iz kojeg je proiza\u0161ao zaklju\u010dak da su oba zahvata prihvatljiva za okoli\u0161 uz primjenu mjera za\u0161tite okoli\u0161a i programa pra\u0107enja stanja okoli\u0161a, a sve kako bi se postigla najve\u0107a mogu\u0107a o\u010duvanost kakvo\u0107e okoli\u0161a.<\/p>\n<ul>\n<li><a href=\"http:\/\/ppa.hr\/hr\/wp-content\/uploads\/2016\/04\/Sveobuhvatna-procjena-utjecaja-na-okoli\u0161.pdf\" target=\"_blank\" rel=\"noopener\">Sveobuhvatna procjena utjecaja na okoli\u0161<\/a><\/li>\n<\/ul>\n<p>&nbsp;<br \/>\n[\/et_pb_text][\/et_pb_column][et_pb_column type=&#8221;1_3&#8243; _builder_version=&#8221;4.16&#8243; custom_padding=&#8221;|||&#8221; global_colors_info=&#8221;{}&#8221; custom_padding__hover=&#8221;|||&#8221;][et_pb_image src=&#8221;http:\/\/ppa.hr\/hr\/wp-content\/uploads\/2016\/04\/kontejnerski_e.jpg&#8221; alt=&#8221;EKOLOGIJA &#8211; izgradnja kontejnerskog terminala&#8221; url=&#8221;http:\/\/ppa.hr\/hr\/ekologija-izgradnja-kontejnerskog-terminala\/&#8221; align_tablet=&#8221;center&#8221; align_last_edited=&#8221;on|desktop&#8221; admin_label=&#8221;Image&#8221; _builder_version=&#8221;4.16&#8243; animation_style=&#8221;slide&#8221; animation_direction=&#8221;left&#8221; animation_duration=&#8221;500ms&#8221; animation_intensity_slide=&#8221;10%&#8221; use_border_color=&#8221;off&#8221; border_color=&#8221;#ffffff&#8221; border_style=&#8221;solid&#8221; animation=&#8221;left&#8221; sticky=&#8221;off&#8221; always_center_on_mobile=&#8221;on&#8221; global_colors_info=&#8221;{}&#8221; align_phone=&#8221;center&#8221;] [\/et_pb_image][et_pb_image src=&#8221;http:\/\/ppa.hr\/hr\/wp-content\/uploads\/2016\/04\/rasuti_e.jpg&#8221; alt=&#8221;EKOLOGIJA &#8211; izgradnja terminala za rasute terete&#8221; url=&#8221;http:\/\/ppa.hr\/hr\/ekologija-izgradnja-terminala-za-rasute-terete\/&#8221; align_tablet=&#8221;center&#8221; align_last_edited=&#8221;on|desktop&#8221; admin_label=&#8221;Image&#8221; _builder_version=&#8221;4.16&#8243; animation_style=&#8221;slide&#8221; animation_direction=&#8221;left&#8221; animation_duration=&#8221;500ms&#8221; animation_intensity_slide=&#8221;10%&#8221; custom_css_main_element=&#8221;opacity: 1;&#8221; use_border_color=&#8221;off&#8221; border_color=&#8221;#ffffff&#8221; border_style=&#8221;solid&#8221; animation=&#8221;left&#8221; sticky=&#8221;off&#8221; always_center_on_mobile=&#8221;on&#8221; global_colors_info=&#8221;{}&#8221; align_phone=&#8221;center&#8221;] [\/et_pb_image][et_pb_image src=&#8221;http:\/\/ppa.hr\/hr\/wp-content\/uploads\/2016\/04\/ostali_e.jpg&#8221; alt=&#8221;EKOLOGIJA &#8211; ostali infrastrukturni podprojekti&#8221; url=&#8221;http:\/\/ppa.hr\/hr\/ekologija-ostali-infrastrukturni-podprojekti\/&#8221; align_tablet=&#8221;center&#8221; align_last_edited=&#8221;on|desktop&#8221; admin_label=&#8221;Image&#8221; _builder_version=&#8221;4.16&#8243; animation_style=&#8221;slide&#8221; animation_direction=&#8221;left&#8221; animation_duration=&#8221;500ms&#8221; animation_intensity_slide=&#8221;10%&#8221; custom_css_main_element=&#8221;opacity: 1;&#8221; use_border_color=&#8221;off&#8221; border_color=&#8221;#ffffff&#8221; border_style=&#8221;solid&#8221; animation=&#8221;left&#8221; sticky=&#8221;off&#8221; always_center_on_mobile=&#8221;on&#8221; global_colors_info=&#8221;{}&#8221; align_phone=&#8221;center&#8221;] [\/et_pb_image][\/et_pb_column][\/et_pb_row][\/et_pb_section]<\/p>\n","protected":false},"excerpt":{"rendered":"<p>Lu\u010dka uprava Plo\u010de od 2005. godine provodi Projekt integracije trgovine i transporta (ITT). Glavni cilj projekta je razvitak trgovine du\u017e Koridora Vc kroz pove\u0107anje kapaciteta, u\u010dinkovitosti i kvalitete usluga na ju\u017enom kraju koridora Vc. Poseban naglasak stavljen je na razvoj luke Plo\u010de i koordinaciju izme\u0111u svih korisnika koridora. Unaprje\u0111enje koridora planirano je posti\u0107i kroz: Izgradnju [&hellip;]<\/p>\n","protected":false},"author":1,"featured_media":0,"parent":0,"menu_order":0,"comment_status":"closed","ping_status":"closed","template":"","meta":{"_et_pb_use_builder":"on","_et_pb_old_content":"","_et_gb_content_width":"","footnotes":""},"class_list":["post-3333","page","type-page","status-publish","hentry"],"_links":{"self":[{"href":"https:\/\/www.ppa.hr\/hr\/wp-json\/wp\/v2\/pages\/3333","targetHints":{"allow":["GET"]}}],"collection":[{"href":"https:\/\/www.ppa.hr\/hr\/wp-json\/wp\/v2\/pages"}],"about":[{"href":"https:\/\/www.ppa.hr\/hr\/wp-json\/wp\/v2\/types\/page"}],"author":[{"embeddable":true,"href":"https:\/\/www.ppa.hr\/hr\/wp-json\/wp\/v2\/users\/1"}],"replies":[{"embeddable":true,"href":"https:\/\/www.ppa.hr\/hr\/wp-json\/wp\/v2\/comments?post=3333"}],"version-history":[{"count":16,"href":"https:\/\/www.ppa.hr\/hr\/wp-json\/wp\/v2\/pages\/3333\/revisions"}],"predecessor-version":[{"id":17982,"href":"https:\/\/www.ppa.hr\/hr\/wp-json\/wp\/v2\/pages\/3333\/revisions\/17982"}],"wp:attachment":[{"href":"https:\/\/www.ppa.hr\/hr\/wp-json\/wp\/v2\/media?parent=3333"}],"curies":[{"name":"wp","href":"https:\/\/api.w.org\/{rel}","templated":true}]}}