{"id":3313,"date":"2016-04-04T10:25:51","date_gmt":"2016-04-04T10:25:51","guid":{"rendered":"http:\/\/test.ppa.hr\/?page_id=3313"},"modified":"2025-09-11T10:11:02","modified_gmt":"2025-09-11T10:11:02","slug":"o-ustanovi","status":"publish","type":"page","link":"https:\/\/www.ppa.hr\/hr\/o-ustanovi\/","title":{"rendered":"O ustanovi"},"content":{"rendered":"<p>[et_pb_section fb_built=&#8221;1&#8243; admin_label=&#8221;section&#8221; _builder_version=&#8221;4.16&#8243; global_colors_info=&#8221;{}&#8221;][et_pb_row admin_label=&#8221;row&#8221; _builder_version=&#8221;4.16&#8243; background_size=&#8221;initial&#8221; background_position=&#8221;top_left&#8221; background_repeat=&#8221;repeat&#8221; global_colors_info=&#8221;{}&#8221;][et_pb_column type=&#8221;4_4&#8243; _builder_version=&#8221;4.16&#8243; custom_padding=&#8221;|||&#8221; global_colors_info=&#8221;{}&#8221; custom_padding__hover=&#8221;|||&#8221;][et_pb_gallery gallery_ids=&#8221;3316&#8243; fullwidth=&#8221;on&#8221; admin_label=&#8221;Gallery&#8221; _builder_version=&#8221;4.16&#8243; caption_all_caps=&#8221;off&#8221; use_border_color=&#8221;off&#8221; border_color=&#8221;#ffffff&#8221; border_style=&#8221;solid&#8221; global_colors_info=&#8221;{}&#8221;] [\/et_pb_gallery][et_pb_text admin_label=&#8221;Text&#8221; _builder_version=&#8221;4.22.2&#8243; background_size=&#8221;initial&#8221; background_position=&#8221;top_left&#8221; background_repeat=&#8221;repeat&#8221; hover_enabled=&#8221;0&#8243; use_border_color=&#8221;off&#8221; border_color=&#8221;#ffffff&#8221; border_style=&#8221;solid&#8221; global_colors_info=&#8221;{}&#8221; sticky_enabled=&#8221;0&#8243;]<\/p>\n<p>Vlada Republike Hrvatske je na sjednici odr\u017eanoj <strong>13. velja\u010de 1997.<\/strong> donijela Odluku o osnivanju Lu\u010dke uprave Plo\u010de radi upravljanja, izgradnje i kori\u0161tenja luke Plo\u010de.<\/p>\n<p>Prema namjeni kojoj slu\u017ei luka Plo\u010de je luka otvorena za me\u0111unarodni javni promet, a prema veli\u010dini i zna\u010daju je progla\u0161ena lukom od osobitog me\u0111unarodnog gospodarskog interesa za Republiku Hrvatsku.<\/p>\n<p><strong>Lu\u010dka Uprava Plo\u010de je javna neprofitna ustanova.<\/strong><\/p>\n<p><span style=\"text-decoration: underline;\"><strong><a href=\"https:\/\/www.ppa.hr\/old\/wp-content\/uploads\/2025\/09\/Statut-2018.pdf\" target=\"_blank\" rel=\"noopener\">Statut Lu\u010dke uprave Plo\u010de<\/a><\/strong><\/span><\/p>\n<p>Djelatnosti Lu\u010dke uprave su:<\/p>\n<ul>\n<li>briga o gradnji, odr\u017eavanju, upravljanju, za\u0161titi i unaprije\u0111enju lu\u010dkog podru\u010dja u Plo\u010dama i Metkovi\u0107u,<\/li>\n<li>osiguravanje trajnog i nesmetanog obavljanja lu\u010dkog prometa, tehni\u010dko-tehnolo\u0161kog jedinstva i sigurnosti plovidbe,<\/li>\n<li>uskla\u0111ivanje i nadzor rada koncesionara koji obavljaju gospodarsku djelatnost na lu\u010dkom podru\u010dju,<\/li>\n<li>upravljanje slobodnom zonom na lu\u010dkom podru\u010dju.<\/li>\n<\/ul>\n<p>&nbsp;<\/p>\n<p>Misija Lu\u010dke uprave je stvaranje svih potrebnih uvjeta za razvoj luke Plo\u010de u konkurentnu lokaciju koja \u0107e zadovoljiti lu\u010dke korisnike glede brzine, kvalitete, pouzdanosti, sigurnosti, ekonomi\u010dnosti i produktivnosti usluga koje se u luci pru\u017eaju. Posebni zna\u010daj se pridaje efektima, kako direktnim tako i indirektnim, koje lu\u010dka usluga generira u okviru gospodarstva lokalne zajednice i dr\u017eave u cjelini.<\/p>\n<p>Lu\u010dka reorganizacija i osnivanje Lu\u010dke uprave stvorili su osnovu za financijsko sudjelovanje dr\u017eave u izgradnji i obnovi kapitalne lu\u010dke infrastrukture, a s druge strane se kroz institute koncesije omogu\u0107uje uklju\u010denje poduzetnika i op\u0107enito privatnog kapitala u izgradnju lu\u010dkih kapaciteta i razvoj lu\u010dkih djelatnosti.<\/p>\n<p><strong>Cilj Lu\u010dke uprave Plo\u010de je transformacija luke iz pretovarne luke u regionalni logisti\u010dki centar u kojem \u0107e se osim primjene suvremenih tehnologija pretovara pru\u017eati razne distribucijske i dodatne usluge na robama koje prometuju kroz luku.<\/strong><\/p>\n<p>[\/et_pb_text][\/et_pb_column][\/et_pb_row][\/et_pb_section]<\/p>\n","protected":false},"excerpt":{"rendered":"<p>Vlada Republike Hrvatske je na sjednici odr\u017eanoj 13. velja\u010de 1997. donijela Odluku o osnivanju Lu\u010dke uprave Plo\u010de radi upravljanja, izgradnje i kori\u0161tenja luke Plo\u010de. Prema namjeni kojoj slu\u017ei luka Plo\u010de je luka otvorena za me\u0111unarodni javni promet, a prema veli\u010dini i zna\u010daju je progla\u0161ena lukom od osobitog me\u0111unarodnog gospodarskog interesa za Republiku Hrvatsku. Lu\u010dka Uprava [&hellip;]<\/p>\n","protected":false},"author":1,"featured_media":0,"parent":0,"menu_order":0,"comment_status":"closed","ping_status":"closed","template":"","meta":{"_et_pb_use_builder":"on","_et_pb_old_content":"","_et_gb_content_width":"","footnotes":""},"class_list":["post-3313","page","type-page","status-publish","hentry"],"_links":{"self":[{"href":"https:\/\/www.ppa.hr\/hr\/wp-json\/wp\/v2\/pages\/3313","targetHints":{"allow":["GET"]}}],"collection":[{"href":"https:\/\/www.ppa.hr\/hr\/wp-json\/wp\/v2\/pages"}],"about":[{"href":"https:\/\/www.ppa.hr\/hr\/wp-json\/wp\/v2\/types\/page"}],"author":[{"embeddable":true,"href":"https:\/\/www.ppa.hr\/hr\/wp-json\/wp\/v2\/users\/1"}],"replies":[{"embeddable":true,"href":"https:\/\/www.ppa.hr\/hr\/wp-json\/wp\/v2\/comments?post=3313"}],"version-history":[{"count":9,"href":"https:\/\/www.ppa.hr\/hr\/wp-json\/wp\/v2\/pages\/3313\/revisions"}],"predecessor-version":[{"id":18398,"href":"https:\/\/www.ppa.hr\/hr\/wp-json\/wp\/v2\/pages\/3313\/revisions\/18398"}],"wp:attachment":[{"href":"https:\/\/www.ppa.hr\/hr\/wp-json\/wp\/v2\/media?parent=3313"}],"curies":[{"name":"wp","href":"https:\/\/api.w.org\/{rel}","templated":true}]}}