{"id":3280,"date":"2016-04-04T09:18:40","date_gmt":"2016-04-04T09:18:40","guid":{"rendered":"http:\/\/test.ppa.hr\/?page_id=3280"},"modified":"2023-10-04T07:28:30","modified_gmt":"2023-10-04T07:28:30","slug":"clanstva","status":"publish","type":"page","link":"https:\/\/www.ppa.hr\/hr\/clanstva\/","title":{"rendered":"\u010clanstva"},"content":{"rendered":"<p>[et_pb_section fb_built=&#8221;1&#8243; admin_label=&#8221;section&#8221; _builder_version=&#8221;4.16&#8243; global_colors_info=&#8221;{}&#8221;][et_pb_row padding_mobile=&#8221;off&#8221; make_equal=&#8221;on&#8221; column_padding_mobile=&#8221;on&#8221; admin_label=&#8221;row&#8221; _builder_version=&#8221;4.16&#8243; background_size=&#8221;initial&#8221; background_position=&#8221;top_left&#8221; background_repeat=&#8221;repeat&#8221; make_fullwidth=&#8221;off&#8221; use_custom_width=&#8221;off&#8221; width_unit=&#8221;on&#8221; global_colors_info=&#8221;{}&#8221; column_structure=&#8221;1_4,3_4&#8243;][et_pb_column type=&#8221;1_4&#8243; _builder_version=&#8221;4.16&#8243; custom_padding=&#8221;|||&#8221; global_colors_info=&#8221;{}&#8221; custom_padding__hover=&#8221;|||&#8221;][et_pb_gallery gallery_ids=&#8221;3292&#8243; posts_number=&#8221;1&#8243; show_title_and_caption=&#8221;off&#8221; show_pagination=&#8221;off&#8221; admin_label=&#8221;Gallery&#8221; _builder_version=&#8221;4.16&#8243; custom_css_main_element=&#8221;vertical aligment: center;&#8221; use_border_color=&#8221;off&#8221; border_color=&#8221;#ffffff&#8221; border_style=&#8221;solid&#8221; global_colors_info=&#8221;{}&#8221;] [\/et_pb_gallery][\/et_pb_column][et_pb_column type=&#8221;3_4&#8243; _builder_version=&#8221;4.16&#8243; custom_padding=&#8221;|||&#8221; global_colors_info=&#8221;{}&#8221; custom_padding__hover=&#8221;|||&#8221;][et_pb_text admin_label=&#8221;Text&#8221; _builder_version=&#8221;4.16&#8243; background_size=&#8221;initial&#8221; background_position=&#8221;top_left&#8221; background_repeat=&#8221;repeat&#8221; use_border_color=&#8221;off&#8221; border_color=&#8221;#ffffff&#8221; border_style=&#8221;solid&#8221; global_colors_info=&#8221;{}&#8221;]<\/p>\n<h5><strong>Zajednica lu\u010dkih uprava Republike Hrvatske (Croatian Association of Port Authorities)\u00a0<\/strong><\/h5>\n<p>Zajednica lu\u010dkih uprava Republike Hrvatske osnovana je u Splitu 1998. i okuplja \u0161est luka od dr\u017eavnog zna\u010daja &#8211; luke Rijeka, Plo\u010de, Zadar, Split, \u0160ibenik i Dubrovnik.<\/p>\n<p>Osnivanje Zajednice lu\u010dkih uprava u Hrvatskoj omogu\u0107ilo je stvaranje ekonomskog i pravnog temelja za razvitak nacionalnoga lu\u010dkog sustava i pojedinih luka unutar istog sustava.<\/p>\n<p>Utemeljena je kao neprofitna organizacija, uz suglasnost hrvatske Vlade, s ciljem pove\u0107anja u\u010dinkovitosti hrvatskih luka na na\u010din da se bori za njihov probitak kroz zakonodavni okvir, vodi postupak dodjela koncesija na pomorskom dobru, uskla\u0111uje rad i poslovanje hrvatskih lu\u010dkih uprava i vodi zajedni\u010dku politiku od interesa za sve luke.<\/p>\n<p>Kao \u010dlanica Zajednice lu\u010dkih uprava Republike Hrvatske, Lu\u010dka uprava Plo\u010de sudjeluje u radu ESPO-a.<br \/>\n[\/et_pb_text][\/et_pb_column][\/et_pb_row][et_pb_row admin_label=&#8221;Row&#8221; _builder_version=&#8221;4.16&#8243; background_size=&#8221;initial&#8221; background_position=&#8221;top_left&#8221; background_repeat=&#8221;repeat&#8221; global_colors_info=&#8221;{}&#8221;][et_pb_column type=&#8221;4_4&#8243; _builder_version=&#8221;4.16&#8243; custom_padding=&#8221;|||&#8221; global_colors_info=&#8221;{}&#8221; custom_padding__hover=&#8221;|||&#8221;][et_pb_divider show_divider=&#8221;off&#8221; disabled_on=&#8221;on|on|off&#8221; admin_label=&#8221;Divider&#8221; _builder_version=&#8221;4.16&#8243; hide_on_mobile=&#8221;on&#8221; global_colors_info=&#8221;{}&#8221;] [\/et_pb_divider][\/et_pb_column][\/et_pb_row][et_pb_row padding_mobile=&#8221;off&#8221; make_equal=&#8221;on&#8221; column_padding_mobile=&#8221;on&#8221; admin_label=&#8221;row&#8221; _builder_version=&#8221;4.16&#8243; background_size=&#8221;initial&#8221; background_position=&#8221;top_left&#8221; background_repeat=&#8221;repeat&#8221; make_fullwidth=&#8221;off&#8221; use_custom_width=&#8221;off&#8221; width_unit=&#8221;on&#8221; global_colors_info=&#8221;{}&#8221; column_structure=&#8221;1_4,3_4&#8243;][et_pb_column type=&#8221;1_4&#8243; _builder_version=&#8221;4.16&#8243; custom_padding=&#8221;|||&#8221; global_colors_info=&#8221;{}&#8221; custom_padding__hover=&#8221;|||&#8221;][et_pb_gallery gallery_ids=&#8221;3287&#8243; posts_number=&#8221;1&#8243; show_title_and_caption=&#8221;off&#8221; show_pagination=&#8221;off&#8221; admin_label=&#8221;Gallery&#8221; _builder_version=&#8221;4.16&#8243; custom_css_main_element=&#8221;vertical aligment: center;&#8221; use_border_color=&#8221;off&#8221; border_color=&#8221;#ffffff&#8221; border_style=&#8221;solid&#8221; global_colors_info=&#8221;{}&#8221;] [\/et_pb_gallery][\/et_pb_column][et_pb_column type=&#8221;3_4&#8243; _builder_version=&#8221;4.16&#8243; custom_padding=&#8221;|||&#8221; global_colors_info=&#8221;{}&#8221; custom_padding__hover=&#8221;|||&#8221;][et_pb_text admin_label=&#8221;Text&#8221; _builder_version=&#8221;4.16&#8243; background_size=&#8221;initial&#8221; background_position=&#8221;top_left&#8221; background_repeat=&#8221;repeat&#8221; use_border_color=&#8221;off&#8221; border_color=&#8221;#ffffff&#8221; border_style=&#8221;solid&#8221; global_colors_info=&#8221;{}&#8221;]<\/p>\n<h5><strong>ESPO &#8211; Europska udruga morskih luka (European Seaport Organization)<\/strong><\/h5>\n<p>ESPO je organizacija koja je osnovana 1993. godine i okuplja predstavnike lu\u010dkih uprava i lu\u010dkih administrativnih organizacija iz cijele Europske unije te Norve\u0161ke. Ciljevi ESPO-a usmjereni su na promicanje ekonomskog zna\u010daja europskih luka, na uklju\u010divanje u procese kreiranja svih politika unutar EU koje imaju odraz na lu\u010dki sektor, zastupanje slobodne i fair konkurencije izme\u0111u luka, unaprje\u0111enje ekonomske efikasnosti u lukama te uspostavi najvi\u0161ih sigurnosnih standarda u lukama kao i za\u0161titi okoline od strane lu\u010dkog sektora.<\/p>\n<p>Zajednica lu\u010dkih uprava Republike Hrvatske primljena je 2004. godine u pridru\u017eeno \u010dlanstvo Udru\u017eenja luka Europske unije (ESPO) na skup\u0161tini ESPO-a odr\u017eanoj u Rotterdamu. Time su se otvorile mogu\u0107nosti za dobivanje sredstava Europske unije koja bi se investirala u hrvatski lu\u010dki sustav, a sam taj \u010din potvrda je uskla\u0111enosti poslovanja hrvatskih luka s europskim lukama. Ujedno je na taj na\u010din Zajednica lu\u010dkih uprava u Hrvatskoj postala aktivni \u010dlan oblikovanja brojnih procesa vezanih uz lu\u010dki sustav na razini EU.<\/p>\n<p>Struktura \u010dlanstva organizirana je na nacionalnoj razini gdje svaka zemlja \u010dlanica im tri slu\u017ebena delegata s pravom glasa u Generalnoj skup\u0161tini organizacije, dok u Izvr\u0161nom odboru ima jednog predstavnika, a to je ravnatelj Lu\u010dke uprave Plo\u010de, Svemir Zekuli\u0107.<br \/>\n[\/et_pb_text][\/et_pb_column][\/et_pb_row][et_pb_row admin_label=&#8221;Row&#8221; _builder_version=&#8221;4.16&#8243; background_size=&#8221;initial&#8221; background_position=&#8221;top_left&#8221; background_repeat=&#8221;repeat&#8221; global_colors_info=&#8221;{}&#8221;][et_pb_column type=&#8221;4_4&#8243; _builder_version=&#8221;4.16&#8243; custom_padding=&#8221;|||&#8221; global_colors_info=&#8221;{}&#8221; custom_padding__hover=&#8221;|||&#8221;][et_pb_divider show_divider=&#8221;off&#8221; disabled_on=&#8221;on|on|off&#8221; admin_label=&#8221;Divider&#8221; _builder_version=&#8221;4.16&#8243; hide_on_mobile=&#8221;on&#8221; global_colors_info=&#8221;{}&#8221;] [\/et_pb_divider][\/et_pb_column][\/et_pb_row][et_pb_row padding_mobile=&#8221;off&#8221; make_equal=&#8221;on&#8221; column_padding_mobile=&#8221;on&#8221; admin_label=&#8221;row&#8221; _builder_version=&#8221;4.16&#8243; background_size=&#8221;initial&#8221; background_position=&#8221;top_left&#8221; background_repeat=&#8221;repeat&#8221; make_fullwidth=&#8221;off&#8221; use_custom_width=&#8221;off&#8221; width_unit=&#8221;on&#8221; global_colors_info=&#8221;{}&#8221; column_structure=&#8221;1_4,3_4&#8243;][et_pb_column type=&#8221;1_4&#8243; _builder_version=&#8221;4.16&#8243; custom_padding=&#8221;|||&#8221; global_colors_info=&#8221;{}&#8221; custom_padding__hover=&#8221;|||&#8221;][et_pb_gallery gallery_ids=&#8221;3299&#8243; posts_number=&#8221;1&#8243; show_title_and_caption=&#8221;off&#8221; show_pagination=&#8221;off&#8221; admin_label=&#8221;Gallery&#8221; _builder_version=&#8221;4.16&#8243; custom_css_main_element=&#8221;vertical aligment: center;&#8221; use_border_color=&#8221;off&#8221; border_color=&#8221;#ffffff&#8221; border_style=&#8221;solid&#8221; global_colors_info=&#8221;{}&#8221;] [\/et_pb_gallery][\/et_pb_column][et_pb_column type=&#8221;3_4&#8243; _builder_version=&#8221;4.16&#8243; custom_padding=&#8221;|||&#8221; global_colors_info=&#8221;{}&#8221; custom_padding__hover=&#8221;|||&#8221;][et_pb_text admin_label=&#8221;Text&#8221; _builder_version=&#8221;4.16&#8243; background_size=&#8221;initial&#8221; background_position=&#8221;top_left&#8221; background_repeat=&#8221;repeat&#8221; use_border_color=&#8221;off&#8221; border_color=&#8221;#ffffff&#8221; border_style=&#8221;solid&#8221; global_colors_info=&#8221;{}&#8221;]<\/p>\n<h5><strong>Klaster intermodalnog prijevoza<\/strong><\/h5>\n<p>Sporazumom o suradnji u intermodalnom prijevozu u \u00a0RH, koji je Hrvatska udruga za promicanje me\u0111uobalnog prometnog povezivanja potpisala sa Savezom za \u017eeljeznicu, Udrugom cestovnih prijevoznika, Centrom za razvoj unutarnje plovidbe i Udru\u017eenjem pomorskih agenata, nastao je Klaster intermodalnog prijevoza kao neprofitna \u00a0organizacija, koja je osnovana 2005. na inicijativu Ministarstva mora, prometa i infrastrukture.<\/p>\n<p>Njegovi \u010dlanovi su sve morske lu\u010dke uprave, lu\u010dki operateri, H\u017d Infrastruktura, ve\u0107i agenti i \u0161pediteri te ostale interesne organizacije, a sjedi\u0161te organizacije je u Rijeci.<\/p>\n<p>Klaster se danas bavi trima osnovnim aktivnostima: \u00a0promocijom, razvojni projektima i informatizacijom intermodalnog prijevoznog servisa. Klaster nastoji potaknuti razvoj cjelovitog intermodalnog sustava kroz zajedni\u010dka podru\u010dja rada, kao spone gospodarskog sektora i tijela dr\u017eavne uprave. Izme\u0111u ostalog, cilj Klastera jest pove\u0107ati udio intermodalnoga prijevoza u prometovanju Hrvatskom te informirati i pomo\u0107i prilikom izrade projekata \u0161to ve\u0107em broju mogu\u0107ih korisnika EU fondova.<\/p>\n<p>Lu\u010dka uprava Plo\u010de aktivno sudjeluje u radu raznih tijela Klastera, tako da je ravnateljica De\u0161a Rathman \u00a0predsjednica Upravnog odbora Klastera. Ujedno, u suradnji s Klasterom, Lu\u010dka uprava Plo\u010de aktivno priprema projektne prijedloge za prijavu na financijske programe Europske unije, s ciljem otklanjanja pote\u0161ko\u0107a u funkcioniranju i razvoju prometnog sustava kroz luku Plo\u010de. Projekti se odnose na u\u010dinkovito upravljanje energijom u luci, podizanje razine sigurnosti, odgovornim rukovanjem otpadom, informatizaciju dijela poslovanja, razvoj sustava kvalitete na intermodalnim pravcima u gravitacijskom podru\u010dju i sl.<br \/>\n[\/et_pb_text][\/et_pb_column][\/et_pb_row][et_pb_row admin_label=&#8221;Row&#8221; _builder_version=&#8221;4.16&#8243; background_size=&#8221;initial&#8221; background_position=&#8221;top_left&#8221; background_repeat=&#8221;repeat&#8221; global_colors_info=&#8221;{}&#8221;][et_pb_column type=&#8221;4_4&#8243; _builder_version=&#8221;4.16&#8243; custom_padding=&#8221;|||&#8221; global_colors_info=&#8221;{}&#8221; custom_padding__hover=&#8221;|||&#8221;][et_pb_divider show_divider=&#8221;off&#8221; disabled_on=&#8221;on|on|off&#8221; admin_label=&#8221;Divider&#8221; _builder_version=&#8221;4.16&#8243; hide_on_mobile=&#8221;on&#8221; global_colors_info=&#8221;{}&#8221;] [\/et_pb_divider][\/et_pb_column][\/et_pb_row][et_pb_row admin_label=&#8221;Row&#8221; _builder_version=&#8221;4.16&#8243; background_size=&#8221;initial&#8221; background_position=&#8221;top_left&#8221; background_repeat=&#8221;repeat&#8221; global_colors_info=&#8221;{}&#8221; column_structure=&#8221;1_4,3_4&#8243;][et_pb_column type=&#8221;1_4&#8243; _builder_version=&#8221;4.16&#8243; custom_padding=&#8221;|||&#8221; global_colors_info=&#8221;{}&#8221; custom_padding__hover=&#8221;|||&#8221;][et_pb_gallery gallery_ids=&#8221;3300&#8243; posts_number=&#8221;1&#8243; show_title_and_caption=&#8221;off&#8221; show_pagination=&#8221;off&#8221; admin_label=&#8221;Gallery&#8221; _builder_version=&#8221;4.16&#8243; custom_css_main_element=&#8221;vertical aligment: center;&#8221; use_border_color=&#8221;off&#8221; border_color=&#8221;#ffffff&#8221; border_style=&#8221;solid&#8221; global_colors_info=&#8221;{}&#8221;] [\/et_pb_gallery][\/et_pb_column][et_pb_column type=&#8221;3_4&#8243; _builder_version=&#8221;4.16&#8243; custom_padding=&#8221;|||&#8221; global_colors_info=&#8221;{}&#8221; custom_padding__hover=&#8221;|||&#8221;][et_pb_text admin_label=&#8221;Text&#8221; _builder_version=&#8221;4.16&#8243; background_size=&#8221;initial&#8221; background_position=&#8221;top_left&#8221; background_repeat=&#8221;repeat&#8221; use_border_color=&#8221;off&#8221; border_color=&#8221;#ffffff&#8221; border_style=&#8221;solid&#8221; global_colors_info=&#8221;{}&#8221;]<\/p>\n<h5><strong>Udruga &#8216;Hrvatske slobodne zone&#8217; (Croatian Free Zones Association)<\/strong><\/h5>\n<p>Udrugu &#8216;Hrvatske slobodne zone&#8217; osnovali su 1998. godine ovla\u0161tenici koncesija za slobodne zone, odnosno ustanove koje po posebnim zakonima upravljaju slobodnom zonom (slobodne zone u morskim lukama kojima upravljaju nadle\u017ene lu\u010dke uprave).<br \/>\nCILJEVI Udruge su:<\/p>\n<ul>\n<li>razvoj i pobolj\u0161anje uvjeta poslovanja u slobodnim zonama u RH \u2013 promocija slobodnih zona s ciljem privla\u010denja stranih i tuzemnih ulaganja u slobodne zone<\/li>\n<li>poticanje i pru\u017eanje stru\u010dne pomo\u0107i u svezi pro\u0161irenja postoje\u0107ih i osnivanja novih slobodnih zona<\/li>\n<li>predlaganje poticajnih mjera, postupaka i organizacije rada u slobodnim zonama<\/li>\n<\/ul>\n<p>Lu\u010dka uprava Plo\u010de, koja posebnom Odlukom Vlade Republike Hrvatske, upravlja slobodnom zonom na vi\u0161e od 200 hektara lu\u010dkog podru\u010dja u Plo\u010dama,\u00a0 jedan je od osniva\u010da Udruge te je svojom aktivno\u0161\u0107u kontinuirano doprinosila radu Udruge.<\/p>\n<p>Nakon ulaska Republike Hrvatske u punopravno \u010dlanstvo Europske unije, prestale su vrijediti odre\u0111ene povlastice, posebno porezne, za poslovanje u slobodnim zonama, no u luci Plo\u010de postojanje instituta slobodne zone je i dalje bitno za njene korisnike zbog znatnog prometa tereta koji nemaju status robe zajednice.<br \/>\n[\/et_pb_text][\/et_pb_column][\/et_pb_row][\/et_pb_section]<\/p>\n","protected":false},"excerpt":{"rendered":"<p>Zajednica lu\u010dkih uprava Republike Hrvatske (Croatian Association of Port Authorities)\u00a0 Zajednica lu\u010dkih uprava Republike Hrvatske osnovana je u Splitu 1998. i okuplja \u0161est luka od dr\u017eavnog zna\u010daja &#8211; luke Rijeka, Plo\u010de, Zadar, Split, \u0160ibenik i Dubrovnik. Osnivanje Zajednice lu\u010dkih uprava u Hrvatskoj omogu\u0107ilo je stvaranje ekonomskog i pravnog temelja za razvitak nacionalnoga lu\u010dkog sustava i [&hellip;]<\/p>\n","protected":false},"author":1,"featured_media":0,"parent":0,"menu_order":0,"comment_status":"closed","ping_status":"closed","template":"","meta":{"_et_pb_use_builder":"on","_et_pb_old_content":"","_et_gb_content_width":"","footnotes":""},"class_list":["post-3280","page","type-page","status-publish","hentry"],"_links":{"self":[{"href":"https:\/\/www.ppa.hr\/hr\/wp-json\/wp\/v2\/pages\/3280","targetHints":{"allow":["GET"]}}],"collection":[{"href":"https:\/\/www.ppa.hr\/hr\/wp-json\/wp\/v2\/pages"}],"about":[{"href":"https:\/\/www.ppa.hr\/hr\/wp-json\/wp\/v2\/types\/page"}],"author":[{"embeddable":true,"href":"https:\/\/www.ppa.hr\/hr\/wp-json\/wp\/v2\/users\/1"}],"replies":[{"embeddable":true,"href":"https:\/\/www.ppa.hr\/hr\/wp-json\/wp\/v2\/comments?post=3280"}],"version-history":[{"count":20,"href":"https:\/\/www.ppa.hr\/hr\/wp-json\/wp\/v2\/pages\/3280\/revisions"}],"predecessor-version":[{"id":17158,"href":"https:\/\/www.ppa.hr\/hr\/wp-json\/wp\/v2\/pages\/3280\/revisions\/17158"}],"wp:attachment":[{"href":"https:\/\/www.ppa.hr\/hr\/wp-json\/wp\/v2\/media?parent=3280"}],"curies":[{"name":"wp","href":"https:\/\/api.w.org\/{rel}","templated":true}]}}