{"id":3261,"date":"2016-04-04T08:12:57","date_gmt":"2016-04-04T08:12:57","guid":{"rendered":"http:\/\/test.ppa.hr\/?page_id=3261"},"modified":"2026-01-08T09:11:47","modified_gmt":"2026-01-08T09:11:47","slug":"sluzbenik-za-informiranje","status":"publish","type":"page","link":"https:\/\/www.ppa.hr\/hr\/sluzbenik-za-informiranje\/","title":{"rendered":"Slu\u017ebenik za informiranje"},"content":{"rendered":"<p>[et_pb_section fb_built=&#8221;1&#8243; custom_padding_last_edited=&#8221;on|desktop&#8221; admin_label=&#8221;section&#8221; _builder_version=&#8221;4.16&#8243; background_color=&#8221;rgba(255,255,255,0)&#8221; custom_padding_tablet=&#8221;50px|0|50px|0&#8243; custom_padding_phone=&#8221;&#8221; transparent_background=&#8221;on&#8221; padding_mobile=&#8221;off&#8221; make_fullwidth=&#8221;off&#8221; use_custom_width=&#8221;off&#8221; width_unit=&#8221;on&#8221; global_colors_info=&#8221;{}&#8221;][et_pb_row column_structure=&#8221;1_2,1_4,1_4&#8243; padding_mobile=&#8221;off&#8221; make_equal=&#8221;on&#8221; column_padding_mobile=&#8221;on&#8221; admin_label=&#8221;row&#8221; module_class=&#8221; et_pb_row_fullwidth&#8221; _builder_version=&#8221;4.16&#8243; background_size=&#8221;initial&#8221; background_position=&#8221;top_left&#8221; background_repeat=&#8221;repeat&#8221; width=&#8221;89%&#8221; width_tablet=&#8221;80%&#8221; width_phone=&#8221;80%&#8221; width_last_edited=&#8221;on|desktop&#8221; max_width=&#8221;89%&#8221; max_width_tablet=&#8221;80%&#8221; max_width_phone=&#8221;80%&#8221; max_width_last_edited=&#8221;on|desktop&#8221; make_fullwidth=&#8221;on&#8221; use_custom_width=&#8221;off&#8221; width_unit=&#8221;on&#8221; global_colors_info=&#8221;{}&#8221;][et_pb_column type=&#8221;1_2&#8243; _builder_version=&#8221;4.16&#8243; custom_padding=&#8221;|||&#8221; global_colors_info=&#8221;{}&#8221; custom_padding__hover=&#8221;|||&#8221;][et_pb_text _builder_version=&#8221;4.16&#8243; background_size=&#8221;initial&#8221; background_position=&#8221;top_left&#8221; background_repeat=&#8221;repeat&#8221; border_color_all=&#8221;#ffffff&#8221; border_style_all=&#8221;solid&#8221; use_border_color=&#8221;off&#8221; border_color=&#8221;#ffffff&#8221; border_style=&#8221;solid&#8221; global_colors_info=&#8221;{}&#8221;]<\/p>\n<p style=\"line-height: 16.8pt; background: white; margin: 12.0pt 0cm 24.0pt 0cm;\"><strong><span style=\"font-size: 10.5pt; font-family: 'Arial',sans-serif; color: black;\">Slu\u017ebenik za informiranje obavlja slijede\u0107e poslove:<\/span><\/strong><\/p>\n<p style=\"line-height: 16.8pt; background: white; orphans: auto; text-align: start; widows: 1; -webkit-text-stroke-width: 0px; word-spacing: 0px; margin: 12.0pt 0cm 24.0pt 0cm;\"><span style=\"font-size: 10.5pt; font-family: 'Arial',sans-serif; color: black;\">1) obavlja poslove redovitog objavljivanja informacija, sukladno unutarnjem ustroju tijela javne vlasti, kao i rje\u0161avanja pojedina\u010dnih zahtjeva za pristup informacijama i ponovne uporabe informacija,<span class=\"apple-converted-space\">\u00a0<\/span><br \/>\n2) unapre\u0111uje na\u010din obrade, razvrstavanja, \u010duvanja i objavljivanja informacija koje su sadr\u017eane u slu\u017ebenim dokumentima koji se odnose na rad tijela javne vlasti,<span class=\"apple-converted-space\">\u00a0<\/span><br \/>\n3) osigurava neophodnu pomo\u0107 podnositeljima zahtjeva u vezi s ostvarivanjem prava utvr\u0111enih Zakonom o pravu na pristup informacijama.<span class=\"apple-converted-space\">\u00a0<\/span><\/span><\/p>\n<p>Pravo na pristup informacijama i ponovnu uporabu informacija ostvaruje se u skladu sa Zakonom o pravu na pristup informacijama (\u201eNarodne novine\u201c, broj 25\/2013, 85\/15, 69\/22.).<\/p>\n<p>Cilj Zakona je omogu\u0107iti i osigurati ostvarivanje Ustavom Republike Hrvatske zajam\u010denog prava na pristup informacijama, kao i na ponovnu uporabu informacija fizi\u010dkim i pravnim osobama putem otvorenosti i javnosti djelovanja tijela javne vlasti.<\/p>\n<p>Pravo na pristup informacijama temelji se na na\u010delima javnosti i slobodnog pristupa, pravodobnosti, potpunosti i to\u010dnosti informacija, na\u010delu jednakosti, na\u010delu raspolaganja informacijom te, sukladno \u010dlanku 5. stavku 1. to\u010dki 5. Zakona \u201eobuhva\u0107a pravo korisnika na tra\u017eenje i dobivanje informacije, kao i obvezu tijela javne vlasti da omogu\u0107i pristup zatra\u017eenoj informaciji, odnosno da objavljuje informacije neovisno o postavljenom zahtjevu kada takvo objavljivanje proizlazi iz obveze odre\u0111ene zakonom ili drugim propisom\u201c.<\/p>\n<p>Informacija, u smislu navedenog Zakona (\u010dlanak 5. stavak 1. to\u010dka 3.), predstavlja \u201esvaki podatak koji posjeduje tijelo javne vlasti u obliku dokumenta, zapisa, dosjea, registra ili u bilo kojem drugom obliku, neovisno o na\u010dinu na koji je prikazana (napisani, nacrtani, tiskani, snimljeni, magnetni, opti\u010dki, elektroni\u010dki ili neki drugi zapis).\u201c<\/p>\n<p>Ponovna uporaba informacija, u skladu s \u010dlankom 5. stavkom 1. to\u010dkom 6. Zakona \u201ezna\u010di uporabu informacija tijela javne vlasti od strane fizi\u010dkih ili pravnih osoba, u komercijalne ili nekomercijalne svrhe druk\u010dije od izvorne svrhe u okviru javnog posla za koji su te informacije izra\u0111ene. Razmjena informacija izme\u0111u tijela javne vlasti radi obavljanja poslova iz njihovog djelokruga ne predstavlja ponovnu uporabu\u201c.<br \/>\n[\/et_pb_text][et_pb_cta button_url=&#8221;http:\/\/www.ppa.hr\/hr\/odgovori\/&#8221; button_text=&#8221;ODGOVORI NA UPITE&#8221; _builder_version=&#8221;4.16&#8243; box_shadow_style=&#8221;preset1&#8243; global_colors_info=&#8221;{}&#8221; button_text_size__hover_enabled=&#8221;off&#8221; button_one_text_size__hover_enabled=&#8221;off&#8221; button_two_text_size__hover_enabled=&#8221;off&#8221; button_text_color__hover_enabled=&#8221;off&#8221; button_one_text_color__hover_enabled=&#8221;off&#8221; button_two_text_color__hover_enabled=&#8221;off&#8221; button_border_width__hover_enabled=&#8221;off&#8221; button_one_border_width__hover_enabled=&#8221;off&#8221; button_two_border_width__hover_enabled=&#8221;off&#8221; button_border_color__hover_enabled=&#8221;off&#8221; button_one_border_color__hover_enabled=&#8221;off&#8221; button_two_border_color__hover_enabled=&#8221;off&#8221; button_border_radius__hover_enabled=&#8221;off&#8221; button_one_border_radius__hover_enabled=&#8221;off&#8221; button_two_border_radius__hover_enabled=&#8221;off&#8221; button_letter_spacing__hover_enabled=&#8221;off&#8221; button_one_letter_spacing__hover_enabled=&#8221;off&#8221; button_two_letter_spacing__hover_enabled=&#8221;off&#8221; button_bg_color__hover_enabled=&#8221;off&#8221; button_one_bg_color__hover_enabled=&#8221;off&#8221; button_two_bg_color__hover_enabled=&#8221;off&#8221;][\/et_pb_cta][\/et_pb_column][et_pb_column type=&#8221;1_4&#8243; _builder_version=&#8221;4.16&#8243; custom_padding=&#8221;|||&#8221; global_colors_info=&#8221;{}&#8221; custom_padding__hover=&#8221;|||&#8221;][et_pb_text _builder_version=&#8221;4.16&#8243; background_size=&#8221;initial&#8221; background_position=&#8221;top_left&#8221; background_repeat=&#8221;repeat&#8221; module_alignment=&#8221;left&#8221; custom_padding=&#8221;20px|20px|20px|20px&#8221; border_color_all=&#8221;#ffffff&#8221; box_shadow_style=&#8221;preset1&#8243; use_border_color=&#8221;off&#8221; border_color=&#8221;#ffffff&#8221; border_style=&#8221;solid&#8221; global_colors_info=&#8221;{}&#8221;]&nbsp;<\/p>\n<p>Slu\u017ebenik za informiranje:<\/p>\n<p><strong>Marijan Mikuli\u0107<\/strong><\/p>\n<p><strong>Adresa:\u00a0<\/strong>Lu\u010dka uprava Plo\u010de, Trg kralja Tomislava 21, 20340 Plo\u010de<br \/>\n<strong>Tel:<\/strong>\u00a0020 414 534<br \/>\n<strong>Fax:<\/strong>\u00a0020 670 271<br \/>\n<strong>e-mail:<\/strong>\u00a0<a href=\"mailto:marijan.mikulic@ppa.hr\">marijan.mikulic@ppa.hr<\/a><\/p>\n<p>&nbsp;<\/p>\n<p>&nbsp;<br \/>\n[\/et_pb_text][et_pb_toggle title=&#8221;Izvje\u0161\u0107a o provedbi Zakona o pravu na pristup informacijama&#8221; admin_label=&#8221;Izvje\u0161\u0107a o provedbi Zakona o PPI&#8221; _builder_version=&#8221;4.27.4&#8243; title_font=&#8221;|700|||||||&#8221; hover_enabled=&#8221;0&#8243; global_colors_info=&#8221;{}&#8221; sticky_enabled=&#8221;0&#8243;]<\/p>\n<p><strong>Izvje\u0161\u0107e o provedbi Zakona o pravu na pristup informacijama za 2025. godinu (<a href=\"https:\/\/www.ppa.hr\/hr\/wp-content\/uploads\/2026\/01\/Godisnje_izvjesce-SI-2025.pdf\">format PDF<\/a>) (<a href=\"https:\/\/www.ppa.hr\/hr\/wp-content\/uploads\/2026\/01\/Godisnje_izvjesce-SI-2025.zip\">format CSV<\/a>)<\/strong><\/p>\n<p><strong>Izvje\u0161\u0107e o provedbi Zakona o pravu na pristup informacijama za 2024. godinu (<a href=\"https:\/\/www.ppa.hr\/old\/wp-content\/uploads\/2025\/01\/Godisnje_izvjesce-ZPPI-2024.-.pdf\">format PDF<\/a>) (<a href=\"https:\/\/www.ppa.hr\/old\/wp-content\/uploads\/2025\/01\/Godisnje_izvjesce-ZPPI-2024.-.csv\">format CSV<\/a>)<\/strong><\/p>\n<p><strong>Izvje\u0161\u0107e o provedbi Zakona o pravu na pristup informacijama za 2023. godinu (<a href=\"https:\/\/www.ppa.hr\/old\/wp-content\/uploads\/2024\/01\/23_Godisnje_izvjesce.pdf\">format PDF<\/a>) (<a href=\"https:\/\/www.ppa.hr\/old\/wp-content\/uploads\/2024\/01\/23_Godisnje_izvjesce.csv\">format CSV<\/a>)<\/strong><\/p>\n<p><strong>Izvje\u0161\u0107e o provedbi Zakona o pravu na pristup informacijama za 2022. godinu (<a href=\"https:\/\/www.ppa.hr\/old\/wp-content\/uploads\/2016\/04\/Godisnje_izvjesce2022_povjerenik-za-informiranje.pdf\">format PDF<\/a>) (<a href=\"https:\/\/www.ppa.hr\/old\/wp-content\/uploads\/2016\/04\/Godisnje_izvjesce2022_povjerenik-za-informiranje.zip\">format CSV<\/a>)<\/strong><\/p>\n<p><strong>Izvje\u0161\u0107e o provedbi Zakona o pravu na pristup informacijama za 2021. godinu (<a href=\"https:\/\/www.ppa.hr\/old\/wp-content\/uploads\/2016\/04\/Godisnje_izvjesce-PPI-za-2021.pdf\">format PDF<\/a>) (<a href=\"https:\/\/www.ppa.hr\/old\/wp-content\/uploads\/2016\/04\/Godisnje_izvjesce-PPI-za-2021.zip\">format CSV<\/a>)<\/strong><\/p>\n<p><strong>\u00a0<\/strong><strong>Izvje\u0161\u0107e o provedbi Zakona o pravu na pristup informacijama za 2020. godinu (<a href=\"https:\/\/www.ppa.hr\/old\/wp-content\/uploads\/2016\/04\/2020_Izvje\u0161\u0107e-o-provedbi-Zakona-o-PPI.pdf\">format PDF<\/a>) (<a href=\"https:\/\/www.ppa.hr\/old\/wp-content\/uploads\/2016\/04\/2020_Izvje\u0161\u0107e-o-provedbi-Zakona-o-PPI.zip\">format CSV<\/a>)<\/strong><\/p>\n<p><strong><a href=\"https:\/\/www.ppa.hr\/old\/wp-content\/uploads\/2016\/04\/Godisnje_izvjesce_informiranje-2019.pdf\" target=\"_blank\" rel=\"noopener\">Izvje\u0161\u0107e o provedbi Zakona o pravu na pristup informacijama za 2019. godinu (format PDF)<\/a> <a href=\"https:\/\/www.ppa.hr\/old\/wp-content\/uploads\/2016\/04\/Godisnje_izvjesce-informiranje_2019.zip\" target=\"_blank\" rel=\"noopener\">(format CSV)<\/a><\/strong><\/p>\n<p><strong><a href=\"https:\/\/www.ppa.hr\/old\/wp-content\/uploads\/2016\/04\/Godisnje_izvjesce_ZPPI_2018.pdf\" target=\"_blank\" rel=\"noopener\">Izvje\u0161\u0107e o provedbi Zakona o pravu na pristup informacijama za 2018. godinu (format PDF)<\/a> <a href=\"https:\/\/www.ppa.hr\/old\/wp-content\/uploads\/2016\/04\/Godisnje_izvjesceZPPI2018.zip\" target=\"_blank\" rel=\"noopener\">(format CSV)<\/a><\/strong><\/p>\n<p><strong><a href=\"https:\/\/www.ppa.hr\/old\/wp-content\/uploads\/2016\/04\/Godisnje_izvjesce2018.pdf\" target=\"_blank\" rel=\"noopener\">Izvje\u0161\u0107e o provedbi Zakona o pravu na pristup informacijama za 2017. godinu (format PDF)<\/a> <a href=\"https:\/\/www.ppa.hr\/old\/wp-content\/uploads\/2016\/04\/Godisnje_izvjesce2018.zip\" target=\"_blank\" rel=\"noopener\">(format CSV<\/a>)<\/strong><\/p>\n<p><strong><a href=\"http:\/\/www.ppa.hr\/hr\/wp-content\/uploads\/2016\/04\/Godisnje_izvjesce_ZPPI-za-2016.pdf\" target=\"_blank\" rel=\"noopener\">Izvje\u0161\u0107e o provedbi Zakona o pravu na pristup informacijama za 2016. godinu (format PDF)<\/a> <a href=\"http:\/\/www.ppa.hr\/hr\/wp-content\/uploads\/2016\/04\/Godisnje_izvjesce_ZPPI-za-2016.zip\" target=\"_blank\" rel=\"noopener\">(format CSV<\/a>)<\/strong><\/p>\n<p>[\/et_pb_toggle][et_pb_text _builder_version=&#8221;4.22.2&#8243; background_size=&#8221;initial&#8221; background_position=&#8221;top_left&#8221; background_repeat=&#8221;repeat&#8221; custom_padding=&#8221;20px|20px|20px|20px&#8221; border_color_all=&#8221;#ffffff&#8221; border_style_all=&#8221;solid&#8221; box_shadow_style=&#8221;preset1&#8243; use_border_color=&#8221;off&#8221; border_color=&#8221;#ffffff&#8221; border_style=&#8221;solid&#8221; global_colors_info=&#8221;{}&#8221;]<\/p>\n<p style=\"line-height: 16.8pt; background: white; margin: 12.0pt 0cm 24.0pt 0cm;\"><a href=\"https:\/\/www.ppa.hr\/old\/wp-content\/uploads\/2016\/04\/Hrvatski_sabor_-_Odluka_o_proglaYenju_Zakona_o_pravu_na_pristup_informacijama.pdf\"><strong>Hrvatski sabor &#8211; Odluka o progla\u0161enju Zakona o pravu na pristup informacijama<\/strong><\/a><\/p>\n<p><a href=\"https:\/\/www.ppa.hr\/old\/wp-content\/uploads\/2016\/04\/Statut_LuYke_uprave_PloYe_2013_-procisceni_tekst.pdf\"><strong>Statut Lu\u010dke uprave Plo\u010de &#8211; pro\u010di\u0161\u0107eni tekst<\/strong><\/a><\/p>\n<p><a href=\"https:\/\/www.ppa.hr\/old\/wp-content\/uploads\/2023\/12\/Odluka-o-imenovanju-sluzbenika-za-informiranje_23.pdf\"><strong>Odluka o imenovanju slu\u017ebenika za informiranje<\/strong><\/a><\/p>\n<p><a href=\"https:\/\/www.ppa.hr\/old\/wp-content\/uploads\/2016\/04\/Zahtjev_za_pristup_informacijama.docx\"><strong>Zahtjev za pristup informacijama<\/strong><\/a><\/p>\n<p><a href=\"https:\/\/www.ppa.hr\/old\/wp-content\/uploads\/2016\/04\/Zahtjev_za_dopunu_ili_ispravak_informacije.docx\"><strong>Zahtjev za dopunu ili ispravak informacije<\/strong><\/a><\/p>\n<p><a href=\"https:\/\/www.ppa.hr\/old\/wp-content\/uploads\/2016\/04\/Zahtjev_za_ponovnu_uporabu_informacija.docx\"><strong>Zahtjev za ponovnu uporabu informacija<\/strong><\/a><\/p>\n<p>[\/et_pb_text][\/et_pb_column][et_pb_column type=&#8221;1_4&#8243; _builder_version=&#8221;4.16&#8243; custom_padding=&#8221;|||&#8221; global_colors_info=&#8221;{}&#8221; custom_padding__hover=&#8221;|||&#8221;][et_pb_text _builder_version=&#8221;4.16&#8243; background_size=&#8221;initial&#8221; background_position=&#8221;top_left&#8221; background_repeat=&#8221;repeat&#8221; border_color_all=&#8221;#ffffff&#8221; use_border_color=&#8221;off&#8221; border_color=&#8221;#ffffff&#8221; border_style=&#8221;solid&#8221; global_colors_info=&#8221;{}&#8221;]<strong>Zahtjev za ostvarivanje prava na pristup informacijama podnosi se:<\/strong><\/p>\n<ul>\n<li>pisanim putem uz ispunjeni obrazac, s naznakom \u201cZahtjev za pristup informacijama\u201d\u00a0\u00a0\u00a0 na adresu:\u00a0<strong><em>Lu\u010dka uprava Plo\u010de, Trg kralja Tomislava 21,\u00a0 20340 Plo\u010de<\/em><\/strong><\/li>\n<li>elektroni\u010dkom po\u0161tom na:\u00a0<a href=\"mailto:marijan.mikulic@ppa.hr\">marijan.mikulic@ppa.hr<\/a><\/li>\n<li>na broj fax-a:\u00a0<strong><em>020\/670 271<\/em><\/strong><\/li>\n<li>neposredno na Protokol Lu\u010dke uprave Plo\u010de, u zgradi Ulaznog terminala luke PLo\u010de, Glavna cesta 2, 20340 Plo\u010de, radnim danom od<strong><em>\u00a07,00 do 15,00 sati.<\/em><\/strong><\/li>\n<\/ul>\n<p>&nbsp;<\/p>\n<p>&nbsp;<\/p>\n<p><strong>\u00a0Sukladno Zakonu o pravu na pristup informacijama pisani zahtjev mora sadr\u017eavati:<\/strong><\/p>\n<ul>\n<li>naziv i sjedi\u0161te tijela javne vlasti kojem se zahtjev podnosi<\/li>\n<li>podatke koji su va\u017eni za prepoznavanje tra\u017eene informacije<\/li>\n<li>ime, prezime i adresu fizi\u010dke osobe podnositelja zahtjeva<\/li>\n<li>tvrtku, odnosno naziv pravne osobe podnositelja zahtjeva i njezino sjedi\u0161te<\/li>\n<li>podnositelj zahtjeva nije obvezan navesti razloge zbog kojih tra\u017ei pristup informaciji.<\/li>\n<\/ul>\n<p><strong>Korisnici prava na pristup informacijama oslobo\u0111eni su od pla\u0107anja upravnih pristojbi.\u00a0<\/strong><br \/>\nOdgovor na Va\u0161 usmeni ili pisani zahtjev za pravo na pristup informacijama proslijedit \u0107emo u <strong>zakonski propisanom roku od 15 dana<\/strong> od dana podno\u0161enja zahtjeva.<br \/>\n[\/et_pb_text][\/et_pb_column][\/et_pb_row][\/et_pb_section]<\/p>\n","protected":false},"excerpt":{"rendered":"<p>Slu\u017ebenik za informiranje obavlja slijede\u0107e poslove: 1) obavlja poslove redovitog objavljivanja informacija, sukladno unutarnjem ustroju tijela javne vlasti, kao i rje\u0161avanja pojedina\u010dnih zahtjeva za pristup informacijama i ponovne uporabe informacija,\u00a0 2) unapre\u0111uje na\u010din obrade, razvrstavanja, \u010duvanja i objavljivanja informacija koje su sadr\u017eane u slu\u017ebenim dokumentima koji se odnose na rad tijela javne vlasti,\u00a0 3) osigurava [&hellip;]<\/p>\n","protected":false},"author":1,"featured_media":0,"parent":0,"menu_order":0,"comment_status":"closed","ping_status":"closed","template":"","meta":{"_et_pb_use_builder":"on","_et_pb_old_content":"","_et_gb_content_width":"","footnotes":""},"class_list":["post-3261","page","type-page","status-publish","hentry"],"_links":{"self":[{"href":"https:\/\/www.ppa.hr\/hr\/wp-json\/wp\/v2\/pages\/3261","targetHints":{"allow":["GET"]}}],"collection":[{"href":"https:\/\/www.ppa.hr\/hr\/wp-json\/wp\/v2\/pages"}],"about":[{"href":"https:\/\/www.ppa.hr\/hr\/wp-json\/wp\/v2\/types\/page"}],"author":[{"embeddable":true,"href":"https:\/\/www.ppa.hr\/hr\/wp-json\/wp\/v2\/users\/1"}],"replies":[{"embeddable":true,"href":"https:\/\/www.ppa.hr\/hr\/wp-json\/wp\/v2\/comments?post=3261"}],"version-history":[{"count":68,"href":"https:\/\/www.ppa.hr\/hr\/wp-json\/wp\/v2\/pages\/3261\/revisions"}],"predecessor-version":[{"id":18561,"href":"https:\/\/www.ppa.hr\/hr\/wp-json\/wp\/v2\/pages\/3261\/revisions\/18561"}],"wp:attachment":[{"href":"https:\/\/www.ppa.hr\/hr\/wp-json\/wp\/v2\/media?parent=3261"}],"curies":[{"name":"wp","href":"https:\/\/api.w.org\/{rel}","templated":true}]}}