{"id":3240,"date":"2016-04-04T00:01:35","date_gmt":"2016-04-04T00:01:35","guid":{"rendered":"http:\/\/test.ppa.hr\/?page_id=3240"},"modified":"2024-03-14T10:13:11","modified_gmt":"2024-03-14T10:13:11","slug":"kontakt","status":"publish","type":"page","link":"https:\/\/www.ppa.hr\/hr\/kontakt\/","title":{"rendered":"Kontakt"},"content":{"rendered":"<p>[et_pb_section fb_built=&#8221;1&#8243; fullwidth=&#8221;on&#8221; _builder_version=&#8221;4.16&#8243; global_colors_info=&#8221;{}&#8221;][et_pb_fullwidth_header title=&#8221;Kontaktirajte nas&#8221; subhead=&#8221;_____&#8221; text_orientation=&#8221;center&#8221; background_overlay_color=&#8221;rgba(0,51,102,0.3)&#8221; content_max_width=&#8221;none&#8221; _builder_version=&#8221;4.16&#8243; title_font=&#8221;Arial|on|||&#8221; title_font_size=&#8221;35px&#8221; background_color=&#8221;rgba(255, 255, 255, 0)&#8221; background_image=&#8221;http:\/\/www.ppa.hr\/hr\/wp-content\/uploads\/2016\/05\/panorama-luke.jpg&#8221; background_url=&#8221;http:\/\/www.ppa.hr\/hr\/wp-content\/uploads\/2016\/05\/panorama-luke.jpg&#8221; global_colors_info=&#8221;{}&#8221; button_one_text_size__hover_enabled=&#8221;off&#8221; button_two_text_size__hover_enabled=&#8221;off&#8221; button_one_text_color__hover_enabled=&#8221;off&#8221; button_two_text_color__hover_enabled=&#8221;off&#8221; button_one_border_width__hover_enabled=&#8221;off&#8221; button_two_border_width__hover_enabled=&#8221;off&#8221; button_one_border_color__hover_enabled=&#8221;off&#8221; button_two_border_color__hover_enabled=&#8221;off&#8221; button_one_border_radius__hover_enabled=&#8221;off&#8221; button_two_border_radius__hover_enabled=&#8221;off&#8221; button_one_letter_spacing__hover_enabled=&#8221;off&#8221; button_two_letter_spacing__hover_enabled=&#8221;off&#8221; button_one_bg_color__hover_enabled=&#8221;off&#8221; button_two_bg_color__hover_enabled=&#8221;off&#8221;][\/et_pb_fullwidth_header][\/et_pb_section][et_pb_section fb_built=&#8221;1&#8243; admin_label=&#8221;section&#8221; _builder_version=&#8221;4.16&#8243; global_colors_info=&#8221;{}&#8221;][et_pb_row column_structure=&#8221;2_3,1_3&#8243; admin_label=&#8221;row&#8221; _builder_version=&#8221;4.16&#8243; background_size=&#8221;initial&#8221; background_position=&#8221;top_left&#8221; background_repeat=&#8221;repeat&#8221; global_colors_info=&#8221;{}&#8221;][et_pb_column type=&#8221;2_3&#8243; _builder_version=&#8221;4.16&#8243; custom_padding=&#8221;|||&#8221; global_colors_info=&#8221;{}&#8221; custom_padding__hover=&#8221;|||&#8221;][et_pb_text _builder_version=&#8221;4.16&#8243; background_size=&#8221;initial&#8221; background_position=&#8221;top_left&#8221; background_repeat=&#8221;repeat&#8221; border_color_all=&#8221;#ffffff&#8221; border_style_all=&#8221;solid&#8221; use_border_color=&#8221;off&#8221; border_color=&#8221;#ffffff&#8221; border_style=&#8221;solid&#8221; global_colors_info=&#8221;{}&#8221;]<\/p>\n<h3><\/h3>\n<h3>Informacije<\/h3>\n<p><strong>E-mail<\/strong>: ppa@ppa.hr<\/p>\n<p><strong>Adresa:<\/strong> Trg kralja Tomislava 21<\/p>\n<p>20340 Plo\u010de<\/p>\n<p><strong>Tel:<\/strong>\u00a0+385 20 414 530<\/p>\n<p><strong>Fax:<\/strong>\u00a0+385 20\u00a0670 271<\/p>\n<p><strong>Radno vrijeme:<\/strong>\u00a0Pon &#8211; pet 7,00 &#8211; 15,00<br \/>\n[\/et_pb_text][\/et_pb_column][et_pb_column type=&#8221;1_3&#8243; _builder_version=&#8221;4.16&#8243; custom_padding=&#8221;|||&#8221; global_colors_info=&#8221;{}&#8221; custom_padding__hover=&#8221;|||&#8221;][\/et_pb_column][\/et_pb_row][\/et_pb_section][et_pb_section fb_built=&#8221;1&#8243; admin_label=&#8221;section&#8221; _builder_version=&#8221;4.16&#8243; global_colors_info=&#8221;{}&#8221;][et_pb_row column_structure=&#8221;1_2,1_2&#8243; _builder_version=&#8221;4.16&#8243; background_size=&#8221;initial&#8221; background_position=&#8221;top_left&#8221; background_repeat=&#8221;repeat&#8221; global_colors_info=&#8221;{}&#8221;][et_pb_column type=&#8221;1_2&#8243; _builder_version=&#8221;4.16&#8243; custom_padding=&#8221;|||&#8221; global_colors_info=&#8221;{}&#8221; custom_padding__hover=&#8221;|||&#8221;][et_pb_text admin_label=&#8221;LUP&#8221; _builder_version=&#8221;4.16&#8243; background_size=&#8221;initial&#8221; background_position=&#8221;top_left&#8221; background_repeat=&#8221;repeat&#8221; custom_padding=&#8221;20px|20px|20px|20px&#8221; box_shadow_style=&#8221;preset1&#8243; global_colors_info=&#8221;{}&#8221;]<strong>LU\u010cKA UPRAVA PLO\u010cE<\/strong><\/p>\n<p>Adresa: Trg kralja Tomislava 21, 20340 Plo\u010de, Hrvatska<\/p>\n<p>OIB: 98749709951<\/p>\n<p>MBS: 060048258<\/p>\n<p>&nbsp;<\/p>\n<p><strong>CENTRALA<\/strong><\/p>\n<p>Tel.: +385 20 414 <strong>530<\/strong><\/p>\n<p>Fax: +385 20 670 271<\/p>\n<p>ppa@ppa.hr<\/p>\n<p>Radno vrijeme: pon-pet 07:00-15:00<br \/>\n[\/et_pb_text][et_pb_text admin_label=&#8221;LKC&#8221; _builder_version=&#8221;4.16&#8243; background_size=&#8221;initial&#8221; background_position=&#8221;top_left&#8221; background_repeat=&#8221;repeat&#8221; custom_padding=&#8221;20px|20px|20px|20px&#8221; box_shadow_style=&#8221;preset1&#8243; global_colors_info=&#8221;{}&#8221;]<strong>LU\u010cKI KONTROLNI CENTAR<\/strong><\/p>\n<p>Tel.: +385 20 414 <strong>577<\/strong><\/p>\n<p>Mob.: +385 99 194 7800<\/p>\n<p>lkc@ppa.hr<\/p>\n<p>Radno vrijeme: pon-ned 00:00-24:00<br \/>\n[\/et_pb_text][et_pb_text admin_label=&#8221;Dozvole&#8221; _builder_version=&#8221;4.16&#8243; background_size=&#8221;initial&#8221; background_position=&#8221;top_left&#8221; background_repeat=&#8221;repeat&#8221; custom_padding=&#8221;20px|20px|20px|20px&#8221; box_shadow_style=&#8221;preset1&#8243; global_colors_info=&#8221;{}&#8221;]<strong>DOZVOLE ZA ULAZ U LUKU<\/strong><\/p>\n<p>Tel.: +385 20 414 <strong>574<\/strong><\/p>\n<p>Izdavanje.dozvola@ppa.hr<\/p>\n<p>Radno vrijeme: pon-pet 06:00-22:00, sub 06:00-14:00<br \/>\n[\/et_pb_text][et_pb_text admin_label=&#8221;Ured ravnatelja&#8221; _builder_version=&#8221;4.16&#8243; background_size=&#8221;initial&#8221; background_position=&#8221;top_left&#8221; background_repeat=&#8221;repeat&#8221; custom_padding=&#8221;20px|20px|20px|20px&#8221; box_shadow_style=&#8221;preset1&#8243; global_colors_info=&#8221;{}&#8221;]<strong>URED RAVNATELJA<\/strong><\/p>\n<p><strong>Tomislav Batur<\/strong>, ravnatelj<\/p>\n<p>Tel.: +385 20 414 <strong>531<\/strong><\/p>\n<p>&nbsp;<\/p>\n<p><strong>Stela \u0160uman<\/strong>, tajnica Ureda ravnatelja<\/p>\n<p>Tel.: +385 20 414 <strong>530<\/strong><\/p>\n<p>&nbsp;<br \/>\n[\/et_pb_text][et_pb_text admin_label=&#8221;SAMOSTALNA SLU\u017dBA ZA POMORSKI PROMET, SIGURNOSNU ZA\u0160TITU LUKE I ZA\u0160TITU OKOLI\u0160A&#8221; _builder_version=&#8221;4.22.2&#8243; background_size=&#8221;initial&#8221; background_position=&#8221;top_left&#8221; background_repeat=&#8221;repeat&#8221; custom_padding=&#8221;20px|20px|20px|20px&#8221; hover_enabled=&#8221;0&#8243; box_shadow_style=&#8221;preset1&#8243; global_colors_info=&#8221;{}&#8221; sticky_enabled=&#8221;0&#8243;]<\/p>\n<p><strong>SAMOSTALNA SLU\u017dBA ZA POMORSKI PROMET, SIGURNOSNU ZA\u0160TITU LUKE I ZA\u0160TITU OKOLI\u0160A<\/strong><\/p>\n<p><strong>Zvonimir Vranki\u0107<\/strong>, osoba odgovorna za sigurnosnu za\u0161titu luke<\/p>\n<p>Tel.: +385 20 414 <strong>575<\/strong><\/p>\n<p>&nbsp;<\/p>\n<p>[\/et_pb_text][\/et_pb_column][et_pb_column type=&#8221;1_2&#8243; _builder_version=&#8221;4.16&#8243; custom_padding=&#8221;|||&#8221; global_colors_info=&#8221;{}&#8221; custom_padding__hover=&#8221;|||&#8221;][et_pb_text admin_label=&#8221;Sektor za pravne poslove&#8221; _builder_version=&#8221;4.16&#8243; background_size=&#8221;initial&#8221; background_position=&#8221;top_left&#8221; background_repeat=&#8221;repeat&#8221; custom_padding=&#8221;20px|20px|20px|20px&#8221; box_shadow_style=&#8221;preset1&#8243; global_colors_info=&#8221;{}&#8221;]<strong>SEKTOR ZA PRAVNE I OP\u0106E POSLOVE<\/strong><\/p>\n<p>&nbsp;<\/p>\n<p><strong>Tatjana Pavi\u0107<\/strong>, pomo\u0107nica ravnatelja<\/p>\n<p>Tel.: +385 20 414 <strong>533<\/strong><\/p>\n<p><span style=\"font-size: 14px;\">\u00a0<strong>Marijan Mikuli\u0107<\/strong>, voditelj odjela za koncesije, pravne, op\u0107e i kadrovske poslove<br \/>\n<\/span><\/p>\n<p>Tel.: +385 20 414 <strong>534<\/strong><\/p>\n<p><strong>Ana Mu\u0161an<\/strong>, vi\u0161a referentica Odjela za javnu nabavu, europske i me\u0111unarodne projekte<\/p>\n<p>Tel.: +385 20 414 <strong>536<\/strong><br \/>\n[\/et_pb_text][et_pb_text admin_label=&#8221;Sektor za financije i ra\u010dunovodstvo&#8221; _builder_version=&#8221;4.16&#8243; background_size=&#8221;initial&#8221; background_position=&#8221;top_left&#8221; background_repeat=&#8221;repeat&#8221; custom_padding=&#8221;20px|20px|20px|20px&#8221; box_shadow_style=&#8221;preset1&#8243; global_colors_info=&#8221;{}&#8221;]<strong>SEKTOR ZA FINANCIJE I RA\u010cUNOVODSTVO<\/strong><\/p>\n<p>financije@ppa.hr<\/p>\n<p><strong>Jelena Ki\u0161<\/strong>, pomo\u0107nica ravnatelja<\/p>\n<p>Tel.: +385 20 414 <strong>547<\/strong><\/p>\n<p><strong>Doris Vlatkovi\u0107<\/strong>, voditeljica odjela za plan, analizu i financijske kontrole<\/p>\n<p>Tel.: +385 20 414 <strong>571<\/strong><\/p>\n<p><strong>Tereza \u010covi\u0107<\/strong>, voditeljica odjela za ra\u010dunovodstvo i riznicu<\/p>\n<p>Tel.: +385 20 414 <strong>554<\/strong><br \/>\n[\/et_pb_text][et_pb_text admin_label=&#8221;SEKTOR ZA RAZVOJ, ODR\u017dAVANJE I investicije&#8221; _builder_version=&#8221;4.16&#8243; background_size=&#8221;initial&#8221; background_position=&#8221;top_left&#8221; background_repeat=&#8221;repeat&#8221; custom_padding=&#8221;20px|20px|20px|20px&#8221; box_shadow_style=&#8221;preset1&#8243; global_colors_info=&#8221;{}&#8221;]<strong>SEKTOR ZA RAZVOJ, ODR\u017dAVANJE I INVESTICIJE<\/strong><\/p>\n<p><strong>Milan Mihaljevi\u0107<\/strong>, pomo\u0107nik ravnatelja za razvoj, odr\u017eavanje i investicije<\/p>\n<p>Tel.: +385 20 414 <strong>542<\/strong><\/p>\n<p>&nbsp;<\/p>\n<p><strong>Frane Nikoli\u0107<\/strong>, voditelj Odjela za razvoj i investicije<\/p>\n<p>Tel.: +385 20 414 <strong>546<\/strong><\/p>\n<p>&nbsp;<\/p>\n<p><strong>Darko Ple\u0107a\u0161<\/strong>, voditelj Odjela za digitalizaciju<\/p>\n<p>Tel.: +385 20 414 <strong>535<\/strong><\/p>\n<p>&nbsp;<br \/>\n[\/et_pb_text][et_pb_text admin_label=&#8221;SEKTOR ZA KOMERCIJALIZACIJU I MARKETING LU\u010cKOG PODRU\u010cJA&#8221; _builder_version=&#8221;4.22.2&#8243; background_size=&#8221;initial&#8221; background_position=&#8221;top_left&#8221; background_repeat=&#8221;repeat&#8221; custom_padding=&#8221;20px|20px|20px|20px&#8221; box_shadow_style=&#8221;preset1&#8243; global_colors_info=&#8221;{}&#8221;]<\/p>\n<p><strong>SEKTOR ZA KOMERCIJALIZACIJU I MARKETING LU\u010cKOG PODRU\u010cJA<\/strong><\/p>\n<p><strong>Nena Crljenko<\/strong>, voditeljica odjela za obra\u010dun i gotovinsku naplatu<\/p>\n<p>Tel.: +385 20 414 <strong>541<\/strong><\/p>\n<p>[\/et_pb_text][\/et_pb_column][\/et_pb_row][\/et_pb_section][et_pb_section fb_built=&#8221;1&#8243; fullwidth=&#8221;on&#8221; admin_label=&#8221;section&#8221; _builder_version=&#8221;4.16&#8243; global_colors_info=&#8221;{}&#8221;][et_pb_fullwidth_map address=&#8221;Trg kralja Tomislava 21, 20340, Plo\u010de, Croatia&#8221; zoom_level=&#8221;15&#8243; address_lat=&#8221;43.047398775961284&#8243; address_lng=&#8221;17.433944613769544&#8243; _builder_version=&#8221;4.16&#8243; global_colors_info=&#8221;{}&#8221;][et_pb_map_pin title=&#8221;Lu\u010dka uprava Plo\u010de&#8221; pin_address=&#8221;Trg kralja Tomislava 22, 20340, Plo\u010de, Croatia&#8221; pin_address_lat=&#8221;43.04917119748697&#8243; pin_address_lng=&#8221;17.43260082705308&#8243; _builder_version=&#8221;3.0.47&#8243; global_colors_info=&#8221;{}&#8221;]Lu\u010dka uprava Plo\u010de<\/p>\n<p>Trg kralja Tomislava 21<\/p>\n<p>20340 Plo\u010de<br \/>\n[\/et_pb_map_pin][\/et_pb_fullwidth_map][\/et_pb_section]<\/p>\n","protected":false},"excerpt":{"rendered":"<p>Informacije E-mail: ppa@ppa.hr Adresa: Trg kralja Tomislava 21 20340 Plo\u010de Tel:\u00a0+385 20 414 530 Fax:\u00a0+385 20\u00a0670 271 Radno vrijeme:\u00a0Pon &#8211; pet 7,00 &#8211; 15,00 LU\u010cKA UPRAVA PLO\u010cE Adresa: Trg kralja Tomislava 21, 20340 Plo\u010de, Hrvatska OIB: 98749709951 MBS: 060048258 &nbsp; CENTRALA Tel.: +385 20 414 530 Fax: +385 20 670 271 ppa@ppa.hr Radno vrijeme: pon-pet [&hellip;]<\/p>\n","protected":false},"author":1,"featured_media":0,"parent":0,"menu_order":0,"comment_status":"closed","ping_status":"closed","template":"","meta":{"_et_pb_use_builder":"on","_et_pb_old_content":"","_et_gb_content_width":"","footnotes":""},"class_list":["post-3240","page","type-page","status-publish","hentry"],"_links":{"self":[{"href":"https:\/\/www.ppa.hr\/hr\/wp-json\/wp\/v2\/pages\/3240","targetHints":{"allow":["GET"]}}],"collection":[{"href":"https:\/\/www.ppa.hr\/hr\/wp-json\/wp\/v2\/pages"}],"about":[{"href":"https:\/\/www.ppa.hr\/hr\/wp-json\/wp\/v2\/types\/page"}],"author":[{"embeddable":true,"href":"https:\/\/www.ppa.hr\/hr\/wp-json\/wp\/v2\/users\/1"}],"replies":[{"embeddable":true,"href":"https:\/\/www.ppa.hr\/hr\/wp-json\/wp\/v2\/comments?post=3240"}],"version-history":[{"count":87,"href":"https:\/\/www.ppa.hr\/hr\/wp-json\/wp\/v2\/pages\/3240\/revisions"}],"predecessor-version":[{"id":17533,"href":"https:\/\/www.ppa.hr\/hr\/wp-json\/wp\/v2\/pages\/3240\/revisions\/17533"}],"wp:attachment":[{"href":"https:\/\/www.ppa.hr\/hr\/wp-json\/wp\/v2\/media?parent=3240"}],"curies":[{"name":"wp","href":"https:\/\/api.w.org\/{rel}","templated":true}]}}