{"id":3224,"date":"2016-04-03T23:53:00","date_gmt":"2016-04-03T23:53:00","guid":{"rendered":"http:\/\/test.ppa.hr\/?page_id=3224"},"modified":"2021-07-08T14:31:26","modified_gmt":"2021-07-08T14:31:26","slug":"luka-ploce","status":"publish","type":"page","link":"https:\/\/www.ppa.hr\/hr\/luka-ploce\/","title":{"rendered":"Luka Plo\u010de"},"content":{"rendered":"<p>[et_pb_section bb_built=&#8221;1&#8243; fullwidth=&#8221;off&#8221; specialty=&#8221;off&#8221; transparent_background=&#8221;off&#8221; background_color=&#8221;#f4f4f4&#8243; allow_player_pause=&#8221;off&#8221; inner_shadow=&#8221;off&#8221; parallax=&#8221;off&#8221; parallax_method=&#8221;off&#8221; padding_mobile=&#8221;off&#8221; make_fullwidth=&#8221;off&#8221; use_custom_width=&#8221;off&#8221; width_unit=&#8221;on&#8221; make_equal=&#8221;off&#8221; use_custom_gutter=&#8221;off&#8221; custom_padding=&#8221;0px||0px|&#8221; gutter_width=&#8221;3&#8243; custom_padding_tablet=&#8221;50px|0|50px|0&#8243; custom_padding_last_edited=&#8221;on|desktop&#8221;][et_pb_row make_fullwidth=&#8221;on&#8221; use_custom_width=&#8221;off&#8221; width_unit=&#8221;on&#8221; use_custom_gutter=&#8221;on&#8221; gutter_width=&#8221;1&#8243; custom_padding=&#8221;0px|0px&#8221; padding_mobile=&#8221;off&#8221; allow_player_pause=&#8221;off&#8221; parallax=&#8221;off&#8221; parallax_method=&#8221;off&#8221; make_equal=&#8221;off&#8221; column_padding_mobile=&#8221;on&#8221; background_position=&#8221;top_left&#8221; background_repeat=&#8221;repeat&#8221; background_size=&#8221;initial&#8221;][et_pb_column type=&#8221;1_2&#8243;][et_pb_cta title=&#8221;GEOPROMETNI POLO\u017dAJ LUKE PLO\u010cE&#8221; button_url=&#8221;http:\/\/ppa.hr\/hr\/geoprometni-polozaj\/&#8221; url_new_window=&#8221;off&#8221; button_text=&#8221;VIDI&#8221; use_background_color=&#8221;off&#8221; background_color=&#8221;#7EBEC5&#8243; background_layout=&#8221;light&#8221; text_orientation=&#8221;center&#8221; use_border_color=&#8221;off&#8221; border_color=&#8221;#ffffff&#8221; border_style=&#8221;solid&#8221; custom_padding=&#8221;15%|15%|15%|15%&#8221; custom_button=&#8221;on&#8221; button_text_size=&#8221;15&#8243; button_text_color=&#8221;#ffffff&#8221; button_bg_color=&#8221;#179baf&#8221; button_border_width=&#8221;0&#8243; button_border_radius=&#8221;1&#8243; button_letter_spacing=&#8221;0&#8243; button_use_icon=&#8221;default&#8221; button_icon=&#8221;%%36%%&#8221; button_icon_color=&#8221;#ffffff&#8221; button_icon_placement=&#8221;right&#8221; button_on_hover=&#8221;on&#8221; button_text_color_hover=&#8221;#10677c&#8221; button_bg_color_hover=&#8221;#b2a495&#8243; button_letter_spacing_hover=&#8221;0&#8243; background_position=&#8221;top_left&#8221; background_repeat=&#8221;repeat&#8221; background_size=&#8221;initial&#8221;]<\/p>\n<p><strong>Luka Plo\u010de<\/strong> se nalazi na isto\u010dnoj obali Jadranskog mora na lokaciji 43\u02da 03\u2032 N i 17\u02da26\u2032 E te je zbog svoje lokacije od izuzetne va\u017enosti za gospodarstvo susjedne Bosne i Hercegovine \u010dija se dr\u017eavna granica nalazi samo 25 km od luke Plo\u010de, a tako\u0111er i za partnere iz Srbije i Crne Gore, Ma\u0111arske i drugih zemalja Srednje Europe.<\/p>\n<p>[\/et_pb_cta][\/et_pb_column][et_pb_column type=&#8221;1_2&#8243;][et_pb_image src=&#8221;http:\/\/ppa.hr\/hr\/wp-content\/uploads\/2016\/04\/luka-i-delta.jpg&#8221; show_in_lightbox=&#8221;off&#8221; url_new_window=&#8221;off&#8221; animation=&#8221;off&#8221; sticky=&#8221;on&#8221; align=&#8221;left&#8221; force_fullwidth=&#8221;on&#8221; always_center_on_mobile=&#8221;on&#8221; use_border_color=&#8221;off&#8221; border_color=&#8221;#ffffff&#8221; border_style=&#8221;solid&#8221; use_overlay=&#8221;off&#8221; custom_css_main_element=&#8221;opacity: 1;&#8221; show_bottom_space=&#8221;off&#8221; animation_style=&#8221;none&#8221; animation_duration=&#8221;1000ms&#8221; animation_intensity_slide=&#8221;50%&#8221; \/][\/et_pb_column][\/et_pb_row][et_pb_row make_fullwidth=&#8221;on&#8221; use_custom_width=&#8221;off&#8221; width_unit=&#8221;on&#8221; use_custom_gutter=&#8221;on&#8221; gutter_width=&#8221;1&#8243; custom_padding=&#8221;0px|0px&#8221; padding_mobile=&#8221;off&#8221; allow_player_pause=&#8221;off&#8221; parallax=&#8221;off&#8221; parallax_method=&#8221;off&#8221; make_equal=&#8221;off&#8221; column_padding_mobile=&#8221;on&#8221; background_position=&#8221;top_left&#8221; background_repeat=&#8221;repeat&#8221; background_size=&#8221;initial&#8221;][et_pb_column type=&#8221;1_2&#8243;][et_pb_image src=&#8221;http:\/\/ppa.hr\/hr\/wp-content\/uploads\/2016\/04\/slika_povijest.jpg&#8221; show_in_lightbox=&#8221;on&#8221; url_new_window=&#8221;off&#8221; animation=&#8221;fade_in&#8221; sticky=&#8221;on&#8221; align=&#8221;center&#8221; force_fullwidth=&#8221;on&#8221; always_center_on_mobile=&#8221;on&#8221; use_border_color=&#8221;off&#8221; border_color=&#8221;#ffffff&#8221; border_style=&#8221;solid&#8221; use_overlay=&#8221;off&#8221; custom_css_main_element=&#8221;opacity: 1;&#8221; animation_direction=&#8221;center&#8221; show_bottom_space=&#8221;off&#8221; animation_style=&#8221;fade&#8221; animation_duration=&#8221;500ms&#8221; animation_intensity_slide=&#8221;10%&#8221; \/][\/et_pb_column][et_pb_column type=&#8221;1_2&#8243;][et_pb_cta title=&#8221;POVIJESNI RAZVOJ LUKE PLO\u010cE&#8221; button_url=&#8221;http:\/\/ppa.hr\/hr\/povijesni-razvoj-luke-ploce\/&#8221; url_new_window=&#8221;off&#8221; button_text=&#8221;VIDI&#8221; use_background_color=&#8221;off&#8221; background_color=&#8221;#7EBEC5&#8243; background_layout=&#8221;light&#8221; text_orientation=&#8221;center&#8221; use_border_color=&#8221;off&#8221; border_color=&#8221;#ffffff&#8221; border_style=&#8221;solid&#8221; custom_padding=&#8221;15%|15%|15%|15%&#8221; custom_button=&#8221;on&#8221; button_text_size=&#8221;15&#8243; button_text_color=&#8221;#ffffff&#8221; button_bg_color=&#8221;#179baf&#8221; button_border_width=&#8221;0&#8243; button_border_radius=&#8221;1&#8243; button_letter_spacing=&#8221;0&#8243; button_use_icon=&#8221;default&#8221; button_icon=&#8221;%%36%%&#8221; button_icon_color=&#8221;#ffffff&#8221; button_icon_placement=&#8221;right&#8221; button_on_hover=&#8221;on&#8221; button_text_color_hover=&#8221;#10677c&#8221; button_bg_color_hover=&#8221;#b2a495&#8243; button_letter_spacing_hover=&#8221;0&#8243; background_position=&#8221;top_left&#8221; background_repeat=&#8221;repeat&#8221; background_size=&#8221;initial&#8221;]<\/p>\n<p>Povijesni izvori govore da je zamisao o spajanju Bosne s morem nastala ve\u0107 polovicom 19. stolje\u0107a. Po\u010detak gradnje \u017eeljeznice u BiH po\u010dinje me\u0111utim tek za vrijeme Austrougarske monarhije 1878. kako bi povezala unutra\u0161njost s tada\u0161njom svojom provincijom Dalmacijom.<\/p>\n<p>[\/et_pb_cta][\/et_pb_column][\/et_pb_row][et_pb_row make_fullwidth=&#8221;on&#8221; use_custom_width=&#8221;off&#8221; width_unit=&#8221;on&#8221; use_custom_gutter=&#8221;on&#8221; gutter_width=&#8221;1&#8243; custom_padding=&#8221;0px|0px&#8221; padding_mobile=&#8221;off&#8221; allow_player_pause=&#8221;off&#8221; parallax=&#8221;off&#8221; parallax_method=&#8221;off&#8221; make_equal=&#8221;off&#8221; column_padding_mobile=&#8221;on&#8221; background_position=&#8221;top_left&#8221; background_repeat=&#8221;repeat&#8221; background_size=&#8221;initial&#8221;][et_pb_column type=&#8221;1_2&#8243;][et_pb_cta title=&#8221;SLOBODNA ZONA LUKE PLO\u010cE&#8221; button_url=&#8221;http:\/\/ppa.hr\/hr\/slobodna-zona-luke-ploce\/&#8221; url_new_window=&#8221;off&#8221; button_text=&#8221;VIDI&#8221; use_background_color=&#8221;off&#8221; background_color=&#8221;#7EBEC5&#8243; background_layout=&#8221;light&#8221; use_border_color=&#8221;off&#8221; border_color=&#8221;#ffffff&#8221; border_style=&#8221;solid&#8221; custom_padding=&#8221;15%|15%|15%|15%&#8221; custom_button=&#8221;on&#8221; button_text_size=&#8221;15&#8243; button_text_color=&#8221;#ffffff&#8221; button_bg_color=&#8221;#179baf&#8221; button_border_width=&#8221;0&#8243; button_border_radius=&#8221;1&#8243; button_letter_spacing=&#8221;0&#8243; button_icon=&#8221;%%36%%&#8221; button_icon_color=&#8221;#ffffff&#8221; button_icon_placement=&#8221;right&#8221; button_text_color_hover=&#8221;#10677c&#8221; button_bg_color_hover=&#8221;#b2a495&#8243; background_position=&#8221;top_left&#8221; background_repeat=&#8221;repeat&#8221; background_size=&#8221;initial&#8221; _builder_version=&#8221;3.0.89&#8243;]<\/p>\n<p>Gotovo cijelo lu\u010dko podru\u010dje je istovremeno i podru\u010dje slobodne zone luke Plo\u010de nakon \u0161to je\u00a0<strong>1999. godine Lu\u010dkoj upravi Plo\u010d<\/strong>e dana suglasnost Vlade Republike Hrvatske za osnivanje slobodne zone na period od 30 godina.<\/p>\n<p>[\/et_pb_cta][\/et_pb_column][et_pb_column type=&#8221;1_2&#8243;][et_pb_image src=&#8221;http:\/\/ppa.hr\/hr\/wp-content\/uploads\/2016\/04\/SLOBODNA_ZONA.jpg&#8221; show_in_lightbox=&#8221;on&#8221; url_new_window=&#8221;off&#8221; animation=&#8221;fade_in&#8221; sticky=&#8221;on&#8221; align=&#8221;center&#8221; force_fullwidth=&#8221;on&#8221; always_center_on_mobile=&#8221;on&#8221; use_border_color=&#8221;off&#8221; border_color=&#8221;#ffffff&#8221; border_style=&#8221;solid&#8221; use_overlay=&#8221;off&#8221; custom_css_main_element=&#8221;opacity: 1;&#8221; animation_direction=&#8221;center&#8221; show_bottom_space=&#8221;off&#8221; animation_style=&#8221;fade&#8221; animation_duration=&#8221;500ms&#8221; animation_intensity_slide=&#8221;10%&#8221; \/][\/et_pb_column][\/et_pb_row][et_pb_row make_fullwidth=&#8221;on&#8221; use_custom_width=&#8221;off&#8221; width_unit=&#8221;on&#8221; use_custom_gutter=&#8221;on&#8221; gutter_width=&#8221;1&#8243; custom_padding=&#8221;0px|0px&#8221; padding_mobile=&#8221;off&#8221; allow_player_pause=&#8221;off&#8221; parallax=&#8221;off&#8221; parallax_method=&#8221;off&#8221; make_equal=&#8221;off&#8221; column_padding_mobile=&#8221;on&#8221; background_position=&#8221;top_left&#8221; background_repeat=&#8221;repeat&#8221; background_size=&#8221;initial&#8221;][et_pb_column type=&#8221;1_2&#8243;][et_pb_image src=&#8221;http:\/\/ppa.hr\/hr\/wp-content\/uploads\/2016\/04\/naslovnica_slider_01.jpg&#8221; show_in_lightbox=&#8221;off&#8221; url_new_window=&#8221;off&#8221; animation=&#8221;off&#8221; sticky=&#8221;on&#8221; align=&#8221;left&#8221; force_fullwidth=&#8221;on&#8221; always_center_on_mobile=&#8221;on&#8221; use_border_color=&#8221;off&#8221; border_color=&#8221;#ffffff&#8221; border_style=&#8221;solid&#8221; use_overlay=&#8221;off&#8221; show_bottom_space=&#8221;off&#8221; animation_style=&#8221;none&#8221; animation_duration=&#8221;1000ms&#8221; animation_intensity_slide=&#8221;50%&#8221; \/][\/et_pb_column][et_pb_column type=&#8221;1_2&#8243;][et_pb_cta title=&#8221;LU\u010cKI KAPACITETI&#8221; button_url=&#8221;http:\/\/ppa.hr\/hr\/lucki-kapaciteti\/&#8221; url_new_window=&#8221;off&#8221; button_text=&#8221;VIDI&#8221; use_background_color=&#8221;off&#8221; background_color=&#8221;#7EBEC5&#8243; background_layout=&#8221;light&#8221; text_orientation=&#8221;center&#8221; use_border_color=&#8221;off&#8221; border_color=&#8221;#ffffff&#8221; border_style=&#8221;solid&#8221; custom_padding=&#8221;15%|15%|15%|15%&#8221; custom_button=&#8221;on&#8221; button_text_size=&#8221;15&#8243; button_text_color=&#8221;#ffffff&#8221; button_bg_color=&#8221;#179baf&#8221; button_border_width=&#8221;0&#8243; button_border_radius=&#8221;1&#8243; button_letter_spacing=&#8221;0&#8243; button_use_icon=&#8221;default&#8221; button_icon=&#8221;%%36%%&#8221; button_icon_color=&#8221;#ffffff&#8221; button_icon_placement=&#8221;right&#8221; button_on_hover=&#8221;on&#8221; button_text_color_hover=&#8221;#10677c&#8221; button_bg_color_hover=&#8221;#b2a495&#8243; button_letter_spacing_hover=&#8221;0&#8243; background_position=&#8221;top_left&#8221; background_repeat=&#8221;repeat&#8221; background_size=&#8221;initial&#8221;]<\/p>\n<div class=\"itemIntroText\">\n<p>Luka u Plo\u010dama je luka univerzalne namjene \u0161to zna\u010di da slu\u017ei za prekrcaj gotovo svih vrsta tereta koji se pojavljuju u me\u0111unarodnom pomorskom prometu. Unutar same luke postoje podru\u010dja specijalizirana za opslu\u017eivanje pojedinih vrsta tereta.<\/p>\n<\/div>\n<div class=\"itemFullText\"><\/div>\n<p>[\/et_pb_cta][\/et_pb_column][\/et_pb_row][et_pb_row make_fullwidth=&#8221;on&#8221; use_custom_width=&#8221;off&#8221; width_unit=&#8221;on&#8221; use_custom_gutter=&#8221;on&#8221; gutter_width=&#8221;1&#8243; custom_padding=&#8221;0px|0px&#8221; padding_mobile=&#8221;off&#8221; allow_player_pause=&#8221;off&#8221; parallax=&#8221;off&#8221; parallax_method=&#8221;off&#8221; make_equal=&#8221;off&#8221; column_padding_mobile=&#8221;on&#8221; background_position=&#8221;top_left&#8221; background_repeat=&#8221;repeat&#8221; background_size=&#8221;initial&#8221;][et_pb_column type=&#8221;1_2&#8243;][et_pb_cta admin_label=&#8221;Call To Action_MTK&#8221; title=&#8221;LUKA METKOVI\u0106&#8221; button_url=&#8221;http:\/\/ppa.hr\/hr\/luka-metkovic\/&#8221; url_new_window=&#8221;off&#8221; button_text=&#8221;VIDI&#8221; use_background_color=&#8221;off&#8221; background_color=&#8221;#7EBEC5&#8243; background_layout=&#8221;light&#8221; text_orientation=&#8221;center&#8221; use_border_color=&#8221;off&#8221; border_color=&#8221;#ffffff&#8221; border_style=&#8221;solid&#8221; custom_padding=&#8221;15%|15%|15%|15%&#8221; custom_button=&#8221;on&#8221; button_text_size=&#8221;15&#8243; button_text_color=&#8221;#ffffff&#8221; button_bg_color=&#8221;#179baf&#8221; button_border_width=&#8221;0&#8243; button_border_radius=&#8221;1&#8243; button_letter_spacing=&#8221;0&#8243; button_use_icon=&#8221;default&#8221; button_icon=&#8221;%%36%%&#8221; button_icon_color=&#8221;#ffffff&#8221; button_icon_placement=&#8221;right&#8221; button_on_hover=&#8221;on&#8221; button_text_color_hover=&#8221;#10677c&#8221; button_bg_color_hover=&#8221;#b2a495&#8243; button_letter_spacing_hover=&#8221;0&#8243; background_position=&#8221;top_left&#8221; background_repeat=&#8221;repeat&#8221; background_size=&#8221;initial&#8221;]<\/p>\n<p>Odlukom o osnivanju <strong>Lu\u010dke uprave Plo\u010de od 18.02.1997. godine<\/strong>, Vlada RH utvrdila je lu\u010dko podru\u010dje kojim upravlja Lu\u010dka uprava Plo\u010de, a koje se sastoji od<strong> lu\u010dkih bazena Plo\u010de i Metkovi\u0107.<\/strong><br \/>\n<strong>Bazen Metkovi\u0107<\/strong> obuhva\u0107a podru\u010dje koje se desnom obalom Neretve prote\u017ee od mosta do svjetionika Jerkovac,<\/p>\n<p>[\/et_pb_cta][\/et_pb_column][et_pb_column type=&#8221;1_2&#8243;][et_pb_image src=&#8221;http:\/\/ppa.hr\/hr\/wp-content\/uploads\/2016\/04\/luka_metkovic.jpg&#8221; show_in_lightbox=&#8221;on&#8221; url_new_window=&#8221;off&#8221; animation=&#8221;fade_in&#8221; sticky=&#8221;on&#8221; align=&#8221;center&#8221; force_fullwidth=&#8221;on&#8221; always_center_on_mobile=&#8221;on&#8221; use_border_color=&#8221;off&#8221; border_color=&#8221;#ffffff&#8221; border_style=&#8221;solid&#8221; use_overlay=&#8221;off&#8221; custom_css_main_element=&#8221;opacity: 1;&#8221; animation_direction=&#8221;center&#8221; show_bottom_space=&#8221;off&#8221; animation_style=&#8221;fade&#8221; animation_duration=&#8221;500ms&#8221; animation_intensity_slide=&#8221;10%&#8221; \/][\/et_pb_column][\/et_pb_row][\/et_pb_section]<\/p>\n","protected":false},"excerpt":{"rendered":"<p>Luka Plo\u010de se nalazi na isto\u010dnoj obali Jadranskog mora na lokaciji 43\u02da 03\u2032 N i 17\u02da26\u2032 E te je zbog svoje lokacije od izuzetne va\u017enosti za gospodarstvo susjedne Bosne i Hercegovine \u010dija se dr\u017eavna granica nalazi samo 25 km od luke Plo\u010de, a tako\u0111er i za partnere iz Srbije i Crne Gore, Ma\u0111arske i drugih [&hellip;]<\/p>\n","protected":false},"author":1,"featured_media":0,"parent":0,"menu_order":0,"comment_status":"closed","ping_status":"closed","template":"","meta":{"_et_pb_use_builder":"on","_et_pb_old_content":"","_et_gb_content_width":"","footnotes":""},"class_list":["post-3224","page","type-page","status-publish","hentry"],"_links":{"self":[{"href":"https:\/\/www.ppa.hr\/hr\/wp-json\/wp\/v2\/pages\/3224","targetHints":{"allow":["GET"]}}],"collection":[{"href":"https:\/\/www.ppa.hr\/hr\/wp-json\/wp\/v2\/pages"}],"about":[{"href":"https:\/\/www.ppa.hr\/hr\/wp-json\/wp\/v2\/types\/page"}],"author":[{"embeddable":true,"href":"https:\/\/www.ppa.hr\/hr\/wp-json\/wp\/v2\/users\/1"}],"replies":[{"embeddable":true,"href":"https:\/\/www.ppa.hr\/hr\/wp-json\/wp\/v2\/comments?post=3224"}],"version-history":[{"count":18,"href":"https:\/\/www.ppa.hr\/hr\/wp-json\/wp\/v2\/pages\/3224\/revisions"}],"predecessor-version":[{"id":16033,"href":"https:\/\/www.ppa.hr\/hr\/wp-json\/wp\/v2\/pages\/3224\/revisions\/16033"}],"wp:attachment":[{"href":"https:\/\/www.ppa.hr\/hr\/wp-json\/wp\/v2\/media?parent=3224"}],"curies":[{"name":"wp","href":"https:\/\/api.w.org\/{rel}","templated":true}]}}