{"id":3222,"date":"2016-04-03T23:52:34","date_gmt":"2016-04-03T23:52:34","guid":{"rendered":"http:\/\/test.ppa.hr\/?page_id=3222"},"modified":"2016-09-06T12:30:57","modified_gmt":"2016-09-06T12:30:57","slug":"lucka-uprava-ploce","status":"publish","type":"page","link":"https:\/\/www.ppa.hr\/hr\/lucka-uprava-ploce\/","title":{"rendered":"Lu\u010dka uprava Plo\u010de"},"content":{"rendered":"<p>[et_pb_section admin_label=&#8221;Section&#8221; fullwidth=&#8221;off&#8221; specialty=&#8221;off&#8221; transparent_background=&#8221;off&#8221; background_color=&#8221;#f4f4f4&#8243; allow_player_pause=&#8221;off&#8221; inner_shadow=&#8221;off&#8221; parallax=&#8221;off&#8221; parallax_method=&#8221;off&#8221; padding_mobile=&#8221;off&#8221; make_fullwidth=&#8221;off&#8221; use_custom_width=&#8221;off&#8221; width_unit=&#8221;on&#8221; make_equal=&#8221;off&#8221; use_custom_gutter=&#8221;off&#8221; custom_padding=&#8221;0px|0px&#8221; gutter_width=&#8221;3&#8243;][et_pb_row admin_label=&#8221;Row&#8221; make_fullwidth=&#8221;on&#8221; use_custom_width=&#8221;off&#8221; width_unit=&#8221;on&#8221; use_custom_gutter=&#8221;on&#8221; gutter_width=&#8221;1&#8243; custom_padding=&#8221;0px|0px&#8221; padding_mobile=&#8221;off&#8221; allow_player_pause=&#8221;off&#8221; parallax=&#8221;off&#8221; parallax_method=&#8221;off&#8221; make_equal=&#8221;off&#8221; column_padding_mobile=&#8221;on&#8221;][et_pb_column type=&#8221;1_2&#8243;][et_pb_cta admin_label=&#8221;O ustanovi_Call To Action&#8221; title=&#8221;O ustanovi&#8221; button_url=&#8221;http:\/\/test.ppa.hr\/o-ustanovi\/&#8221; url_new_window=&#8221;off&#8221; button_text=&#8221;VI\u0160E&#8221; use_background_color=&#8221;off&#8221; background_color=&#8221;#7EBEC5&#8243; background_layout=&#8221;light&#8221; text_orientation=&#8221;left&#8221; use_border_color=&#8221;off&#8221; border_color=&#8221;#ffffff&#8221; border_style=&#8221;solid&#8221; custom_padding=&#8221;15%|15%|15%|15%&#8221; custom_button=&#8221;on&#8221; button_text_size=&#8221;15&#8243; button_text_color=&#8221;#ffffff&#8221; button_bg_color=&#8221;#179baf&#8221; button_border_width=&#8221;0&#8243; button_border_radius=&#8221;1&#8243; button_letter_spacing=&#8221;0&#8243; button_use_icon=&#8221;default&#8221; button_icon=&#8221;%%36%%&#8221; button_icon_color=&#8221;#ffffff&#8221; button_icon_placement=&#8221;right&#8221; button_on_hover=&#8221;on&#8221; button_text_color_hover=&#8221;#10677c&#8221; button_bg_color_hover=&#8221;#b2a495&#8243; button_letter_spacing_hover=&#8221;0&#8243;]<\/p>\n<p>Vlada Republike Hrvatske je na sjednici odr\u017eanoj <strong>13. velja\u010de 1997.<\/strong> donijela Odluku o osnivanju Lu\u010dke uprave Plo\u010de radi upravljanja, izgradnje i kori\u0161tenja luke Plo\u010de.<\/p>\n<p>Prema namjeni kojoj slu\u017ei luka Plo\u010de je luka otvorena za me\u0111unarodni javni promet, a prema veli\u010dini i zna\u010daju je progla\u0161ena lukom od osobitog me\u0111unarodnog gospodarskog interesa za Republiku Hrvatsku<\/p>\n<p>[\/et_pb_cta][\/et_pb_column][et_pb_column type=&#8221;1_2&#8243;][et_pb_image admin_label=&#8221;Image&#8221; src=&#8221;http:\/\/test.ppa.hr\/wp-content\/uploads\/2016\/08\/logo_novi.png&#8221; show_in_lightbox=&#8221;off&#8221; url_new_window=&#8221;off&#8221; animation=&#8221;off&#8221; sticky=&#8221;on&#8221; align=&#8221;center&#8221; force_fullwidth=&#8221;on&#8221; always_center_on_mobile=&#8221;on&#8221; use_border_color=&#8221;off&#8221; border_color=&#8221;#ffffff&#8221; border_style=&#8221;solid&#8221; use_overlay=&#8221;off&#8221; custom_margin=&#8221;70px|0px|0px|0px&#8221;] [\/et_pb_image][\/et_pb_column][\/et_pb_row][et_pb_row admin_label=&#8221;Row&#8221; make_fullwidth=&#8221;on&#8221; use_custom_width=&#8221;off&#8221; width_unit=&#8221;on&#8221; use_custom_gutter=&#8221;on&#8221; gutter_width=&#8221;1&#8243; custom_padding=&#8221;0px|0px&#8221; padding_mobile=&#8221;off&#8221; allow_player_pause=&#8221;off&#8221; parallax=&#8221;off&#8221; parallax_method=&#8221;off&#8221; make_equal=&#8221;off&#8221; column_padding_mobile=&#8221;on&#8221;][et_pb_column type=&#8221;1_2&#8243;][et_pb_image admin_label=&#8221;Image&#8221; src=&#8221;http:\/\/test.ppa.hr\/wp-content\/uploads\/2016\/04\/misija-i-vizija.jpg&#8221; show_in_lightbox=&#8221;off&#8221; url_new_window=&#8221;off&#8221; animation=&#8221;off&#8221; sticky=&#8221;on&#8221; align=&#8221;left&#8221; force_fullwidth=&#8221;on&#8221; always_center_on_mobile=&#8221;on&#8221; use_border_color=&#8221;off&#8221; border_color=&#8221;#ffffff&#8221; border_style=&#8221;solid&#8221; use_overlay=&#8221;off&#8221;] [\/et_pb_image][\/et_pb_column][et_pb_column type=&#8221;1_2&#8243;][et_pb_cta admin_label=&#8221;misija i vizija&#8221; title=&#8221;Misija i vizija&#8221; button_url=&#8221;http:\/\/test.ppa.hr\/misija-i-vizija\/&#8221; url_new_window=&#8221;off&#8221; button_text=&#8221;VI\u0160E&#8221; use_background_color=&#8221;off&#8221; background_color=&#8221;#7EBEC5&#8243; background_layout=&#8221;light&#8221; text_orientation=&#8221;left&#8221; use_border_color=&#8221;off&#8221; border_color=&#8221;#ffffff&#8221; border_style=&#8221;solid&#8221; custom_padding=&#8221;15%|15%|15%|15%&#8221; custom_button=&#8221;on&#8221; button_text_size=&#8221;15&#8243; button_text_color=&#8221;#ffffff&#8221; button_bg_color=&#8221;#179baf&#8221; button_border_width=&#8221;0&#8243; button_border_radius=&#8221;1&#8243; button_letter_spacing=&#8221;0&#8243; button_use_icon=&#8221;default&#8221; button_icon=&#8221;%%36%%&#8221; button_icon_color=&#8221;#ffffff&#8221; button_icon_placement=&#8221;right&#8221; button_on_hover=&#8221;on&#8221; button_text_color_hover=&#8221;#10677c&#8221; button_bg_color_hover=&#8221;#b2a495&#8243; button_letter_spacing_hover=&#8221;0&#8243;]<\/p>\n<p>Misija Lu\u010dke uprave Plo\u010de usmjerena je na stvaranje maksimalnih pozitivnih efekata i sigurnosti gospodarenja i kori\u0161tenja javnih dobara s kojima raspola\u017ee, a pri tome upravljaju\u0107i temeljnim poslovnim procesima: upravljanje unapre\u0111enjem, odr\u017eavanjem i sigurno\u0161\u0107u lu\u010dkog podru\u010dja, upravljanje komercijalizacijom lu\u010dkog podru\u010dja i upravljanje i nadzor kori\u0161tenja luke<\/p>\n<p>[\/et_pb_cta][\/et_pb_column][\/et_pb_row][et_pb_row admin_label=&#8221;Row&#8221; make_fullwidth=&#8221;on&#8221; use_custom_width=&#8221;off&#8221; width_unit=&#8221;on&#8221; use_custom_gutter=&#8221;on&#8221; gutter_width=&#8221;1&#8243; custom_padding=&#8221;0px|0px&#8221; padding_mobile=&#8221;off&#8221; allow_player_pause=&#8221;off&#8221; parallax=&#8221;off&#8221; parallax_method=&#8221;off&#8221; make_equal=&#8221;off&#8221; column_padding_mobile=&#8221;on&#8221;][et_pb_column type=&#8221;1_2&#8243;][et_pb_cta admin_label=&#8221;\u010dlansva_Call To Action&#8221; title=&#8221;\u010clanstva&#8221; button_url=&#8221;http:\/\/test.ppa.hr\/clanstva\/&#8221; url_new_window=&#8221;off&#8221; button_text=&#8221;VI\u0160E&#8221; use_background_color=&#8221;off&#8221; background_color=&#8221;#7EBEC5&#8243; background_layout=&#8221;light&#8221; text_orientation=&#8221;left&#8221; use_border_color=&#8221;off&#8221; border_color=&#8221;#ffffff&#8221; border_style=&#8221;solid&#8221; custom_padding=&#8221;15%|15%|15%|15%&#8221; custom_button=&#8221;on&#8221; button_text_size=&#8221;15&#8243; button_text_color=&#8221;#ffffff&#8221; button_bg_color=&#8221;#179baf&#8221; button_border_width=&#8221;0&#8243; button_border_radius=&#8221;1&#8243; button_letter_spacing=&#8221;0&#8243; button_use_icon=&#8221;default&#8221; button_icon=&#8221;%%36%%&#8221; button_icon_color=&#8221;#ffffff&#8221; button_icon_placement=&#8221;right&#8221; button_on_hover=&#8221;on&#8221; button_text_color_hover=&#8221;#10677c&#8221; button_bg_color_hover=&#8221;#b2a495&#8243; button_letter_spacing_hover=&#8221;0&#8243;]<\/p>\n<h5><strong>Zajednica lu\u010dkih uprava Republike Hrvatske (Croatian Association of Port Authorities)\u00a0<\/strong><\/h5>\n<p>Zajednica lu\u010dkih uprava Republike Hrvatske osnovana je u Splitu 1998. i okuplja \u0161est luka od dr\u017eavnog zna\u010daja \u2013 luke Rijeka, Plo\u010de, Zadar, Split, \u0160ibenik i Dubrovnik.<\/p>\n<p>[\/et_pb_cta][\/et_pb_column][et_pb_column type=&#8221;1_2&#8243;][et_pb_image admin_label=&#8221;Image_clansava&#8221; src=&#8221;http:\/\/test.ppa.hr\/wp-content\/uploads\/2016\/04\/clanstva.jpg&#8221; show_in_lightbox=&#8221;off&#8221; url_new_window=&#8221;off&#8221; animation=&#8221;off&#8221; sticky=&#8221;on&#8221; align=&#8221;left&#8221; force_fullwidth=&#8221;on&#8221; always_center_on_mobile=&#8221;on&#8221; use_border_color=&#8221;off&#8221; border_color=&#8221;#ffffff&#8221; border_style=&#8221;solid&#8221; use_overlay=&#8221;off&#8221;] [\/et_pb_image][\/et_pb_column][\/et_pb_row][et_pb_row admin_label=&#8221;Row&#8221; make_fullwidth=&#8221;on&#8221; use_custom_width=&#8221;off&#8221; width_unit=&#8221;on&#8221; use_custom_gutter=&#8221;on&#8221; gutter_width=&#8221;1&#8243; custom_padding=&#8221;0px|0px&#8221; padding_mobile=&#8221;off&#8221; allow_player_pause=&#8221;off&#8221; parallax=&#8221;off&#8221; parallax_method=&#8221;off&#8221; make_equal=&#8221;off&#8221; column_padding_mobile=&#8221;on&#8221;][et_pb_column type=&#8221;1_2&#8243;][et_pb_image admin_label=&#8221;Image_pristup informacijama&#8221; src=&#8221;http:\/\/test.ppa.hr\/wp-content\/uploads\/2016\/04\/pristup-informacijama.jpg&#8221; show_in_lightbox=&#8221;off&#8221; url_new_window=&#8221;off&#8221; animation=&#8221;off&#8221; sticky=&#8221;on&#8221; align=&#8221;left&#8221; force_fullwidth=&#8221;on&#8221; always_center_on_mobile=&#8221;on&#8221; use_border_color=&#8221;off&#8221; border_color=&#8221;#ffffff&#8221; border_style=&#8221;solid&#8221; use_overlay=&#8221;off&#8221;] [\/et_pb_image][\/et_pb_column][et_pb_column type=&#8221;1_2&#8243;][et_pb_cta admin_label=&#8221;informacije&#8221; title=&#8221;Pravo na pristup informacijama&#8221; button_url=&#8221;http:\/\/test.ppa.hr\/sluzbenik-za-informiranje\/&#8221; url_new_window=&#8221;off&#8221; button_text=&#8221;VI\u0160E&#8221; use_background_color=&#8221;off&#8221; background_color=&#8221;#7EBEC5&#8243; background_layout=&#8221;light&#8221; text_orientation=&#8221;left&#8221; use_border_color=&#8221;off&#8221; border_color=&#8221;#ffffff&#8221; border_style=&#8221;solid&#8221; custom_padding=&#8221;15%|15%|15%|15%&#8221; custom_button=&#8221;on&#8221; button_text_size=&#8221;15&#8243; button_text_color=&#8221;#ffffff&#8221; button_bg_color=&#8221;#179baf&#8221; button_border_width=&#8221;0&#8243; button_border_radius=&#8221;1&#8243; button_letter_spacing=&#8221;0&#8243; button_use_icon=&#8221;default&#8221; button_icon=&#8221;%%36%%&#8221; button_icon_color=&#8221;#ffffff&#8221; button_icon_placement=&#8221;right&#8221; button_on_hover=&#8221;on&#8221; button_text_color_hover=&#8221;#10677c&#8221; button_bg_color_hover=&#8221;#b2a495&#8243; button_letter_spacing_hover=&#8221;0&#8243;]<\/p>\n<p>Pravo na pristup informacijama i ponovnu uporabu informacija ostvaruje se u skladu sa Zakonom o pravu na pristup informacijama (\u201eNarodne novine\u201c, broj 25\/2013.).<\/p>\n<p>Cilj Zakona je omogu\u0107iti i osigurati ostvarivanje Ustavom Republike Hrvatske zajam\u010denog prava na pristup informacijama, kao i na ponovnu uporabu informacija fizi\u010dkim i pravnim osobama putem otvorenosti i javnosti djelovanja tijela javne vlasti.<\/p>\n<p>[\/et_pb_cta][\/et_pb_column][\/et_pb_row][et_pb_row admin_label=&#8221;Row&#8221; make_fullwidth=&#8221;on&#8221; use_custom_width=&#8221;off&#8221; width_unit=&#8221;on&#8221; use_custom_gutter=&#8221;on&#8221; gutter_width=&#8221;1&#8243; custom_padding=&#8221;0px|0px&#8221; padding_mobile=&#8221;off&#8221; allow_player_pause=&#8221;off&#8221; parallax=&#8221;off&#8221; parallax_method=&#8221;off&#8221; make_equal=&#8221;off&#8221; column_padding_mobile=&#8221;on&#8221;][et_pb_column type=&#8221;1_2&#8243;][et_pb_cta admin_label=&#8221;Donacije&#8221; title=&#8221;Donacije i sponzorstva&#8221; button_url=&#8221;http:\/\/test.ppa.hr\/donacije-i-sponzorstva\/&#8221; url_new_window=&#8221;off&#8221; button_text=&#8221;VI\u0160E&#8221; use_background_color=&#8221;off&#8221; background_color=&#8221;#7EBEC5&#8243; background_layout=&#8221;light&#8221; text_orientation=&#8221;left&#8221; use_border_color=&#8221;off&#8221; border_color=&#8221;#ffffff&#8221; border_style=&#8221;solid&#8221; custom_padding=&#8221;15%|15%|15%|15%&#8221; custom_button=&#8221;on&#8221; button_text_size=&#8221;15&#8243; button_text_color=&#8221;#ffffff&#8221; button_bg_color=&#8221;#179baf&#8221; button_border_width=&#8221;0&#8243; button_border_radius=&#8221;1&#8243; button_letter_spacing=&#8221;0&#8243; button_use_icon=&#8221;default&#8221; button_icon=&#8221;%%36%%&#8221; button_icon_color=&#8221;#ffffff&#8221; button_icon_placement=&#8221;right&#8221; button_on_hover=&#8221;on&#8221; button_text_color_hover=&#8221;#10677c&#8221; button_bg_color_hover=&#8221;#b2a495&#8243; button_letter_spacing_hover=&#8221;0&#8243;]<\/p>\n<p>Objavljen je JAVNI NATJE\u010cAJ ZA DODJELU DONACIJA U 2016 godini. Natje\u010daj mo\u017eete preuzeti putem priloga ili putem poveznice<\/p>\n<p>[\/et_pb_cta][\/et_pb_column][et_pb_column type=&#8221;1_2&#8243;][et_pb_image admin_label=&#8221;Image&#8221; src=&#8221;http:\/\/test.ppa.hr\/wp-content\/uploads\/2016\/08\/logo_novi.png&#8221; show_in_lightbox=&#8221;off&#8221; url_new_window=&#8221;off&#8221; animation=&#8221;off&#8221; sticky=&#8221;on&#8221; align=&#8221;center&#8221; force_fullwidth=&#8221;on&#8221; always_center_on_mobile=&#8221;on&#8221; use_border_color=&#8221;off&#8221; border_color=&#8221;#ffffff&#8221; border_style=&#8221;solid&#8221; use_overlay=&#8221;off&#8221; custom_margin=&#8221;70px|0px|0px|0px&#8221;] [\/et_pb_image][\/et_pb_column][\/et_pb_row][\/et_pb_section]<\/p>\n","protected":false},"excerpt":{"rendered":"<p>Vlada Republike Hrvatske je na sjednici odr\u017eanoj 13. velja\u010de 1997. donijela Odluku o osnivanju Lu\u010dke uprave Plo\u010de radi upravljanja, izgradnje i kori\u0161tenja luke Plo\u010de. Prema namjeni kojoj slu\u017ei luka Plo\u010de je luka otvorena za me\u0111unarodni javni promet, a prema veli\u010dini i zna\u010daju je progla\u0161ena lukom od osobitog me\u0111unarodnog gospodarskog interesa za Republiku Hrvatsku Misija Lu\u010dke [&hellip;]<\/p>\n","protected":false},"author":1,"featured_media":0,"parent":0,"menu_order":0,"comment_status":"closed","ping_status":"closed","template":"","meta":{"_et_pb_use_builder":"on","_et_pb_old_content":"","_et_gb_content_width":"","footnotes":""},"class_list":["post-3222","page","type-page","status-publish","hentry"],"_links":{"self":[{"href":"https:\/\/www.ppa.hr\/hr\/wp-json\/wp\/v2\/pages\/3222","targetHints":{"allow":["GET"]}}],"collection":[{"href":"https:\/\/www.ppa.hr\/hr\/wp-json\/wp\/v2\/pages"}],"about":[{"href":"https:\/\/www.ppa.hr\/hr\/wp-json\/wp\/v2\/types\/page"}],"author":[{"embeddable":true,"href":"https:\/\/www.ppa.hr\/hr\/wp-json\/wp\/v2\/users\/1"}],"replies":[{"embeddable":true,"href":"https:\/\/www.ppa.hr\/hr\/wp-json\/wp\/v2\/comments?post=3222"}],"version-history":[{"count":15,"href":"https:\/\/www.ppa.hr\/hr\/wp-json\/wp\/v2\/pages\/3222\/revisions"}],"predecessor-version":[{"id":13693,"href":"https:\/\/www.ppa.hr\/hr\/wp-json\/wp\/v2\/pages\/3222\/revisions\/13693"}],"wp:attachment":[{"href":"https:\/\/www.ppa.hr\/hr\/wp-json\/wp\/v2\/media?parent=3222"}],"curies":[{"name":"wp","href":"https:\/\/api.w.org\/{rel}","templated":true}]}}