{"id":3220,"date":"2016-04-03T23:50:05","date_gmt":"2016-04-03T23:50:05","guid":{"rendered":"http:\/\/test.ppa.hr\/?page_id=3220"},"modified":"2016-09-30T10:06:39","modified_gmt":"2016-09-30T10:06:39","slug":"lucki-informacijski-sustav","status":"publish","type":"page","link":"https:\/\/www.ppa.hr\/hr\/lucki-informacijski-sustav\/","title":{"rendered":"Lu\u010dki informacijski sustav"},"content":{"rendered":"<p>[et_pb_section admin_label=&#8221;section&#8221;][et_pb_row admin_label=&#8221;Row&#8221;][et_pb_column type=&#8221;4_4&#8243;][et_pb_text admin_label=&#8221;Text&#8221; background_layout=&#8221;light&#8221; text_orientation=&#8221;justified&#8221; use_border_color=&#8221;off&#8221; border_color=&#8221;#ffffff&#8221; border_style=&#8221;solid&#8221;]<\/p>\n<p><strong>PCS informacijski sustav<\/strong> predstavlja elektronsku platformu s ciljem povezivanja razli\u010ditih informacijskih sustava razli\u010ditih organizacija i subjekata u lu\u010dkom poslovanju. Kori\u0161tenje informacijskog sustava PCS dovodi do standardizacije protokola za razmjenu, kao i poruka koje se razmjenjuju izme\u0111u \u010dlanova lu\u010dke zajednice, te centralizira sve informaciju koje se razmjenjuju koliko je mogu\u0107e.<\/p>\n<p>PCS informacijski sustav je neutralan i otvorena elektronska platforma putem koje je omogu\u0107ena inteligentna i sigurna razmjena informacija izme\u0111u svih \u010dlanova lu\u010dke zajednice, javnog i privatnog sektora s ciljem pobolj\u0161anja konkurentnosti same lu\u010dke zajednice.<strong> Uporabom PCS informacijskih sustava dolazi do optimizacije, upravljanja i automatizacije lu\u010dkih i logisti\u010dkih procesa jedinstvenim unosom podataka.<\/strong><\/p>\n<p>[\/et_pb_text][\/et_pb_column][\/et_pb_row][et_pb_row admin_label=&#8221;Row&#8221;][et_pb_column type=&#8221;1_4&#8243;][et_pb_text admin_label=&#8221;Text&#8221; background_layout=&#8221;light&#8221; text_orientation=&#8221;justified&#8221; use_border_color=&#8221;off&#8221; border_color=&#8221;#ffffff&#8221; border_style=&#8221;solid&#8221;]<\/p>\n<p>U lukama gdje se <strong>ne koristi PCS informacijski sustavi<\/strong> svaki \u010dlan lu\u010dke zajednice \u0161alje informacije prema ostalim \u010dlanovima putem fax-a, elektronske po\u0161te ili telefona \u010dime svaki \u010dlan lu\u010dke zajednice posjeduje svoje linije komunikacije za slanje informacija onima kojima iste su potrebne<\/p>\n<p>[\/et_pb_text][\/et_pb_column][et_pb_column type=&#8221;1_4&#8243;][et_pb_image admin_label=&#8221;Image&#8221; show_in_lightbox=&#8221;on&#8221; url_new_window=&#8221;off&#8221; use_overlay=&#8221;off&#8221; animation=&#8221;left&#8221; sticky=&#8221;off&#8221; align=&#8221;center&#8221; force_fullwidth=&#8221;off&#8221; always_center_on_mobile=&#8221;on&#8221; use_border_color=&#8221;off&#8221; border_color=&#8221;#ffffff&#8221; border_style=&#8221;solid&#8221; src=&#8221;http:\/\/ppa.hr\/hr\/wp-content\/uploads\/2016\/04\/Clip.jpg&#8221; custom_css_main_element=&#8221;opacity: 1;&#8221;] [\/et_pb_image][\/et_pb_column][et_pb_column type=&#8221;1_4&#8243;][et_pb_text admin_label=&#8221;Text&#8221; background_layout=&#8221;light&#8221; text_orientation=&#8221;justified&#8221; use_border_color=&#8221;off&#8221; border_color=&#8221;#ffffff&#8221; border_style=&#8221;solid&#8221;]<\/p>\n<p>Kada se u lukama <strong>koristi PCS informacijski sustav,<\/strong> \u010dlanovi lu\u010dke zajednice u funkciji korisnika sustava \u0161alju informacije prema centralnom sustavu gdje ostali uklju\u010deni \u010dlanovi dobivaju potrebne informacije, informaciju u sustavu su lako pretra\u017eite te \u010dak i sustav prema zahtjevu \u0161alje informacije prema potrebnim korisnicima sustava. Uporaba PCS sustava pobolj\u0161ava komunikaciju i efikasnost izme\u0111u \u010dlanova lu\u010dke zajednice<em>.<\/em> PCS sustavi se tako\u0111er koriste kod otpreme roba, intermodalnom prijevozu ili bilo kakvom drugom vrstu prijevoza.<\/p>\n<p>[\/et_pb_text][\/et_pb_column][et_pb_column type=&#8221;1_4&#8243;][et_pb_image admin_label=&#8221;Image&#8221; show_in_lightbox=&#8221;on&#8221; url_new_window=&#8221;off&#8221; use_overlay=&#8221;off&#8221; animation=&#8221;left&#8221; sticky=&#8221;off&#8221; align=&#8221;left&#8221; force_fullwidth=&#8221;off&#8221; always_center_on_mobile=&#8221;on&#8221; use_border_color=&#8221;off&#8221; border_color=&#8221;#ffffff&#8221; border_style=&#8221;solid&#8221; src=&#8221;http:\/\/ppa.hr\/hr\/wp-content\/uploads\/2016\/04\/Clip1.jpg&#8221; custom_css_main_element=&#8221;opacity: 1;&#8221;] [\/et_pb_image][\/et_pb_column][\/et_pb_row][\/et_pb_section]<\/p>\n","protected":false},"excerpt":{"rendered":"<p>PCS informacijski sustav predstavlja elektronsku platformu s ciljem povezivanja razli\u010ditih informacijskih sustava razli\u010ditih organizacija i subjekata u lu\u010dkom poslovanju. Kori\u0161tenje informacijskog sustava PCS dovodi do standardizacije protokola za razmjenu, kao i poruka koje se razmjenjuju izme\u0111u \u010dlanova lu\u010dke zajednice, te centralizira sve informaciju koje se razmjenjuju koliko je mogu\u0107e. PCS informacijski sustav je neutralan i [&hellip;]<\/p>\n","protected":false},"author":1,"featured_media":0,"parent":0,"menu_order":0,"comment_status":"closed","ping_status":"closed","template":"","meta":{"_et_pb_use_builder":"on","_et_pb_old_content":"","_et_gb_content_width":"","footnotes":""},"class_list":["post-3220","page","type-page","status-publish","hentry"],"_links":{"self":[{"href":"https:\/\/www.ppa.hr\/hr\/wp-json\/wp\/v2\/pages\/3220","targetHints":{"allow":["GET"]}}],"collection":[{"href":"https:\/\/www.ppa.hr\/hr\/wp-json\/wp\/v2\/pages"}],"about":[{"href":"https:\/\/www.ppa.hr\/hr\/wp-json\/wp\/v2\/types\/page"}],"author":[{"embeddable":true,"href":"https:\/\/www.ppa.hr\/hr\/wp-json\/wp\/v2\/users\/1"}],"replies":[{"embeddable":true,"href":"https:\/\/www.ppa.hr\/hr\/wp-json\/wp\/v2\/comments?post=3220"}],"version-history":[{"count":10,"href":"https:\/\/www.ppa.hr\/hr\/wp-json\/wp\/v2\/pages\/3220\/revisions"}],"predecessor-version":[{"id":17951,"href":"https:\/\/www.ppa.hr\/hr\/wp-json\/wp\/v2\/pages\/3220\/revisions\/17951"}],"wp:attachment":[{"href":"https:\/\/www.ppa.hr\/hr\/wp-json\/wp\/v2\/media?parent=3220"}],"curies":[{"name":"wp","href":"https:\/\/api.w.org\/{rel}","templated":true}]}}