{"id":3216,"date":"2016-04-03T23:48:16","date_gmt":"2016-04-03T23:48:16","guid":{"rendered":"http:\/\/test.ppa.hr\/?page_id=3216"},"modified":"2017-04-06T11:36:47","modified_gmt":"2017-04-06T11:36:47","slug":"ulazni-terminal","status":"publish","type":"page","link":"https:\/\/www.ppa.hr\/hr\/ulazni-terminal\/","title":{"rendered":"Ulazni terminal"},"content":{"rendered":"<p>[et_pb_section admin_label=&#8221;Section&#8221; fullwidth=&#8221;on&#8221; specialty=&#8221;off&#8221;][et_pb_fullwidth_header admin_label=&#8221;Fullwidth Header&#8221; title=&#8221;Ulazni terminal&#8221; subhead=&#8221;_____&#8221; background_layout=&#8221;dark&#8221; text_orientation=&#8221;center&#8221; header_fullscreen=&#8221;off&#8221; header_scroll_down=&#8221;off&#8221; background_url=&#8221;http:\/\/www.ppa.hr\/hr\/wp-content\/uploads\/2016\/04\/ulazni-07.jpg&#8221; background_overlay_color=&#8221;rgba(0,51,102,0.30)&#8221; parallax=&#8221;off&#8221; parallax_method=&#8221;off&#8221; content_orientation=&#8221;center&#8221; image_orientation=&#8221;center&#8221; title_font_size=&#8221;35px&#8221; custom_button_one=&#8221;off&#8221; button_one_border_radius=&#8221;0&#8243; button_one_use_icon=&#8221;default&#8221; button_one_icon_placement=&#8221;right&#8221; button_one_on_hover=&#8221;on&#8221; button_one_letter_spacing_hover=&#8221;0&#8243; custom_button_two=&#8221;off&#8221; button_two_border_radius=&#8221;0&#8243; button_two_use_icon=&#8221;default&#8221; button_two_icon_placement=&#8221;right&#8221; button_two_on_hover=&#8221;on&#8221; button_two_letter_spacing_hover=&#8221;0&#8243; title_font=&#8221;Arial|on|||&#8221;] [\/et_pb_fullwidth_header][\/et_pb_section][et_pb_section admin_label=&#8221;section&#8221;][et_pb_row admin_label=&#8221;row&#8221;][et_pb_column type=&#8221;1_3&#8243;][et_pb_text admin_label=&#8221;Text&#8221; background_layout=&#8221;light&#8221; text_orientation=&#8221;left&#8221; use_border_color=&#8221;off&#8221; border_color=&#8221;#ffffff&#8221; border_style=&#8221;solid&#8221;]<\/p>\n<p style=\"text-align: justify; text-justify: inter-ideograph;\">Izgradnja <strong>Ulaznog terminala<\/strong> nametnula se kao potreba u svrhu razvijanja konkurentnosti luke Plo\u010de. Osim suvremenog prostora, novi Ulazni kompleks podrazumijeva adekvatnu opremu i informati\u010dke kapacitete koji \u0107e omogu\u0107iti ubrzavanje i optimiziranje poslovnih procesa svih sudionika lu\u010dke zajednice.<\/p>\n<p style=\"text-align: justify; text-justify: inter-ideograph;\">Ujedno, povezat \u0107e sve zna\u010dajne poslovne \u010dimbenike lu\u010dkog poslovanja jer \u0107e na jednom mjestu biti smje\u0161teni svi subjekti uklju\u010deni u poslovni proces: <strong>Lu\u010dka uprava Plo\u010de, \u0161pediteri, kontrolne ku\u0107e, policija, carina<\/strong> itd.<\/p>\n<p style=\"text-align: justify; text-justify: inter-ideograph;\">Za Ulazni terminal predvi\u0111ena je i vrhunska tehnolo\u0161ka opremljenost, u skladu s potrebama najzna\u010dajnijih europskih poslovnih subjekata i zahtjevima neophodnih za uspostavu Schengenskog re\u017eima u lukama od osobitoga (me\u0111unarodnog) gospodarskog interesa. Vrijednost same gradnje iznosila je preko <strong>85 milijuna kuna.<\/strong><\/p>\n<p>[\/et_pb_text][\/et_pb_column][et_pb_column type=&#8221;2_3&#8243;][et_pb_gallery admin_label=&#8221;Gallery&#8221; gallery_ids=&#8221;13982,13981,3362,3363,3364,3365,3366,12104,12105&#8243; fullwidth=&#8221;on&#8221; show_title_and_caption=&#8221;on&#8221; show_pagination=&#8221;on&#8221; background_layout=&#8221;light&#8221; auto=&#8221;on&#8221; hover_overlay_color=&#8221;rgba(255,255,255,0.9)&#8221; caption_all_caps=&#8221;off&#8221; use_border_color=&#8221;off&#8221; border_color=&#8221;#ffffff&#8221; border_style=&#8221;solid&#8221; auto_speed=&#8221;2500&#8243;] [\/et_pb_gallery][\/et_pb_column][\/et_pb_row][\/et_pb_section]<\/p>\n","protected":false},"excerpt":{"rendered":"<p>Izgradnja Ulaznog terminala nametnula se kao potreba u svrhu razvijanja konkurentnosti luke Plo\u010de. Osim suvremenog prostora, novi Ulazni kompleks podrazumijeva adekvatnu opremu i informati\u010dke kapacitete koji \u0107e omogu\u0107iti ubrzavanje i optimiziranje poslovnih procesa svih sudionika lu\u010dke zajednice. Ujedno, povezat \u0107e sve zna\u010dajne poslovne \u010dimbenike lu\u010dkog poslovanja jer \u0107e na jednom mjestu biti smje\u0161teni svi subjekti [&hellip;]<\/p>\n","protected":false},"author":1,"featured_media":0,"parent":0,"menu_order":0,"comment_status":"closed","ping_status":"closed","template":"","meta":{"_et_pb_use_builder":"on","_et_pb_old_content":"","_et_gb_content_width":"","footnotes":""},"class_list":["post-3216","page","type-page","status-publish","hentry"],"_links":{"self":[{"href":"https:\/\/www.ppa.hr\/hr\/wp-json\/wp\/v2\/pages\/3216","targetHints":{"allow":["GET"]}}],"collection":[{"href":"https:\/\/www.ppa.hr\/hr\/wp-json\/wp\/v2\/pages"}],"about":[{"href":"https:\/\/www.ppa.hr\/hr\/wp-json\/wp\/v2\/types\/page"}],"author":[{"embeddable":true,"href":"https:\/\/www.ppa.hr\/hr\/wp-json\/wp\/v2\/users\/1"}],"replies":[{"embeddable":true,"href":"https:\/\/www.ppa.hr\/hr\/wp-json\/wp\/v2\/comments?post=3216"}],"version-history":[{"count":14,"href":"https:\/\/www.ppa.hr\/hr\/wp-json\/wp\/v2\/pages\/3216\/revisions"}],"predecessor-version":[{"id":17954,"href":"https:\/\/www.ppa.hr\/hr\/wp-json\/wp\/v2\/pages\/3216\/revisions\/17954"}],"wp:attachment":[{"href":"https:\/\/www.ppa.hr\/hr\/wp-json\/wp\/v2\/media?parent=3216"}],"curies":[{"name":"wp","href":"https:\/\/api.w.org\/{rel}","templated":true}]}}