{"id":3213,"date":"2016-04-03T23:47:27","date_gmt":"2016-04-03T23:47:27","guid":{"rendered":"http:\/\/test.ppa.hr\/?page_id=3213"},"modified":"2017-08-28T09:16:01","modified_gmt":"2017-08-28T09:16:01","slug":"terminal-za-rasute-terete","status":"publish","type":"page","link":"https:\/\/www.ppa.hr\/hr\/terminal-za-rasute-terete\/","title":{"rendered":"Terminal rasutih tereta"},"content":{"rendered":"<p>[et_pb_section admin_label=&#8221;section&#8221;][et_pb_row admin_label=&#8221;row&#8221; make_fullwidth=&#8221;off&#8221; use_custom_width=&#8221;off&#8221; width_unit=&#8221;on&#8221; use_custom_gutter=&#8221;on&#8221; gutter_width=&#8221;1&#8243; padding_mobile=&#8221;off&#8221; allow_player_pause=&#8221;off&#8221; parallax=&#8221;off&#8221; parallax_method=&#8221;off&#8221; make_equal=&#8221;off&#8221; parallax_1=&#8221;off&#8221; parallax_method_1=&#8221;off&#8221; column_padding_mobile=&#8221;on&#8221;][et_pb_column type=&#8221;4_4&#8243;][et_pb_text admin_label=&#8221;Text&#8221; background_layout=&#8221;light&#8221; text_orientation=&#8221;left&#8221; use_border_color=&#8221;off&#8221; border_color=&#8221;#ffffff&#8221; border_style=&#8221;solid&#8221;]<\/p>\n<p style=\"text-align: justify;\"><strong>Terminal za rasute terete<\/strong>, gledano tehnolo\u0161ki i financijski, zasigurno je najzna\u010dajniji podprojekt u sklopu realizacije <strong>Projekta integracije trgovine i transport<\/strong>, za koji je samo za izgradnju ugovoren iznos preko <strong>400 milijuna kuna.<\/strong> Njegova funkcija odnosi se na pove\u0107anje kapaciteta za rasute terete na vi\u0161e od <strong>6 milijuna tona godi\u0161nje<\/strong> u kona\u010dnoj fazi te pobolj\u0161anje prekrcajne tehnologije, \u0161to \u0107e rezultirati porastom prometa u segmentu rasutih tereta. Samim tim pove\u0107at \u0107e se konkurentnost luke, kao i ekolo\u0161ki standardi rukovanja teretom te u kona\u010dnici omogu\u0107iti bolje pozicioniranje na tr\u017ei\u0161tu, prema kojemu bi se prepoznao zna\u010daj luke Plo\u010de u europskom poslovnom okru\u017eenju.<br \/>\nNalazi se na jugozapadnom dijelu luke na obali kanala Vla\u0161ka, a planirane su dvije faze izgradnje. Prva faza terminala gradi se s reduciranom prekrcajnom opremom kapaciteta 3,6 milijuna tona godi\u0161nje.<\/p>\n<p>Konstrukcija pristani\u0161ta novog terminala za rasute terete predvi\u0111ena je za mogu\u0107nost priveza brodova do 180 tisu\u0107a DWT (deadweight tonage \u2013 nosivosti). Pristani\u0161te je otvorena armirano-betonska konstrukcija duga 317,5 metara i 30 metara \u0161iroka, s pribli\u017eno 56 metara dugim i 22 metara \u0161irokim pristupnim mostom koji povezuje pristani\u0161nu konstrukciju sa skladi\u0161nom zonom.<\/p>\n<p>Terminal za rasute terete predstavlja komponentu koja se realizira po principu javno-privatnog partnerstva izme\u0111u Lu\u010dke uprave Plo\u010de i koncesionara Luke Plo\u010de d.d. Sredinom 2016. je izgra\u0111ena infrastruktura, \u0161to je obveza Lu\u010dke uprave Plo\u010de, dok se tijekom 2017. o\u010dekuje ugradnja prekrcajne opreme, \u0161to je obveza koncesionara i s kojom terminal postaje operativan.<\/p>\n<p>[\/et_pb_text][\/et_pb_column][\/et_pb_row][et_pb_row admin_label=&#8221;Row&#8221; make_fullwidth=&#8221;off&#8221; use_custom_width=&#8221;off&#8221; width_unit=&#8221;on&#8221; use_custom_gutter=&#8221;on&#8221; gutter_width=&#8221;1&#8243; padding_mobile=&#8221;off&#8221; allow_player_pause=&#8221;off&#8221; parallax=&#8221;off&#8221; parallax_method=&#8221;off&#8221; make_equal=&#8221;off&#8221; parallax_1=&#8221;off&#8221; parallax_method_1=&#8221;off&#8221; column_padding_mobile=&#8221;on&#8221;][et_pb_column type=&#8221;4_4&#8243;][et_pb_gallery admin_label=&#8221;Gallery&#8221; gallery_ids=&#8221;13985,13984,3352,3353,3354,12127,12128,12129&#8243; fullwidth=&#8221;off&#8221; show_title_and_caption=&#8221;off&#8221; show_pagination=&#8221;off&#8221; background_layout=&#8221;light&#8221; auto=&#8221;off&#8221; hover_overlay_color=&#8221;rgba(255,255,255,0.9)&#8221; caption_all_caps=&#8221;off&#8221; use_border_color=&#8221;off&#8221; border_color=&#8221;#ffffff&#8221; border_style=&#8221;solid&#8221; posts_number=&#8221;8&#8243; custom_css_gallery_item=&#8221;padding: 1px;||&#8221;] [\/et_pb_gallery][\/et_pb_column][\/et_pb_row][\/et_pb_section]<\/p>\n","protected":false},"excerpt":{"rendered":"<p>Terminal za rasute terete, gledano tehnolo\u0161ki i financijski, zasigurno je najzna\u010dajniji podprojekt u sklopu realizacije Projekta integracije trgovine i transport, za koji je samo za izgradnju ugovoren iznos preko 400 milijuna kuna. Njegova funkcija odnosi se na pove\u0107anje kapaciteta za rasute terete na vi\u0161e od 6 milijuna tona godi\u0161nje u kona\u010dnoj fazi te pobolj\u0161anje prekrcajne [&hellip;]<\/p>\n","protected":false},"author":1,"featured_media":0,"parent":0,"menu_order":0,"comment_status":"closed","ping_status":"closed","template":"","meta":{"_et_pb_use_builder":"on","_et_pb_old_content":"","_et_gb_content_width":"","footnotes":""},"class_list":["post-3213","page","type-page","status-publish","hentry"],"_links":{"self":[{"href":"https:\/\/www.ppa.hr\/hr\/wp-json\/wp\/v2\/pages\/3213","targetHints":{"allow":["GET"]}}],"collection":[{"href":"https:\/\/www.ppa.hr\/hr\/wp-json\/wp\/v2\/pages"}],"about":[{"href":"https:\/\/www.ppa.hr\/hr\/wp-json\/wp\/v2\/types\/page"}],"author":[{"embeddable":true,"href":"https:\/\/www.ppa.hr\/hr\/wp-json\/wp\/v2\/users\/1"}],"replies":[{"embeddable":true,"href":"https:\/\/www.ppa.hr\/hr\/wp-json\/wp\/v2\/comments?post=3213"}],"version-history":[{"count":19,"href":"https:\/\/www.ppa.hr\/hr\/wp-json\/wp\/v2\/pages\/3213\/revisions"}],"predecessor-version":[{"id":17953,"href":"https:\/\/www.ppa.hr\/hr\/wp-json\/wp\/v2\/pages\/3213\/revisions\/17953"}],"wp:attachment":[{"href":"https:\/\/www.ppa.hr\/hr\/wp-json\/wp\/v2\/media?parent=3213"}],"curies":[{"name":"wp","href":"https:\/\/api.w.org\/{rel}","templated":true}]}}