{"id":3211,"date":"2016-04-03T23:46:47","date_gmt":"2016-04-03T23:46:47","guid":{"rendered":"http:\/\/test.ppa.hr\/?page_id=3211"},"modified":"2016-09-07T22:09:18","modified_gmt":"2016-09-07T22:09:18","slug":"kontejnerski-terminal","status":"publish","type":"page","link":"https:\/\/www.ppa.hr\/hr\/kontejnerski-terminal\/","title":{"rendered":"Kontejnerski terminal"},"content":{"rendered":"<p>[et_pb_section admin_label=&#8221;section&#8221;][et_pb_row admin_label=&#8221;row&#8221; make_fullwidth=&#8221;off&#8221; use_custom_width=&#8221;off&#8221; width_unit=&#8221;on&#8221; use_custom_gutter=&#8221;on&#8221; gutter_width=&#8221;1&#8243; padding_mobile=&#8221;off&#8221; allow_player_pause=&#8221;off&#8221; parallax=&#8221;off&#8221; parallax_method=&#8221;off&#8221; make_equal=&#8221;off&#8221; parallax_1=&#8221;off&#8221; parallax_method_1=&#8221;off&#8221; column_padding_mobile=&#8221;on&#8221;][et_pb_column type=&#8221;4_4&#8243;][et_pb_text admin_label=&#8221;Text&#8221; background_layout=&#8221;light&#8221; text_orientation=&#8221;left&#8221; use_border_color=&#8221;off&#8221; border_color=&#8221;#ffffff&#8221; border_style=&#8221;solid&#8221;]<\/p>\n<p style=\"text-align: justify; text-justify: inter-ideograph;\">Od komponenata Projekta ITT do sada je u funkciji <strong>Kontejnerski terminal<\/strong>, \u010dija je prva faza izgradnje zavr\u0161ena <strong>2010. godine<\/strong>.\u00a0 U njega je ulo\u017eeno <strong>38,5 milijuna eura<\/strong>, a ulo\u017eena su i zna\u010dajna sredstva u\u00a0 prekrcajnu opremu, koju je instalirao koncesionar Luka Plo\u010de d.d.. Rije\u010d je o specijaliziranom suvremenom terminalu koji je i u funkciji pove\u0107anja razine intermodalnosti na cijelom <strong>Koridoru Vc.<\/strong><\/p>\n<p style=\"text-align: justify; text-justify: inter-ideograph;\">U <strong>prvoj fazi<\/strong> izgra\u0111ena je obala u duljini od 280 metara, \u0161irine 27 metara, s Ro-Ro rampom i skladi\u0161nim kapacitetom od 60 tisu\u0107a TEU godi\u0161nje. <strong>Druga faza<\/strong> izgradnje koja \u0107e uslijediti u kona\u010dnici podrazumijeva terminal koji bi se protezao na 23 hektara lu\u010dkog podru\u010dja s godi\u0161njim kapacitetom od \u010dak 500 tisu\u0107a TEU.<\/p>\n<p style=\"text-align: justify; text-justify: inter-ideograph;\">Suvremeni kontejnerski terminal osna\u017eio je poziciju luke Plo\u010de u intermodalnoj mre\u017ei, a porastom kontejnerskog prometa stvaraju se uvjeti za realizaciju druge i tre\u0107e faze izgradnje i time pove\u0107anja kapaciteta terminala.<\/p>\n<p>[\/et_pb_text][et_pb_gallery admin_label=&#8221;Gallery&#8221; fullwidth=&#8221;off&#8221; show_title_and_caption=&#8221;off&#8221; show_pagination=&#8221;off&#8221; background_layout=&#8221;light&#8221; auto=&#8221;off&#8221; hover_overlay_color=&#8221;rgba(255,255,255,0.9)&#8221; caption_all_caps=&#8221;off&#8221; use_border_color=&#8221;off&#8221; border_color=&#8221;#ffffff&#8221; border_style=&#8221;solid&#8221; gallery_ids=&#8221;3561,3562,3563,3564&#8243; gallery_orderby=&#8221;rand&#8221;] [\/et_pb_gallery][\/et_pb_column][\/et_pb_row][\/et_pb_section]<\/p>\n","protected":false},"excerpt":{"rendered":"<p>Od komponenata Projekta ITT do sada je u funkciji Kontejnerski terminal, \u010dija je prva faza izgradnje zavr\u0161ena 2010. godine.\u00a0 U njega je ulo\u017eeno 38,5 milijuna eura, a ulo\u017eena su i zna\u010dajna sredstva u\u00a0 prekrcajnu opremu, koju je instalirao koncesionar Luka Plo\u010de d.d.. Rije\u010d je o specijaliziranom suvremenom terminalu koji je i u funkciji pove\u0107anja razine [&hellip;]<\/p>\n","protected":false},"author":1,"featured_media":0,"parent":0,"menu_order":0,"comment_status":"closed","ping_status":"closed","template":"","meta":{"_et_pb_use_builder":"on","_et_pb_old_content":"","_et_gb_content_width":"","footnotes":""},"class_list":["post-3211","page","type-page","status-publish","hentry"],"_links":{"self":[{"href":"https:\/\/www.ppa.hr\/hr\/wp-json\/wp\/v2\/pages\/3211","targetHints":{"allow":["GET"]}}],"collection":[{"href":"https:\/\/www.ppa.hr\/hr\/wp-json\/wp\/v2\/pages"}],"about":[{"href":"https:\/\/www.ppa.hr\/hr\/wp-json\/wp\/v2\/types\/page"}],"author":[{"embeddable":true,"href":"https:\/\/www.ppa.hr\/hr\/wp-json\/wp\/v2\/users\/1"}],"replies":[{"embeddable":true,"href":"https:\/\/www.ppa.hr\/hr\/wp-json\/wp\/v2\/comments?post=3211"}],"version-history":[{"count":9,"href":"https:\/\/www.ppa.hr\/hr\/wp-json\/wp\/v2\/pages\/3211\/revisions"}],"predecessor-version":[{"id":17952,"href":"https:\/\/www.ppa.hr\/hr\/wp-json\/wp\/v2\/pages\/3211\/revisions\/17952"}],"wp:attachment":[{"href":"https:\/\/www.ppa.hr\/hr\/wp-json\/wp\/v2\/media?parent=3211"}],"curies":[{"name":"wp","href":"https:\/\/api.w.org\/{rel}","templated":true}]}}