{"id":18573,"date":"2026-01-14T10:20:25","date_gmt":"2026-01-14T10:20:25","guid":{"rendered":"https:\/\/www.ppa.hr\/hr\/?page_id=18573"},"modified":"2026-01-14T10:30:31","modified_gmt":"2026-01-14T10:30:31","slug":"pravilnici","status":"publish","type":"page","link":"https:\/\/www.ppa.hr\/hr\/pravilnici\/","title":{"rendered":"Pravilnici"},"content":{"rendered":"<p>[et_pb_section fb_built=&#8221;1&#8243; admin_label=&#8221;section&#8221; _builder_version=&#8221;4.16&#8243; background_image=&#8221;https:\/\/www.ppa.hr\/old\/wp-content\/uploads\/2016\/04\/556202461533c16857a46ed5bfb7c21c_L.jpg&#8221; background_position=&#8221;bottom_center&#8221; custom_padding=&#8221;123px|0px|61px|0px&#8221; global_colors_info=&#8221;{}&#8221;][et_pb_row _builder_version=&#8221;4.16&#8243; global_colors_info=&#8221;{}&#8221;][et_pb_column type=&#8221;4_4&#8243; _builder_version=&#8221;4.16&#8243; custom_padding=&#8221;|||&#8221; global_colors_info=&#8221;{}&#8221; custom_padding__hover=&#8221;|||&#8221;][et_pb_text _builder_version=&#8221;4.27.5&#8243; header_font=&#8221;Allerta Stencil|800|||||||&#8221; header_font_size=&#8221;50px&#8221; header_text_shadow_style=&#8221;preset2&#8243; global_colors_info=&#8221;{}&#8221;]<\/p>\n<h1 style=\"text-align: center;\"><span style=\"color: #ffffff;\"><strong>PRAVILNICI<\/strong><\/span><\/h1>\n<p>[\/et_pb_text][\/et_pb_column][\/et_pb_row][\/et_pb_section][et_pb_section fb_built=&#8221;1&#8243; _builder_version=&#8221;4.16&#8243; global_colors_info=&#8221;{}&#8221;][et_pb_row _builder_version=&#8221;4.16&#8243; background_size=&#8221;initial&#8221; background_position=&#8221;top_left&#8221; background_repeat=&#8221;repeat&#8221; global_colors_info=&#8221;{}&#8221;][et_pb_column type=&#8221;4_4&#8243; _builder_version=&#8221;4.16&#8243; custom_padding=&#8221;|||&#8221; global_colors_info=&#8221;{}&#8221; custom_padding__hover=&#8221;|||&#8221;][et_pb_text _builder_version=&#8221;4.27.5&#8243; hover_enabled=&#8221;0&#8243; global_colors_info=&#8221;{}&#8221; sticky_enabled=&#8221;0&#8243;]<\/p>\n<p>&nbsp;<\/p>\n<p><a href=\"https:\/\/www.ppa.hr\/old\/wp-content\/uploads\/2018\/12\/Pravilnik-o-redu-LUP.pdf\" target=\"_blank\" rel=\"noopener\">Pravilnik o redu i uvjetima rada na lu\u010dkom podru\u010dju luke Plo\u010de<\/a><\/p>\n<p>&nbsp;<\/p>\n<p><a href=\"https:\/\/www.ppa.hr\/hr\/wp-content\/uploads\/2026\/01\/Pravilnik-o-odredivanju-klasa-i-kolicine-opasnih-tvari-kojima-se-moze-rukovati-u-luci-Ploce-odnosno-s-kojima-brod-moze-uploviti-u-luku-Ploce.pdf\">Pravilnik kojim se odre\u0111uju posebne sigurnosne za\u0161titne i druge mjere<\/a><\/p>\n<p>&nbsp;<\/p>\n<p><a href=\"https:\/\/www.ppa.hr\/hr\/wp-content\/uploads\/2026\/01\/Pravilnik-kojim-se-odreduju-posebne-sigurnosne-zastitne-i-druge-mjere.pdf\">Pravilnik o odre\u0111ivanju klasa i koli\u010dine opasnih tvari kojima se mo\u017ee rukovati u luci Plo\u010de odnosno s kojima brod mo\u017ee uploviti u luku Plo\u010de<\/a><\/p>\n<p>&nbsp;<\/p>\n<p>[\/et_pb_text][\/et_pb_column][\/et_pb_row][\/et_pb_section]<\/p>\n","protected":false},"excerpt":{"rendered":"<p>PRAVILNICI&nbsp; Pravilnik o redu i uvjetima rada na lu\u010dkom podru\u010dju luke Plo\u010de &nbsp; Pravilnik kojim se odre\u0111uju posebne sigurnosne za\u0161titne i druge mjere &nbsp; Pravilnik o odre\u0111ivanju klasa i koli\u010dine opasnih tvari kojima se mo\u017ee rukovati u luci Plo\u010de odnosno s kojima brod mo\u017ee uploviti u luku Plo\u010de &nbsp;<\/p>\n","protected":false},"author":1,"featured_media":0,"parent":0,"menu_order":0,"comment_status":"closed","ping_status":"closed","template":"","meta":{"_et_pb_use_builder":"on","_et_pb_old_content":"","_et_gb_content_width":"","footnotes":""},"class_list":["post-18573","page","type-page","status-publish","hentry"],"_links":{"self":[{"href":"https:\/\/www.ppa.hr\/hr\/wp-json\/wp\/v2\/pages\/18573","targetHints":{"allow":["GET"]}}],"collection":[{"href":"https:\/\/www.ppa.hr\/hr\/wp-json\/wp\/v2\/pages"}],"about":[{"href":"https:\/\/www.ppa.hr\/hr\/wp-json\/wp\/v2\/types\/page"}],"author":[{"embeddable":true,"href":"https:\/\/www.ppa.hr\/hr\/wp-json\/wp\/v2\/users\/1"}],"replies":[{"embeddable":true,"href":"https:\/\/www.ppa.hr\/hr\/wp-json\/wp\/v2\/comments?post=18573"}],"version-history":[{"count":5,"href":"https:\/\/www.ppa.hr\/hr\/wp-json\/wp\/v2\/pages\/18573\/revisions"}],"predecessor-version":[{"id":18585,"href":"https:\/\/www.ppa.hr\/hr\/wp-json\/wp\/v2\/pages\/18573\/revisions\/18585"}],"wp:attachment":[{"href":"https:\/\/www.ppa.hr\/hr\/wp-json\/wp\/v2\/media?parent=18573"}],"curies":[{"name":"wp","href":"https:\/\/api.w.org\/{rel}","templated":true}]}}