{"id":17253,"date":"2023-12-01T07:49:47","date_gmt":"2023-12-01T07:49:47","guid":{"rendered":"https:\/\/www.ppa.hr\/old\/?page_id=17253"},"modified":"2024-07-31T09:10:50","modified_gmt":"2024-07-31T09:10:50","slug":"zeljeznicka-infrastruktura","status":"publish","type":"page","link":"https:\/\/www.ppa.hr\/hr\/zeljeznicka-infrastruktura\/","title":{"rendered":"\u017deljezni\u010dka infrastruktura"},"content":{"rendered":"<p>[et_pb_section fb_built=&#8221;1&#8243; _builder_version=&#8221;4.22.2&#8243; _module_preset=&#8221;default&#8221; global_colors_info=&#8221;{}&#8221;][et_pb_row _builder_version=&#8221;4.22.2&#8243; _module_preset=&#8221;default&#8221; global_colors_info=&#8221;{}&#8221;][et_pb_column type=&#8221;4_4&#8243; _builder_version=&#8221;4.22.2&#8243; _module_preset=&#8221;default&#8221; global_colors_info=&#8221;{}&#8221;][et_pb_text _builder_version=&#8221;4.22.2&#8243; _module_preset=&#8221;default&#8221; global_colors_info=&#8221;{}&#8221;]<\/p>\n<p><a href=\"https:\/\/www.ppa.hr\/old\/wp-content\/uploads\/2023\/12\/Pravilnik-o-odrzavanju-donjeg-ustroja-industrijskih-kolosijeka-na-luckom-podrucju-luke-Ploce.pdf\"><strong>Pravilnik o odr\u017eavanju donjeg ustroja industrijskih kolosijeka na lu\u010dkom podru\u010dju luke Plo\u010de<\/strong><\/a><\/p>\n<p><strong><a href=\"https:\/\/www.ppa.hr\/old\/wp-content\/uploads\/2023\/12\/Prometni-Pravilnik.pdf\">Prometni Pravilnik<\/a><\/strong><\/p>\n<p><strong><a href=\"https:\/\/www.ppa.hr\/old\/wp-content\/uploads\/2023\/12\/Pravilnik-o-postupanju-u-slucaju-izvanrednog-dogadaja.pdf\">Pravilnik o postupanju u slu\u010daju izvanrednog doga\u0111aja<\/a><\/strong><\/p>\n<p><strong><a href=\"https:\/\/www.ppa.hr\/old\/wp-content\/uploads\/2023\/12\/Uputa-o-upravljanju-rizicima.pdf\">Uputa o upravljanju rizicima<\/a><\/strong><\/p>\n<p><strong><a href=\"https:\/\/www.ppa.hr\/old\/wp-content\/uploads\/2023\/12\/Uputa-o-evidenciji-i-analizi-puknuca-tracnica-zavara-vezica-i-deformacija-kolosijeka.pdf\">Uputa o evidenciji i analizi puknu\u0107a tra\u010dnica, zavara, vezica i deformacija kolosijeka<\/a><\/strong><\/p>\n<p><strong><a href=\"https:\/\/www.ppa.hr\/old\/wp-content\/uploads\/2023\/12\/Uputa-o-provjeri-geometrijskog-uporabnog-stanja-kolosijeka-vizualnim-pregledom-i-rucnim-mjerilima.pdf\">Uputa o provjeri geometrijskog uporabnog stanja kolosijeka vizualnim pregledom i ru\u010dnim mjerilima<\/a><\/strong><\/p>\n<p><strong><a href=\"https:\/\/www.ppa.hr\/old\/wp-content\/uploads\/2023\/12\/Pravilnik-o-provedbenim-opcim-uvjetima-za-nadzor-i-odrzavanje-industrijskih-kolosijeka-u-luci-Ploce.pdf\">Pravilnik o provedbenim op\u0107im uvjetima za nadzor i odr\u017eavanje industrijskih kolosijeka u luci Plo\u010de<\/a><\/strong><\/p>\n<p><strong><a href=\"https:\/\/www.ppa.hr\/old\/wp-content\/uploads\/2023\/12\/Prometno-tehnoloski-elaborat-za-obavljanje-poslova-manevriranja-na-luckom-podrucju-luke-Ploce.pdf\">Prometno-tehnolo\u0161ki elaborat za obavljanje poslova manevriranja na lu\u010dkom podru\u010dju luke Plo\u010de<\/a><\/strong><\/p>\n<p>[\/et_pb_text][\/et_pb_column][\/et_pb_row][et_pb_row column_structure=&#8221;1_2,1_2&#8243; _builder_version=&#8221;4.22.2&#8243; _module_preset=&#8221;default&#8221; global_colors_info=&#8221;{}&#8221;][et_pb_column type=&#8221;1_2&#8243; _builder_version=&#8221;4.22.2&#8243; _module_preset=&#8221;default&#8221; global_colors_info=&#8221;{}&#8221;][et_pb_image src=&#8221;https:\/\/www.ppa.hr\/old\/wp-content\/uploads\/2016\/09\/tracnice.jpg&#8221; title_text=&#8221;tracnice&#8221; _builder_version=&#8221;4.22.2&#8243; _module_preset=&#8221;default&#8221; global_colors_info=&#8221;{}&#8221;][\/et_pb_image][\/et_pb_column][et_pb_column type=&#8221;1_2&#8243; _builder_version=&#8221;4.22.2&#8243; _module_preset=&#8221;default&#8221; global_colors_info=&#8221;{}&#8221;][et_pb_text _builder_version=&#8221;4.22.2&#8243; _module_preset=&#8221;default&#8221; global_colors_info=&#8221;{}&#8221;]<\/p>\n<h3 style=\"text-align: center;\"><span style=\"color: #000000;\"><strong>IZVJE\u0160\u0106E O MRE\u017dI<\/strong><\/span><\/h3>\n<h5>Sukladno Provedbenoj uredbi Komisije (EU) 2017\/2177 \u043ed 22. studenoga 2017. o pristupu uslu\u017enim objektima i uslugama povezanima sa \u017eeljeznicom (Tekst zna\u010dajan za EGP) (SL L 307, 23. 11. 2017.,dalje: Uredba 2017\/2177) objavljuje se opis uslu\u017enog objekta:<\/h5>\n<p>&nbsp;<\/p>\n<ul class=\"itemAttachments\">\n<li>\n<blockquote>\n<p><a href=\"http:\/\/ppa.hr\/hr\/wp-content\/uploads\/2016\/09\/PPA_luka_Ploce_-_zeljeznicki_kolosjeci.pdf\" target=\"_blank\" rel=\"noopener\">Luka Plo\u010de \u2013 karta \u017eeljezni\u010dkih kolosijeka<\/a><\/p>\n<\/blockquote>\n<\/li>\n<li>\n<blockquote>\n<p><a href=\"http:\/\/ppa.hr\/hr\/wp-content\/uploads\/2016\/09\/Izvjescaa-o-mrezi-operatoraLP_finalno_hrv.pdf\" target=\"_blank\" rel=\"noopener\">Izvje\u0161\u0107e o mre\u017ei operatora uslu\u017enog objekta luke Plo\u010de 2017.<\/a><\/p>\n<p><a href=\"https:\/\/www.ppa.hr\/old\/wp-content\/uploads\/2016\/09\/Izvjesce_o_mrezi_operatora_usluznog_objekta_luke_Ploce_2018.pdf\" target=\"_blank\" rel=\"noopener\">Izvje\u0161\u0107e o mre\u017ei operatora uslu\u017enog objekta luke Plo\u010de 2018.<\/a><\/p>\n<p><a href=\"https:\/\/www.ppa.hr\/old\/wp-content\/uploads\/2016\/09\/Izvjesce_o_mrezi_operatora_usluznog_objekta_luke_Ploce_2019.pdf\" target=\"_blank\" rel=\"noopener\">Izvje\u0161\u0107e o mre\u017ei operatora uslu\u017enog objekta luke Plo\u010de 2019.<\/a><\/p>\n<p><a href=\"https:\/\/www.ppa.hr\/old\/wp-content\/uploads\/2024\/07\/RNE_Opis-usluznog-objekta-LUP-srpanj-2024-002.pdf\">Opis uslu\u017enog objekta 2024.<\/a><\/p>\n<\/blockquote>\n<\/li>\n<li>\n<blockquote>\n<p><a href=\"http:\/\/ppa.hr\/hr\/wp-content\/uploads\/2016\/09\/PPA_duljine_kolosijeka_i_skretnice_PloYe.pdf\" target=\"_blank\" rel=\"noopener\">Duljine kolosijeka i skretnice<\/a><\/p>\n<\/blockquote>\n<\/li>\n<li>\n<blockquote>\n<p><a href=\"http:\/\/ppa.hr\/hr\/wp-content\/uploads\/2016\/09\/Network_Statement_Port_of_Ploce_-_ENG.pdf\" target=\"_blank\" rel=\"noopener\">Network Statement Port of Ploce &#8211; ENG<\/a><\/p>\n<\/blockquote>\n<\/li>\n<li>\n<blockquote>\n<p><a href=\"http:\/\/ppa.hr\/hr\/wp-content\/uploads\/2016\/09\/Table_of_numbers_and_lenght_of_railway_tracks.pdf\" target=\"_blank\" rel=\"noopener\">Table of numbers and lenght of railway tracks<\/a><\/p>\n<\/blockquote>\n<p>&nbsp;<\/p>\n<\/li>\n<\/ul>\n<p>[\/et_pb_text][\/et_pb_column][\/et_pb_row][\/et_pb_section]<\/p>\n","protected":false},"excerpt":{"rendered":"<p>Pravilnik o odr\u017eavanju donjeg ustroja industrijskih kolosijeka na lu\u010dkom podru\u010dju luke Plo\u010de Prometni Pravilnik Pravilnik o postupanju u slu\u010daju izvanrednog doga\u0111aja Uputa o upravljanju rizicima Uputa o evidenciji i analizi puknu\u0107a tra\u010dnica, zavara, vezica i deformacija kolosijeka Uputa o provjeri geometrijskog uporabnog stanja kolosijeka vizualnim pregledom i ru\u010dnim mjerilima Pravilnik o provedbenim op\u0107im uvjetima za [&hellip;]<\/p>\n","protected":false},"author":1,"featured_media":0,"parent":0,"menu_order":0,"comment_status":"closed","ping_status":"closed","template":"","meta":{"_et_pb_use_builder":"on","_et_pb_old_content":"","_et_gb_content_width":"","footnotes":""},"class_list":["post-17253","page","type-page","status-publish","hentry"],"_links":{"self":[{"href":"https:\/\/www.ppa.hr\/hr\/wp-json\/wp\/v2\/pages\/17253","targetHints":{"allow":["GET"]}}],"collection":[{"href":"https:\/\/www.ppa.hr\/hr\/wp-json\/wp\/v2\/pages"}],"about":[{"href":"https:\/\/www.ppa.hr\/hr\/wp-json\/wp\/v2\/types\/page"}],"author":[{"embeddable":true,"href":"https:\/\/www.ppa.hr\/hr\/wp-json\/wp\/v2\/users\/1"}],"replies":[{"embeddable":true,"href":"https:\/\/www.ppa.hr\/hr\/wp-json\/wp\/v2\/comments?post=17253"}],"version-history":[{"count":10,"href":"https:\/\/www.ppa.hr\/hr\/wp-json\/wp\/v2\/pages\/17253\/revisions"}],"predecessor-version":[{"id":17750,"href":"https:\/\/www.ppa.hr\/hr\/wp-json\/wp\/v2\/pages\/17253\/revisions\/17750"}],"wp:attachment":[{"href":"https:\/\/www.ppa.hr\/hr\/wp-json\/wp\/v2\/media?parent=17253"}],"curies":[{"name":"wp","href":"https:\/\/api.w.org\/{rel}","templated":true}]}}