{"id":16100,"date":"2021-07-22T08:39:42","date_gmt":"2021-07-22T08:39:42","guid":{"rendered":"https:\/\/www.ppa.hr\/old\/development-of-the-port-area\/"},"modified":"2021-07-22T08:39:44","modified_gmt":"2021-07-22T08:39:44","slug":"development-of-the-port-area","status":"publish","type":"page","link":"https:\/\/www.ppa.hr\/hr\/development-of-the-port-area\/?lang=en","title":{"rendered":"Development of the port area"},"content":{"rendered":"<p>[et_pb_section fullwidth=&#8221;on&#8221; specialty=&#8221;off&#8221; admin_label=&#8221;Section&#8221;][et_pb_fullwidth_header admin_label=&#8221;Fullwidth Header&#8221; title=&#8221;Development of the port area&#8221; subhead=&#8221;_____&#8221; background_layout=&#8221;dark&#8221; text_orientation=&#8221;center&#8221; header_fullscreen=&#8221;off&#8221; header_scroll_down=&#8221;off&#8221; background_url=&#8221;http:\/\/www.ppa.hr\/hr\/wp-content\/uploads\/2016\/04\/tekuci-2.jpg&#8221; background_overlay_color=&#8221;rgba(0,51,102,0.3)&#8221; parallax=&#8221;off&#8221; parallax_method=&#8221;off&#8221; content_orientation=&#8221;center&#8221; image_orientation=&#8221;center&#8221; title_font=&#8221;Arial|on|||&#8221; title_font_size=&#8221;35px&#8221; custom_button_one=&#8221;off&#8221; button_one_border_radius=&#8221;0&#8243; button_one_use_icon=&#8221;default&#8221; button_one_icon_placement=&#8221;right&#8221; button_one_on_hover=&#8221;on&#8221; button_one_letter_spacing_hover=&#8221;0&#8243; custom_button_two=&#8221;off&#8221; button_two_border_radius=&#8221;0&#8243; button_two_use_icon=&#8221;default&#8221; button_two_icon_placement=&#8221;right&#8221; button_two_on_hover=&#8221;on&#8221; button_two_letter_spacing_hover=&#8221;0&#8243;] [\/et_pb_fullwidth_header][\/et_pb_section][et_pb_section admin_label=&#8221;section&#8221;][et_pb_row admin_label=&#8221;row&#8221;][et_pb_column type=&#8221;4_4&#8243;][et_pb_text admin_label=&#8221;Text&#8221; background_layout=&#8221;light&#8221; text_orientation=&#8221;justified&#8221; use_border_color=&#8221;off&#8221; border_color=&#8221;#ffffff&#8221; border_style=&#8221;solid&#8221;]<\/p>\n<p>One of the basic activities of the Port of Plo\u010de Authority is to build, maintain, manage, protect and improve the maritime domain that represents the port area in Plo\u010de and Metkovi\u0107 in order to create all the prerequisites for optimal use and valorisation of such a significant resource as the port area.<\/p>\n<p>Regular investments in infrastructure enable regular activities in the port area by using port capacities, so in that sense funds are continuously planned and purposefully spent to ensure the functionality of necessary infrastructure capacities (common roads, railway tracks, electrical installations, substations and lighting, water supply and sewerage network). IT and telephone infrastructure, maintenance of the perimeter fence, cleaning of the coastal waters in order to maintain the coastal depth required for berthing of ships, etc.).<\/p>\n<p>[\/et_pb_text][et_pb_text admin_label=&#8221;Text&#8221; background_layout=&#8221;light&#8221; text_orientation=&#8221;justified&#8221; use_border_color=&#8221;off&#8221; border_color=&#8221;#ffffff&#8221; border_style=&#8221;solid&#8221;]<\/p>\n<p>In the area of \u200b\u200binvestments in port infrastructure, the last years were marked by the completion of planned investment activities within the capital development project of Trade and Transport Integration (ITT) which began in 2006 with the aim of creating preconditions for increasing capacity, efficiency, and quality of services along the southern part of the corridor. Vc, with emphasis on the port of Plo\u010de.<\/p>\n<p>[\/et_pb_text][et_pb_image admin_label=&#8221;Image&#8221; src=&#8221;http:\/\/ppa.hr\/hr\/wp-content\/uploads\/2016\/05\/panorama-luke.jpg&#8221; show_in_lightbox=&#8221;off&#8221; url_new_window=&#8221;off&#8221; use_overlay=&#8221;off&#8221; animation=&#8221;top&#8221; sticky=&#8221;off&#8221; align=&#8221;left&#8221; force_fullwidth=&#8221;off&#8221; always_center_on_mobile=&#8221;on&#8221; use_border_color=&#8221;off&#8221; border_color=&#8221;#ffffff&#8221; border_style=&#8221;solid&#8221;] [\/et_pb_image][et_pb_text admin_label=&#8221;Text&#8221; background_layout=&#8221;light&#8221; text_orientation=&#8221;justified&#8221; use_border_color=&#8221;off&#8221; border_color=&#8221;#ffffff&#8221; border_style=&#8221;solid&#8221;]<\/p>\n<p>At the moment, there are slightly more than 50 hectares of land in the Port of Plo\u010de that is not yet covered by concession agreements, and the Port of Plo\u010de Authority in its promotions seeks to present this fact in order to find the most favourable concessioner activity and generated additional port traffic. The availability of free space, especially in the coastal zone, for the development of new port activities is one of the special advantages of the port of Plo\u010de compared to many other ports that face a lack of space for expansion.<\/p>\n<p>[\/et_pb_text][et_pb_text admin_label=&#8221;Text&#8221; background_layout=&#8221;light&#8221; text_orientation=&#8221;justified&#8221; use_border_color=&#8221;off&#8221; border_color=&#8221;#ffffff&#8221; border_style=&#8221;solid&#8221;]<\/p>\n<p>The Port of Plo\u010de Authority requires a high degree of care for the environment and ensures compliance with all environmental provisions prescribed by the regulations of the Republic of Croatia, the EU and international conventions in the field of environmental protection to which Croatia has acceded.<\/p>\n<p>During the development of the port of Plo\u010de as well as during the performance of port activities, it is necessary to continuously invest in environmental protection and take measures to prevent pollution of the port area, especially the surrounding protected areas and cooperation with the public and environmental entities. Controlled monitoring of the work of concessionaires and all users of the port area and insistence on mandatory environmental protection from pollution is one of the most important tasks for the Port of Plo\u010de Authority.<\/p>\n<p>[\/et_pb_text][\/et_pb_column][\/et_pb_row][\/et_pb_section]<\/p>\n","protected":false},"excerpt":{"rendered":"<p>One of the basic activities of the Port of Plo\u010de Authority is to build, maintain, manage, protect and improve the maritime domain that represents the port area in Plo\u010de and Metkovi\u0107 in order to create all the prerequisites for optimal use and valorisation of such a significant resource as the port area. Regular investments in [&hellip;]<\/p>\n","protected":false},"author":1,"featured_media":0,"parent":0,"menu_order":0,"comment_status":"closed","ping_status":"closed","template":"","meta":{"_et_pb_use_builder":"on","_et_pb_old_content":"","_et_gb_content_width":"","footnotes":""},"class_list":["post-16100","page","type-page","status-publish","hentry"],"_links":{"self":[{"href":"https:\/\/www.ppa.hr\/hr\/wp-json\/wp\/v2\/pages\/16100","targetHints":{"allow":["GET"]}}],"collection":[{"href":"https:\/\/www.ppa.hr\/hr\/wp-json\/wp\/v2\/pages"}],"about":[{"href":"https:\/\/www.ppa.hr\/hr\/wp-json\/wp\/v2\/types\/page"}],"author":[{"embeddable":true,"href":"https:\/\/www.ppa.hr\/hr\/wp-json\/wp\/v2\/users\/1"}],"replies":[{"embeddable":true,"href":"https:\/\/www.ppa.hr\/hr\/wp-json\/wp\/v2\/comments?post=16100"}],"version-history":[{"count":2,"href":"https:\/\/www.ppa.hr\/hr\/wp-json\/wp\/v2\/pages\/16100\/revisions"}],"predecessor-version":[{"id":17946,"href":"https:\/\/www.ppa.hr\/hr\/wp-json\/wp\/v2\/pages\/16100\/revisions\/17946"}],"wp:attachment":[{"href":"https:\/\/www.ppa.hr\/hr\/wp-json\/wp\/v2\/media?parent=16100"}],"curies":[{"name":"wp","href":"https:\/\/api.w.org\/{rel}","templated":true}]}}