{"id":16022,"date":"2021-07-08T14:27:48","date_gmt":"2021-07-08T14:27:48","guid":{"rendered":"https:\/\/www.ppa.hr\/old\/port-of-ploce\/"},"modified":"2021-07-08T14:27:50","modified_gmt":"2021-07-08T14:27:50","slug":"port-of-ploce","status":"publish","type":"page","link":"https:\/\/www.ppa.hr\/hr\/port-of-ploce\/","title":{"rendered":"Port of Plo\u010de"},"content":{"rendered":"<p>[et_pb_section admin_label=&#8221;Section&#8221; fullwidth=&#8221;off&#8221; specialty=&#8221;off&#8221; transparent_background=&#8221;off&#8221; background_color=&#8221;#f4f4f4&#8243; allow_player_pause=&#8221;off&#8221; inner_shadow=&#8221;off&#8221; parallax=&#8221;off&#8221; parallax_method=&#8221;off&#8221; padding_mobile=&#8221;off&#8221; make_fullwidth=&#8221;off&#8221; use_custom_width=&#8221;off&#8221; width_unit=&#8221;on&#8221; make_equal=&#8221;off&#8221; use_custom_gutter=&#8221;off&#8221; custom_padding=&#8221;0px|0px&#8221; gutter_width=&#8221;3&#8243;][et_pb_row admin_label=&#8221;Row&#8221; make_fullwidth=&#8221;on&#8221; use_custom_width=&#8221;off&#8221; width_unit=&#8221;on&#8221; use_custom_gutter=&#8221;on&#8221; gutter_width=&#8221;1&#8243; custom_padding=&#8221;0px|0px&#8221; padding_mobile=&#8221;off&#8221; allow_player_pause=&#8221;off&#8221; parallax=&#8221;off&#8221; parallax_method=&#8221;off&#8221; make_equal=&#8221;off&#8221; column_padding_mobile=&#8221;on&#8221;][et_pb_column type=&#8221;1_2&#8243;][et_pb_cta admin_label=&#8221;Call To Action&#8221; title=&#8221;Plo\u010de Port  Geo-Traffic Position&#8221; button_url=&#8221;http:\/\/ppa.hr\/hr\/geoprometni-polozaj\/&#8221; url_new_window=&#8221;off&#8221; button_text=&#8221;Read more&#8221; use_background_color=&#8221;off&#8221; background_color=&#8221;#7EBEC5&#8243; background_layout=&#8221;light&#8221; text_orientation=&#8221;center&#8221; use_border_color=&#8221;off&#8221; border_color=&#8221;#ffffff&#8221; border_style=&#8221;solid&#8221; custom_padding=&#8221;15%|15%|15%|15%&#8221; custom_button=&#8221;on&#8221; button_text_size=&#8221;15&#8243; button_text_color=&#8221;#ffffff&#8221; button_bg_color=&#8221;#179baf&#8221; button_border_width=&#8221;0&#8243; button_border_radius=&#8221;1&#8243; button_letter_spacing=&#8221;0&#8243; button_use_icon=&#8221;default&#8221; button_icon=&#8221;%%36%%&#8221; button_icon_color=&#8221;#ffffff&#8221; button_icon_placement=&#8221;right&#8221; button_on_hover=&#8221;on&#8221; button_text_color_hover=&#8221;#10677c&#8221; button_bg_color_hover=&#8221;#b2a495&#8243; button_letter_spacing_hover=&#8221;0&#8243;]<\/p>\n<p>The port of Plo\u010de is located on the eastern coast of the Adriatic Sea at a location of 43\u00b0\u00a0 03\u2032\u00a0 N and 17\u00b026\u2032\u00a0 E, and due to its location it is of exceptional importance for the economy of neighboring state of Bosnia and Herzegovina, the state border of which is located only 25 km from the port of Plo\u010de,as well as for partners from Serbia, Montenegro, Hungary and other Central European countries.<\/p>\n<p>[\/et_pb_cta][\/et_pb_column][et_pb_column type=&#8221;1_2&#8243;][et_pb_image admin_label=&#8221;Image&#8221; src=&#8221;http:\/\/ppa.hr\/hr\/wp-content\/uploads\/2016\/04\/luka-i-delta.jpg&#8221; show_in_lightbox=&#8221;off&#8221; url_new_window=&#8221;off&#8221; animation=&#8221;off&#8221; sticky=&#8221;on&#8221; align=&#8221;left&#8221; force_fullwidth=&#8221;on&#8221; always_center_on_mobile=&#8221;on&#8221; use_border_color=&#8221;off&#8221; border_color=&#8221;#ffffff&#8221; border_style=&#8221;solid&#8221; use_overlay=&#8221;off&#8221; custom_css_main_element=&#8221;opacity: 1;&#8221;] [\/et_pb_image][\/et_pb_column][\/et_pb_row][et_pb_row admin_label=&#8221;Row&#8221; make_fullwidth=&#8221;on&#8221; use_custom_width=&#8221;off&#8221; width_unit=&#8221;on&#8221; use_custom_gutter=&#8221;on&#8221; gutter_width=&#8221;1&#8243; custom_padding=&#8221;0px|0px&#8221; padding_mobile=&#8221;off&#8221; allow_player_pause=&#8221;off&#8221; parallax=&#8221;off&#8221; parallax_method=&#8221;off&#8221; make_equal=&#8221;off&#8221; column_padding_mobile=&#8221;on&#8221;][et_pb_column type=&#8221;1_2&#8243;][et_pb_image admin_label=&#8221;Image&#8221; src=&#8221;http:\/\/ppa.hr\/hr\/wp-content\/uploads\/2016\/04\/slika_povijest.jpg&#8221; show_in_lightbox=&#8221;on&#8221; url_new_window=&#8221;off&#8221; animation=&#8221;fade_in&#8221; sticky=&#8221;on&#8221; align=&#8221;center&#8221; force_fullwidth=&#8221;on&#8221; always_center_on_mobile=&#8221;on&#8221; use_border_color=&#8221;off&#8221; border_color=&#8221;#ffffff&#8221; border_style=&#8221;solid&#8221; use_overlay=&#8221;off&#8221; custom_css_main_element=&#8221;opacity: 1;&#8221;] [\/et_pb_image][\/et_pb_column][et_pb_column type=&#8221;1_2&#8243;][et_pb_cta admin_label=&#8221;Call To Action&#8221; title=&#8221;Historical development of the port of Plo\u010de&#8221; button_url=&#8221;http:\/\/ppa.hr\/hr\/povijesni-razvoj-luke-ploce\/&#8221; url_new_window=&#8221;off&#8221; button_text=&#8221;Read more&#8221; use_background_color=&#8221;off&#8221; background_color=&#8221;#7EBEC5&#8243; background_layout=&#8221;light&#8221; text_orientation=&#8221;center&#8221; use_border_color=&#8221;off&#8221; border_color=&#8221;#ffffff&#8221; border_style=&#8221;solid&#8221; custom_padding=&#8221;15%|15%|15%|15%&#8221; custom_button=&#8221;on&#8221; button_text_size=&#8221;15&#8243; button_text_color=&#8221;#ffffff&#8221; button_bg_color=&#8221;#179baf&#8221; button_border_width=&#8221;0&#8243; button_border_radius=&#8221;1&#8243; button_letter_spacing=&#8221;0&#8243; button_use_icon=&#8221;default&#8221; button_icon=&#8221;%%36%%&#8221; button_icon_color=&#8221;#ffffff&#8221; button_icon_placement=&#8221;right&#8221; button_on_hover=&#8221;on&#8221; button_text_color_hover=&#8221;#10677c&#8221; button_bg_color_hover=&#8221;#b2a495&#8243; button_letter_spacing_hover=&#8221;0&#8243;]<\/p>\n<p>Historical sources say that the idea of connecting Bosnia and Herzegovina with the sea originated as early as the middle of the 19th century. The beginning of the construction of railways in Bosnia and Herzegovina, however, began only during the Austro-Hungarian Monarchy in 1878 to connect the interior with the then province of Dalmatia.\u00a0<\/p>\n<p>[\/et_pb_cta][\/et_pb_column][\/et_pb_row][et_pb_row admin_label=&#8221;Row&#8221; make_fullwidth=&#8221;on&#8221; use_custom_width=&#8221;off&#8221; width_unit=&#8221;on&#8221; use_custom_gutter=&#8221;on&#8221; gutter_width=&#8221;1&#8243; custom_padding=&#8221;0px|0px&#8221; padding_mobile=&#8221;off&#8221; allow_player_pause=&#8221;off&#8221; parallax=&#8221;off&#8221; parallax_method=&#8221;off&#8221; make_equal=&#8221;off&#8221; column_padding_mobile=&#8221;on&#8221;][et_pb_column type=&#8221;1_2&#8243;][et_pb_cta admin_label=&#8221;Call To Action&#8221; title=&#8221;Free zone of the port of Plo\u010de&#8221; button_url=&#8221;http:\/\/ppa.hr\/hr\/slobodna-zona-luke-ploce\/&#8221; url_new_window=&#8221;off&#8221; button_text=&#8221;Read more&#8221; use_background_color=&#8221;off&#8221; background_color=&#8221;#7EBEC5&#8243; background_layout=&#8221;light&#8221; text_orientation=&#8221;center&#8221; use_border_color=&#8221;off&#8221; border_color=&#8221;#ffffff&#8221; border_style=&#8221;solid&#8221; custom_padding=&#8221;15%|15%|15%|15%&#8221; custom_button=&#8221;on&#8221; button_text_size=&#8221;15&#8243; button_text_color=&#8221;#ffffff&#8221; button_bg_color=&#8221;#179baf&#8221; button_border_width=&#8221;0&#8243; button_border_radius=&#8221;1&#8243; button_letter_spacing=&#8221;0&#8243; button_use_icon=&#8221;default&#8221; button_icon=&#8221;%%36%%&#8221; button_icon_color=&#8221;#ffffff&#8221; button_icon_placement=&#8221;right&#8221; button_on_hover=&#8221;on&#8221; button_text_color_hover=&#8221;#10677c&#8221; button_bg_color_hover=&#8221;#b2a495&#8243; button_letter_spacing_hover=&#8221;0&#8243;]<\/p>\n<p>Almost the entire port area is at the same time the area of the free zone of the port of Plo\u010de after the Port of Plo\u010de Authority was given the consent of the Government of the Republic of Croatia for the establishment of a free zone for a period of 30 years in <strong>1999.<\/strong><\/p>\n<p>[\/et_pb_cta][\/et_pb_column][et_pb_column type=&#8221;1_2&#8243;][et_pb_image admin_label=&#8221;Image&#8221; src=&#8221;http:\/\/ppa.hr\/hr\/wp-content\/uploads\/2016\/04\/SLOBODNA_ZONA.jpg&#8221; show_in_lightbox=&#8221;on&#8221; url_new_window=&#8221;off&#8221; animation=&#8221;fade_in&#8221; sticky=&#8221;on&#8221; align=&#8221;center&#8221; force_fullwidth=&#8221;on&#8221; always_center_on_mobile=&#8221;on&#8221; use_border_color=&#8221;off&#8221; border_color=&#8221;#ffffff&#8221; border_style=&#8221;solid&#8221; use_overlay=&#8221;off&#8221; custom_css_main_element=&#8221;opacity: 1;&#8221;] [\/et_pb_image][\/et_pb_column][\/et_pb_row][et_pb_row admin_label=&#8221;Row&#8221; make_fullwidth=&#8221;on&#8221; use_custom_width=&#8221;off&#8221; width_unit=&#8221;on&#8221; use_custom_gutter=&#8221;on&#8221; gutter_width=&#8221;1&#8243; custom_padding=&#8221;0px|0px&#8221; padding_mobile=&#8221;off&#8221; allow_player_pause=&#8221;off&#8221; parallax=&#8221;off&#8221; parallax_method=&#8221;off&#8221; make_equal=&#8221;off&#8221; column_padding_mobile=&#8221;on&#8221;][et_pb_column type=&#8221;1_2&#8243;][et_pb_image admin_label=&#8221;Image&#8221; src=&#8221;http:\/\/ppa.hr\/hr\/wp-content\/uploads\/2016\/04\/naslovnica_slider_01.jpg&#8221; show_in_lightbox=&#8221;off&#8221; url_new_window=&#8221;off&#8221; animation=&#8221;off&#8221; sticky=&#8221;on&#8221; align=&#8221;left&#8221; force_fullwidth=&#8221;on&#8221; always_center_on_mobile=&#8221;on&#8221; use_border_color=&#8221;off&#8221; border_color=&#8221;#ffffff&#8221; border_style=&#8221;solid&#8221; use_overlay=&#8221;off&#8221;] [\/et_pb_image][\/et_pb_column][et_pb_column type=&#8221;1_2&#8243;][et_pb_cta admin_label=&#8221;Call To Action&#8221; title=&#8221;Port capacities&#8221; button_url=&#8221;http:\/\/ppa.hr\/hr\/lucki-kapaciteti\/&#8221; url_new_window=&#8221;off&#8221; button_text=&#8221;Read more&#8221; use_background_color=&#8221;off&#8221; background_color=&#8221;#7EBEC5&#8243; background_layout=&#8221;light&#8221; text_orientation=&#8221;center&#8221; use_border_color=&#8221;off&#8221; border_color=&#8221;#ffffff&#8221; border_style=&#8221;solid&#8221; custom_padding=&#8221;15%|15%|15%|15%&#8221; custom_button=&#8221;on&#8221; button_text_size=&#8221;15&#8243; button_text_color=&#8221;#ffffff&#8221; button_bg_color=&#8221;#179baf&#8221; button_border_width=&#8221;0&#8243; button_border_radius=&#8221;1&#8243; button_letter_spacing=&#8221;0&#8243; button_use_icon=&#8221;default&#8221; button_icon=&#8221;%%36%%&#8221; button_icon_color=&#8221;#ffffff&#8221; button_icon_placement=&#8221;right&#8221; button_on_hover=&#8221;on&#8221; button_text_color_hover=&#8221;#10677c&#8221; button_bg_color_hover=&#8221;#b2a495&#8243; button_letter_spacing_hover=&#8221;0&#8243;]<\/p>\n<p>The port in Plo\u010de is a universal purpose port which means that it serves for the transhipment of \u00a0almost all types of cargo (except crude oil and chemicals) that appear in international maritime transport. Within the port itself there are areas specializing in the service of certain types of cargo.<\/p>\n<p>[\/et_pb_cta][\/et_pb_column][\/et_pb_row][et_pb_row admin_label=&#8221;Row&#8221; make_fullwidth=&#8221;on&#8221; use_custom_width=&#8221;off&#8221; width_unit=&#8221;on&#8221; use_custom_gutter=&#8221;on&#8221; gutter_width=&#8221;1&#8243; custom_padding=&#8221;0px|0px&#8221; padding_mobile=&#8221;off&#8221; allow_player_pause=&#8221;off&#8221; parallax=&#8221;off&#8221; parallax_method=&#8221;off&#8221; make_equal=&#8221;off&#8221; column_padding_mobile=&#8221;on&#8221;][et_pb_column type=&#8221;1_2&#8243;][et_pb_cta admin_label=&#8221;Call To Action_MTK&#8221; title=&#8221;Port of  Metkovi\u0107 Basin&#8221; button_url=&#8221;http:\/\/ppa.hr\/hr\/luka-metkovic\/&#8221; url_new_window=&#8221;off&#8221; button_text=&#8221;Read more&#8221; use_background_color=&#8221;off&#8221; background_color=&#8221;#7EBEC5&#8243; background_layout=&#8221;light&#8221; text_orientation=&#8221;center&#8221; use_border_color=&#8221;off&#8221; border_color=&#8221;#ffffff&#8221; border_style=&#8221;solid&#8221; custom_padding=&#8221;15%|15%|15%|15%&#8221; custom_button=&#8221;on&#8221; button_text_size=&#8221;15&#8243; button_text_color=&#8221;#ffffff&#8221; button_bg_color=&#8221;#179baf&#8221; button_border_width=&#8221;0&#8243; button_border_radius=&#8221;1&#8243; button_letter_spacing=&#8221;0&#8243; button_use_icon=&#8221;default&#8221; button_icon=&#8221;%%36%%&#8221; button_icon_color=&#8221;#ffffff&#8221; button_icon_placement=&#8221;right&#8221; button_on_hover=&#8221;on&#8221; button_text_color_hover=&#8221;#10677c&#8221; button_bg_color_hover=&#8221;#b2a495&#8243; button_letter_spacing_hover=&#8221;0&#8243;]<\/p>\n<p>With the decision to establish the<strong> Port of Plo\u010de Authority from <\/strong><strong>13.02.1997, <\/strong>the Government of the Republic of Croatia established a port area managed by the Port of Plo\u010de Authority, which consists <strong>of the port basins of Plo\u010de and Metkovi\u0107. The Metkovi\u0107 Basin covers<\/strong> the area that stretches from the right bank of the Neretva River from the bridge to the Jerkovac lighthouse,<\/p>\n<p>[\/et_pb_cta][\/et_pb_column][et_pb_column type=&#8221;1_2&#8243;][et_pb_image admin_label=&#8221;Image&#8221; src=&#8221;http:\/\/ppa.hr\/hr\/wp-content\/uploads\/2016\/04\/luka_metkovic.jpg&#8221; show_in_lightbox=&#8221;on&#8221; url_new_window=&#8221;off&#8221; animation=&#8221;fade_in&#8221; sticky=&#8221;on&#8221; align=&#8221;center&#8221; force_fullwidth=&#8221;on&#8221; always_center_on_mobile=&#8221;on&#8221; use_border_color=&#8221;off&#8221; border_color=&#8221;#ffffff&#8221; border_style=&#8221;solid&#8221; use_overlay=&#8221;off&#8221; custom_css_main_element=&#8221;opacity: 1;&#8221;] [\/et_pb_image][\/et_pb_column][\/et_pb_row][\/et_pb_section]<\/p>\n","protected":false},"excerpt":{"rendered":"<p>The port of Plo\u010de is located on the eastern coast of the Adriatic Sea at a location of 43\u00b0\u00a0 03\u2032\u00a0 N and 17\u00b026\u2032\u00a0 E, and due to its location it is of exceptional importance for the economy of neighboring state of Bosnia and Herzegovina, the state border of which is located only 25 km from [&hellip;]<\/p>\n","protected":false},"author":1,"featured_media":0,"parent":0,"menu_order":0,"comment_status":"closed","ping_status":"closed","template":"","meta":{"_et_pb_use_builder":"on","_et_pb_old_content":"","_et_gb_content_width":"","footnotes":""},"class_list":["post-16022","page","type-page","status-publish","hentry"],"_links":{"self":[{"href":"https:\/\/www.ppa.hr\/hr\/wp-json\/wp\/v2\/pages\/16022","targetHints":{"allow":["GET"]}}],"collection":[{"href":"https:\/\/www.ppa.hr\/hr\/wp-json\/wp\/v2\/pages"}],"about":[{"href":"https:\/\/www.ppa.hr\/hr\/wp-json\/wp\/v2\/types\/page"}],"author":[{"embeddable":true,"href":"https:\/\/www.ppa.hr\/hr\/wp-json\/wp\/v2\/users\/1"}],"replies":[{"embeddable":true,"href":"https:\/\/www.ppa.hr\/hr\/wp-json\/wp\/v2\/comments?post=16022"}],"version-history":[{"count":1,"href":"https:\/\/www.ppa.hr\/hr\/wp-json\/wp\/v2\/pages\/16022\/revisions"}],"predecessor-version":[{"id":16023,"href":"https:\/\/www.ppa.hr\/hr\/wp-json\/wp\/v2\/pages\/16022\/revisions\/16023"}],"wp:attachment":[{"href":"https:\/\/www.ppa.hr\/hr\/wp-json\/wp\/v2\/media?parent=16022"}],"curies":[{"name":"wp","href":"https:\/\/api.w.org\/{rel}","templated":true}]}}