{"id":16012,"date":"2021-07-08T14:11:46","date_gmt":"2021-07-08T14:11:46","guid":{"rendered":"https:\/\/www.ppa.hr\/old\/port-of-metkovic-basin\/"},"modified":"2021-07-08T14:11:47","modified_gmt":"2021-07-08T14:11:47","slug":"port-of-metkovic-basin","status":"publish","type":"page","link":"https:\/\/www.ppa.hr\/hr\/port-of-metkovic-basin\/?lang=en","title":{"rendered":"Port of  Metkovi\u0107 Basin"},"content":{"rendered":"<p>[et_pb_section admin_label=&#8221;Section&#8221; fullwidth=&#8221;off&#8221; specialty=&#8221;off&#8221;][et_pb_row admin_label=&#8221;Row&#8221;][et_pb_column type=&#8221;1_2&#8243;][et_pb_text admin_label=&#8221;Text_mtk&#8221; background_layout=&#8221;light&#8221; text_orientation=&#8221;justified&#8221; use_border_color=&#8221;off&#8221; border_color=&#8221;#ffffff&#8221; border_style=&#8221;solid&#8221;]<\/p>\n<p>With the decision to establish the<strong> Port of Plo\u010de Authority from <\/strong><strong>13.02.1997, <\/strong>the Government of the Republic of Croatia established a port area managed by the Port of Plo\u010de Authority, which consists <strong>of the port basins of Plo\u010de and Metkovi\u0107. The Metkovi\u0107 Basin covers<\/strong> the area that stretches from the right bank of the Neretva River from the bridge to the Jerkovac lighthouse, where it reaches the edge of the group of railway station&#8217;s railway tracks perpendicular to the coast, continuing in parallel with it, in order to return the vertical to the existing road south of it near the railway station. It continues along the southern edge of the existing road to the Neretva bridge. The sea part is bordered by a perpendicular to the Lighthouse Jerkovac and goes in the middle of the Neretva River to the bridge and along the bridge to the coast. The area of the Metkovi\u0107 harbour basin covers <strong>27,676.00 m2<\/strong> \u00a0and consists of the following units: entrance and reception area, cement terminal, slag terminal, storage facilities, quay 3 with coastline and administrative facility. Unlike the port of Plo\u010de, which is a port of national importance, the area of the port of Metkovi\u0107 has been declared a port of county importance. The port area of the port of Plo\u010de is by legal nature a maritime domain and the right of ownership or any other real right on any basis cannot be exercised on it. It is outside legal traffic, and the only way to dispose is through the concession institute. The Contract on the priority concession for the performance of port activities and the use of port substructure and superstructure facilities from August 13,2005 and the Contract for the extension of the priority concession (Built area &#8211; Existing port) of May 24,2010 between the Port of Plo\u010de Authority and concessionaire Luka Plo\u010de d.d., the entire described area of the Metkovi\u0107 basin was given into \u00a0concession until August 13,2037, and the concessionaire has the right to perform port and other activities in the entire area.<\/p>\n<p>[\/et_pb_text][\/et_pb_column][et_pb_column type=&#8221;1_2&#8243;][et_pb_gallery admin_label=&#8221;Gallery_MTK&#8221; gallery_ids=&#8221;13586,13587,13588,13589,11935&#8243; gallery_orderby=&#8221;rand&#8221; fullwidth=&#8221;on&#8221; show_title_and_caption=&#8221;on&#8221; show_pagination=&#8221;on&#8221; background_layout=&#8221;light&#8221; auto=&#8221;on&#8221; auto_speed=&#8221;3000&#8243; hover_overlay_color=&#8221;rgba(255,255,255,0.9)&#8221; caption_all_caps=&#8221;off&#8221; use_border_color=&#8221;off&#8221; border_color=&#8221;#ffffff&#8221; border_style=&#8221;solid&#8221;] [\/et_pb_gallery][et_pb_tabs admin_label=&#8221;Tabs&#8221; use_border_color=&#8221;off&#8221; border_color=&#8221;#ffffff&#8221; border_style=&#8221;solid&#8221;] [et_pb_tab title=&#8221;Slag Transhipment Terminal&#8221; tab_font_select=&#8221;default&#8221; tab_font=&#8221;||||&#8221; tab_line_height=&#8221;2em&#8221; tab_line_height_tablet=&#8221;2em&#8221; tab_line_height_phone=&#8221;2em&#8221; body_font_select=&#8221;default&#8221; body_font=&#8221;||||&#8221; body_line_height=&#8221;2em&#8221; body_line_height_tablet=&#8221;2em&#8221; body_line_height_phone=&#8221;2em&#8221;]<\/p>\n<table width=\"85%\">\n<tbody>\n<tr>\n<td>\n<p>length of quay<\/p>\n<\/td>\n<td>\n<p>500 m<\/p>\n<\/td>\n<\/tr>\n<tr>\n<td>\n<p>depth of the river<\/p>\n<\/td>\n<td>\n<p>5 m<\/p>\n<\/td>\n<\/tr>\n<tr>\n<td>\n<p>one-time storage capacity<\/p>\n<\/td>\n<td>\n<p>10,000 t<\/p>\n<\/td>\n<\/tr>\n<tr>\n<td>\n<p>quay crane with a capacity of 5 t<\/p>\n<\/td>\n<td>\n<p>1 pc<\/p>\n<\/td>\n<\/tr>\n<tr>\n<td>\n<p>loader<\/p>\n<\/td>\n<td>\n<p>1 pc<\/p>\n<\/td>\n<\/tr>\n<tr>\n<td>\n<p>traction vehicle<\/p>\n<\/td>\n<td>\n<p>\u00a0\u00a0\u00a0\u00a0\u00a0 1 pc<\/p>\n<\/td>\n<\/tr>\n<\/tbody>\n<\/table>\n<p>[\/et_pb_tab][et_pb_tab title=&#8221;General cargo transhipment terminal&#8221; tab_font_select=&#8221;default&#8221; tab_font=&#8221;||||&#8221; tab_line_height=&#8221;2em&#8221; tab_line_height_tablet=&#8221;2em&#8221; tab_line_height_phone=&#8221;2em&#8221; body_font_select=&#8221;default&#8221; body_font=&#8221;||||&#8221; body_line_height=&#8221;2em&#8221; body_line_height_tablet=&#8221;2em&#8221; body_line_height_phone=&#8221;2em&#8221;]<\/p>\n<table width=\"85%\">\n<tbody>\n<tr>\n<td>\n<p>length of quay\u00a0\u00a0\u00a0\u00a0\u00a0\u00a0\u00a0<\/p>\n<\/td>\n<td>\n<p>200 m<\/p>\n<\/td>\n<\/tr>\n<tr>\n<td>\n<p>depth of the river<\/p>\n<\/td>\n<td>\n<p>5 m<\/p>\n<\/td>\n<\/tr>\n<tr>\n<td>\n<p>mobile cranes<\/p>\n<\/td>\n<td>\n<p>3 pcs<\/p>\n<\/td>\n<\/tr>\n<tr>\n<td>\n<p>forklifts<\/p>\n<\/td>\n<td>\n<p>4 pcs<\/p>\n<\/td>\n<\/tr>\n<tr>\n<td>\n<p>Tractors<\/p>\n<\/td>\n<td>\n<p>1 pc<\/p>\n<\/td>\n<\/tr>\n<tr>\n<td>\n<p>open warehouses<\/p>\n<\/td>\n<td>\n<p>10,000 m2<\/p>\n<\/td>\n<\/tr>\n<tr>\n<td>\n<p>closed warehouses<\/p>\n<\/td>\n<td>\n<p>1,300 m2<\/p>\n<\/td>\n<\/tr>\n<\/tbody>\n<\/table>\n<p>[\/et_pb_tab][et_pb_tab title=&#8221;Bulk cement transhipment terminal&#8221; tab_font_select=&#8221;default&#8221; tab_font=&#8221;||||&#8221; tab_line_height=&#8221;2em&#8221; tab_line_height_tablet=&#8221;2em&#8221; tab_line_height_phone=&#8221;2em&#8221; body_font_select=&#8221;default&#8221; body_font=&#8221;||||&#8221; body_line_height=&#8221;2em&#8221; body_line_height_tablet=&#8221;2em&#8221; body_line_height_phone=&#8221;2em&#8221;]<\/p>\n<table width=\"85%\">\n<tbody>\n<tr>\n<td width=\"68%\">\n<p>length of quay<\/p>\n<\/td>\n<td width=\"32%\">\n<p>110 m<\/p>\n<\/td>\n<\/tr>\n<tr>\n<td>\n<p>depth of the river<\/p>\n<\/td>\n<td>\n<p>5 m<\/p>\n<\/td>\n<\/tr>\n<tr>\n<td>\n<p>one-time storage capacity<\/p>\n<\/td>\n<td>\n<p>4,000 t<\/p>\n<\/td>\n<\/tr>\n<tr>\n<td>\n<p>technical capacities of transhipments<\/p>\n<\/td>\n<td>\n<p>200 t\/h<\/p>\n<\/td>\n<\/tr>\n<\/tbody>\n<\/table>\n<p>[\/et_pb_tab] [\/et_pb_tabs][\/et_pb_column][\/et_pb_row][\/et_pb_section]<\/p>\n","protected":false},"excerpt":{"rendered":"<p>With the decision to establish the Port of Plo\u010de Authority from 13.02.1997, the Government of the Republic of Croatia established a port area managed by the Port of Plo\u010de Authority, which consists of the port basins of Plo\u010de and Metkovi\u0107. The Metkovi\u0107 Basin covers the area that stretches from the right bank of the Neretva [&hellip;]<\/p>\n","protected":false},"author":1,"featured_media":0,"parent":0,"menu_order":0,"comment_status":"closed","ping_status":"closed","template":"","meta":{"_et_pb_use_builder":"on","_et_pb_old_content":"","_et_gb_content_width":"","footnotes":""},"class_list":["post-16012","page","type-page","status-publish","hentry"],"_links":{"self":[{"href":"https:\/\/www.ppa.hr\/hr\/wp-json\/wp\/v2\/pages\/16012","targetHints":{"allow":["GET"]}}],"collection":[{"href":"https:\/\/www.ppa.hr\/hr\/wp-json\/wp\/v2\/pages"}],"about":[{"href":"https:\/\/www.ppa.hr\/hr\/wp-json\/wp\/v2\/types\/page"}],"author":[{"embeddable":true,"href":"https:\/\/www.ppa.hr\/hr\/wp-json\/wp\/v2\/users\/1"}],"replies":[{"embeddable":true,"href":"https:\/\/www.ppa.hr\/hr\/wp-json\/wp\/v2\/comments?post=16012"}],"version-history":[{"count":1,"href":"https:\/\/www.ppa.hr\/hr\/wp-json\/wp\/v2\/pages\/16012\/revisions"}],"predecessor-version":[{"id":16013,"href":"https:\/\/www.ppa.hr\/hr\/wp-json\/wp\/v2\/pages\/16012\/revisions\/16013"}],"wp:attachment":[{"href":"https:\/\/www.ppa.hr\/hr\/wp-json\/wp\/v2\/media?parent=16012"}],"curies":[{"name":"wp","href":"https:\/\/api.w.org\/{rel}","templated":true}]}}