{"id":16002,"date":"2021-07-08T14:07:30","date_gmt":"2021-07-08T14:07:30","guid":{"rendered":"https:\/\/www.ppa.hr\/old\/port-capacities\/"},"modified":"2021-07-08T14:07:31","modified_gmt":"2021-07-08T14:07:31","slug":"port-capacities","status":"publish","type":"page","link":"https:\/\/www.ppa.hr\/hr\/port-capacities\/?lang=en","title":{"rendered":"Port capacities"},"content":{"rendered":"<p>[et_pb_section admin_label=&#8221;section&#8221;][et_pb_row admin_label=&#8221;redak&#8221; make_fullwidth=&#8221;off&#8221; use_custom_width=&#8221;off&#8221; width_unit=&#8221;on&#8221; use_custom_gutter=&#8221;on&#8221; gutter_width=&#8221;1&#8243; padding_mobile=&#8221;off&#8221; allow_player_pause=&#8221;off&#8221; parallax=&#8221;off&#8221; parallax_method=&#8221;off&#8221; make_equal=&#8221;off&#8221; parallax_1=&#8221;off&#8221; parallax_method_1=&#8221;off&#8221; column_padding_mobile=&#8221;on&#8221;][et_pb_column type=&#8221;4_4&#8243;][et_pb_text admin_label=&#8221;Text&#8221; background_layout=&#8221;light&#8221; text_orientation=&#8221;left&#8221; use_border_color=&#8221;off&#8221; border_color=&#8221;#ffffff&#8221; border_style=&#8221;solid&#8221;]<\/p>\n<p>The port in Plo\u010de is a universal purpose port which means that it serves for the transhipment of \u00a0almost all types of cargo (except crude oil and chemicals) that appear in international maritime transport. Within the port itself there are areas specializing in the service of certain types of cargo.<\/p>\n<p>Thus, today the port has complete port transhipment, storage and all accompanying port services for providing quality transhipment:<\/p>\n<ul>\n<li>general cargoes,<\/li>\n<li>container cargo,<\/li>\n<li>RO-RO traffic,<\/li>\n<li>dry bulk cargo,<\/li>\n<li>liquid cargo.<\/li>\n<\/ul>\n<p>The port in Plo\u010de also has the capacity to accept passenger vessels, both in local traffic with the Peljesac peninsula and in international traffic especially with the Republic of Italy.<\/p>\n<p>The port area under the jurisdiction of the Port of Plo\u010de Authority consists of the Plo\u010de basin and the Metkovi\u0107 basin.<\/p>\n<p>[\/et_pb_text][et_pb_gallery admin_label=&#8221;Gallery&#8221; gallery_ids=&#8221;3589,3590,3591,3592&#8243; gallery_orderby=&#8221;rand&#8221; fullwidth=&#8221;off&#8221; show_title_and_caption=&#8221;off&#8221; show_pagination=&#8221;off&#8221; background_layout=&#8221;light&#8221; auto=&#8221;off&#8221; hover_overlay_color=&#8221;rgba(255,255,255,0.9)&#8221; caption_all_caps=&#8221;off&#8221; use_border_color=&#8221;off&#8221; border_color=&#8221;#ffffff&#8221; border_style=&#8221;solid&#8221;] [\/et_pb_gallery][\/et_pb_column][\/et_pb_row][\/et_pb_section]<\/p>\n","protected":false},"excerpt":{"rendered":"<p>The port in Plo\u010de is a universal purpose port which means that it serves for the transhipment of \u00a0almost all types of cargo (except crude oil and chemicals) that appear in international maritime transport. Within the port itself there are areas specializing in the service of certain types of cargo. Thus, today the port has [&hellip;]<\/p>\n","protected":false},"author":1,"featured_media":0,"parent":0,"menu_order":0,"comment_status":"closed","ping_status":"closed","template":"","meta":{"_et_pb_use_builder":"on","_et_pb_old_content":"","_et_gb_content_width":"","footnotes":""},"class_list":["post-16002","page","type-page","status-publish","hentry"],"_links":{"self":[{"href":"https:\/\/www.ppa.hr\/hr\/wp-json\/wp\/v2\/pages\/16002","targetHints":{"allow":["GET"]}}],"collection":[{"href":"https:\/\/www.ppa.hr\/hr\/wp-json\/wp\/v2\/pages"}],"about":[{"href":"https:\/\/www.ppa.hr\/hr\/wp-json\/wp\/v2\/types\/page"}],"author":[{"embeddable":true,"href":"https:\/\/www.ppa.hr\/hr\/wp-json\/wp\/v2\/users\/1"}],"replies":[{"embeddable":true,"href":"https:\/\/www.ppa.hr\/hr\/wp-json\/wp\/v2\/comments?post=16002"}],"version-history":[{"count":1,"href":"https:\/\/www.ppa.hr\/hr\/wp-json\/wp\/v2\/pages\/16002\/revisions"}],"predecessor-version":[{"id":16003,"href":"https:\/\/www.ppa.hr\/hr\/wp-json\/wp\/v2\/pages\/16002\/revisions\/16003"}],"wp:attachment":[{"href":"https:\/\/www.ppa.hr\/hr\/wp-json\/wp\/v2\/media?parent=16002"}],"curies":[{"name":"wp","href":"https:\/\/api.w.org\/{rel}","templated":true}]}}