{"id":15994,"date":"2021-07-08T14:01:32","date_gmt":"2021-07-08T14:01:32","guid":{"rendered":"https:\/\/www.ppa.hr\/old\/historical-development-of-the-port-of-ploce\/"},"modified":"2021-07-08T14:01:48","modified_gmt":"2021-07-08T14:01:48","slug":"historical-development-of-the-port-of-ploce","status":"publish","type":"page","link":"https:\/\/www.ppa.hr\/hr\/historical-development-of-the-port-of-ploce\/?lang=en","title":{"rendered":"Historical development of the port of Plo\u010de"},"content":{"rendered":"<p>[et_pb_section admin_label=&#8221;section&#8221;][et_pb_row admin_label=&#8221;redak&#8221;][et_pb_column type=&#8221;4_4&#8243;][et_pb_text admin_label=&#8221;Text&#8221; background_layout=&#8221;light&#8221; text_orientation=&#8221;justified&#8221; use_border_color=&#8221;off&#8221; border_color=&#8221;#ffffff&#8221; border_style=&#8221;solid&#8221;]<\/p>\n<p>Historical sources say that the idea of connecting Bosnia and Herzegovina with the sea originated as early as the middle of the 19th century. The beginning of the construction of railways in Bosnia and Herzegovina, however, began only during the Austro-Hungarian Monarchy in 1878 to connect the interior with the then province of Dalmatia.\u00a0 In 1891, the railway line to Metkovi\u0107 was completed, and at that time the possibilities of transport by line were about 600,000 tons per year.<\/p>\n<p>In the 1920s, the Metkovi\u0107 River Port, 25 km from the mouth of the Neretva River into the Adriatic Sea, was the second most important export port on the Eastern Adriatic coast.<\/p>\n<p>However, it was quickly evident that the port of Metkovi\u0107 would not meet all transport needs and in 1936 the decision was made to build a port in Plo\u010de (then Aleksandrovo), and the following year a railway line from Metkovi\u0107 to Ploce began to be built, which was completed in 1942.<\/p>\n<p>Work on the construction of the new port began in 1939. The first quay was built in the length of 300 meters and was supposed to allow the docking of the two largest transatlantic ships. The beginning of The Second World War in 1941.\u00a0 slowed down, even stopped the work. After work began by German organizations primarily guided by a plan to transport bauxite from the hinterland of the port, the Italians continued intensive construction in the second half of 1942. By the middle of 1943, the Italians had built 410 meters of quay and installed one crane.<\/p>\n<p>After the end of the war (1945), the demolished port capacities were reconstructed and the works on construction of the port of Plo\u010de began, which took several decades. The port of Plo\u010de and the railway to the interior were put into operation as early as July 15,1945. and this day represents the beginning of the operation of the port of Plo\u010de for public traffic. Already in 1946, the port had 150,000 tons of traffic. Until 1951, grain and coal were imported through Ploce, and bauxite and wood were exported, and later the turnover of products of black metallurgy, chemical products, ores and wood and textile products gradually increased.<\/p>\n<p>The company \u201cLuka i skladi\u0161ta\u201d Plo\u010de (&#8220;Port and Warehouses&#8221; Plo\u010de) began to officially operate on January 18, 1952.<\/p>\n<p>In 1958, the construction of the normal-gauged railway track Sarajevo-Plo\u010de started, which was completed in 1966 with diesel traction, while the electrification was completed in 1969. The construction of this railway with a total length of 193.5 km acquired the conditions for the beginning of the occurrence of transit cargo from\/for Hungary, Austria, Poland and the then Czechoslovakia.<\/p>\n<p>In 1969 there was an integration of the companies &#8220;Luka Plo\u010de&#8221; and \u017dTP Sarajevo due to the matching of their goals, which contributed to a significant increase in traffic volumes. In the year of integration, traffic in the port of Plo\u010de was 1,078,000 tons, and in 1977 it was already 2,950,000 tons. Such a rapid traffic growth was influenced primarily by the dynamic development of several large industrial companies in Bosnia and Herzegovina, in particular the Steel Factory in Zenica, KHK Lukavac and Aluminij Mostar, timber and processing industries. This fact also required the modernisation of port capacities and it resulted therefore in the intensive construction of port warehouses, terminals, silos, quays and the acquisition of cranes and other port machinery. The largest port traffic was achieved in the late 1980s when more than 4.5 million tons of various goods were manipulated through the port.<\/p>\n<p>The war events in the Republic of Croatia and Bosnia and Herzegovina from 1991-1996 resulted in the collapse of the economy and the disruption of railway and road communications between the sea and the interior, and the port was then operating at 5-10% of its capacity.<\/p>\n<p>With the end of the war, and a little later after the Port Authority was established, the reconstruction of the port capacities began, as well as the recovery of part of the economy in the gravitational area of the port, which was reflected in the growth of port traffic during all recent years.<\/p>\n<p>[\/et_pb_text][\/et_pb_column][\/et_pb_row][\/et_pb_section]<\/p>\n","protected":false},"excerpt":{"rendered":"<p>Historical sources say that the idea of connecting Bosnia and Herzegovina with the sea originated as early as the middle of the 19th century. The beginning of the construction of railways in Bosnia and Herzegovina, however, began only during the Austro-Hungarian Monarchy in 1878 to connect the interior with the then province of Dalmatia.\u00a0 In [&hellip;]<\/p>\n","protected":false},"author":1,"featured_media":0,"parent":0,"menu_order":0,"comment_status":"closed","ping_status":"closed","template":"","meta":{"_et_pb_use_builder":"on","_et_pb_old_content":"","_et_gb_content_width":"","footnotes":""},"class_list":["post-15994","page","type-page","status-publish","hentry"],"_links":{"self":[{"href":"https:\/\/www.ppa.hr\/hr\/wp-json\/wp\/v2\/pages\/15994","targetHints":{"allow":["GET"]}}],"collection":[{"href":"https:\/\/www.ppa.hr\/hr\/wp-json\/wp\/v2\/pages"}],"about":[{"href":"https:\/\/www.ppa.hr\/hr\/wp-json\/wp\/v2\/types\/page"}],"author":[{"embeddable":true,"href":"https:\/\/www.ppa.hr\/hr\/wp-json\/wp\/v2\/users\/1"}],"replies":[{"embeddable":true,"href":"https:\/\/www.ppa.hr\/hr\/wp-json\/wp\/v2\/comments?post=15994"}],"version-history":[{"count":3,"href":"https:\/\/www.ppa.hr\/hr\/wp-json\/wp\/v2\/pages\/15994\/revisions"}],"predecessor-version":[{"id":15997,"href":"https:\/\/www.ppa.hr\/hr\/wp-json\/wp\/v2\/pages\/15994\/revisions\/15997"}],"wp:attachment":[{"href":"https:\/\/www.ppa.hr\/hr\/wp-json\/wp\/v2\/media?parent=15994"}],"curies":[{"name":"wp","href":"https:\/\/api.w.org\/{rel}","templated":true}]}}