{"id":15966,"date":"2021-06-21T12:40:09","date_gmt":"2021-06-21T12:40:09","guid":{"rendered":"https:\/\/www.ppa.hr\/old\/?page_id=15966"},"modified":"2025-05-27T06:58:41","modified_gmt":"2025-05-27T06:58:41","slug":"tarife-2","status":"publish","type":"page","link":"https:\/\/www.ppa.hr\/hr\/tarife-2\/","title":{"rendered":"Tarife lu\u010dkih pristojbi i naknada"},"content":{"rendered":"<p>[et_pb_section fb_built=&#8221;1&#8243; admin_label=&#8221;section&#8221; _builder_version=&#8221;4.16&#8243; background_image=&#8221;https:\/\/www.ppa.hr\/old\/wp-content\/uploads\/2016\/04\/556202461533c16857a46ed5bfb7c21c_L.jpg&#8221; background_position=&#8221;bottom_center&#8221; custom_padding=&#8221;123px|0px|61px|0px&#8221; global_colors_info=&#8221;{}&#8221;][et_pb_row _builder_version=&#8221;4.16&#8243; global_colors_info=&#8221;{}&#8221;][et_pb_column type=&#8221;4_4&#8243; _builder_version=&#8221;4.16&#8243; custom_padding=&#8221;|||&#8221; global_colors_info=&#8221;{}&#8221; custom_padding__hover=&#8221;|||&#8221;][et_pb_text _builder_version=&#8221;4.16&#8243; header_font=&#8221;Allerta Stencil|800|||||||&#8221; header_font_size=&#8221;50px&#8221; header_text_shadow_style=&#8221;preset2&#8243; global_colors_info=&#8221;{}&#8221;]<\/p>\n<h1 style=\"text-align: center;\"><span style=\"color: #ffffff;\"><strong>TARIFE LU\u010cKIH PRISTOJBI I NAKNADA<br \/>\n<\/strong><\/span><\/h1>\n<p>[\/et_pb_text][\/et_pb_column][\/et_pb_row][\/et_pb_section][et_pb_section fb_built=&#8221;1&#8243; admin_label=&#8221;section&#8221; _builder_version=&#8221;4.16&#8243; global_colors_info=&#8221;{}&#8221;][et_pb_row admin_label=&#8221;row&#8221; _builder_version=&#8221;4.16&#8243; background_size=&#8221;initial&#8221; background_position=&#8221;top_left&#8221; background_repeat=&#8221;repeat&#8221; global_colors_info=&#8221;{}&#8221;][et_pb_column type=&#8221;4_4&#8243; _builder_version=&#8221;4.16&#8243; custom_padding=&#8221;|||&#8221; global_colors_info=&#8221;{}&#8221; custom_padding__hover=&#8221;|||&#8221;][et_pb_text _builder_version=&#8221;4.22.2&#8243; background_size=&#8221;initial&#8221; background_position=&#8221;top_left&#8221; background_repeat=&#8221;repeat&#8221; hover_enabled=&#8221;0&#8243; border_color_all=&#8221;#ffffff&#8221; use_border_color=&#8221;off&#8221; border_color=&#8221;#ffffff&#8221; border_style=&#8221;solid&#8221; global_colors_info=&#8221;{}&#8221; sticky_enabled=&#8221;0&#8243;]<\/p>\n<div class=\"itemIntroText\">\u00a0<\/div>\n<div class=\"itemLinks\">\n<div class=\"itemAttachmentsBlock\">\n<p>&nbsp;<\/p>\n<p>&nbsp;<\/p>\n<p>&nbsp;<\/p>\n<ul class=\"itemAttachments\">\n<li><a href=\"https:\/\/www.ppa.hr\/old\/wp-content\/uploads\/2021\/06\/Tarifa-lu\u010dkih-pristojbi-i-ostalih-naknada.pdf\" target=\"_blank\" rel=\"noopener\"><strong>Tarifa lu\u010dkih pristojbi<\/strong><\/a><\/li>\n<li>\u00a0<\/li>\n<li><a role=\"link\" href=\"https:\/\/www.ppa.hr\/old\/wp-content\/uploads\/2021\/06\/Tarifa-lu\u010dkih-naknada.pdf\" target=\"_blank\" rel=\"noopener\"><strong>Tarifa lu\u010dkih naknada<\/strong><\/a><\/li>\n<li><a href=\"https:\/\/www.ppa.hr\/old\/wp-content\/uploads\/2025\/01\/Odluka-o-izmjeni-Odluke-o-najvisem-iznosu-luckih-naknada_Tarifa1.pdf\"><strong>Odluka o izmjeni odluke o najvi\u0161em iznosu lu\u010dkih naknada<\/strong><\/a><\/li>\n<li><a href=\"https:\/\/www.ppa.hr\/old\/wp-content\/uploads\/2025\/05\/Odluka-o-izmjenama-Odluke-o-najvisem-iznosu-luckih-naknada.pdf\"><strong>Odluka o izmjenama Odluke o najvi\u0161em iznosu lu\u010dkih naknada<\/strong><\/a><\/li>\n<\/ul>\n<\/div>\n<\/div>\n<p>[\/et_pb_text][\/et_pb_column][\/et_pb_row][\/et_pb_section]<\/p>\n","protected":false},"excerpt":{"rendered":"<p>TARIFE LU\u010cKIH PRISTOJBI I NAKNADA \u00a0 &nbsp; &nbsp; &nbsp; Tarifa lu\u010dkih pristojbi \u00a0 Tarifa lu\u010dkih naknada Odluka o izmjeni odluke o najvi\u0161em iznosu lu\u010dkih naknada Odluka o izmjenama Odluke o najvi\u0161em iznosu lu\u010dkih naknada<\/p>\n","protected":false},"author":1,"featured_media":0,"parent":0,"menu_order":0,"comment_status":"closed","ping_status":"closed","template":"","meta":{"_et_pb_use_builder":"on","_et_pb_old_content":"","_et_gb_content_width":"","footnotes":""},"class_list":["post-15966","page","type-page","status-publish","hentry"],"_links":{"self":[{"href":"https:\/\/www.ppa.hr\/hr\/wp-json\/wp\/v2\/pages\/15966","targetHints":{"allow":["GET"]}}],"collection":[{"href":"https:\/\/www.ppa.hr\/hr\/wp-json\/wp\/v2\/pages"}],"about":[{"href":"https:\/\/www.ppa.hr\/hr\/wp-json\/wp\/v2\/types\/page"}],"author":[{"embeddable":true,"href":"https:\/\/www.ppa.hr\/hr\/wp-json\/wp\/v2\/users\/1"}],"replies":[{"embeddable":true,"href":"https:\/\/www.ppa.hr\/hr\/wp-json\/wp\/v2\/comments?post=15966"}],"version-history":[{"count":8,"href":"https:\/\/www.ppa.hr\/hr\/wp-json\/wp\/v2\/pages\/15966\/revisions"}],"predecessor-version":[{"id":18253,"href":"https:\/\/www.ppa.hr\/hr\/wp-json\/wp\/v2\/pages\/15966\/revisions\/18253"}],"wp:attachment":[{"href":"https:\/\/www.ppa.hr\/hr\/wp-json\/wp\/v2\/media?parent=15966"}],"curies":[{"name":"wp","href":"https:\/\/api.w.org\/{rel}","templated":true}]}}