{"id":15632,"date":"2020-09-21T12:46:16","date_gmt":"2020-09-21T12:46:16","guid":{"rendered":"https:\/\/www.ppa.hr\/old\/?page_id=15632"},"modified":"2020-09-22T13:00:25","modified_gmt":"2020-09-22T13:00:25","slug":"izjava-o-digitalnoj-pristupacnosti-mreznog-sjedista","status":"publish","type":"page","link":"https:\/\/www.ppa.hr\/hr\/izjava-o-digitalnoj-pristupacnosti-mreznog-sjedista\/","title":{"rendered":"Izjava o digitalnoj pristupa\u010dnosti"},"content":{"rendered":"<p>[et_pb_section bb_built=&#8221;1&#8243;][et_pb_row][et_pb_column type=&#8221;4_4&#8243;][et_pb_text _builder_version=&#8221;3.0.89&#8243; background_layout=&#8221;light&#8221;]<\/p>\n<p>Lu\u010dka uprava Plo\u010de nastoji svoju internetsku stranicu u\u010diniti pristupa\u010dnom u skladu sa Zakonom o pristupa\u010dnosti mre\u017enih stranica i programskih rje\u0161enja za pokretne ure\u0111aje tijela javnog sektora (NN 17\/19) kojim se prenosi Direktiva (EU) 2016\/2102 Europskog parlamenta i Vije\u0107a.\u00a0\u00a0Ova Izjava o pristupa\u010dnosti odnosi se na mre\u017enu lokaciju ppa.hr.<\/p>\n<p><strong>Stupanj uskla\u0111enosti<\/strong><br \/>\nMre\u017ena lokacija\u00a0ppa.hr je djelomi\u010dno uskla\u0111ena sa Zakonom o pristupa\u010dnosti mre\u017enih stranica i programskih rje\u0161enja za pokretne<br \/>\nure\u0111aje tijela javnog sektora.<\/p>\n<p><strong>Nepristupa\u010dni sadr\u017eaj<\/strong><\/p>\n<p>Mre\u017ena lokacija ppa.hr je ve\u0107im dijelom uskla\u0111ena sa Zakonom o pristupa\u010dnosti, a iznimke od uskla\u0111enosti o\u010dituju se u slijede\u0107em:<\/p>\n<ul>\n<li>neki od PDF dokumenata nisu \u010ditljivi \u010dita\u010dima ekrana jer su ponu\u0111eni u slikovnom obliku koji \u010dita\u010di ekrana ne mogu pro\u010ditati<\/li>\n<li>nekim slikovnim sadr\u017eajima nedostaju alt tagovi<\/li>\n<li>nazivi pojedinih poveznica trebali bi konkretnije specificirati sadr\u017eaj koji se iza njih nalazi<\/li>\n<li>ne postoji poseban izbornik za uklju\u010divanje elemenata pristupa\u010dnosti<br \/>\npoput pove\u0107anja, smanjenja ili promjene vrste fonta<\/li>\n<li>pdf datoteke se otvaraju u novom prozoru preglednika (tab), a .docx datoteke su dostupne isklju\u010divo za preuzimanje<\/li>\n<li>sav tekst nije poravnan po lijevoj margini<\/li>\n<li>ne postoji\u00a0opcija uklju\u010divanja fonta za osobe s disleksijom<\/li>\n<li>poveznice nisu deskriptivne i ne pru\u017eaju informaciju o sadr\u017eaju na koji vode<\/li>\n<li>ne postoji\u00a0opcija promjene kontrasta na stranici<\/li>\n<li>slike grafovi i dijagrami ne sadr\u017ee kratki tekstualni opis<\/li>\n<\/ul>\n<p>[\/et_pb_text][et_pb_text _builder_version=&#8221;3.0.89&#8243; background_layout=&#8221;light&#8221;]<\/p>\n<p><strong>Podizanje razine pristupa\u010dnosti<\/strong><br \/>\nLu\u010dka uprava Plo\u010de \u0107e provesti dodatne mjere za rje\u0161avanje nepristupa\u010dnog sadr\u017eaja mre\u017ene lokacije <strong>ppa.hr<\/strong> u maksimalnoj<br \/>\nmogu\u0107oj mjeri u skladu sa Zakonom o pristupa\u010dnosti, koje \u0107e provesti Sredi\u0161nji dr\u017eavni ured za razvoj digitalnog dru\u0161tva u suradnji s Dr\u017eavnom \u0161kolom za javnu upravu, Povjerenikom za informiranje i krovnom nacionalnom organizacijom osoba s invaliditetom.<br \/>\nU daljnjoj nadogradnji mre\u017ene lokacije <strong>ppa.hr<\/strong> implementirat \u0107e se preporuke za unaprje\u0111enje pristupa\u010dnosti i nastojati podi\u0107i razina<br \/>\npristupa\u010dnosti u najve\u0107oj mogu\u0107oj mjeri.<\/p>\n<p><strong>Priprema ove Izjave o pristupa\u010dnosti<\/strong><br \/>\nOva Izjava pripremljena je dana <strong>21. rujna 2020<\/strong>., sukladno Predlo\u0161ku izjave o pristupa\u010dnosti koji je u skladu s Direktivom (EU) 2016\/2102<br \/>\nEuropskog parlamenta i Vije\u0107a o pristupa\u010dnosti internetskih stranica i mobilnih aplikacija tijela javnog sektora, a utvr\u0111en je Provedbenom<br \/>\nodlukom komisije EU 2018\/1523 11. listopada 2018. Za pripremu ove Izjave kori\u0161tena je metoda samoprocjene, te u obliku testiranja<br \/>\npristupa\u010dnosti pomo\u0107u online alata.\u00a0Testiranja su izvr\u0161ena na sljede\u0107im operativnim sustavima, internetskim preglednicima i mobilnim ure\u0111ajima: Google Chrome,\u00a0Mozilla Firefox,MS Win10, iOS Safari, iPhoneXS .<\/p>\n<p><strong>Povratne informacije i podaci za kontakt<\/strong><br \/>\nSve upite vezane uz pristupa\u010dnost mre\u017ene lokacije <strong>ppa.hr<\/strong> korisnici mogu uputiti na slu\u017ebene kontakt podatke Lu\u010dke uprave Plo\u010de:<br \/>\n<strong>info@ppa.hr<\/strong><br \/>\nTel: +385 (0) 20 414 530<br \/>\nFax: +385 (0) 20 670 271<\/p>\n<p><strong>Inspekcijski nadzor<\/strong><br \/>\nTijelo nadle\u017eno za pra\u0107enje uskla\u0111enosti mre\u017enih stranica i programskih rje\u0161enja za pokretne ure\u0111aje tijela javnog sektora sa zahtjevima<br \/>\npristupa\u010dnosti i nadzor nad provedbom Zakona o pristupa\u010dnosti je Povjerenik za informiranje Republike Hrvatske.<br \/>\nU slu\u010daju nezadovoljavaju\u0107ih odgovora na obavijest ili zahtjev za povratne informacije o pristupa\u010dnosti ove mre\u017ene lokacije, korisnici se<br \/>\nmogu obratiti <strong>Povjereniku za informiranje putem telefona broj 01 4609 041<\/strong> ili putem elektroni\u010dke po\u0161te: <strong>pristupacnost@pristupinfo.hr<\/strong>.<\/p>\n<p>[\/et_pb_text][\/et_pb_column][\/et_pb_row][\/et_pb_section]<\/p>\n","protected":false},"excerpt":{"rendered":"<p><div class=\"et_pb_row et_pb_row_0 et_pb_row_empty\">\n\t\t\t\t\n\t\t\t\t\n\t\t\t\t\n\t\t\t\t\n\t\t\t\t\n\t\t\t<\/div> Lu\u010dka uprava Plo\u010de nastoji svoju internetsku stranicu u\u010diniti pristupa\u010dnom u skladu sa Zakonom o pristupa\u010dnosti mre\u017enih stranica i programskih rje\u0161enja za pokretne ure\u0111aje tijela javnog sektora (NN 17\/19) kojim se prenosi Direktiva (EU) 2016\/2102 Europskog parlamenta i Vije\u0107a.\u00a0\u00a0Ova Izjava o pristupa\u010dnosti odnosi se na mre\u017enu lokaciju ppa.hr. Stupanj uskla\u0111enosti Mre\u017ena lokacija\u00a0ppa.hr je djelomi\u010dno uskla\u0111ena [&hellip;]<\/p>\n","protected":false},"author":1,"featured_media":0,"parent":0,"menu_order":0,"comment_status":"closed","ping_status":"closed","template":"","meta":{"_et_pb_use_builder":"on","_et_pb_old_content":"","_et_gb_content_width":"","footnotes":""},"class_list":["post-15632","page","type-page","status-publish","hentry"],"_links":{"self":[{"href":"https:\/\/www.ppa.hr\/hr\/wp-json\/wp\/v2\/pages\/15632","targetHints":{"allow":["GET"]}}],"collection":[{"href":"https:\/\/www.ppa.hr\/hr\/wp-json\/wp\/v2\/pages"}],"about":[{"href":"https:\/\/www.ppa.hr\/hr\/wp-json\/wp\/v2\/types\/page"}],"author":[{"embeddable":true,"href":"https:\/\/www.ppa.hr\/hr\/wp-json\/wp\/v2\/users\/1"}],"replies":[{"embeddable":true,"href":"https:\/\/www.ppa.hr\/hr\/wp-json\/wp\/v2\/comments?post=15632"}],"version-history":[{"count":6,"href":"https:\/\/www.ppa.hr\/hr\/wp-json\/wp\/v2\/pages\/15632\/revisions"}],"predecessor-version":[{"id":15640,"href":"https:\/\/www.ppa.hr\/hr\/wp-json\/wp\/v2\/pages\/15632\/revisions\/15640"}],"wp:attachment":[{"href":"https:\/\/www.ppa.hr\/hr\/wp-json\/wp\/v2\/media?parent=15632"}],"curies":[{"name":"wp","href":"https:\/\/api.w.org\/{rel}","templated":true}]}}