{"id":14098,"date":"2017-02-21T12:02:33","date_gmt":"2017-02-21T12:02:33","guid":{"rendered":"http:\/\/www.ppa.hr\/hr\/?page_id=14098"},"modified":"2025-09-16T11:48:05","modified_gmt":"2025-09-16T11:48:05","slug":"organizacijska-struktura","status":"publish","type":"page","link":"https:\/\/www.ppa.hr\/hr\/organizacijska-struktura\/","title":{"rendered":"Organizacijska struktura"},"content":{"rendered":"<p>[et_pb_section fb_built=&#8221;1&#8243; _builder_version=&#8221;4.16&#8243; global_colors_info=&#8221;{}&#8221;][et_pb_row _builder_version=&#8221;4.16&#8243; background_size=&#8221;initial&#8221; background_position=&#8221;top_left&#8221; background_repeat=&#8221;repeat&#8221; global_colors_info=&#8221;{}&#8221;][et_pb_column type=&#8221;4_4&#8243; _builder_version=&#8221;4.16&#8243; custom_padding=&#8221;|||&#8221; global_colors_info=&#8221;{}&#8221; custom_padding__hover=&#8221;|||&#8221;][et_pb_image src=&#8221;https:\/\/www.ppa.hr\/old\/wp-content\/uploads\/2017\/02\/shema-LUP.png&#8221; show_in_lightbox=&#8221;on&#8221; align_tablet=&#8221;center&#8221; align_phone=&#8221;center&#8221; align_last_edited=&#8221;on|desktop&#8221; _builder_version=&#8221;4.16&#8243; global_colors_info=&#8221;{}&#8221;][\/et_pb_image][\/et_pb_column][\/et_pb_row][et_pb_row column_structure=&#8221;1_2,1_2&#8243; _builder_version=&#8221;4.16&#8243; background_size=&#8221;initial&#8221; background_position=&#8221;top_left&#8221; background_repeat=&#8221;repeat&#8221; global_colors_info=&#8221;{}&#8221;][et_pb_column type=&#8221;1_2&#8243; _builder_version=&#8221;4.16&#8243; custom_padding=&#8221;|||&#8221; global_colors_info=&#8221;{}&#8221; custom_padding__hover=&#8221;|||&#8221;][et_pb_text _builder_version=&#8221;4.16&#8243; text_font=&#8221;|800|||||||&#8221; global_colors_info=&#8221;{}&#8221;] Organizacijska struktura Lu\u010dke uprave Plo\u010de[\/et_pb_text][et_pb_toggle title=&#8221;Ministarstvo pomorstva, prometa i infrastrukture&#8221; admin_label=&#8221;ministar&#8221; _builder_version=&#8221;4.16&#8243; global_colors_info=&#8221;{}&#8221;] Ministar:<strong> Oleg Butkovi\u0107<\/strong>[\/et_pb_toggle][et_pb_toggle title=&#8221;Upravno vije\u0107e Lu\u010dke uprave Plo\u010de&#8221; admin_label=&#8221;uv&#8221; _builder_version=&#8221;4.22.2&#8243; global_colors_info=&#8221;{}&#8221;]<\/p>\n<p>Predsjednik: <b>Damir \u0160o\u0161tari\u0107<\/b><\/p>\n<p>\u010clanovi:<\/p>\n<p><strong>Jo\u0161ko Nikoli\u0107<\/strong><\/p>\n<p><strong>Ivana \u0160alinovi\u0107 Radaljac<\/strong><\/p>\n<p><strong>Zdenko Mateljak<\/strong><\/p>\n<p><strong>Jurica Pavlovi\u0107<\/strong><\/p>\n<p><strong>Ivan \u0160kari\u0107<\/strong><\/p>\n<p><strong>Ivo Mihaljevi\u0107<\/strong><\/p>\n<p>[\/et_pb_toggle][et_pb_toggle title=&#8221;Lu\u010dka uprava Plo\u010de&#8221; admin_label=&#8221;LUP&#8221; _builder_version=&#8221;4.16&#8243; global_colors_info=&#8221;{}&#8221;]Ravnatelj:&nbsp;<b>Tomislav Batur<\/b><\/p>\n<p>E-mail:&nbsp;<a href=\"mailto:tomislav.batur@ppa.hr\">ured.ravnatelja@ppa.hr<\/a><\/p>\n<p>Tel.: + 385 20 414 530<\/p>\n<p>Fax: + 385 20 670 271[\/et_pb_toggle][\/et_pb_column][et_pb_column type=&#8221;1_2&#8243; _builder_version=&#8221;4.16&#8243; custom_padding=&#8221;|||&#8221; global_colors_info=&#8221;{}&#8221; custom_padding__hover=&#8221;|||&#8221;][et_pb_text _builder_version=&#8221;4.16&#8243; text_font=&#8221;|800|||||||&#8221; global_colors_info=&#8221;{}&#8221;] Lu\u010dka uprava Plo\u010de ima slijede\u0107e unutarnje ustrojstvene jedinice:[\/et_pb_text][et_pb_toggle title=&#8221;URED RAVNATELJA&#8221; admin_label=&#8221;URED RAVNATELJA&#8221; _builder_version=&#8221;4.16&#8243; global_colors_info=&#8221;{}&#8221;]<span style=\"font-size: 14px;\"><strong>Tomislav Batur<\/strong>, ravnatelj<\/span><\/p>\n<p>Tel.: +385 20 414 <strong>531<\/strong><\/p>\n<p><a href=\"mailto:tomislav.batur@ppa.hr\">ured.ravnatelja@ppa.hr<\/a><\/p>\n<p><span style=\"font-size: 14px;\">&nbsp;<\/span><\/p>\n<p><strong>Stela \u0160uman<\/strong>, tajnica Ureda ravnatelja<\/p>\n<p>Tel.: +385 20 414 <strong>530<\/strong><\/p>\n<p>&nbsp;[\/et_pb_toggle][et_pb_toggle title=&#8221;SEKTOR ZA PRAVNE I OP\u0106E POSLOVE&#8221; admin_label=&#8221;SEKTOR ZA PRAVNE I OP\u0106E POSLOVE&#8221; _builder_version=&#8221;4.22.2&#8243; global_colors_info=&#8221;{}&#8221;]<\/p>\n<p><strong>Tatjana Pavi\u0107<\/strong>, pomo\u0107nica ravnatelja<\/p>\n<p>Tel.: +385 20 414 <strong>533<\/strong><\/p>\n<p><strong>Marijan Mikuli\u0107<\/strong>, rukovoditelj Odjela za pravne poslove i koncesije<\/p>\n<p>Tel.: +385 20 414\u00a0<strong>534<\/strong><\/p>\n<p><strong>Ana Mu\u0161an<\/strong>, rukovoditeljica Odjela za javnu nabavu, europske i me\u0111unarodne projekte<\/p>\n<p>Tel.: +385 20 414 <strong>536<\/strong><\/p>\n<p>[\/et_pb_toggle][et_pb_toggle title=&#8221;SEKTOR ZA FINANCIJE I RA\u010cUNOVODSTVO&#8221; admin_label=&#8221;SEKTOR ZA FINANCIJE I RA\u010cUNOVODSTVO&#8221; _builder_version=&#8221;4.22.2&#8243; global_colors_info=&#8221;{}&#8221;]<\/p>\n<p><strong>\u00a0Jelena Ki\u0161, <\/strong>pomo\u0107nica ravnatelja<strong><br \/><\/strong><\/p>\n<p>Tel.: +385 20 414 <strong>547<\/strong><\/p>\n<p>&nbsp;<\/p>\n<p><strong>Doris Vlatkovi\u0107, <\/strong>rukovoditeljica odjela za plan, analizu i financijske kontrole<\/p>\n<p>Tel.:+385 20 414<strong> 571<\/strong><\/p>\n<p><strong>Tereza \u010covi\u0107, <\/strong>rukovoditeljica odjela za ra\u010dunovodstvo<\/p>\n<p>Tel.:+385 20 414 <strong>554<\/strong><\/p>\n<p>[\/et_pb_toggle][et_pb_toggle title=&#8221;SEKTOR ZA RAZVOJ, ODR\u017dAVANJE I INVESTICIJE&#8221; admin_label=&#8221;SEKTOR ZA RAZVOJ, ODR\u017dAVANJE I INVESTICIJE&#8221; _builder_version=&#8221;4.22.2&#8243; hover_enabled=&#8221;0&#8243; global_colors_info=&#8221;{}&#8221; sticky_enabled=&#8221;0&#8243;]<\/p>\n<p><strong>Milan Mihaljevi\u0107<\/strong>, pomo\u0107nik ravnatelja<\/p>\n<p>Tel.: +385 20 414 <strong>542<\/strong><\/p>\n<p>&nbsp;<\/p>\n<p><strong>Ludvik Jurkovi\u0107<\/strong>, rukovoditelj Odjela za odr\u017eavanje lu\u010dkog podru\u010dja<\/p>\n<p>Tel.: +385 20 414 <strong>545<\/strong><\/p>\n<p>&nbsp;<\/p>\n<p><strong>Darko Ple\u0107a\u0161<\/strong>, rukovoditelj Odjela za digitalizaciju<\/p>\n<p>Tel.: +385 20 414 <strong>535<\/strong><\/p>\n<p>[\/et_pb_toggle][et_pb_toggle title=&#8221;SEKTOR ZA KOMERCIJALIZACIJU I MARKETING LU\u010cKOG PODRU\u010cJA&#8221; admin_label=&#8221;SEKTOR ZA komercijalizaciju i marketing lu\u010dkog podru\u010dja&#8221; _builder_version=&#8221;4.22.2&#8243; global_colors_info=&#8221;{}&#8221;]<\/p>\n<p><strong>Nena Crljenko<\/strong>, rukovoditeljica odjela za obra\u010dun i gotovinsku naplatu<\/p>\n<p>Tel.: +385 20 414 <strong>541<\/strong><\/p>\n<p><strong>Ivana \u0160kari\u0107, <\/strong>rukovoditeljica odjela za marketing i odnose s javno\u0161\u0107u<\/p>\n<p>Tel.: +385 20 414<strong> 570<\/strong><\/p>\n<p>[\/et_pb_toggle][et_pb_toggle title=&#8221;SAMOSTALNA SLU\u017dBA ZA POMORSKI PROMET, SIGURNOSNU ZA\u0160TITU LUKE I ZA\u0160TITU OKOLI\u0160A&#8221; admin_label=&#8221;SAMOSTALNA SLU\u017dBA ZA POMORSKI PROMET, SIGURNOSNU ZA\u0160TITU LUKE I ZA\u0160TITU OKOLI\u0160A&#8221; _builder_version=&#8221;4.22.2&#8243; global_colors_info=&#8221;{}&#8221;]<\/p>\n<p><strong>Zvonimir Vranki\u0107<\/strong>, rukovoditelj Slu\u017ebe za pomorski promet, sigurnosnu za\u0161titu luke i za\u0161titu okoli\u0161a<\/p>\n<p>Tel.: +385 20 414 <strong>575<\/strong><\/p>\n<p>&nbsp;<\/p>\n<p><strong>Katarina Matija\u0161evi\u0107<\/strong>, voditeljica lu\u010dkog kontrolnog centra<\/p>\n<p>Tel.: +385 20 414 <strong>577<\/strong><\/p>\n<p>[\/et_pb_toggle][\/et_pb_column][\/et_pb_row][\/et_pb_section]<\/p>\n","protected":false},"excerpt":{"rendered":"<p>Organizacijska struktura Lu\u010dke uprave Plo\u010de Ministar: Oleg Butkovi\u0107Predsjednik: Damir \u0160o\u0161tari\u0107 \u010clanovi: Jo\u0161ko Nikoli\u0107 Ivana \u0160alinovi\u0107 Radaljac Zdenko Mateljak Jurica Pavlovi\u0107 Ivan \u0160kari\u0107 Ivo Mihaljevi\u0107Ravnatelj:&nbsp;Tomislav Batur E-mail:&nbsp;ured.ravnatelja@ppa.hr Tel.: + 385 20 414 530 Fax: + 385 20 670 271 Lu\u010dka uprava Plo\u010de ima slijede\u0107e unutarnje ustrojstvene jedinice:Tomislav Batur, ravnatelj Tel.: +385 20 414 531 ured.ravnatelja@ppa.hr &nbsp; [&hellip;]<\/p>\n","protected":false},"author":1,"featured_media":0,"parent":0,"menu_order":0,"comment_status":"closed","ping_status":"closed","template":"","meta":{"_et_pb_use_builder":"on","_et_pb_old_content":"","_et_gb_content_width":"","footnotes":""},"class_list":["post-14098","page","type-page","status-publish","hentry"],"_links":{"self":[{"href":"https:\/\/www.ppa.hr\/hr\/wp-json\/wp\/v2\/pages\/14098","targetHints":{"allow":["GET"]}}],"collection":[{"href":"https:\/\/www.ppa.hr\/hr\/wp-json\/wp\/v2\/pages"}],"about":[{"href":"https:\/\/www.ppa.hr\/hr\/wp-json\/wp\/v2\/types\/page"}],"author":[{"embeddable":true,"href":"https:\/\/www.ppa.hr\/hr\/wp-json\/wp\/v2\/users\/1"}],"replies":[{"embeddable":true,"href":"https:\/\/www.ppa.hr\/hr\/wp-json\/wp\/v2\/comments?post=14098"}],"version-history":[{"count":71,"href":"https:\/\/www.ppa.hr\/hr\/wp-json\/wp\/v2\/pages\/14098\/revisions"}],"predecessor-version":[{"id":18404,"href":"https:\/\/www.ppa.hr\/hr\/wp-json\/wp\/v2\/pages\/14098\/revisions\/18404"}],"wp:attachment":[{"href":"https:\/\/www.ppa.hr\/hr\/wp-json\/wp\/v2\/media?parent=14098"}],"curies":[{"name":"wp","href":"https:\/\/api.w.org\/{rel}","templated":true}]}}